{"id":3420,"date":"2025-05-13T12:37:16","date_gmt":"2025-05-13T10:37:16","guid":{"rendered":"https:\/\/bimba.sn\/?product=villaon-v112-1000mah-radio-fm-double-sim"},"modified":"2025-05-13T12:37:16","modified_gmt":"2025-05-13T10:37:16","slug":"villaon-v112-1000mah-radio-fm-double-sim","status":"publish","type":"product","link":"https:\/\/bimba.sn\/?product=villaon-v112-1000mah-radio-fm-double-sim","title":{"rendered":"VILLAON | V112 1000mAh \u2013 Radio FM \u2013 Double SIM"},"content":{"rendered":"<p><br data-mce-bogus=\"1\"><\/p>\n","protected":false},"excerpt":{"rendered":"<h3 class=\"\" data-start=\"0\" data-end=\"87\"><span data-start=\"4\" data-end=\"87\" style=\"margin: 0px;padding: 0px;border: 0px;vertical-align: baseline;font-style: inherit;font-variant: inherit;font-weight: 600;line-height: inherit;font-family: inherit\">VILLAON V112 \u2013 T\u00e9l\u00e9phone Pratique avec Dual SIM et Fonctionnalit\u00e9s Essentielles<\/span><\/h3>\n<p class=\"\" data-start=\"89\" data-end=\"366\">Le\u00a0<span data-start=\"92\" data-end=\"108\" style=\"margin: 0px;padding: 0px;border: 0px;vertical-align: baseline;font-style: inherit;font-variant: inherit;font-weight: 600;line-height: inherit;font-family: inherit\">VILLAON V112<\/span>\u00a0est un t\u00e9l\u00e9phone compact et fonctionnel, con\u00e7u pour ceux qui privil\u00e9gient\u00a0<span data-start=\"183\" data-end=\"200\" style=\"margin: 0px;padding: 0px;border: 0px;vertical-align: baseline;font-style: inherit;font-variant: inherit;font-weight: 600;line-height: inherit;font-family: inherit\">la simplicit\u00e9<\/span>\u00a0tout en restant connect\u00e9s. Dot\u00e9 de\u00a0<span data-start=\"236\" data-end=\"248\" style=\"margin: 0px;padding: 0px;border: 0px;vertical-align: baseline;font-style: inherit;font-variant: inherit;font-weight: 600;line-height: inherit;font-family: inherit\">Dual SIM<\/span>, d\u2019une\u00a0<span data-start=\"256\" data-end=\"268\" style=\"margin: 0px;padding: 0px;border: 0px;vertical-align: baseline;font-style: inherit;font-variant: inherit;font-weight: 600;line-height: inherit;font-family: inherit\">radio FM<\/span>\u00a0et d\u2019une\u00a0<span data-start=\"278\" data-end=\"288\" style=\"margin: 0px;padding: 0px;border: 0px;vertical-align: baseline;font-style: inherit;font-variant: inherit;font-weight: 600;line-height: inherit;font-family: inherit\">torche<\/span>, il vous accompagne dans votre quotidien avec\u00a0<span data-start=\"335\" data-end=\"348\" style=\"margin: 0px;padding: 0px;border: 0px;vertical-align: baseline;font-style: inherit;font-variant: inherit;font-weight: 600;line-height: inherit;font-family: inherit\">autonomie<\/span>\u00a0et\u00a0<span data-start=\"352\" data-end=\"365\" style=\"margin: 0px;padding: 0px;border: 0px;vertical-align: baseline;font-style: inherit;font-variant: inherit;font-weight: 600;line-height: inherit;font-family: inherit\">praticit\u00e9<\/span>.<\/p>\n","protected":false},"featured_media":3419,"comment_status":"open","ping_status":"closed","template":"","meta":{"_gspb_post_css":""},"store":[],"product_brand":[],"product_cat":[209],"product_tag":[],"class_list":{"0":"post-3420","1":"product","2":"type-product","3":"status-publish","4":"has-post-thumbnail","6":"product_cat-telephonebasic","8":"first","9":"instock","10":"shipping-taxable","11":"purchasable","12":"product-type-simple"},"_links":{"self":[{"href":"https:\/\/bimba.sn\/index.php?rest_route=\/wp\/v2\/product\/3420","targetHints":{"allow":["GET"]}}],"collection":[{"href":"https:\/\/bimba.sn\/index.php?rest_route=\/wp\/v2\/product"}],"about":[{"href":"https:\/\/bimba.sn\/index.php?rest_route=\/wp\/v2\/types\/product"}],"replies":[{"embeddable":true,"href":"https:\/\/bimba.sn\/index.php?rest_route=%2Fwp%2Fv2%2Fcomments&post=3420"}],"wp:featuredmedia":[{"embeddable":true,"href":"https:\/\/bimba.sn\/index.php?rest_route=\/wp\/v2\/media\/3419"}],"wp:attachment":[{"href":"https:\/\/bimba.sn\/index.php?rest_route=%2Fwp%2Fv2%2Fmedia&parent=3420"}],"wp:term":[{"taxonomy":"store","embeddable":true,"href":"https:\/\/bimba.sn\/index.php?rest_route=%2Fwp%2Fv2%2Fstore&post=3420"},{"taxonomy":"product_brand","embeddable":true,"href":"https:\/\/bimba.sn\/index.php?rest_route=%2Fwp%2Fv2%2Fproduct_brand&post=3420"},{"taxonomy":"product_cat","embeddable":true,"href":"https:\/\/bimba.sn\/index.php?rest_route=%2Fwp%2Fv2%2Fproduct_cat&post=3420"},{"taxonomy":"product_tag","embeddable":true,"href":"https:\/\/bimba.sn\/index.php?rest_route=%2Fwp%2Fv2%2Fproduct_tag&post=3420"}],"curies":[{"name":"wp","href":"https:\/\/api.w.org\/{rel}","templated":true}]}}