{"id":3417,"date":"2025-05-13T12:35:08","date_gmt":"2025-05-13T10:35:08","guid":{"rendered":"https:\/\/bimba.sn\/?product=villaon-v110-1000mah-fm-double-sim"},"modified":"2025-05-13T12:40:55","modified_gmt":"2025-05-13T10:40:55","slug":"villaon-v110-1000mah-fm-double-sim","status":"publish","type":"product","link":"https:\/\/bimba.sn\/?product=villaon-v110-1000mah-fm-double-sim","title":{"rendered":"Itel VILLAON | V110 1000mAh \u2013 FM \u2013 Double SIM"},"content":{"rendered":"<p><\/p>\n","protected":false},"excerpt":{"rendered":"<p>Le\u00a0<span data-start=\"61\" data-end=\"77\">VILLAON V110<\/span>\u00a0est un t\u00e9l\u00e9phone pratique et fonctionnel, id\u00e9al pour ceux qui recherchent\u00a0<span data-start=\"152\" data-end=\"179\">simplicit\u00e9 et autonomie<\/span>. Gr\u00e2ce \u00e0 sa\u00a0<span data-start=\"192\" data-end=\"212\">batterie 1000mAh<\/span>, profitez d\u2019une longue dur\u00e9e d\u2019utilisation sans interruption.<\/p>\n","protected":false},"featured_media":3415,"comment_status":"open","ping_status":"closed","template":"","meta":{"_gspb_post_css":""},"store":[],"product_brand":[],"product_cat":[209],"product_tag":[],"class_list":{"0":"post-3417","1":"product","2":"type-product","3":"status-publish","4":"has-post-thumbnail","6":"product_cat-telephonebasic","8":"first","9":"instock","10":"shipping-taxable","11":"purchasable","12":"product-type-simple"},"_links":{"self":[{"href":"https:\/\/bimba.sn\/index.php?rest_route=\/wp\/v2\/product\/3417","targetHints":{"allow":["GET"]}}],"collection":[{"href":"https:\/\/bimba.sn\/index.php?rest_route=\/wp\/v2\/product"}],"about":[{"href":"https:\/\/bimba.sn\/index.php?rest_route=\/wp\/v2\/types\/product"}],"replies":[{"embeddable":true,"href":"https:\/\/bimba.sn\/index.php?rest_route=%2Fwp%2Fv2%2Fcomments&post=3417"}],"wp:featuredmedia":[{"embeddable":true,"href":"https:\/\/bimba.sn\/index.php?rest_route=\/wp\/v2\/media\/3415"}],"wp:attachment":[{"href":"https:\/\/bimba.sn\/index.php?rest_route=%2Fwp%2Fv2%2Fmedia&parent=3417"}],"wp:term":[{"taxonomy":"store","embeddable":true,"href":"https:\/\/bimba.sn\/index.php?rest_route=%2Fwp%2Fv2%2Fstore&post=3417"},{"taxonomy":"product_brand","embeddable":true,"href":"https:\/\/bimba.sn\/index.php?rest_route=%2Fwp%2Fv2%2Fproduct_brand&post=3417"},{"taxonomy":"product_cat","embeddable":true,"href":"https:\/\/bimba.sn\/index.php?rest_route=%2Fwp%2Fv2%2Fproduct_cat&post=3417"},{"taxonomy":"product_tag","embeddable":true,"href":"https:\/\/bimba.sn\/index.php?rest_route=%2Fwp%2Fv2%2Fproduct_tag&post=3417"}],"curies":[{"name":"wp","href":"https:\/\/api.w.org\/{rel}","templated":true}]}}