{"id":3403,"date":"2025-05-12T23:52:19","date_gmt":"2025-05-12T21:52:19","guid":{"rendered":"https:\/\/bimba.sn\/?product=batterie-macbook-pro-a1990-pour-15-pouces-2018-2019-a1953"},"modified":"2025-05-12T23:52:20","modified_gmt":"2025-05-12T21:52:20","slug":"batterie-macbook-pro-a1990-pour-15-pouces-2018-2019-a1953","status":"publish","type":"product","link":"https:\/\/bimba.sn\/?product=batterie-macbook-pro-a1990-pour-15-pouces-2018-2019-a1953","title":{"rendered":"Batterie MacBook Pro A1990 pour 15 Pouces 2018-2019 A1953"},"content":{"rendered":"<table id=\"productDetails_techSpec_section_1\" class=\"a-keyvalue prodDetTable\">\n<tbody>\n<tr>\n<th class=\"a-color-secondary a-size-base prodDetSectionEntry\" style=\"vertical-align: top;padding: 6px 12px 6px 0px;text-align: left;width: 340.297px;font-size: 14px !important;line-height: 20px !important\">Marque<\/th>\n<td class=\"a-size-base prodDetAttrValue\" style=\"vertical-align: top;padding: 6px 12px;font-size: 14px !important;line-height: 20px !important\">\u200eASMARK<\/td>\n<\/tr>\n<tr>\n<th class=\"a-color-secondary a-size-base prodDetSectionEntry\" style=\"vertical-align: top;padding: 6px 12px 6px 0px;text-align: left;width: 340.297px;font-size: 14px !important;line-height: 20px !important\">Appareils compatibles<\/th>\n<td class=\"a-size-base prodDetAttrValue\" style=\"vertical-align: top;padding: 6px 12px;font-size: 14px !important;line-height: 20px !important\">\u200eMacBook Pro 15 pouces A1990(2018,2019)<\/td>\n<\/tr>\n<tr>\n<th class=\"a-color-secondary a-size-base prodDetSectionEntry\" style=\"vertical-align: top;padding: 6px 12px 6px 0px;text-align: left;width: 340.297px;font-size: 14px !important;line-height: 20px !important\">Type de batterie<\/th>\n<td class=\"a-size-base prodDetAttrValue\" style=\"vertical-align: top;padding: 6px 12px;font-size: 14px !important;line-height: 20px !important\">\u200eLithium-ion<\/td>\n<\/tr>\n<tr>\n<th class=\"a-color-secondary a-size-base prodDetSectionEntry\" style=\"vertical-align: top;padding: 6px 12px 6px 0px;text-align: left;width: 340.297px;font-size: 14px !important;line-height: 20px !important\">Garantie constructeur<\/th>\n<td class=\"a-size-base prodDetAttrValue\" style=\"vertical-align: top;padding: 6px 12px;font-size: 14px !important;line-height: 20px !important\">\u200e24 mois<\/td>\n<\/tr>\n<tr>\n<th class=\"a-color-secondary a-size-base prodDetSectionEntry\" style=\"vertical-align: top;padding: 6px 12px 6px 0px;text-align: left;width: 340.297px;font-size: 14px !important;line-height: 20px !important\">Disponibilit\u00e9 des pi\u00e8ces d\u00e9tach\u00e9es<\/th>\n<td class=\"a-size-base prodDetAttrValue\" style=\"vertical-align: top;padding: 6px 12px;font-size: 14px !important;line-height: 20px !important\">\u200eInformation indisponible sur les pi\u00e8ces d\u00e9tach\u00e9es<\/td>\n<\/tr>\n<tr>\n<th class=\"a-color-secondary a-size-base prodDetSectionEntry\" style=\"vertical-align: top;padding: 6px 12px 6px 0px;text-align: left;width: 340.297px;font-size: 14px !important;line-height: 20px !important\">Mises \u00e0 jour logicielles garanties jusqu\u2019\u00e0<\/th>\n<td class=\"a-size-base prodDetAttrValue\" style=\"vertical-align: top;padding: 6px 12px;font-size: 14px !important;line-height: 20px !important\">\u200eInformation non disponible<\/td>\n<\/tr>\n<\/tbody>\n<\/table>\n","protected":false},"excerpt":{"rendered":"<table class=\"a-normal a-spacing-micro\" role=\"list\">\n<tbody>\n<tr class=\"a-spacing-small po-num_batteries\" role=\"listitem\" style=\"margin-bottom: 8px !important\">\n<td class=\"a-span3\" role=\"presentation\" style=\"vertical-align: top;padding: 0px 3px 3px 0px;float: none !important;margin-right: 0px;width: 122.922px\"><span class=\"a-size-base a-text-bold\" style=\"font-weight: 700 !important;line-height: 20px !important\">Nombre de batteries<\/span><\/td>\n<td class=\"a-span9\" role=\"presentation\" style=\"vertical-align: top;padding: 0px 0px 3px 3px;float: none !important;margin-right: 0px;width: 390.328px\"><span class=\"a-size-base po-break-word\" style=\"line-height: 20px !important\">1 Lithium-polym\u00e8re n\u00e9cessite des piles.<\/span><\/td>\n<\/tr>\n<tr class=\"a-spacing-small po-brand\" role=\"listitem\" style=\"margin-bottom: 8px !important\">\n<td class=\"a-span3\" role=\"presentation\" style=\"vertical-align: top;padding: 3px 3px 3px 0px;float: none !important;margin-right: 0px;width: 122.922px\"><span class=\"a-size-base a-text-bold\" style=\"font-weight: 700 !important;line-height: 20px !important\">Marque<\/span><\/td>\n<td class=\"a-span9\" role=\"presentation\" style=\"vertical-align: top;padding: 3px 0px 3px 3px;float: none !important;margin-right: 0px;width: 390.328px\"><span class=\"a-size-base po-break-word\" style=\"line-height: 20px !important\">ASMARK<\/span><\/td>\n<\/tr>\n<tr class=\"a-spacing-small po-battery.cell_composition\" role=\"listitem\" style=\"margin-bottom: 8px !important\">\n<td class=\"a-span3\" role=\"presentation\" style=\"vertical-align: top;padding: 3px 3px 3px 0px;float: none !important;margin-right: 0px;width: 122.922px\"><span class=\"a-size-base a-text-bold\" style=\"font-weight: 700 !important;line-height: 20px !important\">Composition de la pile<\/span><\/td>\n<td class=\"a-span9\" role=\"presentation\" style=\"vertical-align: top;padding: 3px 0px 3px 3px;float: none !important;margin-right: 0px;width: 390.328px\"><span class=\"a-size-base po-break-word\" style=\"line-height: 20px !important\">Lithium-ion<\/span><\/td>\n<\/tr>\n<tr class=\"a-spacing-small po-compatible_phone_models\" role=\"listitem\" style=\"margin-bottom: 8px !important\">\n<td class=\"a-span3\" role=\"presentation\" style=\"vertical-align: top;padding: 3px 3px 3px 0px;float: none !important;margin-right: 0px;width: 122.922px\"><span class=\"a-size-base a-text-bold\" style=\"font-weight: 700 !important;line-height: 20px !important\">Mod\u00e8les de t\u00e9l\u00e9phones compatibles<\/span><\/td>\n<td class=\"a-span9\" role=\"presentation\" style=\"vertical-align: top;padding: 3px 0px 3px 3px;float: none !important;margin-right: 0px;width: 390.328px\"><span class=\"a-size-base po-break-word\" style=\"line-height: 20px !important\">MacBook Pro 15 pouces A1990(2018,2019)<\/span><\/td>\n<\/tr>\n<tr class=\"a-spacing-small po-recommended_uses_for_product\" role=\"listitem\" style=\"margin-bottom: 8px !important\">\n<td class=\"a-span3\" role=\"presentation\" style=\"vertical-align: top;padding: 3px 3px 3px 0px;float: none !important;margin-right: 0px;width: 122.922px\"><span class=\"a-size-base a-text-bold\" style=\"font-weight: 700 !important;line-height: 20px !important\">Usages recommand\u00e9s pour le produit<\/span><\/td>\n<td class=\"a-span9\" role=\"presentation\" style=\"vertical-align: top;padding: 3px 0px 3px 3px;float: none !important;margin-right: 0px;width: 390.328px\"><span class=\"a-size-base po-break-word\" style=\"line-height: 20px !important\">Ordinateur portable<\/span><\/td>\n<\/tr>\n<tr class=\"a-spacing-small po-unit_count\" role=\"listitem\" style=\"margin-bottom: 8px !important\">\n<td class=\"a-span3\" role=\"presentation\" style=\"vertical-align: top;padding: 3px 3px 3px 0px;float: none !important;margin-right: 0px;width: 122.922px\"><span class=\"a-size-base a-text-bold\" style=\"font-weight: 700 !important;line-height: 20px !important\">Nombre d&rsquo;unit\u00e9s<\/span><\/td>\n<td class=\"a-span9\" role=\"presentation\" style=\"vertical-align: top;padding: 3px 0px 3px 3px;float: none !important;margin-right: 0px;width: 390.328px\"><span class=\"a-size-base po-break-word\" style=\"line-height: 20px !important\">1.0 unit\u00e9<\/span><\/td>\n<\/tr>\n<tr class=\"a-spacing-small po-voltage\" role=\"listitem\" style=\"margin-bottom: 8px !important\">\n<td class=\"a-span3\" role=\"presentation\" style=\"vertical-align: top;padding: 3px 3px 3px 0px;float: none !important;margin-right: 0px;width: 122.922px\"><span class=\"a-size-base a-text-bold\" style=\"font-weight: 700 !important;line-height: 20px !important\">Tension<\/span><\/td>\n<td class=\"a-span9\" role=\"presentation\" style=\"vertical-align: top;padding: 3px 0px 3px 3px;float: none !important;margin-right: 0px;width: 390.328px\"><span class=\"a-size-base po-break-word\" style=\"line-height: 20px !important\">11,4 Volts<\/span><\/td>\n<\/tr>\n<tr class=\"a-spacing-small po-reusability\" role=\"listitem\" style=\"margin-bottom: 8px !important\">\n<td class=\"a-span3\" role=\"presentation\" style=\"vertical-align: top;padding: 3px 3px 3px 0px;float: none !important;margin-right: 0px;width: 122.922px\"><span class=\"a-size-base a-text-bold\" style=\"font-weight: 700 !important;line-height: 20px !important\">R\u00e9utilisation<\/span><\/td>\n<td class=\"a-span9\" role=\"presentation\" style=\"vertical-align: top;padding: 3px 0px 3px 3px;float: none !important;margin-right: 0px;width: 390.328px\"><span class=\"a-size-base po-break-word\" style=\"line-height: 20px !important\">Rechargeable<\/span><\/td>\n<\/tr>\n<tr class=\"a-spacing-small po-model_name\" role=\"listitem\" style=\"margin-bottom: 8px !important\">\n<td class=\"a-span3\" role=\"presentation\" style=\"vertical-align: top;padding: 3px 3px 3px 0px;float: none !important;margin-right: 0px;width: 122.922px\"><span class=\"a-size-base a-text-bold\" style=\"font-weight: 700 !important;line-height: 20px !important\">Nom de mod\u00e8le<\/span><\/td>\n<td class=\"a-span9\" role=\"presentation\" style=\"vertical-align: top;padding: 3px 0px 3px 3px;float: none !important;margin-right: 0px;width: 390.328px\"><span class=\"a-size-base po-break-word\" style=\"line-height: 20px !important\">A1953<\/span><\/td>\n<\/tr>\n<\/tbody>\n<\/table>\n","protected":false},"featured_media":3402,"comment_status":"open","ping_status":"closed","template":"","meta":{"_gspb_post_css":""},"store":[],"product_brand":[],"product_cat":[237,269],"product_tag":[],"class_list":{"0":"post-3403","1":"product","2":"type-product","3":"status-publish","4":"has-post-thumbnail","6":"product_cat-batterieschargeursaccessoires","7":"product_cat-composantspc","9":"first","10":"instock","11":"shipping-taxable","12":"purchasable","13":"product-type-simple"},"_links":{"self":[{"href":"https:\/\/bimba.sn\/index.php?rest_route=\/wp\/v2\/product\/3403","targetHints":{"allow":["GET"]}}],"collection":[{"href":"https:\/\/bimba.sn\/index.php?rest_route=\/wp\/v2\/product"}],"about":[{"href":"https:\/\/bimba.sn\/index.php?rest_route=\/wp\/v2\/types\/product"}],"replies":[{"embeddable":true,"href":"https:\/\/bimba.sn\/index.php?rest_route=%2Fwp%2Fv2%2Fcomments&post=3403"}],"wp:featuredmedia":[{"embeddable":true,"href":"https:\/\/bimba.sn\/index.php?rest_route=\/wp\/v2\/media\/3402"}],"wp:attachment":[{"href":"https:\/\/bimba.sn\/index.php?rest_route=%2Fwp%2Fv2%2Fmedia&parent=3403"}],"wp:term":[{"taxonomy":"store","embeddable":true,"href":"https:\/\/bimba.sn\/index.php?rest_route=%2Fwp%2Fv2%2Fstore&post=3403"},{"taxonomy":"product_brand","embeddable":true,"href":"https:\/\/bimba.sn\/index.php?rest_route=%2Fwp%2Fv2%2Fproduct_brand&post=3403"},{"taxonomy":"product_cat","embeddable":true,"href":"https:\/\/bimba.sn\/index.php?rest_route=%2Fwp%2Fv2%2Fproduct_cat&post=3403"},{"taxonomy":"product_tag","embeddable":true,"href":"https:\/\/bimba.sn\/index.php?rest_route=%2Fwp%2Fv2%2Fproduct_tag&post=3403"}],"curies":[{"name":"wp","href":"https:\/\/api.w.org\/{rel}","templated":true}]}}