{"id":3394,"date":"2025-05-12T23:42:06","date_gmt":"2025-05-12T21:42:06","guid":{"rendered":"https:\/\/bimba.sn\/?product=batterie-macbook-pro-a2442-pour-14-pouces-2021-a2519"},"modified":"2025-05-12T23:42:06","modified_gmt":"2025-05-12T21:42:06","slug":"batterie-macbook-pro-a2442-pour-14-pouces-2021-a2519","status":"publish","type":"product","link":"https:\/\/bimba.sn\/?product=batterie-macbook-pro-a2442-pour-14-pouces-2021-a2519","title":{"rendered":"Batterie MacBook Pro A2442 pour 14 Pouces (2021) A2519"},"content":{"rendered":"<p><br data-mce-bogus=\"1\"><\/p>\n","protected":false},"excerpt":{"rendered":"<ul class=\"a-unordered-list a-vertical a-spacing-mini\">\n<li class=\"a-spacing-mini\" style=\"margin: 0px\"><span class=\"a-list-item\">\u3010Mod\u00e8le de batterie\u3011: A2519, capacit\u00e9 de charge compl\u00e8te : 69.9Wh 6100 mAh, tension : 11.46V, compatible avec MacBook Pro 14 pouces A2442(2021).<\/span><\/li>\n<li class=\"a-spacing-mini\" style=\"margin: 0px\"><span class=\"a-list-item\">\u3010Qualit\u00e9 avanc\u00e9e\u3011: mise \u00e0 niveau technologique 5.0 enti\u00e8rement nouvelle, cellules de batterie japonaises \u00e0 haute capacit\u00e9 pour une performance plus durable et plus s\u00fbre.<\/span><\/li>\n<li class=\"a-spacing-mini\" style=\"margin: 0px\"><span class=\"a-list-item\">\u3010S\u00e9curit\u00e9 sup\u00e9rieure\u3011: syst\u00e8me de s\u00e9curit\u00e9 BattArmor avec protection contre la surcharge, la surintensit\u00e9, le court-circuit, la temp\u00e9rature et plus encore.<\/span><\/li>\n<li class=\"a-spacing-mini\" style=\"margin: 0px\"><span class=\"a-list-item\">\u3010Certification de qualit\u00e9\u3011: La batterie est certifi\u00e9e de qualit\u00e9 et test\u00e9e pour fournir l\u2019\u00e9nergie fiable pour votre MacBook.<\/span><\/li>\n<li class=\"a-spacing-mini\" style=\"margin: 0px\"><span class=\"a-list-item\">\u3010Ce que vous obtenez\u3011: Batterie, outils et guide d\u2019installation, manuel de service, remboursement de 30 jours, garantie de 24 mois et service client\u00e8le amical de 24 heures.<\/span><\/li>\n<\/ul>\n","protected":false},"featured_media":3393,"comment_status":"open","ping_status":"closed","template":"","meta":{"_gspb_post_css":""},"store":[],"product_brand":[],"product_cat":[268,237,269],"product_tag":[],"class_list":{"0":"post-3394","1":"product","2":"type-product","3":"status-publish","4":"has-post-thumbnail","6":"product_cat-accessoirespourordinateurportable","7":"product_cat-batterieschargeursaccessoires","8":"product_cat-composantspc","10":"first","11":"instock","12":"shipping-taxable","13":"purchasable","14":"product-type-simple"},"_links":{"self":[{"href":"https:\/\/bimba.sn\/index.php?rest_route=\/wp\/v2\/product\/3394","targetHints":{"allow":["GET"]}}],"collection":[{"href":"https:\/\/bimba.sn\/index.php?rest_route=\/wp\/v2\/product"}],"about":[{"href":"https:\/\/bimba.sn\/index.php?rest_route=\/wp\/v2\/types\/product"}],"replies":[{"embeddable":true,"href":"https:\/\/bimba.sn\/index.php?rest_route=%2Fwp%2Fv2%2Fcomments&post=3394"}],"wp:featuredmedia":[{"embeddable":true,"href":"https:\/\/bimba.sn\/index.php?rest_route=\/wp\/v2\/media\/3393"}],"wp:attachment":[{"href":"https:\/\/bimba.sn\/index.php?rest_route=%2Fwp%2Fv2%2Fmedia&parent=3394"}],"wp:term":[{"taxonomy":"store","embeddable":true,"href":"https:\/\/bimba.sn\/index.php?rest_route=%2Fwp%2Fv2%2Fstore&post=3394"},{"taxonomy":"product_brand","embeddable":true,"href":"https:\/\/bimba.sn\/index.php?rest_route=%2Fwp%2Fv2%2Fproduct_brand&post=3394"},{"taxonomy":"product_cat","embeddable":true,"href":"https:\/\/bimba.sn\/index.php?rest_route=%2Fwp%2Fv2%2Fproduct_cat&post=3394"},{"taxonomy":"product_tag","embeddable":true,"href":"https:\/\/bimba.sn\/index.php?rest_route=%2Fwp%2Fv2%2Fproduct_tag&post=3394"}],"curies":[{"name":"wp","href":"https:\/\/api.w.org\/{rel}","templated":true}]}}