{"id":3358,"date":"2025-05-12T22:47:55","date_gmt":"2025-05-12T20:47:55","guid":{"rendered":"https:\/\/bimba.sn\/?product=acer-x1326awh-videoprojecteur-4000-lumens-hdmi-vga"},"modified":"2025-05-12T22:47:55","modified_gmt":"2025-05-12T20:47:55","slug":"acer-x1326awh-videoprojecteur-4000-lumens-hdmi-vga","status":"publish","type":"product","link":"https:\/\/bimba.sn\/?product=acer-x1326awh-videoprojecteur-4000-lumens-hdmi-vga","title":{"rendered":"Acer X1326AWH &#8211; Vid\u00e9oprojecteur &#8211; 4000 Lumens &#8211; HDMI &#8211; VGA"},"content":{"rendered":"<ul style=\"margin-bottom: 1rem;margin-top: 0px;padding-left: 15px;font-family: Roboto, sans-serif;font-size: 13px\">\n<li>Vid\u00e9oprojecteur DLP 3D ready<\/li>\n<li style=\"padding-top: 5px\">R\u00e9solution native : WXGA (1280 x 800)<\/li>\n<li style=\"padding-top: 5px\">R\u00e9solution maximale : WUXGA (1920 x 1200)<\/li>\n<li style=\"padding-top: 5px\">Luminosit\u00e9 : 4000 lumens<\/li>\n<li style=\"padding-top: 5px\">Dynamic Black : 20 000:1<\/li>\n<li style=\"padding-top: 5px\">Technologie Acer BlueLight Shield : abaissez les niveaux de lumi\u00e8re bleue<\/li>\n<li style=\"padding-top: 5px\">Technologies Acer LumiSense, ColorBoost3D et ColorSafe II<\/li>\n<li style=\"padding-top: 5px\">Haut-parleur int\u00e9gr\u00e9 3W<\/li>\n<li style=\"padding-top: 5px\">Facilit\u00e9 d&rsquo;installation : Auto Keystone +\/-40\u00b0<\/li>\n<li style=\"padding-top: 5px\">Acer EcoProjection<\/li>\n<li style=\"padding-top: 5px\">Long\u00e9vit\u00e9 de la lampe : jusqu&rsquo;\u00e0 10 000 heures en mode<\/li>\n<li style=\"padding-top: 5px\">ExtremeEco<\/li>\n<li style=\"padding-top: 5px\">1 port HDMI + 1 port VGA<\/li>\n<\/ul>\n","protected":false},"excerpt":{"rendered":"<div id=\"product-description-short-14083\" class=\"product-description-short sm-bottom\" style=\"margin-bottom: 20px;font-family: Roboto, sans-serif;font-size: 13px\">\n<p style=\"margin-top: 0px;margin-bottom: 0.625rem\">Vid\u00e9oprojecteur DLP WXGA 3D Ready &#8211; 4000 Lumens &#8211; HDMI\/VGA &#8211; Haut-parleur int\u00e9gr\u00e9<\/p>\n<\/div>\n","protected":false},"featured_media":3356,"comment_status":"open","ping_status":"closed","template":"","meta":{"_gspb_post_css":""},"store":[],"product_brand":[],"product_cat":[200,225,239],"product_tag":[],"class_list":{"0":"post-3358","1":"product","2":"type-product","3":"status-publish","4":"has-post-thumbnail","6":"product_cat-informatique","7":"product_cat-tvvideohomecinema","8":"product_cat-video","10":"first","11":"instock","12":"shipping-taxable","13":"purchasable","14":"product-type-simple"},"_links":{"self":[{"href":"https:\/\/bimba.sn\/index.php?rest_route=\/wp\/v2\/product\/3358","targetHints":{"allow":["GET"]}}],"collection":[{"href":"https:\/\/bimba.sn\/index.php?rest_route=\/wp\/v2\/product"}],"about":[{"href":"https:\/\/bimba.sn\/index.php?rest_route=\/wp\/v2\/types\/product"}],"replies":[{"embeddable":true,"href":"https:\/\/bimba.sn\/index.php?rest_route=%2Fwp%2Fv2%2Fcomments&post=3358"}],"wp:featuredmedia":[{"embeddable":true,"href":"https:\/\/bimba.sn\/index.php?rest_route=\/wp\/v2\/media\/3356"}],"wp:attachment":[{"href":"https:\/\/bimba.sn\/index.php?rest_route=%2Fwp%2Fv2%2Fmedia&parent=3358"}],"wp:term":[{"taxonomy":"store","embeddable":true,"href":"https:\/\/bimba.sn\/index.php?rest_route=%2Fwp%2Fv2%2Fstore&post=3358"},{"taxonomy":"product_brand","embeddable":true,"href":"https:\/\/bimba.sn\/index.php?rest_route=%2Fwp%2Fv2%2Fproduct_brand&post=3358"},{"taxonomy":"product_cat","embeddable":true,"href":"https:\/\/bimba.sn\/index.php?rest_route=%2Fwp%2Fv2%2Fproduct_cat&post=3358"},{"taxonomy":"product_tag","embeddable":true,"href":"https:\/\/bimba.sn\/index.php?rest_route=%2Fwp%2Fv2%2Fproduct_tag&post=3358"}],"curies":[{"name":"wp","href":"https:\/\/api.w.org\/{rel}","templated":true}]}}