{"id":3340,"date":"2025-05-11T18:34:13","date_gmt":"2025-05-11T16:34:13","guid":{"rendered":"https:\/\/bimba.sn\/?product=imprimante-a-carte-pvc-evolis-primacy-2"},"modified":"2025-05-11T18:34:13","modified_gmt":"2025-05-11T16:34:13","slug":"imprimante-a-carte-pvc-evolis-primacy-2","status":"publish","type":"product","link":"https:\/\/bimba.sn\/?product=imprimante-a-carte-pvc-evolis-primacy-2","title":{"rendered":"Imprimante \u00e0 Carte PVC Evolis Primacy 2"},"content":{"rendered":"<p>Une imprimante<br \/>haute performance<br \/>Sa vitesse d\u2019impression parmi les plus rapides du<br \/>march\u00e9, associ\u00e9e \u00e0 son chargeur et r\u00e9ceptacle grande<br \/>capacit\u00e9, font de Primacy 2 la solution id\u00e9ale pour vos<br \/>impressions en moyennes ou grandes s\u00e9ries.<br \/>Vous obtenez un rendu de qualit\u00e9, gr\u00e2ce \u00e0 son<br \/>mode d\u2019impression haute r\u00e9solution et son profil<br style=\"margin-bottom: 0px\">colorim\u00e9trique au plus proche des couleurs r\u00e9elles.<\/p>\n<p data-mce-style=\"box-sizing: border-box; margin-top: 0px; margin-bottom: 0px; color: #919090; font-family: Inter, 'Open Sans', HelveticaNeue-Light, 'Helvetica Neue Light', 'Helvetica Neue', Helvetica, Arial, 'Lucida Grande', sans-serif; font-size: 14px; letter-spacing: -0.14px; text-align: left;\">Cr\u00e9ez efficacement vos cartes,<br \/>avec le niveau de s\u00e9curit\u00e9 adapt\u00e9<br \/>Des cartes les plus simples aux plus s\u00e9curis\u00e9es,<br \/>Primacy 2 sait tout faire.<br \/>Personnalisation graphique (couleurs, photos, donn\u00e9es<br \/>personnelles\u2026), encodage de pistes magn\u00e9tiques, de<br \/>puces contact ou sans contact, hologrammes, laminats<br \/>de protection, effet UV\u2026 A vous d\u2019appliquer le niveau de<br style=\"margin-bottom: 0px\">s\u00e9curit\u00e9 qui s\u2019impose, en fonction de votre besoin<\/p>\n","protected":false},"excerpt":{"rendered":"<ul>\n<li>Marque : Evolis Primacy<\/li>\n<li>Facile \u00e0 utiliser<span style=\"font-weight: 700\">\u00a0:<\/span>\u00a0Bac chargeur de cartes situ\u00e9 en face<\/li>\n<li>Design : Style moderne et ergonomique, on acc\u00e8de \u00e0 l\u2019imprimante \u00e0 partir de l\u2019avant<\/li>\n<li>Haute performance\u00a0<span style=\"font-weight: 700\">:<\/span>\u00a0la plus grande qualit\u00e9 d\u2019impression.<\/li>\n<li>R\u00e9solution : standard 300 x 300 dpi<\/li>\n<li>Type d\u2019\u00e9quipement : Imprimante \u00e0 carte PVC<\/li>\n<\/ul>\n","protected":false},"featured_media":3339,"comment_status":"open","ping_status":"closed","template":"","meta":{"_gspb_post_css":""},"store":[],"product_brand":[],"product_cat":[270],"product_tag":[],"class_list":{"0":"post-3340","1":"product","2":"type-product","3":"status-publish","4":"has-post-thumbnail","6":"product_cat-imprimantes","8":"first","9":"instock","10":"shipping-taxable","11":"purchasable","12":"product-type-simple"},"_links":{"self":[{"href":"https:\/\/bimba.sn\/index.php?rest_route=\/wp\/v2\/product\/3340","targetHints":{"allow":["GET"]}}],"collection":[{"href":"https:\/\/bimba.sn\/index.php?rest_route=\/wp\/v2\/product"}],"about":[{"href":"https:\/\/bimba.sn\/index.php?rest_route=\/wp\/v2\/types\/product"}],"replies":[{"embeddable":true,"href":"https:\/\/bimba.sn\/index.php?rest_route=%2Fwp%2Fv2%2Fcomments&post=3340"}],"wp:featuredmedia":[{"embeddable":true,"href":"https:\/\/bimba.sn\/index.php?rest_route=\/wp\/v2\/media\/3339"}],"wp:attachment":[{"href":"https:\/\/bimba.sn\/index.php?rest_route=%2Fwp%2Fv2%2Fmedia&parent=3340"}],"wp:term":[{"taxonomy":"store","embeddable":true,"href":"https:\/\/bimba.sn\/index.php?rest_route=%2Fwp%2Fv2%2Fstore&post=3340"},{"taxonomy":"product_brand","embeddable":true,"href":"https:\/\/bimba.sn\/index.php?rest_route=%2Fwp%2Fv2%2Fproduct_brand&post=3340"},{"taxonomy":"product_cat","embeddable":true,"href":"https:\/\/bimba.sn\/index.php?rest_route=%2Fwp%2Fv2%2Fproduct_cat&post=3340"},{"taxonomy":"product_tag","embeddable":true,"href":"https:\/\/bimba.sn\/index.php?rest_route=%2Fwp%2Fv2%2Fproduct_tag&post=3340"}],"curies":[{"name":"wp","href":"https:\/\/api.w.org\/{rel}","templated":true}]}}