{"id":3332,"date":"2025-05-11T18:10:02","date_gmt":"2025-05-11T16:10:02","guid":{"rendered":"https:\/\/bimba.sn\/?product=imprimante-canon-pixma-g3520"},"modified":"2025-05-11T18:10:02","modified_gmt":"2025-05-11T16:10:02","slug":"imprimante-canon-pixma-g3520","status":"publish","type":"product","link":"https:\/\/bimba.sn\/?product=imprimante-canon-pixma-g3520","title":{"rendered":"IMPRIMANTE CANON PIXMA G3520"},"content":{"rendered":"<p><br data-mce-bogus=\"1\"><\/p>\n","protected":false},"excerpt":{"rendered":"<ul style=\"margin-top: 0px;margin-bottom: 14.5px;font-family: Yantramanav, sans-serif;font-size: 14px\">\n<li>Imprimante multifonction laser couleur (4-en-1)<\/li>\n<li>Impression, copie, scan et fax<\/li>\n<li>Formats : A4 ; A5 ; A6 ; B5 ; \u00e9tiquettes ; cartes postales ; enveloppes<\/li>\n<li>Port USB 2.0 haut d\u00e9bit (p\u00e9riph\u00e9rique); Port r\u00e9seau Fast Ethernet 10\/100Base-TX int\u00e9gr\u00e9 + Wi-Fi 802.11b\/g\/n<\/li>\n<li>Impression mobile : Apple AirPrint; HP ePrint; Google Cloud Print 2.0; Certification Mopria; Wi-Fi Direct<\/li>\n<li>Vitesse d\u2019impression\u00a0: jusqu\u2019\u00e0 13.8 ppm en mode normal<\/li>\n<li>R\u00e9solution d\u2019impression : Jusqu\u2019\u00e0 600 x 600\u00a0ppp<\/li>\n<li>R\u00e9solution de copie (texte noir) : jusqu\u2019\u00e0 600 x 600 ppp<\/li>\n<li>Vitesse de copie\u00a0: jusqu\u2019\u00e0 16 ppm<\/li>\n<li>Recto-verso manuel<\/li>\n<li>Dimensions : 420 x 380 x 341.2 mm<\/li>\n<li>Poids : 16.3 Kg<\/li>\n<\/ul>\n","protected":false},"featured_media":3331,"comment_status":"open","ping_status":"closed","template":"","meta":{"_gspb_post_css":""},"store":[],"product_brand":[],"product_cat":[270],"product_tag":[],"class_list":{"0":"post-3332","1":"product","2":"type-product","3":"status-publish","4":"has-post-thumbnail","6":"product_cat-imprimantes","8":"first","9":"instock","10":"shipping-taxable","11":"purchasable","12":"product-type-simple"},"_links":{"self":[{"href":"https:\/\/bimba.sn\/index.php?rest_route=\/wp\/v2\/product\/3332","targetHints":{"allow":["GET"]}}],"collection":[{"href":"https:\/\/bimba.sn\/index.php?rest_route=\/wp\/v2\/product"}],"about":[{"href":"https:\/\/bimba.sn\/index.php?rest_route=\/wp\/v2\/types\/product"}],"replies":[{"embeddable":true,"href":"https:\/\/bimba.sn\/index.php?rest_route=%2Fwp%2Fv2%2Fcomments&post=3332"}],"wp:featuredmedia":[{"embeddable":true,"href":"https:\/\/bimba.sn\/index.php?rest_route=\/wp\/v2\/media\/3331"}],"wp:attachment":[{"href":"https:\/\/bimba.sn\/index.php?rest_route=%2Fwp%2Fv2%2Fmedia&parent=3332"}],"wp:term":[{"taxonomy":"store","embeddable":true,"href":"https:\/\/bimba.sn\/index.php?rest_route=%2Fwp%2Fv2%2Fstore&post=3332"},{"taxonomy":"product_brand","embeddable":true,"href":"https:\/\/bimba.sn\/index.php?rest_route=%2Fwp%2Fv2%2Fproduct_brand&post=3332"},{"taxonomy":"product_cat","embeddable":true,"href":"https:\/\/bimba.sn\/index.php?rest_route=%2Fwp%2Fv2%2Fproduct_cat&post=3332"},{"taxonomy":"product_tag","embeddable":true,"href":"https:\/\/bimba.sn\/index.php?rest_route=%2Fwp%2Fv2%2Fproduct_tag&post=3332"}],"curies":[{"name":"wp","href":"https:\/\/api.w.org\/{rel}","templated":true}]}}