{"id":3323,"date":"2025-05-11T17:46:39","date_gmt":"2025-05-11T15:46:39","guid":{"rendered":"https:\/\/bimba.sn\/?product=imprimante-laser-monochrome-canon-i-sensys-lbp6230dw"},"modified":"2025-05-11T17:46:39","modified_gmt":"2025-05-11T15:46:39","slug":"imprimante-laser-monochrome-canon-i-sensys-lbp6230dw","status":"publish","type":"product","link":"https:\/\/bimba.sn\/?product=imprimante-laser-monochrome-canon-i-sensys-lbp6230dw","title":{"rendered":"Imprimante Laser Monochrome Canon i-SENSYS LBP6230dw"},"content":{"rendered":"<table style=\"border-collapse: collapse;border-spacing: 0px;width: 352.578px;max-width: 100%;margin-bottom: 29px;font-family: Yantramanav, sans-serif;font-size: 14px\">\n<tbody>\n<tr>\n<th class=\"bkc\" style=\"padding: 8px;text-align: left;line-height: 1.85;vertical-align: top\">Type de produit<\/th>\n<td class=\"bkc\" style=\"padding: 8px;line-height: 1.85;vertical-align: top\">Imprimante laser monochrome<\/td>\n<\/tr>\n<tr>\n<th style=\"padding: 8px;text-align: left;line-height: 1.85;vertical-align: top\">Date de lancement<\/th>\n<td style=\"padding: 8px;line-height: 1.85;vertical-align: top\">01\/10\/2014<\/td>\n<\/tr>\n<tr>\n<th class=\"bkc\" style=\"padding: 8px;text-align: left;line-height: 1.85;vertical-align: top\">Volume d\u2019impression maximum mensuel (duty cycle)<\/th>\n<td class=\"bkc\" style=\"padding: 8px;line-height: 1.85;vertical-align: top\">8000\u00a0pages \/ mois<\/td>\n<\/tr>\n<tr>\n<th style=\"padding: 8px;text-align: left;line-height: 1.85;vertical-align: top\">Cartouche de d\u00e9marrage noir livr\u00e9e<\/th>\n<td style=\"padding: 8px;line-height: 1.85;vertical-align: top\">900\u00a0pages<\/td>\n<\/tr>\n<tr>\n<th class=\"bkc\" style=\"padding: 8px;text-align: left;line-height: 1.85;vertical-align: top\">Capacit\u00e9 m\u00e9moire RAM (Standard)<\/th>\n<td class=\"bkc\" style=\"padding: 8px;line-height: 1.85;vertical-align: top\">64\u00a0Mo<\/td>\n<\/tr>\n<tr>\n<th style=\"padding: 8px;text-align: left;line-height: 1.85;vertical-align: top\">Capacit\u00e9 m\u00e9moire (Maximum)<\/th>\n<td style=\"padding: 8px;line-height: 1.85;vertical-align: top\">64\u00a0Mo<\/td>\n<\/tr>\n<tr>\n<th class=\"bkc\" style=\"padding: 8px;text-align: left;line-height: 1.85;vertical-align: top\">Affichage<\/th>\n<td class=\"bkc\" style=\"padding: 8px;line-height: 1.85;vertical-align: top\">Voyants LED \/ 5 LED<\/td>\n<\/tr>\n<tr>\n<th style=\"padding: 8px;text-align: left;line-height: 1.85;vertical-align: top\">Cycle d\u2019utilisation mensuel conseill\u00e9 (min.)<\/th>\n<td style=\"padding: 8px;line-height: 1.85;vertical-align: top\">300\u00a0pages \/ mois<\/td>\n<\/tr>\n<tr>\n<th class=\"bkc\" style=\"padding: 8px;text-align: left;line-height: 1.85;vertical-align: top\">Cycle d\u2019utilisation mensuel conseill\u00e9 (max.)<\/th>\n<td class=\"bkc\" style=\"padding: 8px;line-height: 1.85;vertical-align: top\">2000\u00a0pages \/ mois<\/td>\n<\/tr>\n<\/tbody>\n<\/table>\n<h6 style=\"font-family: Poppins, sans-serif;font-weight: 400;line-height: 1.4;margin-top: 14.5px;margin-bottom: 14.5px;font-size: 14px\">IMPRESSION<\/h6>\n<table style=\"border-collapse: collapse;border-spacing: 0px;width: 352.578px;max-width: 100%;margin-bottom: 29px;font-family: Yantramanav, sans-serif;font-size: 14px\">\n<tbody>\n<tr>\n<th class=\"bkc\" style=\"padding: 8px;text-align: left;line-height: 1.85;vertical-align: top\">R\u00e9solution d\u2019impression monochrome (Maximum)<\/th>\n<td class=\"bkc\" style=\"padding: 8px;line-height: 1.85;vertical-align: top\">1200 x 1200\u00a0ppp<\/td>\n<\/tr>\n<tr>\n<th style=\"padding: 8px;text-align: left;line-height: 1.85;vertical-align: top\">Vitesse d\u2019impression 1\u00e8re page monochrome<\/th>\n<td style=\"padding: 8px;line-height: 1.85;vertical-align: top\">6\u00a0s<\/td>\n<\/tr>\n<tr>\n<th class=\"bkc\" style=\"padding: 8px;text-align: left;line-height: 1.85;vertical-align: top\">Vitesse d\u2019impression (noir, A4)<\/th>\n<td class=\"bkc\" style=\"padding: 8px;line-height: 1.85;vertical-align: top\">25\u00a0ppm<\/td>\n<\/tr>\n<\/tbody>\n<\/table>\n<h6 style=\"font-family: Poppins, sans-serif;font-weight: 400;line-height: 1.4;margin-top: 14.5px;margin-bottom: 14.5px;font-size: 14px\">EFFICACIT\u00c9 ET DURABILIT\u00c9<\/h6>\n<table style=\"border-collapse: collapse;border-spacing: 0px;width: 352.578px;max-width: 100%;margin-bottom: 29px;font-family: Yantramanav, sans-serif;font-size: 14px\">\n<tbody>\n<tr>\n<th class=\"bkc\" style=\"padding: 8px;text-align: left;line-height: 1.85;vertical-align: top\">Consommation \u00e9nerg\u00e9tique (impression)<\/th>\n<td class=\"bkc\" style=\"padding: 8px;line-height: 1.85;vertical-align: top\">420\u00a0Watts<\/td>\n<\/tr>\n<tr>\n<th style=\"padding: 8px;text-align: left;line-height: 1.85;vertical-align: top\">Consommation \u00e9nerg\u00e9tique (attente)<\/th>\n<td style=\"padding: 8px;line-height: 1.85;vertical-align: top\">2,2\u00a0Watts<\/td>\n<\/tr>\n<tr>\n<th class=\"bkc\" style=\"padding: 8px;text-align: left;line-height: 1.85;vertical-align: top\">Consommation \u00e9nerg\u00e9tique (veille)<\/th>\n<td class=\"bkc\" style=\"padding: 8px;line-height: 1.85;vertical-align: top\">1,6\u00a0Watts<\/td>\n<\/tr>\n<tr>\n<th style=\"padding: 8px;line-height: 1.85;vertical-align: top\" data-mce-style=\"box-sizing: border-box; padding: 8px; border: 1px solid #dddddd; line-height: 1.85; vertical-align: top;\">Consommation Energ\u00e9tique Typique (TEC)<\/th>\n<\/tr>\n<\/tbody>\n<\/table>\n","protected":false},"excerpt":{"rendered":"<p><span style=\"font-family: Arial, Helvetica, sans-serif;font-size: 13px\">Vitesse d&rsquo;impression : Jusqu&rsquo;\u00e0 25 ppm<\/span><\/p>\n<p><span style=\"font-family: Arial, Helvetica, sans-serif;font-size: 13px\">&#8211; Qualit\u00e9 d&rsquo;impression : Jusqu&rsquo;\u00e0 1200 \u00d7 1200 dpi<\/span><\/p>\n<p><span style=\"font-family: Arial, Helvetica, sans-serif;font-size: 13px\">&#8211; Connectivit\u00e9 : USB 2.0 Haute Vitesse, 10BASE-T\/100BASE-TX, IEEE802.11b\/g\/n<\/span><\/p>\n<p><span style=\"font-family: Arial, Helvetica, sans-serif;font-size: 13px\">&#8211; Ethernet et Wifi &#8211; Rectoverso &#8211; Format : Jusqu&rsquo;au format A4<\/span><\/p>\n<p><span style=\"font-family: Arial, Helvetica, sans-serif;font-size: 13px\">&#8211; M\u00e9moire install\u00e9e : 64 Mo &#8211; Dimensions (l x p x h) : 379 \u00d7 293 \u00d7 243 mm<\/span><\/p>\n<p><span style=\"font-family: Arial, Helvetica, sans-serif;font-size: 13px\">&#8211; Poids net : 7 kg<\/span><\/p>\n","protected":false},"featured_media":3322,"comment_status":"open","ping_status":"closed","template":"","meta":{"_gspb_post_css":""},"store":[],"product_brand":[],"product_cat":[270],"product_tag":[],"class_list":{"0":"post-3323","1":"product","2":"type-product","3":"status-publish","4":"has-post-thumbnail","6":"product_cat-imprimantes","8":"first","9":"instock","10":"shipping-taxable","11":"purchasable","12":"product-type-simple"},"_links":{"self":[{"href":"https:\/\/bimba.sn\/index.php?rest_route=\/wp\/v2\/product\/3323","targetHints":{"allow":["GET"]}}],"collection":[{"href":"https:\/\/bimba.sn\/index.php?rest_route=\/wp\/v2\/product"}],"about":[{"href":"https:\/\/bimba.sn\/index.php?rest_route=\/wp\/v2\/types\/product"}],"replies":[{"embeddable":true,"href":"https:\/\/bimba.sn\/index.php?rest_route=%2Fwp%2Fv2%2Fcomments&post=3323"}],"wp:featuredmedia":[{"embeddable":true,"href":"https:\/\/bimba.sn\/index.php?rest_route=\/wp\/v2\/media\/3322"}],"wp:attachment":[{"href":"https:\/\/bimba.sn\/index.php?rest_route=%2Fwp%2Fv2%2Fmedia&parent=3323"}],"wp:term":[{"taxonomy":"store","embeddable":true,"href":"https:\/\/bimba.sn\/index.php?rest_route=%2Fwp%2Fv2%2Fstore&post=3323"},{"taxonomy":"product_brand","embeddable":true,"href":"https:\/\/bimba.sn\/index.php?rest_route=%2Fwp%2Fv2%2Fproduct_brand&post=3323"},{"taxonomy":"product_cat","embeddable":true,"href":"https:\/\/bimba.sn\/index.php?rest_route=%2Fwp%2Fv2%2Fproduct_cat&post=3323"},{"taxonomy":"product_tag","embeddable":true,"href":"https:\/\/bimba.sn\/index.php?rest_route=%2Fwp%2Fv2%2Fproduct_tag&post=3323"}],"curies":[{"name":"wp","href":"https:\/\/api.w.org\/{rel}","templated":true}]}}