{"id":3320,"date":"2025-05-11T17:39:42","date_gmt":"2025-05-11T15:39:42","guid":{"rendered":"https:\/\/bimba.sn\/?product=imprimantes-de-caisse-code-barre-elite"},"modified":"2025-05-11T17:40:43","modified_gmt":"2025-05-11T15:40:43","slug":"imprimantes-de-caisse-code-barre-elite","status":"publish","type":"product","link":"https:\/\/bimba.sn\/?product=imprimantes-de-caisse-code-barre-elite","title":{"rendered":"Imprimantes de caisse code bar Elite"},"content":{"rendered":"<table cellspacing=\"0\" cellpadding=\"0\" style=\"border-collapse: collapse;border-spacing: 0px;width: 352.578px;max-width: 100%;margin-bottom: 29px;font-family: Yantramanav, sans-serif;font-size: 14px\" data-mce-style=\"border-collapse: collapse; border-spacing: 0px; width: 352.578px; max-width: 100%; margin-bottom: 29px; font-family: Yantramanav, sans-serif; font-size: 14px;\" class=\"mce-item-table\">\n<tbody>\n<tr>\n<td colspan=\"2\" valign=\"top\" width=\"710\" height=\"20\" style=\"padding: 8px;line-height: 1.85;vertical-align: top\" data-mce-style=\"padding: 8px; line-height: 1.85; vertical-align: top;\">Mod\u00e8le<\/td>\n<\/tr>\n<tr>\n<td valign=\"top\" width=\"158\" height=\"22\" style=\"padding: 8px;line-height: 1.85;vertical-align: top\" data-mce-style=\"padding: 8px; line-height: 1.85; vertical-align: top;\">R\u00e9solution<\/td>\n<td valign=\"top\" width=\"553\" height=\"22\" style=\"padding: 8px;line-height: 1.85;vertical-align: top\" data-mce-style=\"padding: 8px; line-height: 1.85; vertical-align: top;\">203\u00a0DPI<\/td>\n<\/tr>\n<tr>\n<td valign=\"top\" width=\"158\" height=\"18\" style=\"padding: 8px;line-height: 1.85;vertical-align: top\" data-mce-style=\"padding: 8px; line-height: 1.85; vertical-align: top;\">M\u00e9thode d\u2019impression<\/td>\n<td valign=\"top\" width=\"553\" height=\"18\" style=\"padding: 8px;line-height: 1.85;vertical-align: top\" data-mce-style=\"padding: 8px; line-height: 1.85; vertical-align: top;\">Thermique direct<\/td>\n<\/tr>\n<tr>\n<td valign=\"top\" width=\"158\" height=\"22\" style=\"padding: 8px;line-height: 1.85;vertical-align: top\" data-mce-style=\"padding: 8px; line-height: 1.85; vertical-align: top;\">Vitesse\u00a0d\u2019impression<\/td>\n<td valign=\"top\" width=\"553\" height=\"22\" style=\"padding: 8px;line-height: 1.85;vertical-align: top\" data-mce-style=\"padding: 8px; line-height: 1.85; vertical-align: top;\">152mm(6\u00a0\u00bb)\/s\u00a0max.<\/td>\n<\/tr>\n<tr>\n<td valign=\"top\" width=\"158\" height=\"18\" style=\"padding: 8px;line-height: 1.85;vertical-align: top\" data-mce-style=\"padding: 8px; line-height: 1.85; vertical-align: top;\">Largeur d\u2019impression max.<\/td>\n<td valign=\"top\" width=\"553\" height=\"18\" style=\"padding: 8px;line-height: 1.85;vertical-align: top\" data-mce-style=\"padding: 8px; line-height: 1.85; vertical-align: top;\">108 mm\u00a0(4,25 po)<\/td>\n<\/tr>\n<tr>\n<td valign=\"top\" width=\"158\" height=\"21\" style=\"padding: 8px;line-height: 1.85;vertical-align: top\" data-mce-style=\"padding: 8px; line-height: 1.85; vertical-align: top;\">Longueur d\u2019impression max.<\/td>\n<td valign=\"top\" width=\"553\" height=\"21\" style=\"padding: 8px;line-height: 1.85;vertical-align: top\" data-mce-style=\"padding: 8px; line-height: 1.85; vertical-align: top;\">1778 mm\u00a0(70\u2033)<\/td>\n<\/tr>\n<tr>\n<td colspan=\"2\" valign=\"top\" width=\"710\" height=\"20\" style=\"padding: 8px;line-height: 1.85;vertical-align: top\" data-mce-style=\"padding: 8px; line-height: 1.85; vertical-align: top;\">M\u00e9dia<\/td>\n<\/tr>\n<tr>\n<td valign=\"top\" width=\"158\" height=\"22\" style=\"padding: 8px;line-height: 1.85;vertical-align: top\" data-mce-style=\"padding: 8px; line-height: 1.85; vertical-align: top;\">Type de\u00a0support<\/td>\n<td valign=\"top\" width=\"553\" height=\"22\" style=\"padding: 8px;line-height: 1.85;vertical-align: top\" data-mce-style=\"padding: 8px; line-height: 1.85; vertical-align: top;\">Continu, \u00e9cart, marque Elite, couleur noir, pliage en \u00e9ventail et trou perfor\u00e9<\/td>\n<\/tr>\n<tr>\n<td valign=\"top\" width=\"158\" height=\"18\" style=\"padding: 8px;line-height: 1.85;vertical-align: top\" data-mce-style=\"padding: 8px; line-height: 1.85; vertical-align: top;\">Largeur du support<\/td>\n<td valign=\"top\" width=\"553\" height=\"18\" style=\"padding: 8px;line-height: 1.85;vertical-align: top\" data-mce-style=\"padding: 8px; line-height: 1.85; vertical-align: top;\">25,4 mm\u00a0~\u00a0115\u00a0mm<\/td>\n<\/tr>\n<tr>\n<td valign=\"top\" width=\"158\" height=\"22\" style=\"padding: 8px;line-height: 1.85;vertical-align: top\" data-mce-style=\"padding: 8px; line-height: 1.85; vertical-align: top;\">\u00c9paisseur du support<\/td>\n<td valign=\"top\" width=\"553\" height=\"22\" style=\"padding: 8px;line-height: 1.85;vertical-align: top\" data-mce-style=\"padding: 8px; line-height: 1.85; vertical-align: top;\">0,06 ~ 0,254\u00a0mm\u00a0(2,36 ~ 10 mil)<\/td>\n<\/tr>\n<tr>\n<td valign=\"top\" width=\"158\" height=\"18\" style=\"padding: 8px;line-height: 1.85;vertical-align: top\" data-mce-style=\"padding: 8px; line-height: 1.85; vertical-align: top;\">Diam\u00e8tre du noyau du support<\/td>\n<td valign=\"top\" width=\"553\" height=\"18\" style=\"padding: 8px;line-height: 1.85;vertical-align: top\" data-mce-style=\"padding: 8px; line-height: 1.85; vertical-align: top;\">25,4 ~ 76,2\u00a0mm\u00a0(1 \u00ab\u00a0~ 3\u00a0\u00bb)<\/td>\n<\/tr>\n<tr>\n<td valign=\"top\" width=\"158\" height=\"22\" style=\"padding: 8px;line-height: 1.85;vertical-align: top\" data-mce-style=\"padding: 8px; line-height: 1.85; vertical-align: top;\">Longueur de l\u2019\u00e9tiquette<\/td>\n<td valign=\"top\" width=\"553\" height=\"22\" style=\"padding: 8px;line-height: 1.85;vertical-align: top\" data-mce-style=\"padding: 8px; line-height: 1.85; vertical-align: top;\">10 ~ 1778 mm (0,39 \u00ab ~ 70 \u00bb)<\/td>\n<\/tr>\n<\/tbody>\n<\/table>\n","protected":false},"excerpt":{"rendered":"<ol>\n<li style=\"text-align: left\" data-mce-style=\"text-align: left;\"><\/li>\n<\/ol>\n","protected":false},"featured_media":3319,"comment_status":"open","ping_status":"closed","template":"","meta":{"_gspb_post_css":""},"store":[],"product_brand":[],"product_cat":[270],"product_tag":[],"class_list":{"0":"post-3320","1":"product","2":"type-product","3":"status-publish","4":"has-post-thumbnail","6":"product_cat-imprimantes","8":"first","9":"instock","10":"shipping-taxable","11":"purchasable","12":"product-type-simple"},"_links":{"self":[{"href":"https:\/\/bimba.sn\/index.php?rest_route=\/wp\/v2\/product\/3320","targetHints":{"allow":["GET"]}}],"collection":[{"href":"https:\/\/bimba.sn\/index.php?rest_route=\/wp\/v2\/product"}],"about":[{"href":"https:\/\/bimba.sn\/index.php?rest_route=\/wp\/v2\/types\/product"}],"replies":[{"embeddable":true,"href":"https:\/\/bimba.sn\/index.php?rest_route=%2Fwp%2Fv2%2Fcomments&post=3320"}],"wp:featuredmedia":[{"embeddable":true,"href":"https:\/\/bimba.sn\/index.php?rest_route=\/wp\/v2\/media\/3319"}],"wp:attachment":[{"href":"https:\/\/bimba.sn\/index.php?rest_route=%2Fwp%2Fv2%2Fmedia&parent=3320"}],"wp:term":[{"taxonomy":"store","embeddable":true,"href":"https:\/\/bimba.sn\/index.php?rest_route=%2Fwp%2Fv2%2Fstore&post=3320"},{"taxonomy":"product_brand","embeddable":true,"href":"https:\/\/bimba.sn\/index.php?rest_route=%2Fwp%2Fv2%2Fproduct_brand&post=3320"},{"taxonomy":"product_cat","embeddable":true,"href":"https:\/\/bimba.sn\/index.php?rest_route=%2Fwp%2Fv2%2Fproduct_cat&post=3320"},{"taxonomy":"product_tag","embeddable":true,"href":"https:\/\/bimba.sn\/index.php?rest_route=%2Fwp%2Fv2%2Fproduct_tag&post=3320"}],"curies":[{"name":"wp","href":"https:\/\/api.w.org\/{rel}","templated":true}]}}