{"id":3311,"date":"2025-05-11T17:05:15","date_gmt":"2025-05-11T15:05:15","guid":{"rendered":"https:\/\/bimba.sn\/?product=imprimante-hp-smart-515-multifonction-a-reservoirs-rechargeables"},"modified":"2025-05-11T17:05:16","modified_gmt":"2025-05-11T15:05:16","slug":"imprimante-hp-smart-515-multifonction-a-reservoirs-rechargeables","status":"publish","type":"product","link":"https:\/\/bimba.sn\/?product=imprimante-hp-smart-515-multifonction-a-reservoirs-rechargeables","title":{"rendered":"Imprimante HP Smart 515 Multifonction \u00c0 R\u00e9servoirs Rechargeables"},"content":{"rendered":"<p><span>Impression, num\u00e9risation, copie, sans fil<\/span><br \/><span>Vitesse d\u2019impression noir: Jusqu\u2019\u00e0 11 ppm<\/span><br \/><span>Vitesse d\u2019impression couleur: Jusqu\u2019\u00e0 5 ppm<\/span><br \/><span>Qualit\u00e9 d\u2019impression noire: Jusqu\u2019\u00e0 1\u00a0200 x 1\u00a0200\u00a0ppp rendus<\/span><br \/><span>Qualit\u00e9 d\u2019impression couleur: Jusqu\u2019\u00e0 4\u00a0800 x 1\u00a0200\u00a0ppp optimis\u00e9s couleur (si impression depuis un ordinateur et entr\u00e9e 1\u00a0200\u00a0ppp)<\/span><br \/><span>Volume de pages mensuel recommand\u00e9: 200 \u00e0 800<\/span><br \/><span>Impression recto\/verso: Manuelle (prise en charge des pilotes fournie)<\/span><br \/><span>Fonctionne avec: 4 (1 bouteille d\u2019encre noire, jeu de 3 bouteilles d\u2019encre de couleur)<\/span><br \/><span>Connectivit\u00e9: Port USB 2.0 haut d\u00e9bit, Wi-Fi, Bluetooth<\/span><\/p>\n","protected":false},"excerpt":{"rendered":"<p><span>Impression, num\u00e9risation, copie, sans fil<\/span><br \/><span>Vitesse d\u2019impression noir: Jusqu\u2019\u00e0 11 ppm<\/span><br \/><span>Vitesse d\u2019impression couleur: Jusqu\u2019\u00e0 5 ppm<\/span><br \/><span>Qualit\u00e9 d\u2019impression noire: Jusqu\u2019\u00e0 1\u00a0200 x 1\u00a0200\u00a0ppp rendus<\/span><br \/><span>Qualit\u00e9 d\u2019impression couleur: Jusqu\u2019\u00e0 4\u00a0800 x 1\u00a0200\u00a0ppp optimis\u00e9s couleur (si impression depuis un ordinateur et entr\u00e9e 1\u00a0200\u00a0ppp)<\/span><br \/><span>Volume de pages mensuel recommand\u00e9: 200 \u00e0 800<\/span><br \/><span>Impression recto\/verso: Manuelle (prise en charge des pilotes fournie)<\/span><br \/><span>Fonctionne avec: 4 (1 bouteille d\u2019encre noire, jeu de 3 bouteilles d\u2019encre de couleur)<\/span><br \/><span>Connectivit\u00e9: Port USB 2.0 haut d\u00e9bit, Wi-Fi, Bluetooth<\/span><\/p>\n","protected":false},"featured_media":3310,"comment_status":"open","ping_status":"closed","template":"","meta":{"_gspb_post_css":""},"store":[],"product_brand":[],"product_cat":[270],"product_tag":[],"class_list":{"0":"post-3311","1":"product","2":"type-product","3":"status-publish","4":"has-post-thumbnail","6":"product_cat-imprimantes","8":"first","9":"instock","10":"shipping-taxable","11":"purchasable","12":"product-type-simple"},"_links":{"self":[{"href":"https:\/\/bimba.sn\/index.php?rest_route=\/wp\/v2\/product\/3311","targetHints":{"allow":["GET"]}}],"collection":[{"href":"https:\/\/bimba.sn\/index.php?rest_route=\/wp\/v2\/product"}],"about":[{"href":"https:\/\/bimba.sn\/index.php?rest_route=\/wp\/v2\/types\/product"}],"replies":[{"embeddable":true,"href":"https:\/\/bimba.sn\/index.php?rest_route=%2Fwp%2Fv2%2Fcomments&post=3311"}],"wp:featuredmedia":[{"embeddable":true,"href":"https:\/\/bimba.sn\/index.php?rest_route=\/wp\/v2\/media\/3310"}],"wp:attachment":[{"href":"https:\/\/bimba.sn\/index.php?rest_route=%2Fwp%2Fv2%2Fmedia&parent=3311"}],"wp:term":[{"taxonomy":"store","embeddable":true,"href":"https:\/\/bimba.sn\/index.php?rest_route=%2Fwp%2Fv2%2Fstore&post=3311"},{"taxonomy":"product_brand","embeddable":true,"href":"https:\/\/bimba.sn\/index.php?rest_route=%2Fwp%2Fv2%2Fproduct_brand&post=3311"},{"taxonomy":"product_cat","embeddable":true,"href":"https:\/\/bimba.sn\/index.php?rest_route=%2Fwp%2Fv2%2Fproduct_cat&post=3311"},{"taxonomy":"product_tag","embeddable":true,"href":"https:\/\/bimba.sn\/index.php?rest_route=%2Fwp%2Fv2%2Fproduct_tag&post=3311"}],"curies":[{"name":"wp","href":"https:\/\/api.w.org\/{rel}","templated":true}]}}