{"id":3304,"date":"2025-05-11T12:15:51","date_gmt":"2025-05-11T10:15:51","guid":{"rendered":"https:\/\/bimba.sn\/?product=hp-scanjet-pro-3000-s4-sheet-feed-scanner-de-documents"},"modified":"2025-05-11T12:15:52","modified_gmt":"2025-05-11T10:15:52","slug":"hp-scanjet-pro-3000-s4-sheet-feed-scanner-de-documents","status":"publish","type":"product","link":"https:\/\/bimba.sn\/?product=hp-scanjet-pro-3000-s4-sheet-feed-scanner-de-documents","title":{"rendered":"HP Scanjet Pro 3000 s4 Sheet-feed Scanner de documents"},"content":{"rendered":"<div class=\"DetailedSpecs-module_specWrapper__Tk3cI\" style=\"font-family: Yantramanav, sans-serif;font-size: 14px\">\n<div class=\"Spec-module_spec__36KF7\">\n<div class=\"Spec-module_innerLeft__1GYQ0\">\n<ol>\n<li data-test-hook=\"@hpstellar\/core\/typography\" data-mce-style=\"box-sizing: border-box; text-align: left;\" style=\"text-align: left\"><strong>CARACTERISTIQUE GENERALES<\/strong><\/li>\n<\/ol>\n<p class=\"Typography-module_root__1WutS Typography-module_boldL__1Nilz Typography-module_responsive__3lKqJ\" data-test-hook=\"@hpstellar\/core\/typography\" style=\"margin: 0px 0px 14.5px\">R\u00e9solution<\/p>\n<\/div>\n<div class=\"Spec-module_innerRight__JXkTu\">\n<div class=\"Spec-module_valueWrapper__cceDD\">\n<p class=\"Typography-module_root__1WutS Typography-module_bodyM__3hLoq Spec-module_value__2k-3o Typography-module_responsive__3lKqJ\" data-test-hook=\"@hpstellar\/core\/typography\" style=\"margin: 0px 0px 14.5px\">600 x 600 ppp<\/p>\n<\/div>\n<\/div>\n<\/div>\n<\/div>\n<div class=\"DetailedSpecs-module_specWrapper__Tk3cI\" style=\"font-family: Yantramanav, sans-serif;font-size: 14px\">\n<div class=\"Spec-module_spec__36KF7\">\n<div class=\"Spec-module_innerLeft__1GYQ0\">\n<p class=\"Typography-module_root__1WutS Typography-module_boldL__1Nilz Typography-module_responsive__3lKqJ\" data-test-hook=\"@hpstellar\/core\/typography\" style=\"margin: 0px 0px 14.5px\">Panneau de commande<\/p>\n<\/div>\n<div class=\"Spec-module_innerRight__JXkTu\">\n<div class=\"Spec-module_valueWrapper__cceDD\">\n<p class=\"Typography-module_root__1WutS Typography-module_bodyM__3hLoq Spec-module_value__2k-3o Typography-module_responsive__3lKqJ\" data-test-hook=\"@hpstellar\/core\/typography\" style=\"margin: 0px 0px 14.5px\">Bouton de num\u00e9risation, bouton d\u2019alimentation avec une LED et une LED pour l\u2019indication d\u2019erreur<\/p>\n<\/div>\n<\/div>\n<\/div>\n<\/div>\n<div class=\"DetailedSpecs-module_specWrapper__Tk3cI\" style=\"font-family: Yantramanav, sans-serif;font-size: 14px\">\n<div class=\"Spec-module_spec__36KF7\">\n<div class=\"Spec-module_innerLeft__1GYQ0\">\n<p class=\"Typography-module_root__1WutS Typography-module_boldL__1Nilz Typography-module_responsive__3lKqJ\" data-test-hook=\"@hpstellar\/core\/typography\" style=\"margin: 0px 0px 14.5px\">Peu profond<\/p>\n<\/div>\n<div class=\"Spec-module_innerRight__JXkTu\">\n<div class=\"Spec-module_valueWrapper__cceDD\">\n<p class=\"Typography-module_root__1WutS Typography-module_bodyM__3hLoq Spec-module_value__2k-3o Typography-module_responsive__3lKqJ\" data-test-hook=\"@hpstellar\/core\/typography\" style=\"margin: 0px 0px 14.5px\">24 bits (externe), 48 bits (interne)<\/p>\n<\/div>\n<\/div>\n<\/div>\n<\/div>\n<div class=\"DetailedSpecs-module_specWrapper__Tk3cI\" style=\"font-family: Yantramanav, sans-serif;font-size: 14px\">\n<div class=\"Spec-module_spec__36KF7\">\n<div class=\"Spec-module_innerLeft__1GYQ0\">\n<p class=\"Typography-module_root__1WutS Typography-module_boldL__1Nilz Typography-module_responsive__3lKqJ\" data-test-hook=\"@hpstellar\/core\/typography\" style=\"margin: 0px 0px 14.5px\">Taille maximale de num\u00e9risation de documents<\/p>\n<\/div>\n<div class=\"Spec-module_innerRight__JXkTu\">\n<div class=\"Spec-module_valueWrapper__cceDD\">\n<p class=\"Typography-module_root__1WutS Typography-module_bodyM__3hLoq Spec-module_value__2k-3o Typography-module_responsive__3lKqJ\" data-test-hook=\"@hpstellar\/core\/typography\" style=\"margin: 0px 0px 14.5px\">8,5 x 122 pouces<\/p>\n<\/div>\n<\/div>\n<\/div>\n<\/div>\n<div class=\"DetailedSpecs-module_specWrapper__Tk3cI\" style=\"font-family: Yantramanav, sans-serif;font-size: 14px\">\n<div class=\"Spec-module_spec__36KF7\">\n<div class=\"Spec-module_innerLeft__1GYQ0\">\n<p class=\"Typography-module_root__1WutS Typography-module_boldL__1Nilz Typography-module_responsive__3lKqJ\" data-test-hook=\"@hpstellar\/core\/typography\" style=\"margin: 0px 0px 14.5px\">Types de supports num\u00e9risables<\/p>\n<\/div>\n<div class=\"Spec-module_innerRight__JXkTu\">\n<div class=\"Spec-module_valueWrapper__cceDD\">\n<p class=\"Typography-module_root__1WutS Typography-module_bodyM__3hLoq Spec-module_value__2k-3o Typography-module_responsive__3lKqJ\" data-test-hook=\"@hpstellar\/core\/typography\" style=\"margin: 0px 0px 14.5px\">Papier feuille \u00e0 feuille, papier imprim\u00e9 (laser et encre), papier pr\u00e9-perfor\u00e9, ch\u00e8ques bancaires, cartes de visite, factures de transport, formulaires autocopiants, feuilles de support en plastique pour documents facilement endommag\u00e9s, supports pr\u00e9c\u00e9demment agraf\u00e9s sans agrafe, cartes en plastique (jusqu\u2019\u00e0 1,24 millim\u00e8tre)<\/p>\n<\/div>\n<\/div>\n<\/div>\n<\/div>\n<div class=\"DetailedSpecs-module_specWrapper__Tk3cI\" style=\"font-family: Yantramanav, sans-serif;font-size: 14px\">\n<div class=\"Spec-module_spec__36KF7\">\n<div class=\"Spec-module_innerLeft__1GYQ0\">\n<p class=\"Typography-module_root__1WutS Typography-module_boldL__1Nilz Typography-module_responsive__3lKqJ\" data-test-hook=\"@hpstellar\/core\/typography\" style=\"margin: 0px 0px 14.5px\">Type d\u2019entr\u00e9e<\/p>\n<\/div>\n<div class=\"Spec-module_innerRight__JXkTu\">\n<div class=\"Spec-module_valueWrapper__cceDD\">\n<p class=\"Typography-module_root__1WutS Typography-module_bodyM__3hLoq Spec-module_value__2k-3o Typography-module_responsive__3lKqJ\" data-test-hook=\"@hpstellar\/core\/typography\" style=\"margin: 0px 0px 14.5px\">Feuilles<\/p>\n<\/div>\n<\/div>\n<\/div>\n<\/div>\n<div class=\"DetailedSpecs-module_specWrapper__Tk3cI\" style=\"font-family: Yantramanav, sans-serif;font-size: 14px\">\n<div class=\"Spec-module_spec__36KF7\">\n<div class=\"Spec-module_innerLeft__1GYQ0\">\n<p class=\"Typography-module_root__1WutS Typography-module_boldL__1Nilz Typography-module_responsive__3lKqJ\" data-test-hook=\"@hpstellar\/core\/typography\" style=\"margin: 0px 0px 14.5px\">Chargeur automatique de documents<\/p>\n<\/div>\n<div class=\"Spec-module_innerRight__JXkTu\">\n<div class=\"Spec-module_valueWrapper__cceDD\">\n<p class=\"Typography-module_root__1WutS Typography-module_bodyM__3hLoq Spec-module_value__2k-3o Typography-module_responsive__3lKqJ\" data-test-hook=\"@hpstellar\/core\/typography\" style=\"margin: 0px 0px 14.5px\">Standard, 50 feuilles<\/p>\n<\/div>\n<\/div>\n<\/div>\n<\/div>\n<div class=\"DetailedSpecs-module_specWrapper__Tk3cI\" style=\"font-family: Yantramanav, sans-serif;font-size: 14px\">\n<div class=\"Spec-module_spec__36KF7\">\n<div class=\"Spec-module_innerLeft__1GYQ0\">\n<p class=\"Typography-module_root__1WutS Typography-module_boldL__1Nilz Typography-module_responsive__3lKqJ\" data-test-hook=\"@hpstellar\/core\/typography\" style=\"margin: 0px 0px 14.5px\">Connectivit\u00e9<\/p>\n<\/div>\n<div class=\"Spec-module_innerRight__JXkTu\">\n<div class=\"Spec-module_valueWrapper__cceDD\">\n<p class=\"Typography-module_root__1WutS Typography-module_bodyM__3hLoq Spec-module_value__2k-3o Typography-module_responsive__3lKqJ\" data-test-hook=\"@hpstellar\/core\/typography\" style=\"margin: 0px 0px 14.5px\">USB 3.0<\/p>\n<\/div>\n<\/div>\n<\/div>\n<\/div>\n<div class=\"DetailedSpecs-module_specWrapper__Tk3cI\" style=\"font-family: Yantramanav, sans-serif;font-size: 14px\">\n<div class=\"Spec-module_spec__36KF7\">\n<div class=\"Spec-module_innerLeft__1GYQ0\">\n<p class=\"Typography-module_root__1WutS Typography-module_boldL__1Nilz Typography-module_responsive__3lKqJ\" data-test-hook=\"@hpstellar\/core\/typography\" style=\"margin: 0px 0px 14.5px\">Dimensions (LXPXH)<\/p>\n<\/div>\n<div class=\"Spec-module_innerRight__JXkTu\">\n<div class=\"Spec-module_valueWrapper__cceDD\">\n<p class=\"Typography-module_root__1WutS Typography-module_bodyM__3hLoq Spec-module_value__2k-3o Typography-module_responsive__3lKqJ\" data-test-hook=\"@hpstellar\/core\/typography\" style=\"margin: 0px 0px 14.5px\">11,8 x 6,8 x 6,1 pouces<\/p>\n<\/div>\n<\/div>\n<\/div>\n<\/div>\n<div class=\"DetailedSpecs-module_specWrapper__Tk3cI\" style=\"font-family: Yantramanav, sans-serif;font-size: 14px\">\n<div class=\"Spec-module_spec__36KF7\">\n<div class=\"Spec-module_innerLeft__1GYQ0\">\n<p class=\"Typography-module_root__1WutS Typography-module_boldL__1Nilz Typography-module_responsive__3lKqJ\" data-test-hook=\"@hpstellar\/core\/typography\" style=\"margin: 0px 0px 14.5px\">Poids<\/p>\n<\/div>\n<div class=\"Spec-module_innerRight__JXkTu\">\n<div class=\"Spec-module_valueWrapper__cceDD\">\n<p class=\"Typography-module_root__1WutS Typography-module_bodyM__3hLoq Spec-module_value__2k-3o Typography-module_responsive__3lKqJ\" data-test-hook=\"@hpstellar\/core\/typography\" style=\"margin: 0px 0px 14.5px\">6,0 livres<\/p>\n<\/div>\n<\/div>\n<\/div>\n<\/div>\n<div class=\"DetailedSpecs-module_specWrapper__Tk3cI\" style=\"font-family: Yantramanav, sans-serif;font-size: 14px\">\n<div class=\"Spec-module_spec__36KF7\">\n<div class=\"Spec-module_innerLeft__1GYQ0\">\n<p class=\"Typography-module_root__1WutS Typography-module_boldL__1Nilz Typography-module_responsive__3lKqJ\" data-test-hook=\"@hpstellar\/core\/typography\" style=\"margin: 0px 0px 14.5px\">Syst\u00e8mes d\u2019exploitation pris en charge<\/p>\n<\/div>\n<div class=\"Spec-module_innerRight__JXkTu\">\n<div class=\"Spec-module_valueWrapper__cceDD\">\n<p class=\"Typography-module_root__1WutS Typography-module_bodyM__3hLoq Spec-module_value__2k-3o Typography-module_responsive__3lKqJ\" data-test-hook=\"@hpstellar\/core\/typography\" style=\"margin: 0px 0px 14.5px\">Microsoft\u00ae Windows\u00ae (10, 8.1, 7, XP : 32 bits et 64 bits, 2008 R2, 2012 R2, 2016, 2019) ; MacOS (Catalina 10.15, Mojave 10.14, High Sierra 10.13) ; Linux (Ubuntu, Fedora, Debian, RHEL, Linux Mint, Open Suse, Manjaro) ; Pr\u00eat pour Citrix<\/p>\n<\/div>\n<\/div>\n<\/div>\n<\/div>\n","protected":false},"excerpt":{"rendered":"<ol>\n<li class=\"Typography-module_root__1WutS Typography-module_bodyS__1MB7L Typography-module_responsive__3lKqJ\" data-test-hook=\"@hpstellar\/core\/typography\">Num\u00e9rise jusqu\u2019\u00e0 40 ppm \/ 80 IPM<\/li>\n<li>Num\u00e9risez vers du texte, PDF et plus encore avec OCR<\/li>\n<\/ol>\n","protected":false},"featured_media":3303,"comment_status":"open","ping_status":"closed","template":"","meta":{"_gspb_post_css":""},"store":[],"product_brand":[],"product_cat":[270,272],"product_tag":[],"class_list":{"0":"post-3304","1":"product","2":"type-product","3":"status-publish","4":"has-post-thumbnail","6":"product_cat-imprimantes","7":"product_cat-scanners","9":"first","10":"instock","11":"shipping-taxable","12":"purchasable","13":"product-type-simple"},"_links":{"self":[{"href":"https:\/\/bimba.sn\/index.php?rest_route=\/wp\/v2\/product\/3304","targetHints":{"allow":["GET"]}}],"collection":[{"href":"https:\/\/bimba.sn\/index.php?rest_route=\/wp\/v2\/product"}],"about":[{"href":"https:\/\/bimba.sn\/index.php?rest_route=\/wp\/v2\/types\/product"}],"replies":[{"embeddable":true,"href":"https:\/\/bimba.sn\/index.php?rest_route=%2Fwp%2Fv2%2Fcomments&post=3304"}],"wp:featuredmedia":[{"embeddable":true,"href":"https:\/\/bimba.sn\/index.php?rest_route=\/wp\/v2\/media\/3303"}],"wp:attachment":[{"href":"https:\/\/bimba.sn\/index.php?rest_route=%2Fwp%2Fv2%2Fmedia&parent=3304"}],"wp:term":[{"taxonomy":"store","embeddable":true,"href":"https:\/\/bimba.sn\/index.php?rest_route=%2Fwp%2Fv2%2Fstore&post=3304"},{"taxonomy":"product_brand","embeddable":true,"href":"https:\/\/bimba.sn\/index.php?rest_route=%2Fwp%2Fv2%2Fproduct_brand&post=3304"},{"taxonomy":"product_cat","embeddable":true,"href":"https:\/\/bimba.sn\/index.php?rest_route=%2Fwp%2Fv2%2Fproduct_cat&post=3304"},{"taxonomy":"product_tag","embeddable":true,"href":"https:\/\/bimba.sn\/index.php?rest_route=%2Fwp%2Fv2%2Fproduct_tag&post=3304"}],"curies":[{"name":"wp","href":"https:\/\/api.w.org\/{rel}","templated":true}]}}