{"id":3300,"date":"2025-05-11T12:09:39","date_gmt":"2025-05-11T10:09:39","guid":{"rendered":"https:\/\/bimba.sn\/?product=hp-scanjet-pro-2600-f1-scanner"},"modified":"2025-05-11T12:11:46","modified_gmt":"2025-05-11T10:11:46","slug":"hp-scanjet-pro-2600-f1-scanner","status":"publish","type":"product","link":"https:\/\/bimba.sn\/?product=hp-scanjet-pro-2600-f1-scanner","title":{"rendered":"HP ScanJet Pro 2600 f1 Scanner num\u00e9risation recto verso rapide et chargeur automatique de documents"},"content":{"rendered":"<p><\/p>\n","protected":false},"excerpt":{"rendered":"<p style=\"margin: 0px 0px 14.5px;font-family: Yantramanav, sans-serif;font-size: 14px\" data-mce-style=\"margin: 0px 0px 14.5px; font-family: Yantramanav, sans-serif; font-size: 14px;\">R\u00e9solution<\/p>\n<p style=\"margin: 0px 0px 14.5px;font-family: Yantramanav, sans-serif;font-size: 14px\" data-mce-style=\"margin: 0px 0px 14.5px; font-family: Yantramanav, sans-serif; font-size: 14px;\">Jusqu\u2019\u00e0 600 x 600 ppp (couleur et monochrome, ADF) ; Jusqu\u2019\u00e0 1 200 x 1 200 ppp (couleur et monochrome, \u00e0 plat)<\/p>\n<p style=\"margin: 0px 0px 14.5px;font-family: Yantramanav, sans-serif;font-size: 14px\" data-mce-style=\"margin: 0px 0px 14.5px; font-family: Yantramanav, sans-serif; font-size: 14px;\">Panneau de contr\u00f4le<\/p>\n<p style=\"margin: 0px 0px 14.5px;font-family: Yantramanav, sans-serif;font-size: 14px\" data-mce-style=\"margin: 0px 0px 14.5px; font-family: Yantramanav, sans-serif; font-size: 14px;\">6 lumi\u00e8res (raccourci, recto verso, erreur) ; 5 boutons (Alimentation, Num\u00e9risation, Recto verso, S\u00e9lection de raccourci, Annuler)<\/p>\n<p style=\"margin: 0px 0px 14.5px;font-family: Yantramanav, sans-serif;font-size: 14px\" data-mce-style=\"margin: 0px 0px 14.5px; font-family: Yantramanav, sans-serif; font-size: 14px;\">Peu profond<\/p>\n<p style=\"margin: 0px 0px 14.5px;font-family: Yantramanav, sans-serif;font-size: 14px\" data-mce-style=\"margin: 0px 0px 14.5px; font-family: Yantramanav, sans-serif; font-size: 14px;\">24 bits (externe), 48 bits (interne)<\/p>\n<p style=\"margin: 0px 0px 14.5px;font-family: Yantramanav, sans-serif;font-size: 14px\" data-mce-style=\"margin: 0px 0px 14.5px; font-family: Yantramanav, sans-serif; font-size: 14px;\">Taille maximale de num\u00e9risation du document<\/p>\n<p style=\"margin: 0px 0px 14.5px;font-family: Yantramanav, sans-serif;font-size: 14px\" data-mce-style=\"margin: 0px 0px 14.5px; font-family: Yantramanav, sans-serif; font-size: 14px;\">8,5 x 122 pouces<\/p>\n<p style=\"margin: 0px 0px 14.5px;font-family: Yantramanav, sans-serif;font-size: 14px\" data-mce-style=\"margin: 0px 0px 14.5px; font-family: Yantramanav, sans-serif; font-size: 14px;\">Types de supports num\u00e9risables<\/p>\n<p style=\"margin: 0px 0px 14.5px;font-family: Yantramanav, sans-serif;font-size: 14px\" data-mce-style=\"margin: 0px 0px 14.5px; font-family: Yantramanav, sans-serif; font-size: 14px;\">Papier (banni\u00e8re, jet d\u2019encre, photo, ordinaire), enveloppes, \u00e9tiquettes, cartes (voeux, index)<\/p>\n<p style=\"margin: 0px 0px 14.5px;font-family: Yantramanav, sans-serif;font-size: 14px\" data-mce-style=\"margin: 0px 0px 14.5px; font-family: Yantramanav, sans-serif; font-size: 14px;\">Type d\u2019entr\u00e9e<\/p>\n<p style=\"margin: 0px 0px 14.5px;font-family: Yantramanav, sans-serif;font-size: 14px\" data-mce-style=\"margin: 0px 0px 14.5px; font-family: Yantramanav, sans-serif; font-size: 14px;\">FAD ; Technologie de num\u00e9risation CIS ; \u00c0 plat<\/p>\n<p style=\"margin: 0px 0px 14.5px;font-family: Yantramanav, sans-serif;font-size: 14px\" data-mce-style=\"margin: 0px 0px 14.5px; font-family: Yantramanav, sans-serif; font-size: 14px;\">Chargeur automatique de documents<\/p>\n<p style=\"margin: 0px 0px 14.5px;font-family: Yantramanav, sans-serif;font-size: 14px\" data-mce-style=\"margin: 0px 0px 14.5px; font-family: Yantramanav, sans-serif; font-size: 14px;\">Standard, 60 feuilles<\/p>\n<p style=\"margin: 0px 0px 14.5px;font-family: Yantramanav, sans-serif;font-size: 14px\" data-mce-style=\"margin: 0px 0px 14.5px; font-family: Yantramanav, sans-serif; font-size: 14px;\">Connectivit\u00e9<\/p>\n<p style=\"margin: 0px 0px 14.5px;font-family: Yantramanav, sans-serif;font-size: 14px\" data-mce-style=\"margin: 0px 0px 14.5px; font-family: Yantramanav, sans-serif; font-size: 14px;\">USB2.0<\/p>\n<p style=\"margin: 0px 0px 14.5px;font-family: Yantramanav, sans-serif;font-size: 14px\" data-mce-style=\"margin: 0px 0px 14.5px; font-family: Yantramanav, sans-serif; font-size: 14px;\">Dimensions (LXDXH)<\/p>\n<p style=\"margin: 0px 0px 14.5px;font-family: Yantramanav, sans-serif;font-size: 14px\" data-mce-style=\"margin: 0px 0px 14.5px; font-family: Yantramanav, sans-serif; font-size: 14px;\">19,4 x 12,8 x 5,2 pouces<\/p>\n<p style=\"margin: 0px 0px 14.5px;font-family: Yantramanav, sans-serif;font-size: 14px\" data-mce-style=\"margin: 0px 0px 14.5px; font-family: Yantramanav, sans-serif; font-size: 14px;\">Poids<\/p>\n<p style=\"margin: 0px 0px 14.5px;font-family: Yantramanav, sans-serif;font-size: 14px\" data-mce-style=\"margin: 0px 0px 14.5px; font-family: Yantramanav, sans-serif; font-size: 14px;\">11,9 livres<\/p>\n<p style=\"margin: 0px 0px 14.5px;font-family: Yantramanav, sans-serif;font-size: 14px\" data-mce-style=\"margin: 0px 0px 14.5px; font-family: Yantramanav, sans-serif; font-size: 14px;\">Syst\u00e8mes d\u2019exploitation pris en charge<\/p>\n<p style=\"margin: 0px 0px 14.5px;font-family: Yantramanav, sans-serif;font-size: 14px;text-align: left\" data-mce-style=\"box-sizing: border-box; margin: 0px 0px 14.5px; color: #4c4c4c; font-family: Yantramanav, sans-serif; font-size: 14px; text-align: left;\">Windows 11 ; Windows 10 ; Windows 8; Windows 8.1; Windows 7; Serveur Windows ; macOS 10.14 Mojave ; macOS 10.15 Catalina ; macOS 11 Big Sur ; macOS 12 Monterey ; Linux<\/p>\n","protected":false},"featured_media":3297,"comment_status":"open","ping_status":"closed","template":"","meta":{"_gspb_post_css":""},"store":[],"product_brand":[],"product_cat":[270,272],"product_tag":[],"class_list":{"0":"post-3300","1":"product","2":"type-product","3":"status-publish","4":"has-post-thumbnail","6":"product_cat-imprimantes","7":"product_cat-scanners","9":"first","10":"instock","11":"shipping-taxable","12":"purchasable","13":"product-type-simple"},"_links":{"self":[{"href":"https:\/\/bimba.sn\/index.php?rest_route=\/wp\/v2\/product\/3300","targetHints":{"allow":["GET"]}}],"collection":[{"href":"https:\/\/bimba.sn\/index.php?rest_route=\/wp\/v2\/product"}],"about":[{"href":"https:\/\/bimba.sn\/index.php?rest_route=\/wp\/v2\/types\/product"}],"replies":[{"embeddable":true,"href":"https:\/\/bimba.sn\/index.php?rest_route=%2Fwp%2Fv2%2Fcomments&post=3300"}],"wp:featuredmedia":[{"embeddable":true,"href":"https:\/\/bimba.sn\/index.php?rest_route=\/wp\/v2\/media\/3297"}],"wp:attachment":[{"href":"https:\/\/bimba.sn\/index.php?rest_route=%2Fwp%2Fv2%2Fmedia&parent=3300"}],"wp:term":[{"taxonomy":"store","embeddable":true,"href":"https:\/\/bimba.sn\/index.php?rest_route=%2Fwp%2Fv2%2Fstore&post=3300"},{"taxonomy":"product_brand","embeddable":true,"href":"https:\/\/bimba.sn\/index.php?rest_route=%2Fwp%2Fv2%2Fproduct_brand&post=3300"},{"taxonomy":"product_cat","embeddable":true,"href":"https:\/\/bimba.sn\/index.php?rest_route=%2Fwp%2Fv2%2Fproduct_cat&post=3300"},{"taxonomy":"product_tag","embeddable":true,"href":"https:\/\/bimba.sn\/index.php?rest_route=%2Fwp%2Fv2%2Fproduct_tag&post=3300"}],"curies":[{"name":"wp","href":"https:\/\/api.w.org\/{rel}","templated":true}]}}