{"id":3288,"date":"2025-05-11T11:51:43","date_gmt":"2025-05-11T09:51:43","guid":{"rendered":"https:\/\/bimba.sn\/?product=hp-officejet-7740-imprimante-multifonction-couleur"},"modified":"2025-05-11T11:53:46","modified_gmt":"2025-05-11T09:53:46","slug":"hp-officejet-7740-imprimante-multifonction-couleur","status":"publish","type":"product","link":"https:\/\/bimba.sn\/?product=hp-officejet-7740-imprimante-multifonction-couleur","title":{"rendered":"IMPRIMANTE HP Officejet 7740 A3 Multifonction jet d&rsquo;encre Couleur"},"content":{"rendered":"<table class=\"table table--fpDescTb fpDescTb fpDescTbPub mce-item-table\" role=\"table\" aria-label=\"Semantic Elements\" aria-describedby=\"semantic_elements_table_desc\" style=\"border-collapse: collapse;border-spacing: 0px;width: 352.578px;max-width: 100%;margin-bottom: 29px;font-family: Yantramanav, sans-serif;font-size: 14px\" data-mce-style=\"border-collapse: collapse; border-spacing: 0px; width: 352.578px; max-width: 100%; margin-bottom: 29px; font-family: Yantramanav, sans-serif; font-size: 14px;\">\n<caption class=\"u-visually-hidden\">Tableau de caract\u00e9ristiques du produit<\/caption>\n<thead class=\"table__header u-visually-hidden\" role=\"rowgroup\">\n<tr class=\"table__row\" role=\"row\">\n<th class=\"table__cell\" role=\"columnheader\" scope=\"col\" style=\"padding: 8px;text-align: left;border-width: 0px 1px 2px;border-top-color: initial;line-height: 1.85;vertical-align: bottom;border-style: initial solid solid solid\" data-mce-style=\"padding: 8px; text-align: left; border-width: 0px 1px 2px; border-top-color: initial; line-height: 1.85; vertical-align: bottom; border-style: initial solid solid solid;\">CARACT\u00c9RISTIQUE<\/th>\n<th class=\"table__cell\" role=\"columnheader\" scope=\"col\" style=\"padding: 8px;text-align: left;border-width: 0px 1px 2px;border-top-color: initial;line-height: 1.85;vertical-align: bottom;border-style: initial solid solid solid\" data-mce-style=\"padding: 8px; text-align: left; border-width: 0px 1px 2px; border-top-color: initial; line-height: 1.85; vertical-align: bottom; border-style: initial solid solid solid;\">DESCRIPTION<\/th>\n<\/tr>\n<\/thead>\n<tbody class=\"table__body\" role=\"rowgroup\">\n<tr class=\"table__row\" role=\"row\">\n<th class=\"table__head\" role=\"cell\" colspan=\"2\" style=\"padding: 8px;text-align: left;line-height: 1.85;vertical-align: top\" data-mce-style=\"padding: 8px; text-align: left; line-height: 1.85; vertical-align: top;\">INFORMATIONS G\u00c9N\u00c9RALES SUR LE PRODUIT<\/th>\n<\/tr>\n<tr class=\"table__row\" role=\"row\">\n<th class=\"table__cell\" role=\"cell\" scope=\"row\" style=\"padding: 8px;text-align: left;line-height: 1.85;vertical-align: top\" data-mce-style=\"padding: 8px; text-align: left; line-height: 1.85; vertical-align: top;\">MARQUE<\/th>\n<td class=\"table__cell\" role=\"cell\" style=\"padding: 8px;line-height: 1.85;vertical-align: top\" data-mce-style=\"padding: 8px; line-height: 1.85; vertical-align: top;\">HP<\/td>\n<\/tr>\n<tr class=\"table__row\" role=\"row\">\n<th class=\"table__cell\" role=\"cell\" scope=\"row\" style=\"padding: 8px;text-align: left;line-height: 1.85;vertical-align: top\" data-mce-style=\"padding: 8px; text-align: left; line-height: 1.85; vertical-align: top;\">NOM DU PRODUIT<\/th>\n<td class=\"table__cell\" role=\"cell\" style=\"padding: 8px;line-height: 1.85;vertical-align: top\" data-mce-style=\"padding: 8px; line-height: 1.85; vertical-align: top;\">Imprimante Multifonction A3 HP Officejet Pro 7740<\/td>\n<\/tr>\n<tr class=\"table__row\" role=\"row\">\n<th class=\"table__cell\" role=\"cell\" scope=\"row\" style=\"padding: 8px;text-align: left;line-height: 1.85;vertical-align: top\" data-mce-style=\"padding: 8px; text-align: left; line-height: 1.85; vertical-align: top;\">CAT\u00c9GORIE<\/th>\n<td class=\"table__cell\" role=\"cell\" style=\"padding: 8px;line-height: 1.85;vertical-align: top\" data-mce-style=\"padding: 8px; line-height: 1.85; vertical-align: top;\">IMPRIMANTE<\/td>\n<\/tr>\n<tr class=\"table__row\" role=\"row\">\n<th class=\"table__cell\" role=\"cell\" scope=\"row\" style=\"padding: 8px;text-align: left;line-height: 1.85;vertical-align: top\" data-mce-style=\"padding: 8px; text-align: left; line-height: 1.85; vertical-align: top;\">R\u00c9F\u00c9RENCE<\/th>\n<td class=\"table__cell\" role=\"cell\" style=\"padding: 8px;line-height: 1.85;vertical-align: top\" data-mce-style=\"padding: 8px; line-height: 1.85; vertical-align: top;\">G5J38A#A80<\/td>\n<\/tr>\n<tr class=\"table__row\" role=\"row\">\n<th class=\"table__head\" role=\"cell\" colspan=\"2\" style=\"padding: 8px;text-align: left;line-height: 1.85;vertical-align: top\" data-mce-style=\"padding: 8px; text-align: left; line-height: 1.85; vertical-align: top;\">G\u00c9N\u00c9RAL<\/th>\n<\/tr>\n<tr class=\"table__row\" role=\"row\">\n<th class=\"table__cell\" role=\"cell\" scope=\"row\" style=\"padding: 8px;text-align: left;line-height: 1.85;vertical-align: top\" data-mce-style=\"padding: 8px; text-align: left; line-height: 1.85; vertical-align: top;\">TYPE DE P\u00c9RIPH\u00c9RIQUE<\/th>\n<td class=\"table__cell\" role=\"cell\" style=\"padding: 8px;line-height: 1.85;vertical-align: top\" data-mce-style=\"padding: 8px; line-height: 1.85; vertical-align: top;\">Imprimante multifonctions<\/td>\n<\/tr>\n<tr class=\"table__row\" role=\"row\">\n<th class=\"table__cell\" role=\"cell\" scope=\"row\" style=\"padding: 8px;text-align: left;line-height: 1.85;vertical-align: top\" data-mce-style=\"padding: 8px; text-align: left; line-height: 1.85; vertical-align: top;\">TECHNOLOGIE D\u2019IMPRESSION<\/th>\n<td class=\"table__cell\" role=\"cell\" style=\"padding: 8px;line-height: 1.85;vertical-align: top\" data-mce-style=\"padding: 8px; line-height: 1.85; vertical-align: top;\">Jet d\u2019encre \u2013 couleur<\/td>\n<\/tr>\n<tr class=\"table__row\" role=\"row\">\n<th class=\"table__cell\" role=\"cell\" scope=\"row\" style=\"padding: 8px;text-align: left;line-height: 1.85;vertical-align: top\" data-mce-style=\"padding: 8px; text-align: left; line-height: 1.85; vertical-align: top;\">TYPE DE T\u00c9L\u00c9COPIEUR<\/th>\n<td class=\"table__cell\" role=\"cell\" style=\"padding: 8px;line-height: 1.85;vertical-align: top\" data-mce-style=\"padding: 8px; line-height: 1.85; vertical-align: top;\">Papier uni<\/td>\n<\/tr>\n<tr class=\"table__row\" role=\"row\">\n<th class=\"table__cell\" role=\"cell\" scope=\"row\" style=\"padding: 8px;text-align: left;line-height: 1.85;vertical-align: top\" data-mce-style=\"padding: 8px; text-align: left; line-height: 1.85; vertical-align: top;\">CYCLE D\u2019UTILISATION MENSUEL (MAXI)<\/th>\n<td class=\"table__cell\" role=\"cell\" style=\"padding: 8px;line-height: 1.85;vertical-align: top\" data-mce-style=\"padding: 8px; line-height: 1.85; vertical-align: top;\">30000 pages<\/td>\n<\/tr>\n<tr class=\"table__row\" role=\"row\">\n<th class=\"table__cell\" role=\"cell\" scope=\"row\" style=\"padding: 8px;text-align: left;line-height: 1.85;vertical-align: top\" data-mce-style=\"padding: 8px; text-align: left; line-height: 1.85; vertical-align: top;\">FONCTIONS DE L\u2019ARTICLE DE BUREAU<\/th>\n<td class=\"table__cell\" role=\"cell\" style=\"padding: 8px;line-height: 1.85;vertical-align: top\" data-mce-style=\"padding: 8px; line-height: 1.85; vertical-align: top;\">Sauvegarde sur lecteur flash USB, num\u00e9risation vers e-mail, num\u00e9riser vers un dossier, d\u00e9tecteur automatique de papier<\/td>\n<\/tr>\n<tr class=\"table__row\" role=\"row\">\n<th class=\"table__cell\" role=\"cell\" scope=\"row\" style=\"padding: 8px;text-align: left;line-height: 1.85;vertical-align: top\" data-mce-style=\"padding: 8px; text-align: left; line-height: 1.85; vertical-align: top;\">VOLUME MENSUEL RECOMMAND\u00c9<\/th>\n<td class=\"table__cell\" role=\"cell\" style=\"padding: 8px;line-height: 1.85;vertical-align: top\" data-mce-style=\"padding: 8px; line-height: 1.85; vertical-align: top;\">250 \u2013 1 500 pages<\/td>\n<\/tr>\n<tr class=\"table__row\" role=\"row\">\n<th class=\"table__cell\" role=\"cell\" scope=\"row\" style=\"padding: 8px;text-align: left;line-height: 1.85;vertical-align: top\" data-mce-style=\"padding: 8px; text-align: left; line-height: 1.85; vertical-align: top;\">CARACT\u00c9RISTIQUES D\u2019AFFICHAGE<\/th>\n<td class=\"table__cell\" role=\"cell\" style=\"padding: 8px;line-height: 1.85;vertical-align: top\" data-mce-style=\"padding: 8px; line-height: 1.85; vertical-align: top;\">Ecran tactile<\/td>\n<\/tr>\n<tr class=\"table__row\" role=\"row\">\n<th class=\"table__cell\" role=\"cell\" scope=\"row\" style=\"padding: 8px;text-align: left;line-height: 1.85;vertical-align: top\" data-mce-style=\"padding: 8px; text-align: left; line-height: 1.85; vertical-align: top;\">TAILLE DE LA DIAGONALE DE L\u2019\u00c9CRAN<\/th>\n<td class=\"table__cell\" role=\"cell\" style=\"padding: 8px;line-height: 1.85;vertical-align: top\" data-mce-style=\"padding: 8px; line-height: 1.85; vertical-align: top;\">2.65\u2033<\/td>\n<\/tr>\n<tr class=\"table__row\" role=\"row\">\n<th class=\"table__cell\" role=\"cell\" scope=\"row\" style=\"padding: 8px;text-align: left;line-height: 1.85;vertical-align: top\" data-mce-style=\"padding: 8px; text-align: left; line-height: 1.85; vertical-align: top;\">LOCALISATION<\/th>\n<td class=\"table__cell\" role=\"cell\" style=\"padding: 8px;line-height: 1.85;vertical-align: top\" data-mce-style=\"padding: 8px; line-height: 1.85; vertical-align: top;\">EMOA (sauf Isra\u00ebl, Arabie Saoudite, Afrique du Sud)<\/td>\n<\/tr>\n<tr class=\"table__row\" role=\"row\">\n<th class=\"table__cell\" role=\"cell\" scope=\"row\" style=\"padding: 8px;text-align: left;line-height: 1.85;vertical-align: top\" data-mce-style=\"padding: 8px; text-align: left; line-height: 1.85; vertical-align: top;\">AIRPRINT ACTIV\u00c9<\/th>\n<td class=\"table__cell\" role=\"cell\" style=\"padding: 8px;line-height: 1.85;vertical-align: top\" data-mce-style=\"padding: 8px; line-height: 1.85; vertical-align: top;\">Oui<\/td>\n<\/tr>\n<tr class=\"table__row\" role=\"row\">\n<th class=\"table__cell\" role=\"cell\" scope=\"row\" style=\"padding: 8px;text-align: left;line-height: 1.85;vertical-align: top\" data-mce-style=\"padding: 8px; text-align: left; line-height: 1.85; vertical-align: top;\">DISPONIBILIT\u00c9 DE LA CONNEXION<\/th>\n<td class=\"table__cell\" role=\"cell\" style=\"padding: 8px;line-height: 1.85;vertical-align: top\" data-mce-style=\"padding: 8px; line-height: 1.85; vertical-align: top;\">Oui<\/td>\n<\/tr>\n<tr class=\"table__row\" role=\"row\">\n<th class=\"table__cell\" role=\"cell\" scope=\"row\" style=\"padding: 8px;text-align: left;line-height: 1.85;vertical-align: top\" data-mce-style=\"padding: 8px; text-align: left; line-height: 1.85; vertical-align: top;\">INTERFACE<\/th>\n<td class=\"table__cell\" role=\"cell\" style=\"padding: 8px;line-height: 1.85;vertical-align: top\" data-mce-style=\"padding: 8px; line-height: 1.85; vertical-align: top;\">USB 2.0, LAN, Wi-Fi(n), h\u00f4te USB<\/td>\n<\/tr>\n<tr class=\"table__row\" role=\"row\">\n<th class=\"table__head\" role=\"cell\" colspan=\"2\" style=\"padding: 8px;text-align: left;line-height: 1.85;vertical-align: top\" data-mce-style=\"padding: 8px; text-align: left; line-height: 1.85; vertical-align: top;\">COPIE<\/th>\n<\/tr>\n<tr class=\"table__row\" role=\"row\">\n<th class=\"table__cell\" role=\"cell\" scope=\"row\" style=\"padding: 8px;text-align: left;line-height: 1.85;vertical-align: top\" data-mce-style=\"padding: 8px; text-align: left; line-height: 1.85; vertical-align: top;\">COPIES MAXIMALES<\/th>\n<td class=\"table__cell\" role=\"cell\" style=\"padding: 8px;line-height: 1.85;vertical-align: top\" data-mce-style=\"padding: 8px; line-height: 1.85; vertical-align: top;\">99<\/td>\n<\/tr>\n<tr class=\"table__row\" role=\"row\">\n<th class=\"table__cell\" role=\"cell\" scope=\"row\" style=\"padding: 8px;text-align: left;line-height: 1.85;vertical-align: top\" data-mce-style=\"padding: 8px; text-align: left; line-height: 1.85; vertical-align: top;\">VITESSE DE REPRODUCTION MAXIMALE<\/th>\n<td class=\"table__cell\" role=\"cell\" style=\"padding: 8px;line-height: 1.85;vertical-align: top\" data-mce-style=\"padding: 8px; line-height: 1.85; vertical-align: top;\">Jusqu\u2019\u00e0 18 ppm (mono)\/jusqu\u2019\u00e0 13 ppm (couleur)<\/td>\n<\/tr>\n<tr class=\"table__row\" role=\"row\">\n<th class=\"table__cell\" role=\"cell\" scope=\"row\" style=\"padding: 8px;text-align: left;line-height: 1.85;vertical-align: top\" data-mce-style=\"padding: 8px; text-align: left; line-height: 1.85; vertical-align: top;\">R\u00c9SOLUTION DE REPRODUCTION MAXIMALE<\/th>\n<td class=\"table__cell\" role=\"cell\" style=\"padding: 8px;line-height: 1.85;vertical-align: top\" data-mce-style=\"padding: 8px; line-height: 1.85; vertical-align: top;\">Jusqu\u2019\u00e0 600 ppp (mono)\/jusqu\u2019\u00e0 600 ppp (couleur)<\/td>\n<\/tr>\n<tr class=\"table__row\" role=\"row\">\n<th class=\"table__cell\" role=\"cell\" scope=\"row\" style=\"padding: 8px;text-align: left;line-height: 1.85;vertical-align: top\" data-mce-style=\"padding: 8px; text-align: left; line-height: 1.85; vertical-align: top;\">AGRANDISSEMENT MAXIMAL DE DOCUMENTS<\/th>\n<td class=\"table__cell\" role=\"cell\" style=\"padding: 8px;line-height: 1.85;vertical-align: top\" data-mce-style=\"padding: 8px; line-height: 1.85; vertical-align: top;\">400%<\/td>\n<\/tr>\n<tr class=\"table__row\" role=\"row\">\n<th class=\"table__cell\" role=\"cell\" scope=\"row\" style=\"padding: 8px;text-align: left;line-height: 1.85;vertical-align: top\" data-mce-style=\"padding: 8px; text-align: left; line-height: 1.85; vertical-align: top;\">R\u00c9DUCTION MAXIMALE DE DOCUMENTS<\/th>\n<td class=\"table__cell\" role=\"cell\" style=\"padding: 8px;line-height: 1.85;vertical-align: top\" data-mce-style=\"padding: 8px; line-height: 1.85; vertical-align: top;\">25%<\/td>\n<\/tr>\n<tr class=\"table__row\" role=\"row\">\n<th class=\"table__head\" role=\"cell\" colspan=\"2\" style=\"padding: 8px;text-align: left;line-height: 1.85;vertical-align: top\" data-mce-style=\"padding: 8px; text-align: left; line-height: 1.85; vertical-align: top;\">T\u00c9L\u00c9COPIEUR<\/th>\n<\/tr>\n<tr class=\"table__row\" role=\"row\">\n<th class=\"table__cell\" role=\"cell\" scope=\"row\" style=\"padding: 8px;text-align: left;line-height: 1.85;vertical-align: top\" data-mce-style=\"padding: 8px; text-align: left; line-height: 1.85; vertical-align: top;\">VITESSE DE TRANSMISSION MAXIMUM<\/th>\n<td class=\"table__cell\" role=\"cell\" style=\"padding: 8px;line-height: 1.85;vertical-align: top\" data-mce-style=\"padding: 8px; line-height: 1.85; vertical-align: top;\">33.6 Kbits\/s<\/td>\n<\/tr>\n<tr class=\"table__row\" role=\"row\">\n<th class=\"table__cell\" role=\"cell\" scope=\"row\" style=\"padding: 8px;text-align: left;line-height: 1.85;vertical-align: top\" data-mce-style=\"padding: 8px; text-align: left; line-height: 1.85; vertical-align: top;\">CAPACIT\u00c9 TOTALE DE LA M\u00c9MOIRE<\/th>\n<td class=\"table__cell\" role=\"cell\" style=\"padding: 8px;line-height: 1.85;vertical-align: top\" data-mce-style=\"padding: 8px; line-height: 1.85; vertical-align: top;\">Jusqu\u2019\u00e0 100 pages<\/td>\n<\/tr>\n<tr class=\"table__row\" role=\"row\">\n<th class=\"table__cell\" role=\"cell\" scope=\"row\" style=\"padding: 8px;text-align: left;line-height: 1.85;vertical-align: top\" data-mce-style=\"padding: 8px; text-align: left; line-height: 1.85; vertical-align: top;\">R\u00c9SOLUTIONS DU T\u00c9L\u00c9COPIEUR<\/th>\n<td class=\"table__cell\" role=\"cell\" style=\"padding: 8px;line-height: 1.85;vertical-align: top\" data-mce-style=\"padding: 8px; line-height: 1.85; vertical-align: top;\">203 x 98 ppp, 203 x 196 ppp, 300 x 300 ppp, 200 x 200 ppp<\/td>\n<\/tr>\n<tr class=\"table__row\" role=\"row\">\n<th class=\"table__head\" role=\"cell\" colspan=\"2\" style=\"padding: 8px;text-align: left;line-height: 1.85;vertical-align: top\" data-mce-style=\"padding: 8px; text-align: left; line-height: 1.85; vertical-align: top;\">CARACT\u00c9RISTIQUES DU T\u00c9L\u00c9COPIEUR<\/th>\n<\/tr>\n<tr class=\"table__row\" role=\"row\">\n<th class=\"table__cell\" role=\"cell\" scope=\"row\" style=\"padding: 8px;text-align: left;line-height: 1.85;vertical-align: top\" data-mce-style=\"padding: 8px; text-align: left; line-height: 1.85; vertical-align: top;\">NUM\u00c9ROTATION RAPIDE<\/th>\n<td class=\"table__cell\" role=\"cell\" style=\"padding: 8px;line-height: 1.85;vertical-align: top\" data-mce-style=\"padding: 8px; line-height: 1.85; vertical-align: top;\">100 station(s)<\/td>\n<\/tr>\n<tr class=\"table__row\" role=\"row\">\n<th class=\"table__cell\" role=\"cell\" scope=\"row\" style=\"padding: 8px;text-align: left;line-height: 1.85;vertical-align: top\" data-mce-style=\"padding: 8px; text-align: left; line-height: 1.85; vertical-align: top;\">CARACT\u00c9RISTIQUES<\/th>\n<td class=\"table__cell\" role=\"cell\" style=\"padding: 8px;line-height: 1.85;vertical-align: top\" data-mce-style=\"padding: 8px; line-height: 1.85; vertical-align: top;\">Fax couleur<\/td>\n<\/tr>\n<tr class=\"table__row\" role=\"row\">\n<th class=\"table__head\" role=\"cell\" colspan=\"2\" style=\"padding: 8px;text-align: left;line-height: 1.85;vertical-align: top\" data-mce-style=\"padding: 8px; text-align: left; line-height: 1.85; vertical-align: top;\">UTILISATION DES DOCUMENTS ET DES SUPPORTS<\/th>\n<\/tr>\n<tr class=\"table__row\" role=\"row\">\n<th class=\"table__cell\" role=\"cell\" scope=\"row\" style=\"padding: 8px;text-align: left;line-height: 1.85;vertical-align: top\" data-mce-style=\"padding: 8px; text-align: left; line-height: 1.85; vertical-align: top;\">TAILLE D\u2019ORIGINE MAXIMUM<\/th>\n<td class=\"table__cell\" role=\"cell\" style=\"padding: 8px;line-height: 1.85;vertical-align: top\" data-mce-style=\"padding: 8px; line-height: 1.85; vertical-align: top;\">A3\/Ledger (297 x 432 mm)<\/td>\n<\/tr>\n<tr class=\"table__row\" role=\"row\">\n<th class=\"table__cell\" role=\"cell\" scope=\"row\" style=\"padding: 8px;text-align: left;line-height: 1.85;vertical-align: top\" data-mce-style=\"padding: 8px; text-align: left; line-height: 1.85; vertical-align: top;\">TYPE D\u2019ORIGINE<\/th>\n<td class=\"table__cell\" role=\"cell\" style=\"padding: 8px;line-height: 1.85;vertical-align: top\" data-mce-style=\"padding: 8px; line-height: 1.85; vertical-align: top;\">Feuilles<\/td>\n<\/tr>\n<tr class=\"table__row\" role=\"row\">\n<th class=\"table__cell\" role=\"cell\" scope=\"row\" style=\"padding: 8px;text-align: left;line-height: 1.85;vertical-align: top\" data-mce-style=\"padding: 8px; text-align: left; line-height: 1.85; vertical-align: top;\">TYPE DE SUPPORT PRIS EN CHARGE<\/th>\n<td class=\"table__cell\" role=\"cell\" style=\"padding: 8px;line-height: 1.85;vertical-align: top\" data-mce-style=\"padding: 8px; line-height: 1.85; vertical-align: top;\">Papier uni, papier photo, papier \u00e9pais, papier brillant, papier mat<\/td>\n<\/tr>\n<tr class=\"table__row\" role=\"row\">\n<th class=\"table__cell\" role=\"cell\" scope=\"row\" style=\"padding: 8px;text-align: left;line-height: 1.85;vertical-align: top\" data-mce-style=\"padding: 8px; text-align: left; line-height: 1.85; vertical-align: top;\">CAPACIT\u00c9 DE SUPPORT STANDARD<\/th>\n<td class=\"table__cell\" role=\"cell\" style=\"padding: 8px;line-height: 1.85;vertical-align: top\" data-mce-style=\"padding: 8px; line-height: 1.85; vertical-align: top;\">250 feuilles<\/td>\n<\/tr>\n<tr class=\"table__row\" role=\"row\">\n<th class=\"table__cell\" role=\"cell\" scope=\"row\" style=\"padding: 8px;text-align: left;line-height: 1.85;vertical-align: top\" data-mce-style=\"padding: 8px; text-align: left; line-height: 1.85; vertical-align: top;\">CAPACIT\u00c9 DU CHARGEUR DE DOCUMENTS<\/th>\n<td class=\"table__cell\" role=\"cell\" style=\"padding: 8px;line-height: 1.85;vertical-align: top\" data-mce-style=\"padding: 8px; line-height: 1.85; vertical-align: top;\">35 feuilles<\/td>\n<\/tr>\n<tr class=\"table__row\" role=\"row\">\n<th class=\"table__cell\" role=\"cell\" scope=\"row\" style=\"padding: 8px;text-align: left;line-height: 1.85;vertical-align: top\" data-mce-style=\"padding: 8px; text-align: left; line-height: 1.85; vertical-align: top;\">TAILLE DES SUPPORTS PRIS EN CHARGE<\/th>\n<td class=\"table__cell\" role=\"cell\" style=\"padding: 8px;line-height: 1.85;vertical-align: top\" data-mce-style=\"padding: 8px; line-height: 1.85; vertical-align: top;\">A4 (210 x 297 mm), A5 (148 x 210 mm), A3 (297 x 420 mm), A6 (105 x 148 mm), 130 x 180 mm, 90 x 130 mm, JIS B5 (182 x 257 mm), JIS B4 (257 x 364 mm)<\/td>\n<\/tr>\n<tr class=\"table__row\" role=\"row\">\n<th class=\"table__cell\" role=\"cell\" scope=\"row\" style=\"padding: 8px;text-align: left;line-height: 1.85;vertical-align: top\" data-mce-style=\"padding: 8px; text-align: left; line-height: 1.85; vertical-align: top;\">CAPACIT\u00c9 DES BACS DE SORTIE<\/th>\n<td class=\"table__cell\" role=\"cell\" style=\"padding: 8px;line-height: 1.85;vertical-align: top\" data-mce-style=\"padding: 8px; line-height: 1.85; vertical-align: top;\">75 feuilles<\/td>\n<\/tr>\n<\/tbody>\n<\/table>\n","protected":false},"excerpt":{"rendered":"<p><\/p>\n","protected":false},"featured_media":3285,"comment_status":"open","ping_status":"closed","template":"","meta":{"_gspb_post_css":""},"store":[],"product_brand":[],"product_cat":[270],"product_tag":[],"class_list":{"0":"post-3288","1":"product","2":"type-product","3":"status-publish","4":"has-post-thumbnail","6":"product_cat-imprimantes","8":"first","9":"instock","10":"shipping-taxable","11":"purchasable","12":"product-type-simple"},"_links":{"self":[{"href":"https:\/\/bimba.sn\/index.php?rest_route=\/wp\/v2\/product\/3288","targetHints":{"allow":["GET"]}}],"collection":[{"href":"https:\/\/bimba.sn\/index.php?rest_route=\/wp\/v2\/product"}],"about":[{"href":"https:\/\/bimba.sn\/index.php?rest_route=\/wp\/v2\/types\/product"}],"replies":[{"embeddable":true,"href":"https:\/\/bimba.sn\/index.php?rest_route=%2Fwp%2Fv2%2Fcomments&post=3288"}],"wp:featuredmedia":[{"embeddable":true,"href":"https:\/\/bimba.sn\/index.php?rest_route=\/wp\/v2\/media\/3285"}],"wp:attachment":[{"href":"https:\/\/bimba.sn\/index.php?rest_route=%2Fwp%2Fv2%2Fmedia&parent=3288"}],"wp:term":[{"taxonomy":"store","embeddable":true,"href":"https:\/\/bimba.sn\/index.php?rest_route=%2Fwp%2Fv2%2Fstore&post=3288"},{"taxonomy":"product_brand","embeddable":true,"href":"https:\/\/bimba.sn\/index.php?rest_route=%2Fwp%2Fv2%2Fproduct_brand&post=3288"},{"taxonomy":"product_cat","embeddable":true,"href":"https:\/\/bimba.sn\/index.php?rest_route=%2Fwp%2Fv2%2Fproduct_cat&post=3288"},{"taxonomy":"product_tag","embeddable":true,"href":"https:\/\/bimba.sn\/index.php?rest_route=%2Fwp%2Fv2%2Fproduct_tag&post=3288"}],"curies":[{"name":"wp","href":"https:\/\/api.w.org\/{rel}","templated":true}]}}