{"id":3260,"date":"2025-05-10T22:53:09","date_gmt":"2025-05-10T20:53:09","guid":{"rendered":"https:\/\/bimba.sn\/?product=apple-iphone-16-pro-max-69-pouces-512go-double-sim"},"modified":"2025-05-10T22:53:09","modified_gmt":"2025-05-10T20:53:09","slug":"apple-iphone-16-pro-max-69-pouces-512go-double-sim","status":"publish","type":"product","link":"https:\/\/bimba.sn\/?product=apple-iphone-16-pro-max-69-pouces-512go-double-sim","title":{"rendered":"Apple iPhone 16 Pro Max 6,9 pouces, 512Go, double Sim"},"content":{"rendered":"<p><span style=\"font-family: Lexend, sans-serif;font-size: 14px;letter-spacing: 0.5px\">Connectivit\u00e9 informatique : USB Type-C 3.2<\/span><br style=\"font-family: Lexend, sans-serif;font-size: 14px;letter-spacing: 0.5px\"><span style=\"font-family: Lexend, sans-serif;font-size: 14px;letter-spacing: 0.5px\">Double SIM : Oui<\/span><br style=\"font-family: Lexend, sans-serif;font-size: 14px;letter-spacing: 0.5px\"><span style=\"font-family: Lexend, sans-serif;font-size: 14px;letter-spacing: 0.5px\">eSIM : Oui<\/span><br style=\"font-family: Lexend, sans-serif;font-size: 14px;letter-spacing: 0.5px\"><span style=\"font-family: Lexend, sans-serif;font-size: 14px;letter-spacing: 0.5px\">Appareil photo avant (MP) : 12<\/span><br style=\"font-family: Lexend, sans-serif;font-size: 14px;letter-spacing: 0.5px\"><span style=\"font-family: Lexend, sans-serif;font-size: 14px;letter-spacing: 0.5px\">Hauteur x largeur x profondeur (mm) : 163 x 77,6 x 8,3<\/span><br style=\"font-family: Lexend, sans-serif;font-size: 14px;letter-spacing: 0.5px\"><span style=\"font-family: Lexend, sans-serif;font-size: 14px;letter-spacing: 0.5px\">M\u00e9moire interne (Go) : 1To<\/span><br style=\"font-family: Lexend, sans-serif;font-size: 14px;letter-spacing: 0.5px\"><span style=\"font-family: Lexend, sans-serif;font-size: 14px;letter-spacing: 0.5px\">Appareil photo principal (MP) : 48 + 12 + 48<\/span><br style=\"font-family: Lexend, sans-serif;font-size: 14px;letter-spacing: 0.5px\"><span style=\"font-family: Lexend, sans-serif;font-size: 14px;letter-spacing: 0.5px\">Fabricant : Apple<\/span><br style=\"font-family: Lexend, sans-serif;font-size: 14px;letter-spacing: 0.5px\"><span style=\"font-family: Lexend, sans-serif;font-size: 14px;letter-spacing: 0.5px\">Lecteur de carte m\u00e9moire : Non<\/span><br style=\"font-family: Lexend, sans-serif;font-size: 14px;letter-spacing: 0.5px\"><span style=\"font-family: Lexend, sans-serif;font-size: 14px;letter-spacing: 0.5px\">S\u00e9rie de mod\u00e8les : iPhone 16 Pro Max<\/span><br style=\"font-family: Lexend, sans-serif;font-size: 14px;letter-spacing: 0.5px\"><span style=\"font-family: Lexend, sans-serif;font-size: 14px;letter-spacing: 0.5px\">R\u00e9seau : 5G\/4G\/3G\/2G<\/span><br style=\"font-family: Lexend, sans-serif;font-size: 14px;letter-spacing: 0.5px\"><span style=\"font-family: Lexend, sans-serif;font-size: 14px;letter-spacing: 0.5px\">Syst\u00e8me d\u2019exploitation : iOS 18<\/span><br style=\"font-family: Lexend, sans-serif;font-size: 14px;letter-spacing: 0.5px\"><span style=\"font-family: Lexend, sans-serif;font-size: 14px;letter-spacing: 0.5px\">Processeur : Apple A18 Pro<\/span><br style=\"font-family: Lexend, sans-serif;font-size: 14px;letter-spacing: 0.5px\"><span style=\"font-family: Lexend, sans-serif;font-size: 14px;letter-spacing: 0.5px\">Type de produit : Smartphone<\/span><br style=\"font-family: Lexend, sans-serif;font-size: 14px;letter-spacing: 0.5px\"><span style=\"font-family: Lexend, sans-serif;font-size: 14px;letter-spacing: 0.5px\">RAM (Go) : 8<\/span><br style=\"font-family: Lexend, sans-serif;font-size: 14px;letter-spacing: 0.5px\"><span style=\"font-family: Lexend, sans-serif;font-size: 14px;letter-spacing: 0.5px\">R\u00e9solution d\u2019\u00e9cran (pixels) : 1320 x 2868<\/span><br style=\"font-family: Lexend, sans-serif;font-size: 14px;letter-spacing: 0.5px\"><span style=\"font-family: Lexend, sans-serif;font-size: 14px;letter-spacing: 0.5px\">Taille de l\u2019\u00e9cran (pouces) : 6,9<\/span><br style=\"font-family: Lexend, sans-serif;font-size: 14px;letter-spacing: 0.5px\"><span style=\"font-family: Lexend, sans-serif;font-size: 14px;letter-spacing: 0.5px\">Type de carte SIM : Nano<\/span><br style=\"font-family: Lexend, sans-serif;font-size: 14px;letter-spacing: 0.5px\"><span style=\"font-family: Lexend, sans-serif;font-size: 14px;letter-spacing: 0.5px\">Garantie (ann\u00e9es) : 1<\/span><br style=\"font-family: Lexend, sans-serif;font-size: 14px;letter-spacing: 0.5px\"><span style=\"font-family: Lexend, sans-serif;font-size: 14px;letter-spacing: 0.5px\">\u00c9tanch\u00e9it\u00e9 : IP68<\/span><br style=\"font-family: Lexend, sans-serif;font-size: 14px;letter-spacing: 0.5px\"><span style=\"font-family: Lexend, sans-serif;font-size: 14px;letter-spacing: 0.5px\">Chargement sans fil (Qi) : Oui<\/span><\/p>\n","protected":false},"excerpt":{"rendered":"<p><span style=\"font-family: Lexend, sans-serif;font-size: 14px;letter-spacing: 0.5px\">Connectivit\u00e9 informatique : USB Type-C 3.2<\/span><br style=\"font-family: Lexend, sans-serif;font-size: 14px;letter-spacing: 0.5px\"><span style=\"font-family: Lexend, sans-serif;font-size: 14px;letter-spacing: 0.5px\">Double SIM : Oui<\/span><br style=\"font-family: Lexend, sans-serif;font-size: 14px;letter-spacing: 0.5px\"><span style=\"font-family: Lexend, sans-serif;font-size: 14px;letter-spacing: 0.5px\">eSIM : Oui<\/span><br style=\"font-family: Lexend, sans-serif;font-size: 14px;letter-spacing: 0.5px\"><span style=\"font-family: Lexend, sans-serif;font-size: 14px;letter-spacing: 0.5px\">Appareil photo avant (MP) : 12<\/span><br style=\"font-family: Lexend, sans-serif;font-size: 14px;letter-spacing: 0.5px\"><span style=\"font-family: Lexend, sans-serif;font-size: 14px;letter-spacing: 0.5px\">Hauteur x largeur x profondeur (mm) : 163 x 77,6 x 8,3<\/span><br style=\"font-family: Lexend, sans-serif;font-size: 14px;letter-spacing: 0.5px\"><span style=\"font-family: Lexend, sans-serif;font-size: 14px;letter-spacing: 0.5px\">M\u00e9moire interne (Go) : 512Go<\/span><br style=\"font-family: Lexend, sans-serif;font-size: 14px;letter-spacing: 0.5px\"><span style=\"font-family: Lexend, sans-serif;font-size: 14px;letter-spacing: 0.5px\">Appareil photo principal (MP) : 48 + 12 + 48<\/span><br style=\"font-family: Lexend, sans-serif;font-size: 14px;letter-spacing: 0.5px\"><span style=\"font-family: Lexend, sans-serif;font-size: 14px;letter-spacing: 0.5px\">Fabricant : Apple<\/span><br style=\"font-family: Lexend, sans-serif;font-size: 14px;letter-spacing: 0.5px\"><span style=\"font-family: Lexend, sans-serif;font-size: 14px;letter-spacing: 0.5px\">Lecteur de carte m\u00e9moire : Non<\/span><br style=\"font-family: Lexend, sans-serif;font-size: 14px;letter-spacing: 0.5px\"><span style=\"font-family: Lexend, sans-serif;font-size: 14px;letter-spacing: 0.5px\">S\u00e9rie de mod\u00e8les : iPhone 16 Pro Max<\/span><br style=\"font-family: Lexend, sans-serif;font-size: 14px;letter-spacing: 0.5px\"><span style=\"font-family: Lexend, sans-serif;font-size: 14px;letter-spacing: 0.5px\">R\u00e9seau : 5G\/4G\/3G\/2G<\/span><br style=\"font-family: Lexend, sans-serif;font-size: 14px;letter-spacing: 0.5px\"><span style=\"font-family: Lexend, sans-serif;font-size: 14px;letter-spacing: 0.5px\">Syst\u00e8me d\u2019exploitation : iOS 18<\/span><br style=\"font-family: Lexend, sans-serif;font-size: 14px;letter-spacing: 0.5px\"><span style=\"font-family: Lexend, sans-serif;font-size: 14px;letter-spacing: 0.5px\">Processeur : Apple A18 Pro<\/span><br style=\"font-family: Lexend, sans-serif;font-size: 14px;letter-spacing: 0.5px\"><span style=\"font-family: Lexend, sans-serif;font-size: 14px;letter-spacing: 0.5px\">Type de produit : Smartphone<\/span><br style=\"font-family: Lexend, sans-serif;font-size: 14px;letter-spacing: 0.5px\"><span style=\"font-family: Lexend, sans-serif;font-size: 14px;letter-spacing: 0.5px\">RAM (Go) : 8<\/span><br style=\"font-family: Lexend, sans-serif;font-size: 14px;letter-spacing: 0.5px\"><span style=\"font-family: Lexend, sans-serif;font-size: 14px;letter-spacing: 0.5px\">R\u00e9solution d\u2019\u00e9cran (pixels) : 1320 x 2868<\/span><br style=\"font-family: Lexend, sans-serif;font-size: 14px;letter-spacing: 0.5px\"><span style=\"font-family: Lexend, sans-serif;font-size: 14px;letter-spacing: 0.5px\">Taille de l\u2019\u00e9cran (pouces) : 6,9<\/span><br style=\"font-family: Lexend, sans-serif;font-size: 14px;letter-spacing: 0.5px\"><span style=\"font-family: Lexend, sans-serif;font-size: 14px;letter-spacing: 0.5px\">Type de carte SIM : Nano<\/span><br style=\"font-family: Lexend, sans-serif;font-size: 14px;letter-spacing: 0.5px\"><span style=\"font-family: Lexend, sans-serif;font-size: 14px;letter-spacing: 0.5px\">Garantie (ann\u00e9es) : 1<\/span><br style=\"font-family: Lexend, sans-serif;font-size: 14px;letter-spacing: 0.5px\"><span style=\"font-family: Lexend, sans-serif;font-size: 14px;letter-spacing: 0.5px\">\u00c9tanch\u00e9it\u00e9 : IP68<\/span><br style=\"font-family: Lexend, sans-serif;font-size: 14px;letter-spacing: 0.5px\"><span style=\"font-family: Lexend, sans-serif;font-size: 14px;letter-spacing: 0.5px\">Chargement sans fil (Qi) : Oui<\/span><\/p>\n","protected":false},"featured_media":3259,"comment_status":"open","ping_status":"closed","template":"","meta":{"_gspb_post_css":""},"store":[],"product_brand":[],"product_cat":[208],"product_tag":[],"class_list":{"0":"post-3260","1":"product","2":"type-product","3":"status-publish","4":"has-post-thumbnail","6":"product_cat-smartphones","8":"first","9":"instock","10":"sale","11":"shipping-taxable","12":"purchasable","13":"product-type-simple"},"_links":{"self":[{"href":"https:\/\/bimba.sn\/index.php?rest_route=\/wp\/v2\/product\/3260","targetHints":{"allow":["GET"]}}],"collection":[{"href":"https:\/\/bimba.sn\/index.php?rest_route=\/wp\/v2\/product"}],"about":[{"href":"https:\/\/bimba.sn\/index.php?rest_route=\/wp\/v2\/types\/product"}],"replies":[{"embeddable":true,"href":"https:\/\/bimba.sn\/index.php?rest_route=%2Fwp%2Fv2%2Fcomments&post=3260"}],"wp:featuredmedia":[{"embeddable":true,"href":"https:\/\/bimba.sn\/index.php?rest_route=\/wp\/v2\/media\/3259"}],"wp:attachment":[{"href":"https:\/\/bimba.sn\/index.php?rest_route=%2Fwp%2Fv2%2Fmedia&parent=3260"}],"wp:term":[{"taxonomy":"store","embeddable":true,"href":"https:\/\/bimba.sn\/index.php?rest_route=%2Fwp%2Fv2%2Fstore&post=3260"},{"taxonomy":"product_brand","embeddable":true,"href":"https:\/\/bimba.sn\/index.php?rest_route=%2Fwp%2Fv2%2Fproduct_brand&post=3260"},{"taxonomy":"product_cat","embeddable":true,"href":"https:\/\/bimba.sn\/index.php?rest_route=%2Fwp%2Fv2%2Fproduct_cat&post=3260"},{"taxonomy":"product_tag","embeddable":true,"href":"https:\/\/bimba.sn\/index.php?rest_route=%2Fwp%2Fv2%2Fproduct_tag&post=3260"}],"curies":[{"name":"wp","href":"https:\/\/api.w.org\/{rel}","templated":true}]}}