{"id":3196,"date":"2025-05-10T20:30:02","date_gmt":"2025-05-10T18:30:02","guid":{"rendered":"https:\/\/bimba.sn\/?product=tablette-samsung-tab-s10-ultra-rom-512gb-ram12gb"},"modified":"2025-05-10T20:30:02","modified_gmt":"2025-05-10T18:30:02","slug":"tablette-samsung-tab-s10-ultra-rom-512gb-ram12gb","status":"publish","type":"product","link":"https:\/\/bimba.sn\/?product=tablette-samsung-tab-s10-ultra-rom-512gb-ram12gb","title":{"rendered":"Tablette Samsung TAB S10 ULTRA \u2013 Rom 512GB \u2013 Ram12GB"},"content":{"rendered":"<h2 style=\"font-weight: 500;font-family: Roboto;line-height: 1.2;font-size: 30px\"><span style=\"font-size: 14px\">Pour la premi\u00e8re fois, la s\u00e9rie Samsung\u00a0<a href=\"https:\/\/dakarsmartstore.com\/product-category\/tablettes\/tablettes-samsung\/\" style=\"background: transparent\">Galaxy Tab S10 Ultra<\/a>\u00a0int\u00e8gre Galaxy AI<\/span><\/h2>\n<h2 style=\"font-weight: 500;font-family: Roboto;line-height: 1.2;font-size: 30px\">\n<p style=\"margin-bottom: 1.7em;margin-top: 0px;font-size: 14px\">Explorez Galaxy AI sur la tablette Samsung Galaxy Tab S10 Ultra de mani\u00e8re in\u00e9dite : sur un \u00e9cran g\u00e9ant. Ses comp\u00e9tences prennent une nouvelle dimension, vous proposant une exp\u00e9rience plus immersive et dynamique que jamais, repoussant les fronti\u00e8res de votre imagination.<\/p>\n<p style=\"margin-bottom: 1.7em;margin-top: 0px;font-size: 14px\">Des noirs plus profonds, des couleurs plus vives et fid\u00e8les : l\u2019\u00e9cran Dynamic AMOLED 2X des Galaxy Tab S10 series repousse les limites pour vous offrir une immersion visuelle profonde. Regardez vos s\u00e9ries ou jouez \u00e0 vos jeux pr\u00e9f\u00e9r\u00e9s en toute fluidit\u00e9.<\/p>\n<p style=\"margin-bottom: 1.7em;margin-top: 0px;font-size: 14px\">Il n\u2019est plus n\u00e9cessaire de prendre des notes! Enregistrez vos r\u00e9unions et laissez Galaxy AI prendre en charge le reste : la transcription, le formatage et le r\u00e9sum\u00e9. Mettez l\u2019accent sur le moment pr\u00e9sent.<\/p>\n<p style=\"margin-bottom: 1.7em;margin-top: 0px;font-size: 14px\">Vous avez une relation complexe avec les nombres ? C\u2019est du pass\u00e9 ! Sur Galaxy Tab S10 series, l\u2019IA reconnait automatiquement vos prises de notes math\u00e9matiques et calcule automatiquement vos formules gr\u00e2ce \u00e0 la fonction Assistant Maths.<\/p>\n<p style=\"margin-bottom: 1.7em;margin-top: 0px;font-size: 14px\">Envie de dessiner un chaton \u00e0 croquer mais vos comp\u00e9tences en dessin vous limitent ? Laissez l\u2019IA vous donner un petit coup de main pour transformer votre dessin en un chef d\u2019oeuvre unique.<\/p>\n<div class=\"feature-benefit__desc-wrap\" style=\"font-size: 14px\">\n<p style=\"margin-bottom: 1.7em;margin-top: 0px\">Profitez de chaque instant de la tablette Galaxy Tab S10 Ultra gr\u00e2ce \u00e0 cette autonomie remarquable. Jouez pendant des heures et des heures, regardez vos s\u00e9ries pr\u00e9f\u00e9r\u00e9es, puis rechargez \u00e0 100 % avec la charge rapide en un rien de temps.<\/p>\n<div class=\"feature-benefit__desc-wrap\">\n<p class=\"feature-benefit__desc contrast-target\" data-font-size-mo=\"12\" data-font-size-pc=\"18\" style=\"margin-bottom: 1.7em;margin-top: 0px\">La valeur typique est la valeur moyenne estim\u00e9e compte tenu de l\u2019\u00e9cart de valeur de la batterie parmi les \u00e9chantillons de batterie test\u00e9s selon la norme IEC 62133. La valeur typique est de 11 200 mAh pour la Galaxy Tab S10 Ultra et de 10 090 mAh pour la Galaxy Tab S10+.<\/p>\n<p class=\"feature-benefit__desc contrast-target\" data-font-size-mo=\"12\" data-font-size-pc=\"18\" style=\"margin-bottom: 1.7em;margin-top: 0px\">La valeur nominale (minimale) est de 10 880 mAh pour la Galaxy Tab S10 Ultra et de 9 800 mAh pour la Galaxy Tab S10+. L\u2019autonomie r\u00e9elle de la batterie peut varier en fonction de l\u2019environnement r\u00e9seau, des habitudes d\u2019utilisation et d\u2019autres facteurs.<\/p>\n<p data-font-size-mo=\"12\" data-font-size-pc=\"18\" style=\"margin-bottom: 1.7em;margin-top: 0px\">Lib\u00e9rez tout le potentiel de votre\u00a0<a href=\"https:\/\/www.samsung.com\/fr\/tablets\/galaxy-tab-s10\/buy\/\" style=\"background: transparent\"><span>Tab S10 Series<\/span><\/a>\u00a0en l\u2019associant \u00e0 l\u2019\u00e9cosyst\u00e8me Galaxy. Une exp\u00e9rience fluide et personnalis\u00e9e.<\/p>\n<\/div>\n<\/div>\n<\/h2>\n<h2 class=\"feature-benefit__title contrast-target\" data-font-size-mo=\"30\" data-font-size-pc=\"48\" style=\"font-weight: 500;font-family: Roboto;line-height: 1.2;font-size: 30px\"><span style=\"font-size: 14px\">Un peu d\u2019eau ? Pas de probl\u00e8me<\/span><\/h2>\n<h2 style=\"font-weight: 500;font-family: Roboto;line-height: 1.2;font-size: 30px\">\n<div class=\"feature-benefit__desc-wrap\" style=\"font-size: 14px\">\n<div class=\"feature-benefit__desc-wrap\">\n<p style=\"margin-bottom: 1.7em;margin-top: 0px\">La Tab S10 Plus, la Galaxy Tab S10 Ultra et le stylo S Pen inclus sont class\u00e9s IP68 selon la norme IEC 60529. Bas\u00e9 sur des conditions de test en laboratoire pour une immersion jusqu\u2019\u00e0 1,5 m\u00e8tre d\u2019eau douce pendant 30 minutes. Utilisation d\u00e9conseill\u00e9e \u00e0 la plage ou \u00e0 la piscine.<\/p>\n<p style=\"margin-bottom: 1.7em;margin-top: 0px\">La r\u00e9sistance \u00e0 l\u2019eau et \u00e0 la poussi\u00e8re de l\u2019appareil n\u2019est pas permanente et peut diminuer avec le temps en raison de l\u2019usure normale.<\/p>\n<p style=\"margin-bottom: 1.7em;margin-top: 0px\">L\u2019indice de r\u00e9sistance \u00e0 la poussi\u00e8re est test\u00e9 par un laboratoire tiers : 2 kg de poudre de talc (diam\u00e8tre maximal de 0,05 mm) par m\u00e8tre cube ont \u00e9t\u00e9 souffl\u00e9s dans une chambre d\u2019essai abritant l\u2019appareil (la pression de l\u2019air \u00e0 l\u2019int\u00e9rieur de l\u2019appareil \u00e9tant inf\u00e9rieure \u00e0 celle de l\u2019air ambiant) pendant 2 heures. Class\u00e9 IP6X.<\/p>\n<p style=\"margin-bottom: 1.7em;margin-top: 0px\">La r\u00e9sistance \u00e0 la poussi\u00e8re peut varier en fonction des conditions d\u2019utilisation r\u00e9elles.<\/p>\n<p style=\"margin-bottom: 1.7em;margin-top: 0px\">LumaFusion et Clip Studio Paint sont d\u00e9j\u00e0 install\u00e9es sur votre Samsung Galaxy Tab S10 Ultra pour vous accompagner dans vos projets cr\u00e9atifs. Vous pouvez \u00e9galement t\u00e9l\u00e9charger facilement d\u2019autres applications telles que PicsArt, Sketchbook, Noteshelf3 ou Wall Street Journal.<\/p>\n<p style=\"margin-bottom: 1.7em;margin-top: 0px\">Achetez votre tablette Samsung S10+ en ligne et assurez-vous de voir tous les autres tablettes Samsung Galaxy tab A, S disponibles sur dakarsmartstore.com. Ne tardez pas \u00e0 acqu\u00e9rir la tablette Samsung Galaxy S Series\u00a0dont vous avez besoin au prix incroyable qui est offert au S\u00e9n\u00e9gal.<\/p>\n<\/div>\n<\/div>\n<\/h2>\n<h2 style=\"font-weight: 500;font-family: Roboto;line-height: 1.2;font-size: 30px\"><span style=\"font-size: 14px\">Caract\u00e9ristiques du Samsung Galaxy\u00a0<a href=\"http:\/\/dakarsmartstore.com\/\" style=\"background: transparent\">Tab S10 Ultra<\/a>\u00a0512Go<\/span><\/h2>\n<h2 style=\"font-weight: 500;font-family: Roboto;line-height: 1.2;font-size: 30px\">\n<div class=\"feature-benefit__desc-wrap\" style=\"font-size: 14px\">\n<div class=\"feature-benefit__desc-wrap\">\n<ul style=\"list-style-type: square;padding-left: 20px\">\n<li style=\"margin-bottom: 7px\"><strong>\u00c9cran :<\/strong>\u00a014.6\u2033 (369.9mm)<\/li>\n<li style=\"margin-bottom: 7px\"><strong><strong class=\"spec-highlight__title\">R\u00e9solution (Ecran principal)<\/strong>\u00a0:<\/strong>\u00a02960 x 1848 (WQXGA+)<\/li>\n<li style=\"margin-bottom: 7px\"><strong>Processeur :<\/strong>\u00a0Octa-Core 3.4GHz, 2.8GHz, 2GHz<\/li>\n<li style=\"margin-bottom: 7px\"><strong>Stockage :<\/strong>\u00a0512 Go, MicroSD (jusqu\u2019\u00e0 1.5To)<\/li>\n<li style=\"margin-bottom: 7px\"><strong>Ram :<\/strong>\u00a012 Go<\/li>\n<li style=\"margin-bottom: 7px\"><strong>Couleur :<\/strong>\u00a0Grise<\/li>\n<li style=\"margin-bottom: 7px\"><strong>Camera :<\/strong>\u00a013.0 MP + 8.0 MP<\/li>\n<li style=\"margin-bottom: 7px\"><strong>Connectivit\u00e9 sans fil :<\/strong>\u00a0Bluetooth v5.3,<\/li>\n<li style=\"margin-bottom: 7px\"><strong>Localisation :<\/strong>\u00a0GPS, Glonass, Beidou, Galileo, QZS<\/li>\n<li class=\"spec-highlight__item\" role=\"listitem\" style=\"margin-bottom: 7px\"><strong class=\"spec-highlight__title\">R\u00e9solution lecteur vid\u00e9o :<\/strong>\u00a0UHD 4K (3840 x 2160) @30fps<\/li>\n<li style=\"margin-bottom: 7px\"><strong>Batterie :<\/strong>\u00a011200 mAh<\/li>\n<li class=\"spec-highlight__item\" role=\"listitem\" style=\"margin-bottom: 7px\"><strong class=\"spec-highlight__title\">Wi-Fi :\u00a0<\/strong>802.11a\/b\/g\/n\/ac\/ax 2.4GHz+5GHz+6GHz, HE160, MIMO, 1024-QAM<\/li>\n<li class=\"spec-highlight__item\" role=\"listitem\" style=\"margin-bottom: 7px\"><strong class=\"spec-highlight__title\">Forme :\u00a0<\/strong><span class=\"spec-highlight__value\">Tablette Samsung S10 Ultra<\/span><\/li>\n<li style=\"margin-bottom: 7px\"><strong>Syst\u00e8me :<\/strong>\u00a0Android<\/li>\n<li class=\"spec-highlight__item\" role=\"listitem\" style=\"margin-bottom: 7px\"><span class=\"spec-highlight__value\"><strong>Capteurs :<\/strong>\u00a0Acc\u00e9l\u00e9rom\u00e8tre, Capteur G\u00e9omagn\u00e9tique, Capteur de luminosit\u00e9, Capteur de proximit\u00e9<\/span><\/li>\n<li class=\"spec-highlight__item\" role=\"listitem\" style=\"margin-bottom: 7px\"><strong class=\"spec-highlight__title\">Poids (g) :\u00a0<\/strong>718<\/li>\n<li style=\"margin-bottom: 7px\"><strong>Dimensions\u00a0:<\/strong>\u00a0208.6 x 326.4 x 5.4<\/li>\n<li class=\"spec-highlight__item\" role=\"listitem\" style=\"margin-bottom: 7px\"><strong class=\"spec-highlight__title\">Objets connect\u00e9s compatibles :\u00a0<\/strong>Galaxy Buds3 Pro, Galaxy Buds2 Pro, Galaxy Buds Pro, Galaxy Buds Live, Galaxy Buds+, Galaxy Buds3, Galaxy Buds2, Galaxy Buds, Galaxy Buds FE<\/li>\n<\/ul>\n<\/div>\n<\/div>\n<\/h2>\n","protected":false},"excerpt":{"rendered":"<ul style=\"font-family: Roboto;font-size: 14px;list-style-type: square;padding-left: 20px\">\n<li style=\"margin-bottom: 7px\"><strong>\u00c9cran :<\/strong>\u00a014.6\u2033 (369.9mm)<\/li>\n<li style=\"margin-bottom: 7px\"><strong><strong class=\"spec-highlight__title\">R\u00e9solution (Ecran principal)<\/strong>\u00a0:<\/strong>\u00a02960 x 1848 (WQXGA+)<\/li>\n<li style=\"margin-bottom: 7px\"><strong>Processeur :<\/strong>\u00a0Octa-Core 3.4GHz, 2.8GHz, 2GHz<\/li>\n<li style=\"margin-bottom: 7px\"><strong>Stockage :<\/strong>\u00a0512 Go, MicroSD (jusqu\u2019\u00e0 1.5To)<\/li>\n<li style=\"margin-bottom: 7px\"><strong>Ram :<\/strong>\u00a012 Go<\/li>\n<li style=\"margin-bottom: 7px\"><strong>Couleur :<\/strong>\u00a0Grise<\/li>\n<li style=\"margin-bottom: 7px\"><strong>Camera :<\/strong>\u00a013.0 MP + 8.0 MP<\/li>\n<li style=\"margin-bottom: 7px\"><strong>Connectivit\u00e9 sans fil :<\/strong>\u00a0Bluetooth v5.3,<\/li>\n<li style=\"margin-bottom: 7px\"><strong>Localisation :<\/strong>\u00a0GPS, Glonass, Beidou, Galileo, QZS<\/li>\n<li class=\"spec-highlight__item\" role=\"listitem\" style=\"margin-bottom: 7px\"><strong class=\"spec-highlight__title\">R\u00e9solution lecteur vid\u00e9o :<\/strong>\u00a0UHD 4K (3840 x 2160) @30fps<\/li>\n<li style=\"margin-bottom: 7px\"><strong>Batterie :<\/strong>\u00a011200 mAh<\/li>\n<li class=\"spec-highlight__item\" role=\"listitem\" style=\"margin-bottom: 7px\"><strong class=\"spec-highlight__title\">Wi-Fi :\u00a0<\/strong>802.11a\/b\/g\/n\/ac\/ax 2.4GHz+5GHz+6GHz, HE160, MIMO, 1024-QAM<\/li>\n<li class=\"spec-highlight__item\" role=\"listitem\" style=\"margin-bottom: 7px\"><strong class=\"spec-highlight__title\">Forme :\u00a0<\/strong><span class=\"spec-highlight__value\">Tablette Samsung S10 Ultra<\/span><\/li>\n<li style=\"margin-bottom: 7px\"><strong>Syst\u00e8me :<\/strong> Android<\/li>\n<\/ul>\n","protected":false},"featured_media":3193,"comment_status":"open","ping_status":"closed","template":"","meta":{"_gspb_post_css":""},"store":[],"product_brand":[],"product_cat":[206],"product_tag":[],"class_list":{"0":"post-3196","1":"product","2":"type-product","3":"status-publish","4":"has-post-thumbnail","6":"product_cat-tablettes","8":"first","9":"instock","10":"shipping-taxable","11":"purchasable","12":"product-type-simple"},"_links":{"self":[{"href":"https:\/\/bimba.sn\/index.php?rest_route=\/wp\/v2\/product\/3196","targetHints":{"allow":["GET"]}}],"collection":[{"href":"https:\/\/bimba.sn\/index.php?rest_route=\/wp\/v2\/product"}],"about":[{"href":"https:\/\/bimba.sn\/index.php?rest_route=\/wp\/v2\/types\/product"}],"replies":[{"embeddable":true,"href":"https:\/\/bimba.sn\/index.php?rest_route=%2Fwp%2Fv2%2Fcomments&post=3196"}],"wp:featuredmedia":[{"embeddable":true,"href":"https:\/\/bimba.sn\/index.php?rest_route=\/wp\/v2\/media\/3193"}],"wp:attachment":[{"href":"https:\/\/bimba.sn\/index.php?rest_route=%2Fwp%2Fv2%2Fmedia&parent=3196"}],"wp:term":[{"taxonomy":"store","embeddable":true,"href":"https:\/\/bimba.sn\/index.php?rest_route=%2Fwp%2Fv2%2Fstore&post=3196"},{"taxonomy":"product_brand","embeddable":true,"href":"https:\/\/bimba.sn\/index.php?rest_route=%2Fwp%2Fv2%2Fproduct_brand&post=3196"},{"taxonomy":"product_cat","embeddable":true,"href":"https:\/\/bimba.sn\/index.php?rest_route=%2Fwp%2Fv2%2Fproduct_cat&post=3196"},{"taxonomy":"product_tag","embeddable":true,"href":"https:\/\/bimba.sn\/index.php?rest_route=%2Fwp%2Fv2%2Fproduct_tag&post=3196"}],"curies":[{"name":"wp","href":"https:\/\/api.w.org\/{rel}","templated":true}]}}