{"id":3102,"date":"2025-05-09T21:22:52","date_gmt":"2025-05-09T19:22:52","guid":{"rendered":"https:\/\/bimba.sn\/?product=samsung-galaxy-a15-ram-8go-rom-256go-5000-mah"},"modified":"2025-05-09T21:22:53","modified_gmt":"2025-05-09T19:22:53","slug":"samsung-galaxy-a15-ram-8go-rom-256go-5000-mah","status":"publish","type":"product","link":"https:\/\/bimba.sn\/?product=samsung-galaxy-a15-ram-8go-rom-256go-5000-mah","title":{"rendered":"Samsung Galaxy A15 RAM 8Go &#8211; ROM 256Go &#8211; 5000 mAh"},"content":{"rendered":"<h2 class=\"feature-benefit__title contrast-target\" data-font-size-mo=\"30\" data-font-size-pc=\"48\" style=\"font-weight: 400;padding: 0px;margin: 0px auto;vertical-align: top;font-size: 3.33333vw;line-height: 1.2;font-family: SamsungSharpSans, arial, sans-serif;text-align: center\">Vibrant, fluide, d\u00e9taill\u00e9.<\/h2>\n<p data-font-size-mo=\"12\" data-font-size-pc=\"18\">L&rsquo;\u00e9cran Super AMOLED de 6,5 pouces du Galaxy A15 5G am\u00e9lior\u00e9 avec Vision Booster cr\u00e9e des exp\u00e9riences visuelles fluides, lumineuses et \u00e9clatantes avec une luminosit\u00e9 jusqu&rsquo;\u00e0 800 nits, un taux de rafra\u00eechissement de 90 Hz et un affichage \u00e0 faible lumi\u00e8re bleue pour le confort des yeux.<\/p>\n<p data-font-size-mo=\"12\" data-font-size-pc=\"18\"><\/p>\n<h2 class=\"feature-benefit__title contrast-target\" data-font-size-mo=\"30\" data-font-size-pc=\"48\" style=\"font-weight: 400;padding: 0px;margin: 0px auto;vertical-align: top;font-size: 3.33333vw;line-height: 1.2;font-family: SamsungSharpSans, arial, sans-serif\">Essentiellement simple<\/h2>\n<p data-font-size-mo=\"12\" data-font-size-pc=\"18\">\n<p data-font-size-mo=\"12\" data-font-size-pc=\"18\">Simple et sophistiqu\u00e9.\u00a0Le Galaxy A15 5G est con\u00e7u pour se vanter de son profil \u00e9l\u00e9gant, de sa coque arri\u00e8re \u00e9l\u00e9gante et de sa disposition impeccable de l\u2019appareil photo.\u00a0Disponible en bleu noir, bleu, bleu clair et jaune.<\/p>\n<h2 class=\"feature-benefit__title contrast-target\" data-font-size-mo=\"30\" data-font-size-pc=\"48\" style=\"font-weight: 400;padding: 0px;margin: 0px auto;vertical-align: top;font-size: 3.33333vw;line-height: 1.2;font-family: SamsungSharpSans, arial, sans-serif\">Choisissez votre objectif.\u00a0Trouvez votre angle.<\/h2>\n<p data-font-size-mo=\"12\" data-font-size-pc=\"18\">\n<p data-font-size-mo=\"12\" data-font-size-pc=\"18\">Continuez et exprimez votre monde.\u00a0Le Galaxy A15 5G dispose d&rsquo;un appareil photo principal de 50 MP pour votre chef-d&rsquo;\u0153uvre, d&rsquo;appareils photo ultra larges de 5 MP et macro de 2 MP pour les paysages et les gros plans, et d&rsquo;un appareil photo frontal de 13 MP pour des selfies dignes d&rsquo;un profil.<\/p>\n<h2 class=\"feature-benefit__title contrast-target\" data-font-size-mo=\"30\" data-font-size-pc=\"48\" style=\"font-weight: 400;padding: 0px;margin: 0px auto;vertical-align: top;font-size: 3.33333vw;line-height: 1.2;font-family: SamsungSharpSans, arial, sans-serif\">Facilitez votre journ\u00e9e avec la puissance et la vitesse 5G<\/h2>\n<p data-font-size-mo=\"12\" data-font-size-pc=\"18\">Avec une puissance de traitement impressionnante, des options de m\u00e9moire et de stockage spacieuses et une vitesse 5G, votre appareil est pr\u00eat \u00e0 g\u00e9rer \u00e0 la fois votre charge de travail et vos divertissements.<\/p>\n<h2 class=\"feature-benefit__title contrast-target\" data-font-size-mo=\"30\" data-font-size-pc=\"48\" style=\"font-weight: 400;padding: 0px;margin: 0px auto;vertical-align: top;font-size: 3.33333vw;line-height: 1.2;font-family: SamsungSharpSans, arial, sans-serif\">Restez dans la zone avec une batterie de 2 jours<\/h2>\n<p data-font-size-mo=\"12\" data-font-size-pc=\"18\">\n<p data-font-size-mo=\"12\" data-font-size-pc=\"18\">Plus de temps pour \u00eatre productif avec une batterie de 5 000 mAh (typique) qui dure 2 jours et se recharge rapidement gr\u00e2ce \u00e0 la charge ultra rapide.<\/p>\n<h2 class=\"feature-benefit__title contrast-target\" data-font-size-mo=\"30\" data-font-size-pc=\"48\" style=\"font-weight: 400;padding: 0px;margin: 0px auto;vertical-align: top;font-size: 3.33333vw;line-height: 1.2;font-family: SamsungSharpSans, arial, sans-serif\">Faites confiance \u00e0 Samsung Knox Vault<\/h2>\n<p data-font-size-mo=\"12\" data-font-size-pc=\"18\">\n<p data-font-size-mo=\"12\" data-font-size-pc=\"18\">Certifi\u00e9 EAL5+, Samsung Knox Vault est con\u00e7u pour prot\u00e9ger vos donn\u00e9es sensibles, telles que les codes PIN, les mots de passe et les mod\u00e8les, dans un stockage s\u00e9par\u00e9 et inviolable pour une protection contre les menaces logicielles et mat\u00e9rielles impliquant la tension, les probl\u00e8mes, les temp\u00e9ratures \u00e9lev\u00e9es et le laser.<\/p>\n<p><span>Le Galaxy A15 pr\u00e9sente un esth\u00e9tique raffin\u00e9e \u00e0 travers un cadre intuitif, une couverture arri\u00e8re brillante et une disposition soign\u00e9e de l\u2019appareil photo. Son \u00e9cran Super AMOLED de 6,5 pouces offre une clart\u00e9 \u00e9clatante m\u00eame en plein soleil avec Vision Booster, un d\u00e9filement fluide avec un taux de rafra\u00eechissement am\u00e9lior\u00e9 de 90 Hz, une luminosit\u00e9 am\u00e9lior\u00e9e jusqu\u2019\u00e0 800 nits et un confort toute la journ\u00e9e avec une lumi\u00e8re bleue r\u00e9duite gr\u00e2ce \u00e0 Eye Comfort Shield.<\/span><\/p>\n<h4>Processeur<\/h4>\n<p>Vitesse CPU: 2,2 GHz, 2 GHz<\/p>\n<p>Type de processeur: Octa-Core<\/p>\n<h4>Ecran<\/h4>\n<p>Taille (affichage principal): 163,9 mm (rectangle complet de 6,5\u2033) \/ 159,5 mm (coins arrondis de 6,3\u2033)<\/p>\n<p>R\u00e9solution (affichage principal): 1080 x 2340 (FHD+)<\/p>\n<p>Technologie (affichage principal): Super AMOLED<\/p>\n<p>Profondeur de couleur (affichage principal): 16M<\/p>\n<h4>Cam\u00e9ra<\/h4>\n<p>Cam\u00e9ra arri\u00e8re \u2013 R\u00e9solution (multiple): 50,0 MP + 5,0 MP + 2,0 MP<\/p>\n<p>Cam\u00e9ra arri\u00e8re \u2013 Num\u00e9ro F (Multiple): F1.8 , F2.2 , F2.4<\/p>\n<p>Cam\u00e9ra arri\u00e8re \u2013 Mise au point automatique: Oui<\/p>\n<p>Zoom de la cam\u00e9ra arri\u00e8re: Zoom num\u00e9rique jusqu\u2019\u00e0 10x<\/p>\n<p>Cam\u00e9ra frontale \u2013 R\u00e9solution: 13,0 MP<\/p>\n<p>Cam\u00e9ra frontale \u2013 Num\u00e9ro F: F2.0<\/p>\n<p>R\u00e9solution d\u2019enregistrement vid\u00e9o: FHD (1920 x 1080) \u00e0 30 ips<\/p>\n<p>Ralenti: 120 images par seconde en HD<\/p>\n<h4>Stockage\/M\u00e9moire<\/h4>\n<p>M\u00e9moire RAM (Go): 4<\/p>\n<p>Stockage (Go): 128<\/p>\n<h4>R\u00e9seau\/Porteur<\/h4>\n<p>Nombre de SIM: Dual SIM<\/p>\n<p>Taille de la carte SIM: Nano-SIM (4FF)<\/p>\n<p>Type d\u2019emplacement SIM: SIM 1 + Hybride (SIM ou MicroSD)<\/p>\n<p>Infra: 2G GSM, 3G WCDMA, 4G LTE FDD, 4G LTE TDD<\/p>\n<p>GSM 2G: GSM850, GSM900, DCS1800, PCS1900<\/p>\n<p>UMTS 3G: B1(2100), B5(850), B8(900)<\/p>\n<p>4G FDD LTE: B1(2100), B3(1800), B5(850), B7(2600), B8(900), B20(800), B28(700)<\/p>\n<p>4G TDD LTE: B38(2600), B40(2300), B41(2500)<\/p>\n<h4>Connectivit\u00e9<\/h4>\n<p>Interface USB: USB Type-C<\/p>\n<p>Version USB:\u00a0 USB2.0<\/p>\n<p>Technologie de localisation: GPS, Glonass, Beidou, Galil\u00e9e, QZSS<\/p>\n<p>Oreille: St\u00e9r\u00e9o 3,5 mm<\/p>\n<p>Wifi: 802.11a\/b\/g\/n\/ac 2,4 GHz+5 GHz, VHT80<\/p>\n<p>Wi-Fi Direct: Oui<\/p>\n<p>Version Bluetooth: Bluetooth v5.3<\/p>\n<p>NFC: Oui<\/p>\n<p>Synchronisation PC: Commutateur intelligent (version PC)<\/p>\n<h4>Syst\u00e8me d\u2019exploitation<\/h4>\n<p>Android<\/p>\n<h4>Batterie<\/h4>\n<p>Capacit\u00e9 de la batterie (mAh, typique): 5000<\/p>\n<p>Amovible: Non<\/p>\n<h4>Sp\u00e9cification physique<\/h4>\n<p>Dimension (HxLxP, mm): 160,1 x 76,8 x 8,4<\/p>\n<p>Poids (g): 200\u00a0<\/p>\n","protected":false},"excerpt":{"rendered":"<ul>\n<li style=\"padding: 0px;margin: 0px\">Mod\u00e8le: A15<\/li>\n<li style=\"padding: 0px;margin: 0px\">Ram: 8 Giga<\/li>\n<li style=\"padding: 0px;margin: 0px\">Rom: 256 Giga<\/li>\n<li style=\"padding: 0px;margin: 0px\">Batterie: 5000 mAh<\/li>\n<li style=\"padding: 0px;margin: 0px\">Cam\u00e9ra principale: 50MP LED flash, panorama, HDR<\/li>\n<li style=\"padding: 0px;margin: 0px\">Cam\u00e9ra selfie : 13 MP, f\/2.0, (wide)<\/li>\n<li style=\"padding: 0px;margin: 0px\">Syst\u00e8me d&rsquo;exploitation: Android 14, One UI 6\u00a0<\/li>\n<\/ul>\n","protected":false},"featured_media":3097,"comment_status":"open","ping_status":"closed","template":"","meta":{"_gspb_post_css":""},"store":[],"product_brand":[],"product_cat":[208,205],"product_tag":[],"class_list":{"0":"post-3102","1":"product","2":"type-product","3":"status-publish","4":"has-post-thumbnail","6":"product_cat-smartphones","7":"product_cat-telephoneportable","9":"first","10":"instock","11":"sale","12":"shipping-taxable","13":"purchasable","14":"product-type-simple"},"_links":{"self":[{"href":"https:\/\/bimba.sn\/index.php?rest_route=\/wp\/v2\/product\/3102","targetHints":{"allow":["GET"]}}],"collection":[{"href":"https:\/\/bimba.sn\/index.php?rest_route=\/wp\/v2\/product"}],"about":[{"href":"https:\/\/bimba.sn\/index.php?rest_route=\/wp\/v2\/types\/product"}],"replies":[{"embeddable":true,"href":"https:\/\/bimba.sn\/index.php?rest_route=%2Fwp%2Fv2%2Fcomments&post=3102"}],"wp:featuredmedia":[{"embeddable":true,"href":"https:\/\/bimba.sn\/index.php?rest_route=\/wp\/v2\/media\/3097"}],"wp:attachment":[{"href":"https:\/\/bimba.sn\/index.php?rest_route=%2Fwp%2Fv2%2Fmedia&parent=3102"}],"wp:term":[{"taxonomy":"store","embeddable":true,"href":"https:\/\/bimba.sn\/index.php?rest_route=%2Fwp%2Fv2%2Fstore&post=3102"},{"taxonomy":"product_brand","embeddable":true,"href":"https:\/\/bimba.sn\/index.php?rest_route=%2Fwp%2Fv2%2Fproduct_brand&post=3102"},{"taxonomy":"product_cat","embeddable":true,"href":"https:\/\/bimba.sn\/index.php?rest_route=%2Fwp%2Fv2%2Fproduct_cat&post=3102"},{"taxonomy":"product_tag","embeddable":true,"href":"https:\/\/bimba.sn\/index.php?rest_route=%2Fwp%2Fv2%2Fproduct_tag&post=3102"}],"curies":[{"name":"wp","href":"https:\/\/api.w.org\/{rel}","templated":true}]}}