{"id":3053,"date":"2025-05-08T00:02:38","date_gmt":"2025-05-07T22:02:38","guid":{"rendered":"https:\/\/bimba.sn\/?product=lenovo-thinkbook-16-g6-irl-i7-ordinateur-portable"},"modified":"2025-05-08T02:11:37","modified_gmt":"2025-05-08T00:11:37","slug":"lenovo-thinkbook-16-g6-irl-i7-ordinateur-portable","status":"publish","type":"product","link":"https:\/\/bimba.sn\/?product=lenovo-thinkbook-16-g6-irl-i7-ordinateur-portable","title":{"rendered":"Lenovo ThinkBook 14 G6 IRL i7 Ordinateur Portable"},"content":{"rendered":"<p style=\"text-align: left\" data-mce-style=\"text-align: left;\"><\/p>\n","protected":false},"excerpt":{"rendered":"<ol>\n<li style=\"text-align: left\" data-mce-style=\"text-align: left;\">Processeur Intel\u00ae Core\u2122 i7-13700H 13e g\u00e9n\u00e9ration (c\u0153urs E jusqu\u2019\u00e0 3,70 GHz c\u0153urs P jusqu\u2019\u00e0 5,00 GHz)<br \/>16 Go DDR5-5 200MHz (SODIMM)<br \/>512 Go SSD M.2 2242 PCIe Gen4 TLC<br \/>Carte graphique Intel\u00ae UHD<br \/>14\u2033 WUXGA (1 920 x 1 200), IPS, anti-reflets, non tactile, 45 % NTSC, 300 nits, 60 Hz<br \/>Windows 11 Professionnel 64<br \/>Clavier r\u00e9tro\u00e9clair\u00e9 gris temp\u00eate \u2013 Fran\u00e7ais<br \/>Wi-Fi 6 2\u00d72 AX &amp; Bluetooth\u00ae 5.1<br \/>Couleur Gris arctique<br \/>Sacoche offerte<\/li>\n<\/ol>\n","protected":false},"featured_media":3052,"comment_status":"open","ping_status":"closed","template":"","meta":{"_gspb_post_css":""},"store":[],"product_brand":[],"product_cat":[271,265],"product_tag":[],"class_list":{"0":"post-3053","1":"product","2":"type-product","3":"status-publish","4":"has-post-thumbnail","6":"product_cat-ordinateurs","7":"product_cat-ordinateurimpirmante","9":"first","10":"instock","11":"shipping-taxable","12":"purchasable","13":"product-type-simple"},"_links":{"self":[{"href":"https:\/\/bimba.sn\/index.php?rest_route=\/wp\/v2\/product\/3053","targetHints":{"allow":["GET"]}}],"collection":[{"href":"https:\/\/bimba.sn\/index.php?rest_route=\/wp\/v2\/product"}],"about":[{"href":"https:\/\/bimba.sn\/index.php?rest_route=\/wp\/v2\/types\/product"}],"replies":[{"embeddable":true,"href":"https:\/\/bimba.sn\/index.php?rest_route=%2Fwp%2Fv2%2Fcomments&post=3053"}],"wp:featuredmedia":[{"embeddable":true,"href":"https:\/\/bimba.sn\/index.php?rest_route=\/wp\/v2\/media\/3052"}],"wp:attachment":[{"href":"https:\/\/bimba.sn\/index.php?rest_route=%2Fwp%2Fv2%2Fmedia&parent=3053"}],"wp:term":[{"taxonomy":"store","embeddable":true,"href":"https:\/\/bimba.sn\/index.php?rest_route=%2Fwp%2Fv2%2Fstore&post=3053"},{"taxonomy":"product_brand","embeddable":true,"href":"https:\/\/bimba.sn\/index.php?rest_route=%2Fwp%2Fv2%2Fproduct_brand&post=3053"},{"taxonomy":"product_cat","embeddable":true,"href":"https:\/\/bimba.sn\/index.php?rest_route=%2Fwp%2Fv2%2Fproduct_cat&post=3053"},{"taxonomy":"product_tag","embeddable":true,"href":"https:\/\/bimba.sn\/index.php?rest_route=%2Fwp%2Fv2%2Fproduct_tag&post=3053"}],"curies":[{"name":"wp","href":"https:\/\/api.w.org\/{rel}","templated":true}]}}