{"id":3048,"date":"2025-05-07T23:51:03","date_gmt":"2025-05-07T21:51:03","guid":{"rendered":"https:\/\/bimba.sn\/?product=refrigerateur-astech-fss579fd-side-by-side-4portes"},"modified":"2025-05-08T00:00:07","modified_gmt":"2025-05-07T22:00:07","slug":"refrigerateur-astech-fss579fd-side-by-side-4portes","status":"publish","type":"product","link":"https:\/\/bimba.sn\/?product=refrigerateur-astech-fss579fd-side-by-side-4portes","title":{"rendered":"REFRIGERATEUR ASTECH FSS579FD SIDE BY SIDE 4PORTES"},"content":{"rendered":"<p><\/p>\n","protected":false},"excerpt":{"rendered":"<p>Marque: Astech<br \/>Cat\u00e9gorie: R\u00e9frig\u00e9rateur<br \/>Mod\u00e8le: FSS-579D-AM<br \/>Capacit\u00e9: 476L<br \/>Couleur: Gris<br \/>Type de produit: R\u00e9frig\u00e9rateur Side by Side avec Fontaine<br \/>Nombre de portes: 4<br \/>Classe: Inverter\/ No frost Caract\u00e9ristique Fontaine<br \/>Litres Dimensions: Hauteur 1m80\/Large 79cm Profondeur:<\/p>\n","protected":false},"featured_media":3047,"comment_status":"open","ping_status":"closed","template":"","meta":{"_gspb_post_css":""},"store":[],"product_brand":[],"product_cat":[198],"product_tag":[],"class_list":{"0":"post-3048","1":"product","2":"type-product","3":"status-publish","4":"has-post-thumbnail","6":"product_cat-electromenager","8":"first","9":"instock","10":"sale","11":"shipping-taxable","12":"purchasable","13":"product-type-simple"},"_links":{"self":[{"href":"https:\/\/bimba.sn\/index.php?rest_route=\/wp\/v2\/product\/3048","targetHints":{"allow":["GET"]}}],"collection":[{"href":"https:\/\/bimba.sn\/index.php?rest_route=\/wp\/v2\/product"}],"about":[{"href":"https:\/\/bimba.sn\/index.php?rest_route=\/wp\/v2\/types\/product"}],"replies":[{"embeddable":true,"href":"https:\/\/bimba.sn\/index.php?rest_route=%2Fwp%2Fv2%2Fcomments&post=3048"}],"wp:featuredmedia":[{"embeddable":true,"href":"https:\/\/bimba.sn\/index.php?rest_route=\/wp\/v2\/media\/3047"}],"wp:attachment":[{"href":"https:\/\/bimba.sn\/index.php?rest_route=%2Fwp%2Fv2%2Fmedia&parent=3048"}],"wp:term":[{"taxonomy":"store","embeddable":true,"href":"https:\/\/bimba.sn\/index.php?rest_route=%2Fwp%2Fv2%2Fstore&post=3048"},{"taxonomy":"product_brand","embeddable":true,"href":"https:\/\/bimba.sn\/index.php?rest_route=%2Fwp%2Fv2%2Fproduct_brand&post=3048"},{"taxonomy":"product_cat","embeddable":true,"href":"https:\/\/bimba.sn\/index.php?rest_route=%2Fwp%2Fv2%2Fproduct_cat&post=3048"},{"taxonomy":"product_tag","embeddable":true,"href":"https:\/\/bimba.sn\/index.php?rest_route=%2Fwp%2Fv2%2Fproduct_tag&post=3048"}],"curies":[{"name":"wp","href":"https:\/\/api.w.org\/{rel}","templated":true}]}}