{"id":3043,"date":"2025-05-07T23:34:16","date_gmt":"2025-05-07T21:34:16","guid":{"rendered":"https:\/\/bimba.sn\/?product=refrigerateur-astech-fc675cm-combine-3t-gm-no-frost-inox"},"modified":"2025-05-07T23:46:04","modified_gmt":"2025-05-07T21:46:04","slug":"refrigerateur-astech-fc675cm-combine-3t-gm-no-frost-inox","status":"publish","type":"product","link":"https:\/\/bimba.sn\/?product=refrigerateur-astech-fc675cm-combine-3t-gm-no-frost-inox","title":{"rendered":"REFRIGERATEUR ASTECH FC675CM COMBINE 3T GM NO FROST INOX"},"content":{"rendered":"<p><\/p>\n","protected":false},"excerpt":{"rendered":"<div class=\"woocommerce-tabs wc-tabs-wrapper\" style=\"clear: both;padding-top: 100px\" data-mce-style=\"clear: both; padding-top: 100px;\">\n<div class=\"woocommerce-Tabs-panel woocommerce-Tabs-panel--description panel entry-content wc-tab\" id=\"tab-description\" role=\"tabpanel\" aria-labelledby=\"tab-title-description\" style=\"margin: 0px 0px 2em;padding: 0px\" data-mce-style=\"margin: 0px 0px 2em; padding: 0px;\">\n<p style=\"margin: 15px 0px;line-height: 1.66em\" data-mce-style=\"margin: 15px 0px; line-height: 1.66em;\">Marque: ASTECH<br \/>Type de produit: R\u00e9frig\u00e9rateur Combin\u00e9<br \/>Reference: FC-675CM-L<br \/>Couleur: Gris<br \/>Nombre de Tiroirs: 3<br \/>Mati\u00e8re: Inox<br \/>Classe: No Frost A++<br \/>Dimensions: hauteur 1m93cm largeur: 84cm<br \/>Profondeur: 73cm<br \/>Capacit\u00e9 Total : 633L<\/p>\n<\/div>\n<\/div>\n<section class=\"related products\" style=\"margin-top: 130px\" data-mce-style=\"margin-top: 130px;\"><\/section>\n","protected":false},"featured_media":3042,"comment_status":"open","ping_status":"closed","template":"","meta":{"_gspb_post_css":""},"store":[],"product_brand":[],"product_cat":[198],"product_tag":[],"class_list":{"0":"post-3043","1":"product","2":"type-product","3":"status-publish","4":"has-post-thumbnail","6":"product_cat-electromenager","8":"first","9":"instock","10":"sale","11":"shipping-taxable","12":"purchasable","13":"product-type-simple"},"_links":{"self":[{"href":"https:\/\/bimba.sn\/index.php?rest_route=\/wp\/v2\/product\/3043","targetHints":{"allow":["GET"]}}],"collection":[{"href":"https:\/\/bimba.sn\/index.php?rest_route=\/wp\/v2\/product"}],"about":[{"href":"https:\/\/bimba.sn\/index.php?rest_route=\/wp\/v2\/types\/product"}],"replies":[{"embeddable":true,"href":"https:\/\/bimba.sn\/index.php?rest_route=%2Fwp%2Fv2%2Fcomments&post=3043"}],"wp:featuredmedia":[{"embeddable":true,"href":"https:\/\/bimba.sn\/index.php?rest_route=\/wp\/v2\/media\/3042"}],"wp:attachment":[{"href":"https:\/\/bimba.sn\/index.php?rest_route=%2Fwp%2Fv2%2Fmedia&parent=3043"}],"wp:term":[{"taxonomy":"store","embeddable":true,"href":"https:\/\/bimba.sn\/index.php?rest_route=%2Fwp%2Fv2%2Fstore&post=3043"},{"taxonomy":"product_brand","embeddable":true,"href":"https:\/\/bimba.sn\/index.php?rest_route=%2Fwp%2Fv2%2Fproduct_brand&post=3043"},{"taxonomy":"product_cat","embeddable":true,"href":"https:\/\/bimba.sn\/index.php?rest_route=%2Fwp%2Fv2%2Fproduct_cat&post=3043"},{"taxonomy":"product_tag","embeddable":true,"href":"https:\/\/bimba.sn\/index.php?rest_route=%2Fwp%2Fv2%2Fproduct_tag&post=3043"}],"curies":[{"name":"wp","href":"https:\/\/api.w.org\/{rel}","templated":true}]}}