{"id":3039,"date":"2025-05-07T23:12:33","date_gmt":"2025-05-07T21:12:33","guid":{"rendered":"https:\/\/bimba.sn\/?product=refrigerateur-astech-fc480cm-og-combine-3t-grd"},"modified":"2025-05-07T23:12:33","modified_gmt":"2025-05-07T21:12:33","slug":"refrigerateur-astech-fc480cm-og-combine-3t-grd","status":"publish","type":"product","link":"https:\/\/bimba.sn\/?product=refrigerateur-astech-fc480cm-og-combine-3t-grd","title":{"rendered":"REFRIGERATEUR ASTECH FC480CM-OG COMBINE 3T GRD"},"content":{"rendered":"<p><br data-mce-bogus=\"1\"><\/p>\n","protected":false},"excerpt":{"rendered":"<p>Refrigerateur Combine ASTECH 3 Tiroirs FC480CM-OG GRD<\/p>\n<p>Type de r\u00e9frig\u00e9rateur: R\u00e9frig\u00e9rateur Combin\u00e9<\/p>\n<p>Marque: ASTECH<\/p>\n<p>Mod\u00e8le: FC480CM-OG GRD<\/p>\n<p>Capacit\u00e9: 400 Litres<\/p>\n<p>Couleur: Noir<\/p>\n<p>Compresseur: Inverter<\/p>\n<p>Nombre de tiroirs: 3<\/p>\n<p>Nombre de Portes: 2<\/p>\n","protected":false},"featured_media":3038,"comment_status":"open","ping_status":"closed","template":"","meta":{"_gspb_post_css":""},"store":[],"product_brand":[],"product_cat":[198],"product_tag":[],"class_list":{"0":"post-3039","1":"product","2":"type-product","3":"status-publish","4":"has-post-thumbnail","6":"product_cat-electromenager","8":"first","9":"instock","10":"sale","11":"shipping-taxable","12":"purchasable","13":"product-type-simple"},"_links":{"self":[{"href":"https:\/\/bimba.sn\/index.php?rest_route=\/wp\/v2\/product\/3039","targetHints":{"allow":["GET"]}}],"collection":[{"href":"https:\/\/bimba.sn\/index.php?rest_route=\/wp\/v2\/product"}],"about":[{"href":"https:\/\/bimba.sn\/index.php?rest_route=\/wp\/v2\/types\/product"}],"replies":[{"embeddable":true,"href":"https:\/\/bimba.sn\/index.php?rest_route=%2Fwp%2Fv2%2Fcomments&post=3039"}],"wp:featuredmedia":[{"embeddable":true,"href":"https:\/\/bimba.sn\/index.php?rest_route=\/wp\/v2\/media\/3038"}],"wp:attachment":[{"href":"https:\/\/bimba.sn\/index.php?rest_route=%2Fwp%2Fv2%2Fmedia&parent=3039"}],"wp:term":[{"taxonomy":"store","embeddable":true,"href":"https:\/\/bimba.sn\/index.php?rest_route=%2Fwp%2Fv2%2Fstore&post=3039"},{"taxonomy":"product_brand","embeddable":true,"href":"https:\/\/bimba.sn\/index.php?rest_route=%2Fwp%2Fv2%2Fproduct_brand&post=3039"},{"taxonomy":"product_cat","embeddable":true,"href":"https:\/\/bimba.sn\/index.php?rest_route=%2Fwp%2Fv2%2Fproduct_cat&post=3039"},{"taxonomy":"product_tag","embeddable":true,"href":"https:\/\/bimba.sn\/index.php?rest_route=%2Fwp%2Fv2%2Fproduct_tag&post=3039"}],"curies":[{"name":"wp","href":"https:\/\/api.w.org\/{rel}","templated":true}]}}