{"id":3033,"date":"2025-05-07T22:45:50","date_gmt":"2025-05-07T20:45:50","guid":{"rendered":"https:\/\/bimba.sn\/?product=imprimante-laser-recto-verso-automatique-hp-laserjet-enterprise-m611dn"},"modified":"2025-05-07T22:45:50","modified_gmt":"2025-05-07T20:45:50","slug":"imprimante-laser-recto-verso-automatique-hp-laserjet-enterprise-m611dn","status":"publish","type":"product","link":"https:\/\/bimba.sn\/?product=imprimante-laser-recto-verso-automatique-hp-laserjet-enterprise-m611dn","title":{"rendered":"Imprimante laser recto-verso automatique HP LaserJet Enterprise M611dn"},"content":{"rendered":"<p style=\"margin: 0px 0px 14.5px;font-family: Yantramanav, sans-serif;font-size: 14px\">Travaillez efficacement avec une impression de la premi\u00e8re page rapide, depuis le mode veille, sur l\u2019une des imprimantes HP la plus \u00e9co\u00e9nerg\u00e9tique de sa cat\u00e9gorie. Lancez l\u2019impression recto verso directement \u00e0 partir de l\u2019\u00e9cran rotatif graphique couleur (CGD) tactile de 10,92 cm (4,3 pouces).<\/p>\n<ul style=\"margin-top: 0px;margin-bottom: 14.5px;font-family: Yantramanav, sans-serif;font-size: 14px\">\n<li>Imprimez vos documents sans perdre de temps. Imprimez votre\u00a0<strong>premi\u00e8re page en 7.9 secondes\u00a0depuis le mode veille\u00a0<\/strong>qui permet d\u2019\u00e9conomiser de l\u2019\u00e9nergie.<\/li>\n<li>Effectuez rapidement vos t\u00e2ches sur diff\u00e9rents supports. Imprimez rapidement des documents recto verso sans pour autant renoncer aux performances de l\u2019impression recto verso.<\/li>\n<\/ul>\n","protected":false},"excerpt":{"rendered":"<ul style=\"margin-top: 0px;margin-bottom: 14.5px;font-family: Yantramanav, sans-serif;font-size: 14px\">\n<li>Imprimante laser<\/li>\n<li>Vitesse d\u2019impression : 61 ppm<\/li>\n<li>Impression recto-verso : jusqu\u2019\u00e0 50 ppm<\/li>\n<li>Premi\u00e8re impression en moins de 5.1 s en noir et blanc (A4, pr\u00eat)<\/li>\n<li>R\u00e9solution d\u2019impression jusqu\u2019\u00e0 1200 x 1200 dpi<\/li>\n<li>M\u00e9moire 512 Mo<\/li>\n<li>Formats : A4, A5, A6, B5, 10 x 15 cm, cartes postales (JIS simple et double), enveloppes (DL, C5, C6, B5)<\/li>\n<li>Avec 1 port p\u00e9riph\u00e9rique USB 2.0 haut d\u00e9bit<\/li>\n<li>Recto\/verso automatique<\/li>\n<li><strong>Entr\u00e9e standard : Bac universel de 100 feuilles + 1 bac\u00a0d\u2019alimentation de 550 feuilles<\/strong><\/li>\n<li><strong>Sortie standard : Bac de sortie de 250 feuilles<\/strong><\/li>\n<li>\u00c9cran tactile couleur rotatif de 10,9 cm (4.3 pouces)<\/li>\n<li>Interfaces Hi-Speed USB 2.0\u00a0\/ port r\u00e9seau Gigabit\/Fast Ethernet 10\/100\/1000 Base-TX<\/li>\n<li>Fonctionnalit\u00e9 d\u2019impression mobile HP ePrint; Apple AirPrint; Certifi\u00e9 Mopria<\/li>\n<li>Avec 4 cartouches de toner HP LaserJet pr\u00e9install\u00e9es (rendement 5500 pages noires, 3 500 pages cyan, magenta, jaune)<\/li>\n<li>Compatible avec Windows, Mac et Linux<\/li>\n<\/ul>\n","protected":false},"featured_media":3032,"comment_status":"open","ping_status":"closed","template":"","meta":{"_gspb_post_css":""},"store":[],"product_brand":[],"product_cat":[270,265],"product_tag":[],"class_list":{"0":"post-3033","1":"product","2":"type-product","3":"status-publish","4":"has-post-thumbnail","6":"product_cat-imprimantes","7":"product_cat-ordinateurimpirmante","9":"first","10":"instock","11":"shipping-taxable","12":"purchasable","13":"product-type-simple"},"_links":{"self":[{"href":"https:\/\/bimba.sn\/index.php?rest_route=\/wp\/v2\/product\/3033","targetHints":{"allow":["GET"]}}],"collection":[{"href":"https:\/\/bimba.sn\/index.php?rest_route=\/wp\/v2\/product"}],"about":[{"href":"https:\/\/bimba.sn\/index.php?rest_route=\/wp\/v2\/types\/product"}],"replies":[{"embeddable":true,"href":"https:\/\/bimba.sn\/index.php?rest_route=%2Fwp%2Fv2%2Fcomments&post=3033"}],"wp:featuredmedia":[{"embeddable":true,"href":"https:\/\/bimba.sn\/index.php?rest_route=\/wp\/v2\/media\/3032"}],"wp:attachment":[{"href":"https:\/\/bimba.sn\/index.php?rest_route=%2Fwp%2Fv2%2Fmedia&parent=3033"}],"wp:term":[{"taxonomy":"store","embeddable":true,"href":"https:\/\/bimba.sn\/index.php?rest_route=%2Fwp%2Fv2%2Fstore&post=3033"},{"taxonomy":"product_brand","embeddable":true,"href":"https:\/\/bimba.sn\/index.php?rest_route=%2Fwp%2Fv2%2Fproduct_brand&post=3033"},{"taxonomy":"product_cat","embeddable":true,"href":"https:\/\/bimba.sn\/index.php?rest_route=%2Fwp%2Fv2%2Fproduct_cat&post=3033"},{"taxonomy":"product_tag","embeddable":true,"href":"https:\/\/bimba.sn\/index.php?rest_route=%2Fwp%2Fv2%2Fproduct_tag&post=3033"}],"curies":[{"name":"wp","href":"https:\/\/api.w.org\/{rel}","templated":true}]}}