{"id":3029,"date":"2025-05-07T22:41:58","date_gmt":"2025-05-07T20:41:58","guid":{"rendered":"https:\/\/bimba.sn\/?product=refrigerateur-astech-fc388gol-ve-combine-4t-gm-blanc"},"modified":"2025-05-07T22:41:58","modified_gmt":"2025-05-07T20:41:58","slug":"refrigerateur-astech-fc388gol-ve-combine-4t-gm-blanc","status":"publish","type":"product","link":"https:\/\/bimba.sn\/?product=refrigerateur-astech-fc388gol-ve-combine-4t-gm-blanc","title":{"rendered":"REFRIGERATEUR ASTECH FC388GOL-VE COMBINE 4T GM BLANC"},"content":{"rendered":"<p><br data-mce-bogus=\"1\"><\/p>\n","protected":false},"excerpt":{"rendered":"<p><span>Marque: ASTECH<\/span><br \/><span>Cat\u00e9gorie: R\u00e9frig\u00e9rateur<\/span><br \/><span>Marque: ASTECH<\/span><br \/><span>Mod\u00e8le: FC-387<\/span><br \/><span>Couleur: Noir<\/span><br \/><span>Type de produit: r\u00e9frig\u00e9rateur combin\u00e9<\/span><br \/><span>Nombre de tiroirs: 4<\/span><br \/><span>Verrouillage: Oui<\/span><br \/><span>Classe: A+<\/span><br \/><span>Capacit\u00e9: 288 Litres<\/span><br \/><span>Dimensions: Hauteur 180cm\/Large 66cm Profondeur: 60cm<\/span><br data-mce-bogus=\"1\"><\/p>\n","protected":false},"featured_media":3028,"comment_status":"open","ping_status":"closed","template":"","meta":{"_gspb_post_css":""},"store":[],"product_brand":[],"product_cat":[198],"product_tag":[],"class_list":{"0":"post-3029","1":"product","2":"type-product","3":"status-publish","4":"has-post-thumbnail","6":"product_cat-electromenager","8":"first","9":"instock","10":"sale","11":"shipping-taxable","12":"purchasable","13":"product-type-simple"},"_links":{"self":[{"href":"https:\/\/bimba.sn\/index.php?rest_route=\/wp\/v2\/product\/3029","targetHints":{"allow":["GET"]}}],"collection":[{"href":"https:\/\/bimba.sn\/index.php?rest_route=\/wp\/v2\/product"}],"about":[{"href":"https:\/\/bimba.sn\/index.php?rest_route=\/wp\/v2\/types\/product"}],"replies":[{"embeddable":true,"href":"https:\/\/bimba.sn\/index.php?rest_route=%2Fwp%2Fv2%2Fcomments&post=3029"}],"wp:featuredmedia":[{"embeddable":true,"href":"https:\/\/bimba.sn\/index.php?rest_route=\/wp\/v2\/media\/3028"}],"wp:attachment":[{"href":"https:\/\/bimba.sn\/index.php?rest_route=%2Fwp%2Fv2%2Fmedia&parent=3029"}],"wp:term":[{"taxonomy":"store","embeddable":true,"href":"https:\/\/bimba.sn\/index.php?rest_route=%2Fwp%2Fv2%2Fstore&post=3029"},{"taxonomy":"product_brand","embeddable":true,"href":"https:\/\/bimba.sn\/index.php?rest_route=%2Fwp%2Fv2%2Fproduct_brand&post=3029"},{"taxonomy":"product_cat","embeddable":true,"href":"https:\/\/bimba.sn\/index.php?rest_route=%2Fwp%2Fv2%2Fproduct_cat&post=3029"},{"taxonomy":"product_tag","embeddable":true,"href":"https:\/\/bimba.sn\/index.php?rest_route=%2Fwp%2Fv2%2Fproduct_tag&post=3029"}],"curies":[{"name":"wp","href":"https:\/\/api.w.org\/{rel}","templated":true}]}}