{"id":3026,"date":"2025-05-07T22:36:00","date_gmt":"2025-05-07T20:36:00","guid":{"rendered":"https:\/\/bimba.sn\/?product=hp-imprimante-laser-179fnw-multi-fonction-couleur"},"modified":"2025-05-07T22:36:00","modified_gmt":"2025-05-07T20:36:00","slug":"hp-imprimante-laser-179fnw-multi-fonction-couleur","status":"publish","type":"product","link":"https:\/\/bimba.sn\/?product=hp-imprimante-laser-179fnw-multi-fonction-couleur","title":{"rendered":"HP IMPRIMANTE Laser 179fnw MULTI FONCTION COULEUR"},"content":{"rendered":"<p><br data-mce-bogus=\"1\"><\/p>\n","protected":false},"excerpt":{"rendered":"<ul style=\"margin-top: 0px;margin-bottom: 14.5px;font-family: Yantramanav, sans-serif;font-size: 14px\">\n<li>Tout-en-un Laser couleur<\/li>\n<li>Impression, copie, scan, fax<\/li>\n<li>Formats : A4 ; A5 ; A6 ; B5 ; \u00e9tiquettes ; cartes postales ; enveloppes<\/li>\n<li>Capacit\u00e9 maximale feuilles (entr\u00e9e\/sortie) : Jusqu\u2019\u00e0 150\/50<\/li>\n<li>Chargeur automatique de documents de 40 pages<\/li>\n<li>Capacit\u00e9 maximale enveloppes\u00a0: Jusqu\u2019\u00e0 10<\/li>\n<li><strong>Connectivit\u00e9 : Port USB 2.0 haut d\u00e9bit, Port r\u00e9seau Fast Ethernet 10\/100Base-TX, Sans fil 802.11 b\/g\/n<\/strong><\/li>\n<li>Ecran LCD 2 lignes (16 caract\u00e8res par ligne) : 65.5 x 14.8 cm<\/li>\n<li>Impression mobile : Apple AirPrint, Google Cloud Print, Applications mobiles, Certifi\u00e9 Mopria, Impression Wi-Fi Direct<\/li>\n<li>Vitesse d\u2019impression noir : Jusqu\u2019\u00e0 18 ppm<\/li>\n<li>Vitesse d\u2019impression couleur : Jusqu\u2019\u00e0 4 ppm<\/li>\n<li>R\u00e9solution d\u2019impression :\u00a0jusqu\u2019\u00e0 600 x 600 ppp (optimale)<\/li>\n<li>R\u00e9solution de num\u00e9risation optimis\u00e9e : jusqu\u2019\u00e0 600 x 600 ppp (optique)<\/li>\n<li>R\u00e9solution noire de la t\u00e9l\u00e9copie (meilleur) : jusqu\u2019\u00e0 600 x 600 ppp<\/li>\n<li>Vitesse de num\u00e9risation\u00a0(normal, A4) : jusqu\u2019\u00e0 15 ipm (monochrome), jusqu\u2019\u00e0 6 ipm (couleur)<\/li>\n<li>Vitesse de copie (qualit\u00e9 normale, A4) : jusqu\u2019\u00e0 14 cpm (noir) et jusqu\u2019\u00e0 4 cpm (couleur)<\/li>\n<li>Vitesse de transmission de la t\u00e9l\u00e9copie : 33,6 kbps<\/li>\n<li>Recto-verso manuel<\/li>\n<\/ul>\n","protected":false},"featured_media":3024,"comment_status":"open","ping_status":"closed","template":"","meta":{"_gspb_post_css":""},"store":[],"product_brand":[],"product_cat":[270,265],"product_tag":[],"class_list":{"0":"post-3026","1":"product","2":"type-product","3":"status-publish","4":"has-post-thumbnail","6":"product_cat-imprimantes","7":"product_cat-ordinateurimpirmante","9":"first","10":"instock","11":"shipping-taxable","12":"purchasable","13":"product-type-simple"},"_links":{"self":[{"href":"https:\/\/bimba.sn\/index.php?rest_route=\/wp\/v2\/product\/3026","targetHints":{"allow":["GET"]}}],"collection":[{"href":"https:\/\/bimba.sn\/index.php?rest_route=\/wp\/v2\/product"}],"about":[{"href":"https:\/\/bimba.sn\/index.php?rest_route=\/wp\/v2\/types\/product"}],"replies":[{"embeddable":true,"href":"https:\/\/bimba.sn\/index.php?rest_route=%2Fwp%2Fv2%2Fcomments&post=3026"}],"wp:featuredmedia":[{"embeddable":true,"href":"https:\/\/bimba.sn\/index.php?rest_route=\/wp\/v2\/media\/3024"}],"wp:attachment":[{"href":"https:\/\/bimba.sn\/index.php?rest_route=%2Fwp%2Fv2%2Fmedia&parent=3026"}],"wp:term":[{"taxonomy":"store","embeddable":true,"href":"https:\/\/bimba.sn\/index.php?rest_route=%2Fwp%2Fv2%2Fstore&post=3026"},{"taxonomy":"product_brand","embeddable":true,"href":"https:\/\/bimba.sn\/index.php?rest_route=%2Fwp%2Fv2%2Fproduct_brand&post=3026"},{"taxonomy":"product_cat","embeddable":true,"href":"https:\/\/bimba.sn\/index.php?rest_route=%2Fwp%2Fv2%2Fproduct_cat&post=3026"},{"taxonomy":"product_tag","embeddable":true,"href":"https:\/\/bimba.sn\/index.php?rest_route=%2Fwp%2Fv2%2Fproduct_tag&post=3026"}],"curies":[{"name":"wp","href":"https:\/\/api.w.org\/{rel}","templated":true}]}}