{"id":3020,"date":"2025-05-07T22:32:01","date_gmt":"2025-05-07T20:32:01","guid":{"rendered":"https:\/\/bimba.sn\/?product=hp-imprimante-laser-jet-pro-monochrome-m107a"},"modified":"2025-05-07T22:32:01","modified_gmt":"2025-05-07T20:32:01","slug":"hp-imprimante-laser-jet-pro-monochrome-m107a","status":"publish","type":"product","link":"https:\/\/bimba.sn\/?product=hp-imprimante-laser-jet-pro-monochrome-m107a","title":{"rendered":"HP IMPRIMANTE LASER JET PRO MONOCHROME M107A"},"content":{"rendered":"<table class=\"fpDescTb fpDescTbPub\" style=\"border-collapse: collapse;border-spacing: 0px;width: 808px;max-width: 100%;margin-bottom: 29px;font-family: Yantramanav, sans-serif;font-size: 14px\">\n<tbody>\n<tr>\n<th colspan=\"2\" style=\"padding: 8px;text-align: left;line-height: 1.85;vertical-align: top\">Informations g\u00e9n\u00e9rales sur le produit<\/th>\n<\/tr>\n<tr>\n<td style=\"padding: 8px;line-height: 1.85;vertical-align: top\">Marque<\/td>\n<td style=\"padding: 8px;line-height: 1.85;vertical-align: top\">HP<\/td>\n<\/tr>\n<tr>\n<td style=\"padding: 8px;line-height: 1.85;vertical-align: top\">Nom du produit<\/td>\n<td style=\"padding: 8px;line-height: 1.85;vertical-align: top\">HP Laser 107a \u2013 imprimante Laser Monochrome Monof<\/td>\n<\/tr>\n<tr>\n<td style=\"padding: 8px;line-height: 1.85;vertical-align: top\">Cat\u00e9gorie<\/td>\n<td style=\"padding: 8px;line-height: 1.85;vertical-align: top\">IMPRIMANTE<\/td>\n<\/tr>\n<tr>\n<td style=\"padding: 8px;line-height: 1.85;vertical-align: top\">R\u00e9f\u00e9rence<\/td>\n<td style=\"padding: 8px;line-height: 1.85;vertical-align: top\">4ZB77A#B19<\/td>\n<\/tr>\n<tr>\n<th colspan=\"2\" style=\"padding: 8px;text-align: left;line-height: 1.85;vertical-align: top\">Informations sur le produit<\/th>\n<\/tr>\n<tr>\n<td style=\"padding: 8px;line-height: 1.85;vertical-align: top\">Pack<\/td>\n<td style=\"padding: 8px;line-height: 1.85;vertical-align: top\">HP Laser 107a<\/td>\n<\/tr>\n<tr>\n<th colspan=\"2\" style=\"padding: 8px;text-align: left;line-height: 1.85;vertical-align: top\">G\u00e9n\u00e9ral<\/th>\n<\/tr>\n<tr>\n<td style=\"padding: 8px;line-height: 1.85;vertical-align: top\">Type d\u2019imprimante<\/td>\n<td style=\"padding: 8px;line-height: 1.85;vertical-align: top\">Imprimante personnelle \u2013 laser \u2013 monochrome<\/td>\n<\/tr>\n<tr>\n<td style=\"padding: 8px;line-height: 1.85;vertical-align: top\">Localisation<\/td>\n<td style=\"padding: 8px;line-height: 1.85;vertical-align: top\">Anglais, allemand, fran\u00e7ais, italien, espagnol \/ Europe<\/td>\n<\/tr>\n<tr>\n<td style=\"padding: 8px;line-height: 1.85;vertical-align: top\">Nombre d\u2019utilisateurs<\/td>\n<td style=\"padding: 8px;line-height: 1.85;vertical-align: top\">1 \u2013 5 utilisateurs<\/td>\n<\/tr>\n<tr>\n<th colspan=\"2\" style=\"padding: 8px;text-align: left;line-height: 1.85;vertical-align: top\">Imprimante<\/th>\n<\/tr>\n<tr>\n<td style=\"padding: 8px;line-height: 1.85;vertical-align: top\">Technologie de connectivit\u00e9<\/td>\n<td style=\"padding: 8px;line-height: 1.85;vertical-align: top\">Filaire<\/td>\n<\/tr>\n<tr>\n<td style=\"padding: 8px;line-height: 1.85;vertical-align: top\">Interface<\/td>\n<td style=\"padding: 8px;line-height: 1.85;vertical-align: top\">USB 2.0<\/td>\n<\/tr>\n<tr>\n<td style=\"padding: 8px;line-height: 1.85;vertical-align: top\">Vitesse d\u2019impression<\/td>\n<td style=\"padding: 8px;line-height: 1.85;vertical-align: top\">Jusqu\u2019\u00e0 20 ppm \u2013 noir &amp; blanc \u2013 A4 (210 x 297 mm)<br \/>Jusqu\u2019\u00e0 21 ppm \u2013 noir &amp; blanc \u2013 ANSI A (Letter) (216 x 279 mm)<\/td>\n<\/tr>\n<tr>\n<td style=\"padding: 8px;line-height: 1.85;vertical-align: top\">Dur\u00e9e de sortie de la premi\u00e8re impression, Noir et blanc<\/td>\n<td style=\"padding: 8px;line-height: 1.85;vertical-align: top\">8.3 s<\/td>\n<\/tr>\n<tr>\n<td style=\"padding: 8px;line-height: 1.85;vertical-align: top\">Gestion des supports<\/td>\n<td style=\"padding: 8px;line-height: 1.85;vertical-align: top\">Bac d\u2019entr\u00e9e 150 feuilles<\/td>\n<\/tr>\n<tr>\n<td style=\"padding: 8px;line-height: 1.85;vertical-align: top\">Langage(s) d\u2019impression<\/td>\n<td style=\"padding: 8px;line-height: 1.85;vertical-align: top\">SPL (Samsung Printer Language)<\/td>\n<\/tr>\n<tr>\n<td style=\"padding: 8px;line-height: 1.85;vertical-align: top\">Technique d\u2019am\u00e9lioration de l\u2019image<\/td>\n<td style=\"padding: 8px;line-height: 1.85;vertical-align: top\">Rendering Engine for Clean Pages (ReCP)<\/td>\n<\/tr>\n<tr>\n<td style=\"padding: 8px;line-height: 1.85;vertical-align: top\">Fonctionnalit\u00e9s de l\u2019imprimante<\/td>\n<td style=\"padding: 8px;line-height: 1.85;vertical-align: top\">Arr\u00eat automatique<\/td>\n<\/tr>\n<tr>\n<td style=\"padding: 8px;line-height: 1.85;vertical-align: top\">R\u00e9solution maximum (N&amp;B)<\/td>\n<td style=\"padding: 8px;line-height: 1.85;vertical-align: top\">1200 x 1200 ppp<\/td>\n<\/tr>\n<tr>\n<th colspan=\"2\" style=\"padding: 8px;text-align: left;line-height: 1.85;vertical-align: top\">Processeur<\/th>\n<\/tr>\n<tr>\n<td style=\"padding: 8px;line-height: 1.85;vertical-align: top\">Processeur<\/td>\n<td style=\"padding: 8px;line-height: 1.85;vertical-align: top\">400 MHz<\/td>\n<\/tr>\n<tr>\n<th colspan=\"2\" style=\"padding: 8px;text-align: left;line-height: 1.85;vertical-align: top\">Extension\/connectivit\u00e9<\/th>\n<\/tr>\n<tr>\n<td style=\"padding: 8px;line-height: 1.85;vertical-align: top\">Connexions<\/td>\n<td style=\"padding: 8px;line-height: 1.85;vertical-align: top\">1 x USB 2.0 \u2013 USB 4 broches type B<\/td>\n<\/tr>\n<tr>\n<th colspan=\"2\" style=\"padding: 8px;text-align: left;line-height: 1.85;vertical-align: top\">RAM<\/th>\n<\/tr>\n<tr>\n<td style=\"padding: 8px;line-height: 1.85;vertical-align: top\">RAM install\u00e9e (maximum)<\/td>\n<td style=\"padding: 8px;line-height: 1.85;vertical-align: top\">64 Mo \/ 64 Mo (maximum)<\/td>\n<\/tr>\n<tr>\n<th colspan=\"2\" style=\"padding: 8px;text-align: left;line-height: 1.85;vertical-align: top\">Gestion du support<\/th>\n<\/tr>\n<tr>\n<td style=\"padding: 8px;line-height: 1.85;vertical-align: top\">Capacit\u00e9 totale<\/td>\n<td style=\"padding: 8px;line-height: 1.85;vertical-align: top\">150 feuilles<\/td>\n<\/tr>\n<tr>\n<td style=\"padding: 8px;line-height: 1.85;vertical-align: top\">Capacit\u00e9 des bacs de sortie<\/td>\n<td style=\"padding: 8px;line-height: 1.85;vertical-align: top\">100 feuilles<\/td>\n<\/tr>\n<tr>\n<td style=\"padding: 8px;line-height: 1.85;vertical-align: top\">Taille minimale du support (personnalis\u00e9e)<\/td>\n<td style=\"padding: 8px;line-height: 1.85;vertical-align: top\">76 mm x 127 mm<\/td>\n<\/tr>\n<tr>\n<td style=\"padding: 8px;line-height: 1.85;vertical-align: top\">Taille maximum du support (personnalis\u00e9e)<\/td>\n<td style=\"padding: 8px;line-height: 1.85;vertical-align: top\">216 mm x 356 mm<\/td>\n<\/tr>\n<tr>\n<td style=\"padding: 8px;line-height: 1.85;vertical-align: top\">Formats standard reconnus<\/td>\n<td style=\"padding: 8px;line-height: 1.85;vertical-align: top\">Legal (216 x 356 mm), A4 (210 x 297 mm), A5 (148 x 210 mm), B5 (176 x 250 mm), A6 (105 x 148 mm), 100 x 150 mm, JIS B5 (182 x 257 mm), 76 x 127 mm, Oficio (216 x 343 mm), JIS B6 (128 x 182 mm), RA4 (215 x 305 mm)<\/td>\n<\/tr>\n<tr>\n<td style=\"padding: 8px;line-height: 1.85;vertical-align: top\">Formats d\u2019enveloppes<\/td>\n<td style=\"padding: 8px;line-height: 1.85;vertical-align: top\">US No 10 (104.7 x 241.3 mm), International DL (110 x 220 mm), International C5 (162 x 229 mm), Monarch (98.4 x 190.5 mm)<\/td>\n<\/tr>\n<tr>\n<td style=\"padding: 8px;line-height: 1.85;vertical-align: top\">Classe de taille de support<\/td>\n<td style=\"padding: 8px;line-height: 1.85;vertical-align: top\">A4\/Legal<\/td>\n<\/tr>\n<tr>\n<td style=\"padding: 8px;line-height: 1.85;vertical-align: top\">Grammage<\/td>\n<td style=\"padding: 8px;line-height: 1.85;vertical-align: top\">60 g\/m\u00b2 \u2013 163 g\/m\u00b2<\/td>\n<\/tr>\n<tr>\n<td style=\"padding: 8px;line-height: 1.85;vertical-align: top\">Entr\u00e9es de m\u00e9dia<\/td>\n<td style=\"padding: 8px;line-height: 1.85;vertical-align: top\">1 x automatique \u2013 150 feuilles \u2013 Legal (216 x 356 mm) poids : 60 g\/m\u00b2 \u2013 163 g\/m\u00b2<br \/>Bac de sortie: 1 \u2013 100 feuilles \u2013 Legal (216 x 356 mm) poids : 60 g\/m\u00b2 \u2013 163 g\/m\u00b2<\/td>\n<\/tr>\n<tr>\n<td style=\"padding: 8px;line-height: 1.85;vertical-align: top\">Poids de support (lbs)<\/td>\n<td style=\"padding: 8px;line-height: 1.85;vertical-align: top\">16 lbs \u2013 43 lbs<\/td>\n<\/tr>\n<tr>\n<td style=\"padding: 8px;line-height: 1.85;vertical-align: top\">Taille max. du support<\/td>\n<td style=\"padding: 8px;line-height: 1.85;vertical-align: top\">Legal (216 x 356 mm), A4 (210 x 297 mm)<\/td>\n<\/tr>\n<tr>\n<td style=\"padding: 8px;line-height: 1.85;vertical-align: top\">Type de supports<\/td>\n<td style=\"padding: 8px;line-height: 1.85;vertical-align: top\">Enveloppes, \u00e9tiquettes, papier uni, papier, papier recycl\u00e9, papier \u00e9pais, papier fin, carte-copie, papier pr\u00e9imprim\u00e9, archive, papier color\u00e9<\/td>\n<\/tr>\n<tr>\n<th colspan=\"2\" style=\"padding: 8px;text-align: left;line-height: 1.85;vertical-align: top\">Dur\u00e9e de vie<\/th>\n<\/tr>\n<tr>\n<td style=\"padding: 8px;line-height: 1.85;vertical-align: top\">Volume mensuel recommand\u00e9<\/td>\n<td style=\"padding: 8px;line-height: 1.85;vertical-align: top\">100 \u2013 1500 pages<\/td>\n<\/tr>\n<tr>\n<td style=\"padding: 8px;line-height: 1.85;vertical-align: top\">Cycle d\u2019utilisation mensuel (maxi)<\/td>\n<td style=\"padding: 8px;line-height: 1.85;vertical-align: top\">10000 pages<\/td>\n<\/tr>\n<\/tbody>\n<\/table>\n","protected":false},"excerpt":{"rendered":"<p><span style=\"font-family: Yantramanav, sans-serif;font-size: 14px\">Dimensions id\u00e9ales pour tous les espaces de travail, texte noir, pr\u00e9cis, graphismes \u00e9clatants avec une fiabilit\u00e9 HP incomparable Vitesses jusqu\u2019\u00e0 20 ppm en A4 Connectivit\u00e9 USB 2.0 Haut d\u00e9bit Toner HP 106A noir (1 000 pages) Ref W1106A<\/span><\/p>\n","protected":false},"featured_media":3016,"comment_status":"open","ping_status":"closed","template":"","meta":{"_gspb_post_css":""},"store":[],"product_brand":[],"product_cat":[270,265],"product_tag":[],"class_list":{"0":"post-3020","1":"product","2":"type-product","3":"status-publish","4":"has-post-thumbnail","6":"product_cat-imprimantes","7":"product_cat-ordinateurimpirmante","9":"first","10":"instock","11":"shipping-taxable","12":"purchasable","13":"product-type-simple"},"_links":{"self":[{"href":"https:\/\/bimba.sn\/index.php?rest_route=\/wp\/v2\/product\/3020","targetHints":{"allow":["GET"]}}],"collection":[{"href":"https:\/\/bimba.sn\/index.php?rest_route=\/wp\/v2\/product"}],"about":[{"href":"https:\/\/bimba.sn\/index.php?rest_route=\/wp\/v2\/types\/product"}],"replies":[{"embeddable":true,"href":"https:\/\/bimba.sn\/index.php?rest_route=%2Fwp%2Fv2%2Fcomments&post=3020"}],"wp:featuredmedia":[{"embeddable":true,"href":"https:\/\/bimba.sn\/index.php?rest_route=\/wp\/v2\/media\/3016"}],"wp:attachment":[{"href":"https:\/\/bimba.sn\/index.php?rest_route=%2Fwp%2Fv2%2Fmedia&parent=3020"}],"wp:term":[{"taxonomy":"store","embeddable":true,"href":"https:\/\/bimba.sn\/index.php?rest_route=%2Fwp%2Fv2%2Fstore&post=3020"},{"taxonomy":"product_brand","embeddable":true,"href":"https:\/\/bimba.sn\/index.php?rest_route=%2Fwp%2Fv2%2Fproduct_brand&post=3020"},{"taxonomy":"product_cat","embeddable":true,"href":"https:\/\/bimba.sn\/index.php?rest_route=%2Fwp%2Fv2%2Fproduct_cat&post=3020"},{"taxonomy":"product_tag","embeddable":true,"href":"https:\/\/bimba.sn\/index.php?rest_route=%2Fwp%2Fv2%2Fproduct_tag&post=3020"}],"curies":[{"name":"wp","href":"https:\/\/api.w.org\/{rel}","templated":true}]}}