{"id":3019,"date":"2025-05-07T22:26:20","date_gmt":"2025-05-07T20:26:20","guid":{"rendered":"https:\/\/bimba.sn\/?product=hp-imprimante-multifonction-laser-137fnw-monochrome"},"modified":"2025-05-07T22:26:20","modified_gmt":"2025-05-07T20:26:20","slug":"hp-imprimante-multifonction-laser-137fnw-monochrome","status":"publish","type":"product","link":"https:\/\/bimba.sn\/?product=hp-imprimante-multifonction-laser-137fnw-monochrome","title":{"rendered":"Hp Imprimante multifonction laser 137fnw Monochrome"},"content":{"rendered":"<p><span style=\"font-family: Yantramanav, sans-serif;font-size: 14px\">B\u00e9n\u00e9ficiez de la performance d\u2019une imprimante multifonction productive \u00e0 un prix abordable. Avec la\u00a0<\/span><strong style=\"font-family: Yantramanav, sans-serif;font-size: 14px\">HP Laser 137fnw<\/strong><span style=\"font-family: Yantramanav, sans-serif;font-size: 14px\">\u00a0imprimez, num\u00e9risez, copiez et t\u00e9l\u00e9copiez,\u00a0et obtenez facilement des r\u00e9sultats de haute qualit\u00e9. Pourvue d\u2019une connectivit\u00e9\u00a0<\/span><strong style=\"font-family: Yantramanav, sans-serif;font-size: 14px\">USB 2.0 haut d\u00e9bit, d\u2019un port r\u00e9seau Fast Ethernet 10\/100Base-TX, et du Wi-Fi,\u00a0<\/strong><span style=\"font-family: Yantramanav, sans-serif;font-size: 14px\">elle vous permet d\u2019imprimer et de num\u00e9riser comme bon vous semble et m\u00eame depuis votre t\u00e9l\u00e9phone.<\/span><\/p>\n","protected":false},"excerpt":{"rendered":"<ul style=\"margin-top: 0px;margin-bottom: 14.5px;font-family: Yantramanav, sans-serif;font-size: 14px\">\n<li>Tout-en-un Laser noir et blanc<\/li>\n<li>Impression, copie, scan, fax<\/li>\n<li>Formats : A4 ; A5 ; A6 ; B5 ; \u00e9tiquettes ; cartes postales ; enveloppes<\/li>\n<li>Capacit\u00e9 maximale feuilles (entr\u00e9e\/sortie) : Jusqu\u2019\u00e0 150\/100<\/li>\n<li>Chargeur automatique de documents de 40 pages<\/li>\n<li>Capacit\u00e9 maximale enveloppes\u00a0: Jusqu\u2019\u00e0 10<\/li>\n<li><strong style=\"font-style: inherit\">Connectivit\u00e9 : Port USB 2.0 haut d\u00e9bit, Port r\u00e9seau Fast Ethernet 10\/100Base-TX, Sans fil 802.11 b\/g\/n<\/strong><\/li>\n<li>Ecran LCD 2 lignes (16 caract\u00e8res par ligne) : 65.5 x 14.8 cm<\/li>\n<li>Impression mobile : Apple AirPrint, Google Cloud Print, Applications mobiles, Certifi\u00e9 Mopria, Impression Wi-Fi Direct<\/li>\n<li>Vitesse d\u2019impression\u00a0: jusqu\u2019\u00e0 22 ppm en mode normal<\/li>\n<li>R\u00e9solution d\u2019impression : Jusqu\u2019\u00e0 1200 x 1200 ppp (optimale), jusqu\u2019\u00e0 600 x 600 ppp (normale)<\/li>\n<li>R\u00e9solution de num\u00e9risation optimis\u00e9e : jusqu\u2019\u00e0 4800 x 4800 ppp (optimis\u00e9e),\u00a0jusqu\u2019\u00e0 600 x 600 ppp (optique)<\/li>\n<li>R\u00e9solution noire de la t\u00e9l\u00e9copie (meilleur) : jusqu\u2019\u00e0 300 x 300 ppp<\/li>\n<li>Vitesse de num\u00e9risation recto-verso (normal, A4) : jusqu\u2019\u00e0 15 ipm (monochrome), jusqu\u2019\u00e0 6 ipm (couleur)<\/li>\n<li>Vitesse de copie (noir, qualit\u00e9 normale, A4) : jusqu\u2019\u00e0 20 cpm<\/li>\n<li>Vitesse de transmission de la t\u00e9l\u00e9copie : 33,6 kbps<\/li>\n<li>Recto-verso manuel<\/li>\n<\/ul>\n","protected":false},"featured_media":3018,"comment_status":"open","ping_status":"closed","template":"","meta":{"_gspb_post_css":""},"store":[],"product_brand":[],"product_cat":[270,265],"product_tag":[],"class_list":{"0":"post-3019","1":"product","2":"type-product","3":"status-publish","4":"has-post-thumbnail","6":"product_cat-imprimantes","7":"product_cat-ordinateurimpirmante","9":"first","10":"instock","11":"shipping-taxable","12":"purchasable","13":"product-type-simple"},"_links":{"self":[{"href":"https:\/\/bimba.sn\/index.php?rest_route=\/wp\/v2\/product\/3019","targetHints":{"allow":["GET"]}}],"collection":[{"href":"https:\/\/bimba.sn\/index.php?rest_route=\/wp\/v2\/product"}],"about":[{"href":"https:\/\/bimba.sn\/index.php?rest_route=\/wp\/v2\/types\/product"}],"replies":[{"embeddable":true,"href":"https:\/\/bimba.sn\/index.php?rest_route=%2Fwp%2Fv2%2Fcomments&post=3019"}],"wp:featuredmedia":[{"embeddable":true,"href":"https:\/\/bimba.sn\/index.php?rest_route=\/wp\/v2\/media\/3018"}],"wp:attachment":[{"href":"https:\/\/bimba.sn\/index.php?rest_route=%2Fwp%2Fv2%2Fmedia&parent=3019"}],"wp:term":[{"taxonomy":"store","embeddable":true,"href":"https:\/\/bimba.sn\/index.php?rest_route=%2Fwp%2Fv2%2Fstore&post=3019"},{"taxonomy":"product_brand","embeddable":true,"href":"https:\/\/bimba.sn\/index.php?rest_route=%2Fwp%2Fv2%2Fproduct_brand&post=3019"},{"taxonomy":"product_cat","embeddable":true,"href":"https:\/\/bimba.sn\/index.php?rest_route=%2Fwp%2Fv2%2Fproduct_cat&post=3019"},{"taxonomy":"product_tag","embeddable":true,"href":"https:\/\/bimba.sn\/index.php?rest_route=%2Fwp%2Fv2%2Fproduct_tag&post=3019"}],"curies":[{"name":"wp","href":"https:\/\/api.w.org\/{rel}","templated":true}]}}