{"id":3014,"date":"2025-05-07T22:16:37","date_gmt":"2025-05-07T20:16:37","guid":{"rendered":"https:\/\/bimba.sn\/?product=imprimante-hp-deskjet-2710-couleur-jet-dencre-wifi"},"modified":"2025-05-07T22:16:37","modified_gmt":"2025-05-07T20:16:37","slug":"imprimante-hp-deskjet-2710-couleur-jet-dencre-wifi","status":"publish","type":"product","link":"https:\/\/bimba.sn\/?product=imprimante-hp-deskjet-2710-couleur-jet-dencre-wifi","title":{"rendered":"Imprimante HP Deskjet 2710 couleur jet d&rsquo;encre WIFI"},"content":{"rendered":"<ul style=\"margin-top: 0px;margin-bottom: 14.5px;font-family: Yantramanav, sans-serif;font-size: 14px\">\n<li>Gagnez du temps et de l\u2019argent gr\u00e2ce \u00e0 l\u2019imprimante sans fil tout-en-un de HP la plus \u00e9conomique \u00e0 ce jour.<\/li>\n<li>Gr\u00e2ce \u00e0 une configuration ais\u00e9e et une impression facile depuis vos p\u00e9riph\u00e9riques mobiles, l\u2019imprimante tout-en-un HP DeskJet 2710 \u00e9limine toute complication de vos besoins d\u2019impression quotidiens.<\/li>\n<li>Imprimante avec s\u00e9curit\u00e9 dynamique activ\u00e9e.<\/li>\n<li>Destin\u00e9e \u00e0 \u00eatre utilis\u00e9 avec des cartouches utilisant uniquement un circuit \u00e9lectronique HP<\/li>\n<li>Les cartouches n\u2019\u00e9tant pas dot\u00e9es d\u2019un circuit \u00e9lectronique HP peuvent ne pas fonctionner et celles qui fonctionnent actuellement pourraient ne plus fonctionner \u00e0 l\u2019avenir<\/li>\n<\/ul>\n","protected":false},"excerpt":{"rendered":"<div class=\"a-row\" style=\"font-family: Yantramanav, sans-serif;font-size: 14px\">\n<div class=\"a-column a-span6\">\n<p style=\"margin: 0px 0px 14.5px\">outes les fonctions principales, heure facile \u00e0 utiliser. Imprimez, num\u00e9risez et copiez des documents quotidiens et profitez d\u2019une connexion sans fil efficace. La configuration simple avec l\u2019application HP Smart vous permet de travailler sur tous vos appareils.<\/p>\n<\/div>\n<\/div>\n<div class=\"a-expander-content a-expander-extend-content\" style=\"font-family: Yantramanav, sans-serif;font-size: 14px\">\n<div class=\"a-row a-expander-container a-expander-inline-container\">\n<div class=\"a-expander-content a-expander-section-content a-section-expander-inner\">\n<table id=\"productDetails_techSpec_section_1\" class=\"a-keyvalue prodDetTable\" role=\"presentation\" style=\"border-collapse: collapse;border-spacing: 0px;background-color: transparent;width: 808px;max-width: 100%;margin-bottom: 29px\">\n<tbody>\n<tr>\n<th class=\"a-color-secondary a-size-base prodDetSectionEntry\" style=\"padding: 8px;text-align: left;line-height: 1.85;vertical-align: top\">Marque<\/th>\n<td class=\"a-size-base prodDetAttrValue\" style=\"padding: 8px;line-height: 1.85;vertical-align: top\">\u200eHP<\/td>\n<\/tr>\n<tr>\n<th class=\"a-color-secondary a-size-base prodDetSectionEntry\" style=\"padding: 8px;text-align: left;line-height: 1.85;vertical-align: top\">Num\u00e9ro du mod\u00e8le de l\u2019article<\/th>\n<td class=\"a-size-base prodDetAttrValue\" style=\"padding: 8px;line-height: 1.85;vertical-align: top\">\u200e2710<\/td>\n<\/tr>\n<tr>\n<th class=\"a-color-secondary a-size-base prodDetSectionEntry\" style=\"padding: 8px;text-align: left;line-height: 1.85;vertical-align: top\">Couleur<\/th>\n<td class=\"a-size-base prodDetAttrValue\" style=\"padding: 8px;line-height: 1.85;vertical-align: top\">\u200eBlanc<\/td>\n<\/tr>\n<tr>\n<th class=\"a-color-secondary a-size-base prodDetSectionEntry\" style=\"padding: 8px;text-align: left;line-height: 1.85;vertical-align: top\">Type de connectivit\u00e9<\/th>\n<td class=\"a-size-base prodDetAttrValue\" style=\"padding: 8px;line-height: 1.85;vertical-align: top\">\u200eWi-Fi<\/td>\n<\/tr>\n<tr>\n<th class=\"a-color-secondary a-size-base prodDetSectionEntry\" style=\"padding: 8px;text-align: left;line-height: 1.85;vertical-align: top\">Interface du mat\u00e9riel informatique<\/th>\n<td class=\"a-size-base prodDetAttrValue\" style=\"padding: 8px;line-height: 1.85;vertical-align: top\">\u200eUSB<\/td>\n<\/tr>\n<tr>\n<th class=\"a-color-secondary a-size-base prodDetSectionEntry\" style=\"padding: 8px;text-align: left;line-height: 1.85;vertical-align: top\">Type de connecteur<\/th>\n<td class=\"a-size-base prodDetAttrValue\" style=\"padding: 8px;line-height: 1.85;vertical-align: top\">\u200eWi-Fi, USB<\/td>\n<\/tr>\n<tr>\n<th class=\"a-color-secondary a-size-base prodDetSectionEntry\" style=\"padding: 8px;text-align: left;line-height: 1.85;vertical-align: top\">Compatibilit\u00e9 du p\u00e9riph\u00e9rique<\/th>\n<td class=\"a-size-base prodDetAttrValue\" style=\"padding: 8px;line-height: 1.85;vertical-align: top\">\u200eOrdinateur<\/td>\n<\/tr>\n<tr>\n<th class=\"a-color-secondary a-size-base prodDetSectionEntry\" style=\"padding: 8px;text-align: left;line-height: 1.85;vertical-align: top\">Dimensions de l\u2019article L x L x H<\/th>\n<td class=\"a-size-base prodDetAttrValue\" style=\"padding: 8px;line-height: 1.85;vertical-align: top\">\u200e30.4 x 42.5 x 15.4 centim\u00e8tres<\/td>\n<\/tr>\n<tr>\n<th class=\"a-color-secondary a-size-base prodDetSectionEntry\" style=\"padding: 8px;text-align: left;line-height: 1.85;vertical-align: top\">Poids du produit<\/th>\n<td class=\"a-size-base prodDetAttrValue\" style=\"padding: 8px;line-height: 1.85;vertical-align: top\">\u200e4.5 Kilogrammes<\/td>\n<\/tr>\n<tr>\n<th class=\"a-color-secondary a-size-base prodDetSectionEntry\" style=\"padding: 8px;text-align: left;line-height: 1.85;vertical-align: top\">Divers<\/th>\n<td class=\"a-size-base prodDetAttrValue\" style=\"padding: 8px;line-height: 1.85;vertical-align: top\">\u200eImpression, num\u00e9risation, photocopie, Wi-Fi, A4, HP Smart<\/td>\n<\/tr>\n<tr>\n<th class=\"a-color-secondary a-size-base prodDetSectionEntry\" style=\"padding: 8px;text-align: left;line-height: 1.85;vertical-align: top\">Disponibilit\u00e9 des pi\u00e8ces d\u00e9tach\u00e9es<\/th>\n<td class=\"a-size-base prodDetAttrValue\" style=\"padding: 8px;line-height: 1.85;vertical-align: top\">\u200eInformation indisponible sur les pi\u00e8ces d\u00e9tach\u00e9es<\/td>\n<\/tr>\n<\/tbody>\n<\/table>\n<\/div>\n<\/div>\n<\/div>\n","protected":false},"featured_media":3013,"comment_status":"open","ping_status":"closed","template":"","meta":{"_gspb_post_css":""},"store":[],"product_brand":[],"product_cat":[270,265],"product_tag":[],"class_list":{"0":"post-3014","1":"product","2":"type-product","3":"status-publish","4":"has-post-thumbnail","6":"product_cat-imprimantes","7":"product_cat-ordinateurimpirmante","9":"first","10":"instock","11":"shipping-taxable","12":"purchasable","13":"product-type-simple"},"_links":{"self":[{"href":"https:\/\/bimba.sn\/index.php?rest_route=\/wp\/v2\/product\/3014","targetHints":{"allow":["GET"]}}],"collection":[{"href":"https:\/\/bimba.sn\/index.php?rest_route=\/wp\/v2\/product"}],"about":[{"href":"https:\/\/bimba.sn\/index.php?rest_route=\/wp\/v2\/types\/product"}],"replies":[{"embeddable":true,"href":"https:\/\/bimba.sn\/index.php?rest_route=%2Fwp%2Fv2%2Fcomments&post=3014"}],"wp:featuredmedia":[{"embeddable":true,"href":"https:\/\/bimba.sn\/index.php?rest_route=\/wp\/v2\/media\/3013"}],"wp:attachment":[{"href":"https:\/\/bimba.sn\/index.php?rest_route=%2Fwp%2Fv2%2Fmedia&parent=3014"}],"wp:term":[{"taxonomy":"store","embeddable":true,"href":"https:\/\/bimba.sn\/index.php?rest_route=%2Fwp%2Fv2%2Fstore&post=3014"},{"taxonomy":"product_brand","embeddable":true,"href":"https:\/\/bimba.sn\/index.php?rest_route=%2Fwp%2Fv2%2Fproduct_brand&post=3014"},{"taxonomy":"product_cat","embeddable":true,"href":"https:\/\/bimba.sn\/index.php?rest_route=%2Fwp%2Fv2%2Fproduct_cat&post=3014"},{"taxonomy":"product_tag","embeddable":true,"href":"https:\/\/bimba.sn\/index.php?rest_route=%2Fwp%2Fv2%2Fproduct_tag&post=3014"}],"curies":[{"name":"wp","href":"https:\/\/api.w.org\/{rel}","templated":true}]}}