{"id":2998,"date":"2025-05-07T21:46:54","date_gmt":"2025-05-07T19:46:54","guid":{"rendered":"https:\/\/bimba.sn\/?product=hp-color-laser-150a"},"modified":"2025-05-07T21:46:54","modified_gmt":"2025-05-07T19:46:54","slug":"hp-color-laser-150a","status":"publish","type":"product","link":"https:\/\/bimba.sn\/?product=hp-color-laser-150a","title":{"rendered":"HP Color Laser 150a"},"content":{"rendered":"<p><span style=\"font-family: Yantramanav, sans-serif;font-size: 14px\">Cette imprimante laser vous offre une qualit\u00e9 exceptionnelle, page apr\u00e8s page. Gr\u00e2ce \u00e0 elle, produisez du texte net, des noirs \u00e9clatants et des graphiques aux couleurs nettes. Avec cette imprimante, plac\u00e9e au c\u0153ur de votre environnement productif ou de loisir, vous pouvez \u00eatre s\u00fbr de faire confiance \u00e0 de la mat\u00e9rielle haute performance \u00e0 un prix abordable. Travaillez efficacement avec une petite imprimante compacte c\u2019est possible. Voici donc l\u2019imprimante laser couleur la plus petite du monde. Profitez de ses vitesses d\u2019impression \u00e9tonnantes allant jusqu\u2019\u00e0 19\/4 ppm.<\/span><\/p>\n","protected":false},"excerpt":{"rendered":"<ul style=\"margin-top: 0px;margin-bottom: 14.5px;font-family: Yantramanav, sans-serif;font-size: 14px\">\n<li>Imprimante laser couleur<\/li>\n<li>Recto-verso manuel (support fourni)<\/li>\n<li>Conception compacte et faible encombrement<\/li>\n<li>Impression de qualit\u00e9\u00a0avec vitesse d\u2019impression de 18 ppm (noir) et 4 ppm (couleur)<\/li>\n<li>Volume de page mensuel recommand\u00e9 : jusqu\u2019\u00e0 20000 pages format A4<\/li>\n<li>Bac d\u2019alimentation : 150 feuilles<\/li>\n<li>Bac de sortie : 50 feuilles<\/li>\n<li>Formats de support pris en charge A4, A5, A6, B5 (JIS), Oficio 216 x 340<\/li>\n<li>Poids support\u00e9 : 60 \u00e0 220 g \/ m\u00b2<\/li>\n<li>Connectivit\u00e9 : Port USB 2.0 haute vitesse<\/li>\n<li>C\u00e2ble USB 2.0 non fourni<\/li>\n<li>Dimensions : 382 x 397,8 x 274,4 mm<\/li>\n<li>Poids : 10.04 kg<\/li>\n<\/ul>\n","protected":false},"featured_media":2997,"comment_status":"open","ping_status":"closed","template":"","meta":{"_gspb_post_css":""},"store":[],"product_brand":[],"product_cat":[270,265],"product_tag":[],"class_list":{"0":"post-2998","1":"product","2":"type-product","3":"status-publish","4":"has-post-thumbnail","6":"product_cat-imprimantes","7":"product_cat-ordinateurimpirmante","9":"first","10":"instock","11":"shipping-taxable","12":"purchasable","13":"product-type-simple"},"_links":{"self":[{"href":"https:\/\/bimba.sn\/index.php?rest_route=\/wp\/v2\/product\/2998","targetHints":{"allow":["GET"]}}],"collection":[{"href":"https:\/\/bimba.sn\/index.php?rest_route=\/wp\/v2\/product"}],"about":[{"href":"https:\/\/bimba.sn\/index.php?rest_route=\/wp\/v2\/types\/product"}],"replies":[{"embeddable":true,"href":"https:\/\/bimba.sn\/index.php?rest_route=%2Fwp%2Fv2%2Fcomments&post=2998"}],"wp:featuredmedia":[{"embeddable":true,"href":"https:\/\/bimba.sn\/index.php?rest_route=\/wp\/v2\/media\/2997"}],"wp:attachment":[{"href":"https:\/\/bimba.sn\/index.php?rest_route=%2Fwp%2Fv2%2Fmedia&parent=2998"}],"wp:term":[{"taxonomy":"store","embeddable":true,"href":"https:\/\/bimba.sn\/index.php?rest_route=%2Fwp%2Fv2%2Fstore&post=2998"},{"taxonomy":"product_brand","embeddable":true,"href":"https:\/\/bimba.sn\/index.php?rest_route=%2Fwp%2Fv2%2Fproduct_brand&post=2998"},{"taxonomy":"product_cat","embeddable":true,"href":"https:\/\/bimba.sn\/index.php?rest_route=%2Fwp%2Fv2%2Fproduct_cat&post=2998"},{"taxonomy":"product_tag","embeddable":true,"href":"https:\/\/bimba.sn\/index.php?rest_route=%2Fwp%2Fv2%2Fproduct_tag&post=2998"}],"curies":[{"name":"wp","href":"https:\/\/api.w.org\/{rel}","templated":true}]}}