{"id":2994,"date":"2025-05-07T21:43:39","date_gmt":"2025-05-07T19:43:39","guid":{"rendered":"https:\/\/bimba.sn\/?product=epson-lx-350-imprimante"},"modified":"2025-05-07T21:43:40","modified_gmt":"2025-05-07T19:43:40","slug":"epson-lx-350-imprimante","status":"publish","type":"product","link":"https:\/\/bimba.sn\/?product=epson-lx-350-imprimante","title":{"rendered":"Epson LX-350 Imprimante"},"content":{"rendered":"<table width=\"0\" style=\"border-collapse: collapse;border-spacing: 0px;width: 808px;max-width: 100%;margin-bottom: 29px;font-family: Yantramanav, sans-serif;font-size: 14px\">\n<tbody>\n<tr>\n<td width=\"218\" style=\"padding: 8px;line-height: 1.85;vertical-align: top\">Marque<\/td>\n<td style=\"padding: 8px;line-height: 1.85;vertical-align: top\">\u200eEpson<\/td>\n<\/tr>\n<tr>\n<td width=\"218\" style=\"padding: 8px;line-height: 1.85;vertical-align: top\">Num\u00e9ro du mod\u00e8le de l\u2019article<\/td>\n<td style=\"padding: 8px;line-height: 1.85;vertical-align: top\">\u200eDR000103<\/td>\n<\/tr>\n<tr>\n<td width=\"218\" style=\"padding: 8px;line-height: 1.85;vertical-align: top\">Couleur<\/td>\n<td style=\"padding: 8px;line-height: 1.85;vertical-align: top\">\u200eGris<\/td>\n<\/tr>\n<tr>\n<td width=\"218\" style=\"padding: 8px;line-height: 1.85;vertical-align: top\">Garantie constructeur<\/td>\n<td style=\"padding: 8px;line-height: 1.85;vertical-align: top\">\u200eGarantie de deux ans.<\/td>\n<\/tr>\n<tr>\n<td width=\"218\" style=\"padding: 8px;line-height: 1.85;vertical-align: top\">Nombre de coeurs<\/td>\n<td style=\"padding: 8px;line-height: 1.85;vertical-align: top\">\u200e1<\/td>\n<\/tr>\n<tr>\n<td width=\"218\" style=\"padding: 8px;line-height: 1.85;vertical-align: top\">Type de connectivit\u00e9<\/td>\n<td style=\"padding: 8px;line-height: 1.85;vertical-align: top\">\u200eNone<\/td>\n<\/tr>\n<tr>\n<td width=\"218\" style=\"padding: 8px;line-height: 1.85;vertical-align: top\">Bluetooth<\/td>\n<td style=\"padding: 8px;line-height: 1.85;vertical-align: top\">\u200eNon<\/td>\n<\/tr>\n<tr>\n<td width=\"218\" style=\"padding: 8px;line-height: 1.85;vertical-align: top\">Interface du mat\u00e9riel informatique<\/td>\n<td style=\"padding: 8px;line-height: 1.85;vertical-align: top\">\u200eInterface s\u00e9rie<\/td>\n<\/tr>\n<tr>\n<td width=\"218\" style=\"padding: 8px;line-height: 1.85;vertical-align: top\">Nombre de ports USB 2.0<\/td>\n<td style=\"padding: 8px;line-height: 1.85;vertical-align: top\">\u200e1<\/td>\n<\/tr>\n<tr>\n<td width=\"218\" style=\"padding: 8px;line-height: 1.85;vertical-align: top\">Type de connecteur<\/td>\n<td style=\"padding: 8px;line-height: 1.85;vertical-align: top\">\u200eUSB<\/td>\n<\/tr>\n<tr>\n<td width=\"218\" style=\"padding: 8px;line-height: 1.85;vertical-align: top\">Dimensions de l\u2019article L x L x H<\/td>\n<td style=\"padding: 8px;line-height: 1.85;vertical-align: top\">\u200e34.8 x 4.1 x 27.5 centim\u00e8tres<\/td>\n<\/tr>\n<tr>\n<td width=\"218\" style=\"padding: 8px;line-height: 1.85;vertical-align: top\">Poids du produit<\/td>\n<td style=\"padding: 8px;line-height: 1.85;vertical-align: top\">\u200e4.1 Kilogrammes<\/td>\n<\/tr>\n<tr>\n<td width=\"218\" style=\"padding: 8px;line-height: 1.85;vertical-align: top\">Disponibilit\u00e9 des pi\u00e8ces d\u00e9tach\u00e9es<\/td>\n<td style=\"padding: 8px;line-height: 1.85;vertical-align: top\">\u200eInformation indisponible sur les pi\u00e8ces d\u00e9tach\u00e9es<\/td>\n<\/tr>\n<\/tbody>\n<\/table>\n","protected":false},"excerpt":{"rendered":"<ul style=\"margin-top: 0px;margin-bottom: 14.5px;font-family: Yantramanav, sans-serif;font-size: 14px\">\n<li>Grande fiabilit\u00e9: Tps moy. de bon fonctionnem. sans intervent. de 10000h<\/li>\n<li>\u00c9conomies d\u2019\u00e9nergie: 1,1 W en veille, 27 W en impression<\/li>\n<li>\u00c9conomique: Autonomie du ruban de 4 millions de caract\u00e8res<\/li>\n<li>Int\u00e9gration simplifi\u00e9e: Interfaces Parall\u00e8le, S\u00e9rie et USB<\/li>\n<li>Conception compacte: Facile \u00e0 placer sur un bure<\/li>\n<\/ul>\n","protected":false},"featured_media":2991,"comment_status":"open","ping_status":"closed","template":"","meta":{"_gspb_post_css":""},"store":[],"product_brand":[],"product_cat":[270,265],"product_tag":[],"class_list":{"0":"post-2994","1":"product","2":"type-product","3":"status-publish","4":"has-post-thumbnail","6":"product_cat-imprimantes","7":"product_cat-ordinateurimpirmante","9":"first","10":"instock","11":"shipping-taxable","12":"purchasable","13":"product-type-simple"},"_links":{"self":[{"href":"https:\/\/bimba.sn\/index.php?rest_route=\/wp\/v2\/product\/2994","targetHints":{"allow":["GET"]}}],"collection":[{"href":"https:\/\/bimba.sn\/index.php?rest_route=\/wp\/v2\/product"}],"about":[{"href":"https:\/\/bimba.sn\/index.php?rest_route=\/wp\/v2\/types\/product"}],"replies":[{"embeddable":true,"href":"https:\/\/bimba.sn\/index.php?rest_route=%2Fwp%2Fv2%2Fcomments&post=2994"}],"wp:featuredmedia":[{"embeddable":true,"href":"https:\/\/bimba.sn\/index.php?rest_route=\/wp\/v2\/media\/2991"}],"wp:attachment":[{"href":"https:\/\/bimba.sn\/index.php?rest_route=%2Fwp%2Fv2%2Fmedia&parent=2994"}],"wp:term":[{"taxonomy":"store","embeddable":true,"href":"https:\/\/bimba.sn\/index.php?rest_route=%2Fwp%2Fv2%2Fstore&post=2994"},{"taxonomy":"product_brand","embeddable":true,"href":"https:\/\/bimba.sn\/index.php?rest_route=%2Fwp%2Fv2%2Fproduct_brand&post=2994"},{"taxonomy":"product_cat","embeddable":true,"href":"https:\/\/bimba.sn\/index.php?rest_route=%2Fwp%2Fv2%2Fproduct_cat&post=2994"},{"taxonomy":"product_tag","embeddable":true,"href":"https:\/\/bimba.sn\/index.php?rest_route=%2Fwp%2Fv2%2Fproduct_tag&post=2994"}],"curies":[{"name":"wp","href":"https:\/\/api.w.org\/{rel}","templated":true}]}}