{"id":2989,"date":"2025-05-07T21:38:42","date_gmt":"2025-05-07T19:38:42","guid":{"rendered":"https:\/\/bimba.sn\/?product=epson-imprimante-multifonction-couleur-l3150"},"modified":"2025-05-07T21:39:19","modified_gmt":"2025-05-07T19:39:19","slug":"epson-imprimante-multifonction-couleur-l3150","status":"publish","type":"product","link":"https:\/\/bimba.sn\/?product=epson-imprimante-multifonction-couleur-l3150","title":{"rendered":"EPSON IMPRIMANTE MULTIFONCTION COULEUR L3150"},"content":{"rendered":"<table class=\"table-data-sheet mce-item-table\" style=\"border-collapse: collapse;border-spacing: 0px;width: 808px;max-width: 100%;margin-bottom: 29px;font-family: Yantramanav, sans-serif;font-size: 14px\" data-mce-style=\"border-collapse: collapse; border-spacing: 0px; width: 808px; max-width: 100%; margin-bottom: 29px; font-family: Yantramanav, sans-serif; font-size: 14px;\">\n<tbody>\n<tr class=\"odd\">\n<td style=\"padding: 8px;line-height: 1.85;vertical-align: top\" data-mce-style=\"padding: 8px; line-height: 1.85; vertical-align: top;\">Consommables fournis avec l\u2019imprimante<\/td>\n<td style=\"padding: 8px;line-height: 1.85;vertical-align: top\" data-mce-style=\"padding: 8px; line-height: 1.85; vertical-align: top;\">Livr\u00e9e avec encre noire jusqu\u2019\u00e0 8100 pages et 6500 pages en couleur<\/td>\n<\/tr>\n<tr class=\"even\">\n<td style=\"padding: 8px;line-height: 1.85;vertical-align: top\" data-mce-style=\"padding: 8px; line-height: 1.85; vertical-align: top;\">Fonctions<\/td>\n<td style=\"padding: 8px;line-height: 1.85;vertical-align: top\" data-mce-style=\"padding: 8px; line-height: 1.85; vertical-align: top;\">Impression, copie et num\u00e9risation<\/td>\n<\/tr>\n<tr class=\"odd\">\n<td style=\"padding: 8px;line-height: 1.85;vertical-align: top\" data-mce-style=\"padding: 8px; line-height: 1.85; vertical-align: top;\">Technologie d\u2019impression<\/td>\n<td style=\"padding: 8px;line-height: 1.85;vertical-align: top\" data-mce-style=\"padding: 8px; line-height: 1.85; vertical-align: top;\">Jet d\u2019encre<\/td>\n<\/tr>\n<tr class=\"even\">\n<td style=\"padding: 8px;line-height: 1.85;vertical-align: top\" data-mce-style=\"padding: 8px; line-height: 1.85; vertical-align: top;\">Cartouches d\u2019impression<\/td>\n<td style=\"padding: 8px;line-height: 1.85;vertical-align: top\" data-mce-style=\"padding: 8px; line-height: 1.85; vertical-align: top;\">4 Cartouches (noire, cyan, magenta, jaune)<\/td>\n<\/tr>\n<tr class=\"odd\">\n<td style=\"padding: 8px;line-height: 1.85;vertical-align: top\" data-mce-style=\"padding: 8px; line-height: 1.85; vertical-align: top;\">Vitesse d\u2019impression noir<\/td>\n<td style=\"padding: 8px;line-height: 1.85;vertical-align: top\" data-mce-style=\"padding: 8px; line-height: 1.85; vertical-align: top;\">Jusqu\u2019\u00e0 33 ppm (papier ordinaire 75 g \/ m\u00b2)<\/td>\n<\/tr>\n<tr class=\"even\">\n<td style=\"padding: 8px;line-height: 1.85;vertical-align: top\" data-mce-style=\"padding: 8px; line-height: 1.85; vertical-align: top;\">Vitesse d\u2019impression couleur<\/td>\n<td style=\"padding: 8px;line-height: 1.85;vertical-align: top\" data-mce-style=\"padding: 8px; line-height: 1.85; vertical-align: top;\">Jusqu\u2019\u00e0 10 ppm (papier ordinaire 75 g \/ m\u00b2)<\/td>\n<\/tr>\n<tr class=\"odd\">\n<td style=\"padding: 8px;line-height: 1.85;vertical-align: top\" data-mce-style=\"padding: 8px; line-height: 1.85; vertical-align: top;\">Qualit\u00e9 d\u2019impression couleur<\/td>\n<td style=\"padding: 8px;line-height: 1.85;vertical-align: top\" data-mce-style=\"padding: 8px; line-height: 1.85; vertical-align: top;\">5760 x 1440 DPI (ppp)<\/td>\n<\/tr>\n<tr class=\"even\">\n<td style=\"padding: 8px;line-height: 1.85;vertical-align: top\" data-mce-style=\"padding: 8px; line-height: 1.85; vertical-align: top;\">\u00c9cran<\/td>\n<td style=\"padding: 8px;line-height: 1.85;vertical-align: top\" data-mce-style=\"padding: 8px; line-height: 1.85; vertical-align: top;\">Sans<\/td>\n<\/tr>\n<tr class=\"odd\">\n<td style=\"padding: 8px;line-height: 1.85;vertical-align: top\" data-mce-style=\"padding: 8px; line-height: 1.85; vertical-align: top;\">Connectivit\u00e9<\/td>\n<td style=\"padding: 8px;line-height: 1.85;vertical-align: top\" data-mce-style=\"padding: 8px; line-height: 1.85; vertical-align: top;\">1 Port USB 2.0<br \/>Wi-Fi<br \/>Wi-Fi Direct<\/td>\n<\/tr>\n<tr class=\"even\">\n<td style=\"padding: 8px;line-height: 1.85;vertical-align: top\" data-mce-style=\"padding: 8px; line-height: 1.85; vertical-align: top;\">Impression recto\/verso<\/td>\n<td style=\"padding: 8px;line-height: 1.85;vertical-align: top\" data-mce-style=\"padding: 8px; line-height: 1.85; vertical-align: top;\">Manuelle<\/td>\n<\/tr>\n<tr class=\"odd\">\n<td style=\"padding: 8px;line-height: 1.85;vertical-align: top\" data-mce-style=\"padding: 8px; line-height: 1.85; vertical-align: top;\">Formats de supports pris en charge<\/td>\n<td style=\"padding: 8px;line-height: 1.85;vertical-align: top\" data-mce-style=\"padding: 8px; line-height: 1.85; vertical-align: top;\">A4, A6, A5, B5, 10 x 15 cm, 13 x 18 cm, 16:9, DL (enveloppe), N\u00b0 10 (enveloppe), C6 (Enveloppe), Letter, D\u00e9fini par l\u2019utilisateur, Legal<\/td>\n<\/tr>\n<tr class=\"even\">\n<td style=\"padding: 8px;line-height: 1.85;vertical-align: top\" data-mce-style=\"padding: 8px; line-height: 1.85; vertical-align: top;\">Dimensions (l x p x h)<\/td>\n<td style=\"padding: 8px;line-height: 1.85;vertical-align: top\" data-mce-style=\"padding: 8px; line-height: 1.85; vertical-align: top;\">375\u200e x 347 x 179 mm (Largeur x Profondeur x Hauteur)<\/td>\n<\/tr>\n<tr class=\"odd\">\n<td style=\"padding: 8px;line-height: 1.85;vertical-align: top\" data-mce-style=\"padding: 8px; line-height: 1.85; vertical-align: top;\">Poids net<\/td>\n<td style=\"padding: 8px;line-height: 1.85;vertical-align: top\" data-mce-style=\"padding: 8px; line-height: 1.85; vertical-align: top;\">3,9 kg<\/td>\n<\/tr>\n<tr class=\"even\">\n<td style=\"padding: 8px;line-height: 1.85;vertical-align: top\" data-mce-style=\"padding: 8px; line-height: 1.85; vertical-align: top;\">Cartouches compatibles<\/td>\n<td style=\"padding: 8px;line-height: 1.85;vertical-align: top\" data-mce-style=\"padding: 8px; line-height: 1.85; vertical-align: top;\">Epson 103<\/td>\n<\/tr>\n<\/tbody>\n<\/table>\n","protected":false},"excerpt":{"rendered":"<ul class=\"a-unordered-list a-vertical a-spacing-mini\" style=\"margin-top: 0px;margin-bottom: 14.5px;font-family: Yantramanav, sans-serif;font-size: 14px\" data-mce-style=\"margin-top: 0px; margin-bottom: 14.5px; font-family: Yantramanav, sans-serif; font-size: 14px;\">\n<li><span class=\"a-list-item\">L\u2019EcoTank ET-L3105 est un multifonction jet d\u2019encre 3-en-1 qui peut \u00eatre utilis\u00e9 par toute la famille et permet de r\u00e9duire les co\u00fbts d\u2019impression.<\/span><\/li>\n<li><span class=\"a-list-item\">Fabriqu\u00e9 en:- Chine<\/span><\/li>\n<li><span class=\"a-list-item\">Contenu du paquet : 4 bouteilles d\u2019encre de 70 ml (Bk, C, Y, M), unit\u00e9 principale, c\u00e2ble d\u2019alimentation, guide d\u2019installation, logiciel (CD)<\/span><\/li>\n<li><span class=\"a-list-item\">Imprimez de n\u2019importe o\u00f9 : \u00e0 partir de smartphones, de tablettes et d\u2019ordinateurs portables ; la connectivit\u00e9 Wi-Fi et Wi-Fi Direct vous permet d\u2019envoyer des documents \u00e0 partir d\u2019appareils intelligents via l\u2019application Epson iPrint<\/span><\/li>\n<\/ul>\n","protected":false},"featured_media":2988,"comment_status":"open","ping_status":"closed","template":"","meta":{"_gspb_post_css":""},"store":[],"product_brand":[],"product_cat":[270,265],"product_tag":[],"class_list":{"0":"post-2989","1":"product","2":"type-product","3":"status-publish","4":"has-post-thumbnail","6":"product_cat-imprimantes","7":"product_cat-ordinateurimpirmante","9":"first","10":"instock","11":"shipping-taxable","12":"purchasable","13":"product-type-simple"},"_links":{"self":[{"href":"https:\/\/bimba.sn\/index.php?rest_route=\/wp\/v2\/product\/2989","targetHints":{"allow":["GET"]}}],"collection":[{"href":"https:\/\/bimba.sn\/index.php?rest_route=\/wp\/v2\/product"}],"about":[{"href":"https:\/\/bimba.sn\/index.php?rest_route=\/wp\/v2\/types\/product"}],"replies":[{"embeddable":true,"href":"https:\/\/bimba.sn\/index.php?rest_route=%2Fwp%2Fv2%2Fcomments&post=2989"}],"wp:featuredmedia":[{"embeddable":true,"href":"https:\/\/bimba.sn\/index.php?rest_route=\/wp\/v2\/media\/2988"}],"wp:attachment":[{"href":"https:\/\/bimba.sn\/index.php?rest_route=%2Fwp%2Fv2%2Fmedia&parent=2989"}],"wp:term":[{"taxonomy":"store","embeddable":true,"href":"https:\/\/bimba.sn\/index.php?rest_route=%2Fwp%2Fv2%2Fstore&post=2989"},{"taxonomy":"product_brand","embeddable":true,"href":"https:\/\/bimba.sn\/index.php?rest_route=%2Fwp%2Fv2%2Fproduct_brand&post=2989"},{"taxonomy":"product_cat","embeddable":true,"href":"https:\/\/bimba.sn\/index.php?rest_route=%2Fwp%2Fv2%2Fproduct_cat&post=2989"},{"taxonomy":"product_tag","embeddable":true,"href":"https:\/\/bimba.sn\/index.php?rest_route=%2Fwp%2Fv2%2Fproduct_tag&post=2989"}],"curies":[{"name":"wp","href":"https:\/\/api.w.org\/{rel}","templated":true}]}}