{"id":2981,"date":"2025-05-07T20:55:20","date_gmt":"2025-05-07T18:55:20","guid":{"rendered":"https:\/\/bimba.sn\/?product=lenovo-thinkbook-14-g6-irl"},"modified":"2025-05-07T20:55:20","modified_gmt":"2025-05-07T18:55:20","slug":"lenovo-thinkbook-14-g6-irl","status":"publish","type":"product","link":"https:\/\/bimba.sn\/?product=lenovo-thinkbook-14-g6-irl","title":{"rendered":"Lenovo ThinkBook 14 G6 IRL"},"content":{"rendered":"<ul>\n<li class=\"ql-align-justify\" style=\"background-repeat: no-repeat;padding: 0px;margin: 0px\">Processeur Intel Core i5-1335U\u00a0(6 Performance-Cores 5 GHz Turbo + 8 Efficient-Cores 3.7 GHz Turbo &#8211; 20 Threads &#8211; Cache 24 Mo)<\/li>\n<li class=\"ql-align-justify\" style=\"background-repeat: no-repeat;padding: 0px;margin: 0px\">8 Go de m\u00e9moire DDR5 5200 MHz (8 Go + 1 slot libre &#8211; maximum 64 Go)<\/li>\n<li class=\"ql-align-justify\" style=\"background-repeat: no-repeat;padding: 0px;margin: 0px\">\u00c9cran de 14&Prime; au format 16\/10 avec r\u00e9solution Full HD+<\/li>\n<li class=\"ql-align-justify\" style=\"background-repeat: no-repeat;padding: 0px;margin: 0px\">SSD M.2 PCIe de 512 Go (2242)\u00a0+ 1 slot libre pour SSD M.2 (2280)<\/li>\n<li class=\"ql-align-justify\" style=\"background-repeat: no-repeat;padding: 0px;margin: 0px\">Communication sans fil\u00a0Wi-Fi 6\u00a0+\u00a0Bluetooth 5.1<\/li>\n<li class=\"ql-align-justify\" style=\"background-repeat: no-repeat;padding: 0px;margin: 0px\">Clavier \u00e0 touches r\u00e9tro\u00e9clair\u00e9es<\/li>\n<li class=\"ql-align-justify\" style=\"background-repeat: no-repeat;padding: 0px;margin: 0px\">S\u00e9curit\u00e9 : TPM 2.0 (Firmware) et lecteur d&#8217;empreinte digitale<\/li>\n<li class=\"ql-align-justify\" style=\"background-repeat: no-repeat;padding: 0px;margin: 0px\">Webcam IR FHD 1080p avec cache int\u00e9gr\u00e9<\/li>\n<li class=\"ql-align-justify\" style=\"background-repeat: no-repeat;padding: 0px;margin: 0px\">Windows 11 Professionnel<\/li>\n<\/ul>\n","protected":false},"excerpt":{"rendered":"<h1><span style=\"font-size: 14px;background-repeat: no-repeat;padding: 0px;margin: 0px;font-weight: bolder\">ThinkBook 14 G6 IRL \/ Intel Core i5-1335U, 10C (2P + 8E) \/ 12T, P-core 1.3 \/ 4.6GHz, E-core 0.9 \/ 3.4GHz, 12 MB \/ Intel Iris Xe Graphics \/ 8GB \/ 512 GB \/ 14 WUXGA (1920&#215;1200) IPS 300nits Anti-glare, 45% NTSC, Non-backlit FR KB \/ Artic Grey \/ Wi-Fi 6<\/span><\/h1>\n","protected":false},"featured_media":2977,"comment_status":"open","ping_status":"closed","template":"","meta":{"_gspb_post_css":""},"store":[],"product_brand":[],"product_cat":[271,265],"product_tag":[],"class_list":{"0":"post-2981","1":"product","2":"type-product","3":"status-publish","4":"has-post-thumbnail","6":"product_cat-ordinateurs","7":"product_cat-ordinateurimpirmante","9":"first","10":"instock","11":"shipping-taxable","12":"purchasable","13":"product-type-simple"},"_links":{"self":[{"href":"https:\/\/bimba.sn\/index.php?rest_route=\/wp\/v2\/product\/2981","targetHints":{"allow":["GET"]}}],"collection":[{"href":"https:\/\/bimba.sn\/index.php?rest_route=\/wp\/v2\/product"}],"about":[{"href":"https:\/\/bimba.sn\/index.php?rest_route=\/wp\/v2\/types\/product"}],"replies":[{"embeddable":true,"href":"https:\/\/bimba.sn\/index.php?rest_route=%2Fwp%2Fv2%2Fcomments&post=2981"}],"wp:featuredmedia":[{"embeddable":true,"href":"https:\/\/bimba.sn\/index.php?rest_route=\/wp\/v2\/media\/2977"}],"wp:attachment":[{"href":"https:\/\/bimba.sn\/index.php?rest_route=%2Fwp%2Fv2%2Fmedia&parent=2981"}],"wp:term":[{"taxonomy":"store","embeddable":true,"href":"https:\/\/bimba.sn\/index.php?rest_route=%2Fwp%2Fv2%2Fstore&post=2981"},{"taxonomy":"product_brand","embeddable":true,"href":"https:\/\/bimba.sn\/index.php?rest_route=%2Fwp%2Fv2%2Fproduct_brand&post=2981"},{"taxonomy":"product_cat","embeddable":true,"href":"https:\/\/bimba.sn\/index.php?rest_route=%2Fwp%2Fv2%2Fproduct_cat&post=2981"},{"taxonomy":"product_tag","embeddable":true,"href":"https:\/\/bimba.sn\/index.php?rest_route=%2Fwp%2Fv2%2Fproduct_tag&post=2981"}],"curies":[{"name":"wp","href":"https:\/\/api.w.org\/{rel}","templated":true}]}}