{"id":2966,"date":"2025-05-07T18:52:25","date_gmt":"2025-05-07T16:52:25","guid":{"rendered":"https:\/\/bimba.sn\/?product=refrigerateur-astech-fc-304vd-4t-black-gray"},"modified":"2025-05-07T18:52:25","modified_gmt":"2025-05-07T16:52:25","slug":"refrigerateur-astech-fc-304vd-4t-black-gray","status":"publish","type":"product","link":"https:\/\/bimba.sn\/?product=refrigerateur-astech-fc-304vd-4t-black-gray","title":{"rendered":"REFRIGERATEUR ASTECH FC-304VD 4T BLACK-GRAY"},"content":{"rendered":"<p><br data-mce-bogus=\"1\"><\/p>\n","protected":false},"excerpt":{"rendered":"<p><span style=\"font-family: Roboto, sans-serif\">R\u00e9frig\u00e9rateur ASTECH FC-304VD Combin\u00e9 4 Tiroirs ,2 portes Volume de R\u00e9frig\u00e9rateur : 160L Volume de Cong\u00e9lateur : 109L Volume total : 269 litre Classe : A+ Longeur : 53cm Hauteur : 175cm Profondeur : 57cm<\/span><br data-mce-bogus=\"1\"><\/p>\n","protected":false},"featured_media":2965,"comment_status":"open","ping_status":"closed","template":"","meta":{"_gspb_post_css":""},"store":[],"product_brand":[],"product_cat":[198],"product_tag":[],"class_list":{"0":"post-2966","1":"product","2":"type-product","3":"status-publish","4":"has-post-thumbnail","6":"product_cat-electromenager","8":"first","9":"instock","10":"sale","11":"shipping-taxable","12":"purchasable","13":"product-type-simple"},"_links":{"self":[{"href":"https:\/\/bimba.sn\/index.php?rest_route=\/wp\/v2\/product\/2966","targetHints":{"allow":["GET"]}}],"collection":[{"href":"https:\/\/bimba.sn\/index.php?rest_route=\/wp\/v2\/product"}],"about":[{"href":"https:\/\/bimba.sn\/index.php?rest_route=\/wp\/v2\/types\/product"}],"replies":[{"embeddable":true,"href":"https:\/\/bimba.sn\/index.php?rest_route=%2Fwp%2Fv2%2Fcomments&post=2966"}],"wp:featuredmedia":[{"embeddable":true,"href":"https:\/\/bimba.sn\/index.php?rest_route=\/wp\/v2\/media\/2965"}],"wp:attachment":[{"href":"https:\/\/bimba.sn\/index.php?rest_route=%2Fwp%2Fv2%2Fmedia&parent=2966"}],"wp:term":[{"taxonomy":"store","embeddable":true,"href":"https:\/\/bimba.sn\/index.php?rest_route=%2Fwp%2Fv2%2Fstore&post=2966"},{"taxonomy":"product_brand","embeddable":true,"href":"https:\/\/bimba.sn\/index.php?rest_route=%2Fwp%2Fv2%2Fproduct_brand&post=2966"},{"taxonomy":"product_cat","embeddable":true,"href":"https:\/\/bimba.sn\/index.php?rest_route=%2Fwp%2Fv2%2Fproduct_cat&post=2966"},{"taxonomy":"product_tag","embeddable":true,"href":"https:\/\/bimba.sn\/index.php?rest_route=%2Fwp%2Fv2%2Fproduct_tag&post=2966"}],"curies":[{"name":"wp","href":"https:\/\/api.w.org\/{rel}","templated":true}]}}