{"id":2964,"date":"2025-05-07T18:45:55","date_gmt":"2025-05-07T16:45:55","guid":{"rendered":"https:\/\/bimba.sn\/?product=refrigerateur-astech-fc298fo-sg-4t-fontaine"},"modified":"2025-05-07T18:45:55","modified_gmt":"2025-05-07T16:45:55","slug":"refrigerateur-astech-fc298fo-sg-4t-fontaine","status":"publish","type":"product","link":"https:\/\/bimba.sn\/?product=refrigerateur-astech-fc298fo-sg-4t-fontaine","title":{"rendered":"REFRIGERATEUR ASTECH FC298FO-SG 4T + FONTAINE"},"content":{"rendered":"<p><br data-mce-bogus=\"1\"><\/p>\n","protected":false},"excerpt":{"rendered":"<div class=\"woocommerce-tabs wc-tabs-wrapper\" style=\"clear: both;padding-top: 100px\">\n<div class=\"woocommerce-Tabs-panel woocommerce-Tabs-panel--description panel entry-content wc-tab\" id=\"tab-description\" role=\"tabpanel\" aria-labelledby=\"tab-title-description\" style=\"margin: 0px 0px 2em;padding: 0px\">\n<p style=\"margin: 15px 0px;line-height: 1.66em\">Mod\u00e8le FC-298FO-SG<br \/>Marque ASTECH<br \/>R\u00e9f\u00e9rence FC-298F0-SG<br \/>Couleur Silver<br \/>Type de produit R\u00e9frig\u00e9rateur Combin\u00e9<br \/>Nombre de tiroirs 4<br \/>Caract\u00e9ristique Fontaine Classe A+<\/p>\n<p style=\"margin: 15px 0px;line-height: 1.66em\">Capacit\u00e9 253 litres<br \/>Dimensions Long 1m72\/Large 54cm Profondeur 55cm<\/p>\n<\/div>\n<\/div>\n<section class=\"related products\" style=\"margin-top: 130px\"><br class=\"Apple-interchange-newline\"><\/section>\n","protected":false},"featured_media":2963,"comment_status":"open","ping_status":"closed","template":"","meta":{"_gspb_post_css":""},"store":[],"product_brand":[],"product_cat":[198],"product_tag":[],"class_list":{"0":"post-2964","1":"product","2":"type-product","3":"status-publish","4":"has-post-thumbnail","6":"product_cat-electromenager","8":"first","9":"instock","10":"sale","11":"shipping-taxable","12":"purchasable","13":"product-type-simple"},"_links":{"self":[{"href":"https:\/\/bimba.sn\/index.php?rest_route=\/wp\/v2\/product\/2964","targetHints":{"allow":["GET"]}}],"collection":[{"href":"https:\/\/bimba.sn\/index.php?rest_route=\/wp\/v2\/product"}],"about":[{"href":"https:\/\/bimba.sn\/index.php?rest_route=\/wp\/v2\/types\/product"}],"replies":[{"embeddable":true,"href":"https:\/\/bimba.sn\/index.php?rest_route=%2Fwp%2Fv2%2Fcomments&post=2964"}],"wp:featuredmedia":[{"embeddable":true,"href":"https:\/\/bimba.sn\/index.php?rest_route=\/wp\/v2\/media\/2963"}],"wp:attachment":[{"href":"https:\/\/bimba.sn\/index.php?rest_route=%2Fwp%2Fv2%2Fmedia&parent=2964"}],"wp:term":[{"taxonomy":"store","embeddable":true,"href":"https:\/\/bimba.sn\/index.php?rest_route=%2Fwp%2Fv2%2Fstore&post=2964"},{"taxonomy":"product_brand","embeddable":true,"href":"https:\/\/bimba.sn\/index.php?rest_route=%2Fwp%2Fv2%2Fproduct_brand&post=2964"},{"taxonomy":"product_cat","embeddable":true,"href":"https:\/\/bimba.sn\/index.php?rest_route=%2Fwp%2Fv2%2Fproduct_cat&post=2964"},{"taxonomy":"product_tag","embeddable":true,"href":"https:\/\/bimba.sn\/index.php?rest_route=%2Fwp%2Fv2%2Fproduct_tag&post=2964"}],"curies":[{"name":"wp","href":"https:\/\/api.w.org\/{rel}","templated":true}]}}