{"id":2945,"date":"2025-05-07T15:49:35","date_gmt":"2025-05-07T13:49:35","guid":{"rendered":"https:\/\/bimba.sn\/?product=canon-photocopieur-imagerunner-2224-multifonctions-laser-a3"},"modified":"2025-05-07T15:49:35","modified_gmt":"2025-05-07T13:49:35","slug":"canon-photocopieur-imagerunner-2224-multifonctions-laser-a3","status":"publish","type":"product","link":"https:\/\/bimba.sn\/?product=canon-photocopieur-imagerunner-2224-multifonctions-laser-a3","title":{"rendered":"Canon Photocopieur ImageRunner 2224 Multifonctions Laser A3"},"content":{"rendered":"<ul class=\"product-specification-detail__list canon-mb-xm\" style=\"margin-top: 0px;margin-bottom: 14.5px;font-family: Yantramanav, sans-serif;font-size: 14px\">\n<li class=\"product-specification-detail__list-line canon-mb-xxs\">\n<div class=\"product-specification-detail__list-key canon-paragraph--big\">Type d\u2019appareil<\/div>\n<div class=\"product-specification-detail__value-wrapper\">\n<div class=\"product-specification-detail__list-value canon-paragraph--big\">Multifonction laser monochrome A3<\/div>\n<\/div>\n<\/li>\n<li class=\"product-specification-detail__list-line canon-mb-xxs\">\n<div class=\"product-specification-detail__list-key canon-paragraph--big\">Fonctions principales<\/div>\n<div class=\"product-specification-detail__value-wrapper\">\n<div class=\"product-specification-detail__list-value canon-paragraph--big\">Impression, copie, num\u00e9risation, envoi et t\u00e9l\u00e9copie<\/div>\n<\/div>\n<\/li>\n<li class=\"product-specification-detail__list-line canon-mb-xxs\">\n<div class=\"product-specification-detail__list-key canon-paragraph--big\">Vitesse du processeur<\/div>\n<div class=\"product-specification-detail__value-wrapper\">\n<div class=\"product-specification-detail__list-value canon-paragraph--big\">Processeur double c\u0153ur 1,6GHz<\/div>\n<\/div>\n<\/li>\n<li class=\"product-specification-detail__list-line canon-mb-xxs\">\n<div class=\"product-specification-detail__list-key canon-paragraph--big\">M\u00e9moire<\/div>\n<div class=\"product-specification-detail__value-wrapper\">\n<div class=\"product-specification-detail__list-value canon-paragraph--big\">Standard\u00a0: 1\u00a0Go de RAM<\/div>\n<\/div>\n<\/li>\n<li class=\"product-specification-detail__list-line canon-mb-xxs\">\n<div class=\"product-specification-detail__list-key canon-paragraph--big\">Stockage<\/div>\n<div class=\"product-specification-detail__value-wrapper\">\n<div class=\"product-specification-detail__list-value canon-paragraph--big\">Standard\u00a0: eMMC de 2\u00a0Go<\/div>\n<\/div>\n<\/li>\n<li class=\"product-specification-detail__list-line canon-mb-xxs\">\n<div class=\"product-specification-detail__list-key canon-paragraph--big\">Connexion d\u2019interface<\/div>\n<div class=\"product-specification-detail__value-wrapper\">\n<div class=\"product-specification-detail__list-value canon-paragraph--big\">Standard\u00a0: 1\u00a0port USB\u00a02.0 (p\u00e9riph\u00e9rique)<\/div>\n<\/div>\n<\/li>\n<li class=\"product-specification-detail__list-line canon-mb-xxs\">\n<div class=\"product-specification-detail__list-key canon-paragraph--big\">Capacit\u00e9 d\u2019alimentation papier (A4, 80\u00a0g\/m\u00b2)<\/div>\n<div class=\"product-specification-detail__value-wrapper\">\n<div class=\"product-specification-detail__list-value canon-paragraph--big\">Standard\u00a0: 350\u00a0feuilles<br \/>Maximum\u00a0: 600\u00a0feuilles (avec module de chargement de cassettes\u00a0AK1)<\/div>\n<\/div>\n<\/li>\n<li class=\"product-specification-detail__list-line canon-mb-xxs\">\n<div class=\"product-specification-detail__list-key canon-paragraph--big\">Capacit\u00e9 de sortie papier (A4, 80\u00a0g\/m\u00b2)<\/div>\n<div class=\"product-specification-detail__value-wrapper\">\n<div class=\"product-specification-detail__list-value canon-paragraph--big\">Standard\u00a0: 250\u00a0feuilles<br \/>Maximum\u00a0: 250\u00a0feuilles<\/div>\n<\/div>\n<\/li>\n<li class=\"product-specification-detail__list-line canon-mb-xxs\">\n<div class=\"product-specification-detail__list-key canon-paragraph--big\">Options de finition<\/div>\n<div class=\"product-specification-detail__value-wrapper\">\n<div class=\"product-specification-detail__list-value canon-paragraph--big\">Assemblage, groupage<\/div>\n<\/div>\n<\/li>\n<li class=\"product-specification-detail__list-line canon-mb-xxs\">\n<div class=\"product-specification-detail__list-key canon-paragraph--big\">Supports pris en charge<\/div>\n<div class=\"product-specification-detail__value-wrapper\">\n<div class=\"product-specification-detail__list-value canon-paragraph--big\">Bac multifonction\u00a0:<br \/>Fin, ordinaire, recycl\u00e9, \u00e9pais, couleur, bond, transparent, \u00e9tiquette, pr\u00e9-perfor\u00e9, enveloppe Cassette papier :<br \/>Ordinaire, recycl\u00e9, couleur, pr\u00e9-perfor\u00e9<\/div>\n<\/div>\n<\/li>\n<li class=\"product-specification-detail__list-line canon-mb-xxs\">\n<div class=\"product-specification-detail__list-key canon-paragraph--big\">Formats de supports pris en charge<\/div>\n<div class=\"product-specification-detail__value-wrapper\">\n<div class=\"product-specification-detail__list-value canon-paragraph--big\">Plateau multifonction\u00a0:<br \/>A3, A4, A4R, A5, A5R, B4, B5, B5R,<br \/>Enveloppe (COM10, Monarch, DL, ISO-C5)<br \/>Format personnalis\u00e9\u00a0: de 95\u00a0\u00d7\u00a0148\u00a0mm \u00e0 297\u00a0\u00d7\u00a0431,8\u00a0mmCassette papier\u00a0:<br \/>Format standard\u00a0: A3, A4, A4R, A5R, B4, B5, B5R<\/div>\n<\/div>\n<\/li>\n<li class=\"product-specification-detail__list-line canon-mb-xxs\">\n<div class=\"product-specification-detail__list-key canon-paragraph--big\">Grammages pris en charge<\/div>\n<div class=\"product-specification-detail__value-wrapper\">\n<div class=\"product-specification-detail__list-value canon-paragraph--big\">Bac multifonctions\u00a0: 60 \u00e0 157\u00a0g\/m\u00b2<br \/>Cassettes papier\u00a0: 64\u00a0\u00e0 90\u00a0g\/m\u00b2<\/div>\n<\/div>\n<\/li>\n<li class=\"product-specification-detail__list-line canon-mb-xxs\">\n<div class=\"product-specification-detail__list-key canon-paragraph--big\">Temps de pr\u00e9chauffage<\/div>\n<div class=\"product-specification-detail__value-wrapper\">\n<div class=\"product-specification-detail__list-value canon-paragraph--big\">\n<p style=\"margin: 0px 0px 14.5px\">\u00c0 la mise en route\u00a0: 13\u00a0secondes ou moins*<\/p>\n<p style=\"margin: 0px 0px 14.5px\">*\u00a0Temps de mise sous tension du p\u00e9riph\u00e9rique, jusqu\u2019\u00e0 ce qu\u2019il soit pr\u00eat pour la copie (hors r\u00e9servation d\u2019impression)<\/p>\n<p style=\"margin: 0px 0px 14.5px\">Mode de d\u00e9marrage rapide\u00a0: N\/A<\/p>\n<p style=\"margin: 0px 0px 14.5px\">\u00c0 partir du mode veille\u00a0: 4,3\u00a0secondes ou moins<\/p>\n<\/div>\n<\/div>\n<\/li>\n<li class=\"product-specification-detail__list-line canon-mb-xxs\">\n<div class=\"product-specification-detail__list-key canon-paragraph--big\">Dimensions (L\u00a0\u00d7\u00a0P\u00a0\u00d7\u00a0H)<\/div>\n<div class=\"product-specification-detail__value-wrapper\">\n<div class=\"product-specification-detail__list-value canon-paragraph--big\">627\u00a0\u00d7\u00a0589\u00a0\u00d7\u00a0502\u00a0mm<\/div>\n<\/div>\n<\/li>\n<li class=\"product-specification-detail__list-line canon-mb-xxs\">\n<div class=\"product-specification-detail__list-key canon-paragraph--big\">Espace requis pour l\u2019installation (L\u00a0\u00d7\u00a0P)<\/div>\n<div class=\"product-specification-detail__value-wrapper\">\n<div class=\"product-specification-detail__list-value canon-paragraph--big\">1065\u00a0\u00d7\u00a01285\u00a0mm<\/div>\n<\/div>\n<\/li>\n<li class=\"product-specification-detail__list-line canon-mb-xxs\">\n<div class=\"product-specification-detail__list-key canon-paragraph--big\">Poids<\/div>\n<div class=\"product-specification-detail__value-wrapper\">\n<div class=\"product-specification-detail__list-value canon-paragraph--big\">Env. 32,3 kg (toner compris)<\/div>\n<div>\n<h3 class=\"product-specification-detail__sub-title canon-section-title--small canon-mb-s\" style=\"font-family: Poppins, sans-serif;font-weight: 400;line-height: 1.4;margin-top: 29px;margin-bottom: 14.5px;font-size: 28px\">Sp\u00e9cifications d\u2019impression : Photocopieur canon IR 2224<\/h3>\n<ul class=\"product-specification-detail__list canon-mb-xm\" style=\"margin-top: 0px;margin-bottom: 0px\">\n<li class=\"product-specification-detail__list-line canon-mb-xxs\">\n<div class=\"product-specification-detail__list-key canon-paragraph--big\">\n<ul class=\"product-specification-detail__list canon-mb-xm\" style=\"margin-top: 0px;margin-bottom: 0px\">\n<li class=\"product-specification-detail__list-line canon-mb-xxs\">\n<div class=\"product-specification-detail__list-key canon-paragraph--big\">Vitesse d\u2019impression<\/div>\n<div class=\"product-specification-detail__value-wrapper\">\n<div class=\"product-specification-detail__list-value canon-paragraph--big\">Recto\u00a0: jusqu\u2019\u00e0 24\u00a0ppm (A4), jusqu\u2019\u00e0 12\u00a0ppm (A3), jusqu\u2019\u00e0 11\u00a0ppm (A4R)<\/div>\n<\/div>\n<\/li>\n<li class=\"product-specification-detail__list-line canon-mb-xxs\">\n<div class=\"product-specification-detail__list-key canon-paragraph--big\">R\u00e9solution d\u2019impression (ppp)<\/div>\n<div class=\"product-specification-detail__value-wrapper\">\n<div class=\"product-specification-detail__list-value canon-paragraph--big\">Jusqu\u2019\u00e0 1200\u00a0\u00d7\u00a01200<\/div>\n<\/div>\n<\/li>\n<li class=\"product-specification-detail__list-line canon-mb-xxs\">\n<div class=\"product-specification-detail__list-key canon-paragraph--big\">Langages de description de pages<\/div>\n<div class=\"product-specification-detail__value-wrapper\">\n<div class=\"product-specification-detail__list-value canon-paragraph--big\">Standard\u00a0: UFRII<\/div>\n<\/div>\n<\/li>\n<li class=\"product-specification-detail__list-line canon-mb-xxs\">\n<div class=\"product-specification-detail__list-key canon-paragraph--big\">Impression recto verso<\/div>\n<div class=\"product-specification-detail__value-wrapper\">\n<div class=\"product-specification-detail__list-value canon-paragraph--big\">Oui<\/div>\n<\/div>\n<\/li>\n<li class=\"product-specification-detail__list-line canon-mb-xxs\">\n<div class=\"product-specification-detail__list-key canon-paragraph--big\">Fonctionnalit\u00e9s d\u2019impression<\/div>\n<div class=\"product-specification-detail__value-wrapper\">\n<div class=\"product-specification-detail__list-value canon-paragraph--big\">Filigrane, en-t\u00eate\/pied de page, mise en page, formats\/orientations de papier mixtes,<br \/>r\u00e9duction du toner, impression au format affiche, date d\u2019impression<\/div>\n<\/div>\n<\/li>\n<li class=\"product-specification-detail__list-line canon-mb-xxs\">\n<div class=\"product-specification-detail__list-key canon-paragraph--big\">Syst\u00e8mes d\u2019exploitation<\/div>\n<div class=\"product-specification-detail__value-wrapper\">\n<div class=\"product-specification-detail__list-value canon-paragraph--big\">\n<p style=\"margin: 0px 0px 14.5px\">UFRII\u00a0: Windows<span style=\"font-size: 10.5px;line-height: 0;position: relative;vertical-align: baseline;top: -0.5em\">\u00ae<\/span>\u00a08.1\u00a0\/ Windows<span style=\"font-size: 10.5px;line-height: 0;position: relative;vertical-align: baseline;top: -0.5em\">\u00ae<\/span>\u00a010\u00a0\/ Windows<span style=\"font-size: 10.5px;line-height: 0;position: relative;vertical-align: baseline;top: -0.5em\">\u00ae<\/span>\u00a011\u00a0\/ Windows<span style=\"font-size: 10.5px;line-height: 0;position: relative;vertical-align: baseline;top: -0.5em\">\u00ae<\/span>\u00a0Server\u00a02012\u00a0\/ Windows<span style=\"font-size: 10.5px;line-height: 0;position: relative;vertical-align: baseline;top: -0.5em\">\u00ae<\/span>\u00a0Server\u00a02012\u00a0R2\u00a0\/ Windows<span style=\"font-size: 10.5px;line-height: 0;position: relative;vertical-align: baseline;top: -0.5em\">\u00ae<\/span>\u00a0Server\u00a02016\u00a0\/ Windows<span style=\"font-size: 10.5px;line-height: 0;position: relative;vertical-align: baseline;top: -0.5em\">\u00ae<\/span>\u00a0Server\u00a02019\u00a0\/ Windows<span style=\"font-size: 10.5px;line-height: 0;position: relative;vertical-align: baseline;top: -0.5em\">\u00ae<\/span> Server\u00a02022<\/p>\n<\/div>\n<\/div>\n<\/li>\n<\/ul>\n<\/div>\n<\/li>\n<\/ul>\n<\/div>\n<\/div>\n<\/li>\n<\/ul>\n","protected":false},"excerpt":{"rendered":"<ul class=\"product-specification-detail__list canon-mb-xm\" style=\"margin-top: 0px;margin-bottom: 0px;font-family: Yantramanav, sans-serif;font-size: 14px\">\n<li class=\"product-specification-detail__list-line canon-mb-xxs\">\n<div class=\"product-specification-detail__list-key canon-paragraph--big\">Vitesse d\u2019impression<\/div>\n<div class=\"product-specification-detail__value-wrapper\">\n<div class=\"product-specification-detail__list-value canon-paragraph--big\">Recto\u00a0: jusqu\u2019\u00e0 24\u00a0ppm (A4), jusqu\u2019\u00e0 12\u00a0ppm (A3), jusqu\u2019\u00e0 11\u00a0ppm (A4R)<\/div>\n<\/div>\n<\/li>\n<li class=\"product-specification-detail__list-line canon-mb-xxs\">\n<div class=\"product-specification-detail__list-key canon-paragraph--big\">R\u00e9solution d\u2019impression (ppp)<\/div>\n<div class=\"product-specification-detail__value-wrapper\">\n<div class=\"product-specification-detail__list-value canon-paragraph--big\">Jusqu\u2019\u00e0 1200\u00a0\u00d7\u00a01200<\/div>\n<\/div>\n<\/li>\n<li class=\"product-specification-detail__list-line canon-mb-xxs\">\n<div class=\"product-specification-detail__list-key canon-paragraph--big\">Langages de description de pages<\/div>\n<div class=\"product-specification-detail__value-wrapper\">\n<div class=\"product-specification-detail__list-value canon-paragraph--big\">Standard\u00a0: UFRII<\/div>\n<\/div>\n<\/li>\n<li class=\"product-specification-detail__list-line canon-mb-xxs\">\n<div class=\"product-specification-detail__list-key canon-paragraph--big\">Impression recto verso<\/div>\n<div class=\"product-specification-detail__value-wrapper\">\n<div class=\"product-specification-detail__list-value canon-paragraph--big\">Oui<\/div>\n<\/div>\n<\/li>\n<li class=\"product-specification-detail__list-line canon-mb-xxs\">\n<div class=\"product-specification-detail__list-key canon-paragraph--big\">Fonctionnalit\u00e9s d\u2019impression<\/div>\n<div class=\"product-specification-detail__value-wrapper\">\n<div class=\"product-specification-detail__list-value canon-paragraph--big\">Filigrane, en-t\u00eate\/pied de page, mise en page, formats\/orientations de papier mixtes,<br \/>r\u00e9duction du toner, impression au format affiche, date d\u2019impression<\/div>\n<\/div>\n<\/li>\n<li class=\"product-specification-detail__list-line canon-mb-xxs\">\n<div class=\"product-specification-detail__list-key canon-paragraph--big\">Syst\u00e8mes d\u2019exploitation<\/div>\n<div class=\"product-specification-detail__value-wrapper\">\n<div class=\"product-specification-detail__list-value canon-paragraph--big\">\n<p style=\"margin: 0px 0px 14.5px\">UFRII\u00a0: Windows<span style=\"font-size: 10.5px;line-height: 0;position: relative;vertical-align: baseline;top: -0.5em\">\u00ae<\/span>\u00a08.1\u00a0\/ Windows<span style=\"font-size: 10.5px;line-height: 0;position: relative;vertical-align: baseline;top: -0.5em\">\u00ae<\/span>\u00a010\u00a0\/ Windows<span style=\"font-size: 10.5px;line-height: 0;position: relative;vertical-align: baseline;top: -0.5em\">\u00ae<\/span>\u00a011\u00a0\/ Windows<span style=\"font-size: 10.5px;line-height: 0;position: relative;vertical-align: baseline;top: -0.5em\">\u00ae<\/span>\u00a0Server\u00a02012\u00a0\/ Windows<span style=\"font-size: 10.5px;line-height: 0;position: relative;vertical-align: baseline;top: -0.5em\">\u00ae<\/span>\u00a0Server\u00a02012\u00a0R2\u00a0\/ Windows<span style=\"font-size: 10.5px;line-height: 0;position: relative;vertical-align: baseline;top: -0.5em\">\u00ae<\/span>\u00a0Server\u00a02016\u00a0\/ Windows<span style=\"font-size: 10.5px;line-height: 0;position: relative;vertical-align: baseline;top: -0.5em\">\u00ae<\/span>\u00a0Server\u00a02019\u00a0\/ Windows<span style=\"font-size: 10.5px;line-height: 0;position: relative;vertical-align: baseline;top: -0.5em\">\u00ae<\/span> Server\u00a02022<\/p>\n<\/div>\n<\/div>\n<\/li>\n<\/ul>\n","protected":false},"featured_media":2944,"comment_status":"open","ping_status":"closed","template":"","meta":{"_gspb_post_css":""},"store":[],"product_brand":[],"product_cat":[270,265],"product_tag":[],"class_list":{"0":"post-2945","1":"product","2":"type-product","3":"status-publish","4":"has-post-thumbnail","6":"product_cat-imprimantes","7":"product_cat-ordinateurimpirmante","9":"first","10":"instock","11":"shipping-taxable","12":"purchasable","13":"product-type-simple"},"_links":{"self":[{"href":"https:\/\/bimba.sn\/index.php?rest_route=\/wp\/v2\/product\/2945","targetHints":{"allow":["GET"]}}],"collection":[{"href":"https:\/\/bimba.sn\/index.php?rest_route=\/wp\/v2\/product"}],"about":[{"href":"https:\/\/bimba.sn\/index.php?rest_route=\/wp\/v2\/types\/product"}],"replies":[{"embeddable":true,"href":"https:\/\/bimba.sn\/index.php?rest_route=%2Fwp%2Fv2%2Fcomments&post=2945"}],"wp:featuredmedia":[{"embeddable":true,"href":"https:\/\/bimba.sn\/index.php?rest_route=\/wp\/v2\/media\/2944"}],"wp:attachment":[{"href":"https:\/\/bimba.sn\/index.php?rest_route=%2Fwp%2Fv2%2Fmedia&parent=2945"}],"wp:term":[{"taxonomy":"store","embeddable":true,"href":"https:\/\/bimba.sn\/index.php?rest_route=%2Fwp%2Fv2%2Fstore&post=2945"},{"taxonomy":"product_brand","embeddable":true,"href":"https:\/\/bimba.sn\/index.php?rest_route=%2Fwp%2Fv2%2Fproduct_brand&post=2945"},{"taxonomy":"product_cat","embeddable":true,"href":"https:\/\/bimba.sn\/index.php?rest_route=%2Fwp%2Fv2%2Fproduct_cat&post=2945"},{"taxonomy":"product_tag","embeddable":true,"href":"https:\/\/bimba.sn\/index.php?rest_route=%2Fwp%2Fv2%2Fproduct_tag&post=2945"}],"curies":[{"name":"wp","href":"https:\/\/api.w.org\/{rel}","templated":true}]}}