{"id":2943,"date":"2025-05-07T15:45:06","date_gmt":"2025-05-07T13:45:06","guid":{"rendered":"https:\/\/bimba.sn\/?product=canon-imagerunner-c3226i"},"modified":"2025-05-07T15:45:06","modified_gmt":"2025-05-07T13:45:06","slug":"canon-imagerunner-c3226i","status":"publish","type":"product","link":"https:\/\/bimba.sn\/?product=canon-imagerunner-c3226i","title":{"rendered":"Canon imageRUNNER C3226i"},"content":{"rendered":"<p><br data-mce-bogus=\"1\"><\/p>\n","protected":false},"excerpt":{"rendered":"<p><span style=\"font-family: Yantramanav, sans-serif;font-size: 14px\">ype d\u2019appareil: Multifonction laser couleur A3<\/span><br style=\"font-family: Yantramanav, sans-serif;font-size: 14px\"><span style=\"font-family: Yantramanav, sans-serif;font-size: 14px\">Fonctions principales: Impression, copie, num\u00e9risation, envoi et t\u00e9l\u00e9copie en option<\/span><br style=\"font-family: Yantramanav, sans-serif;font-size: 14px\"><span style=\"font-family: Yantramanav, sans-serif;font-size: 14px\">Fonctions: Impression, copie, num\u00e9risation<\/span><br style=\"font-family: Yantramanav, sans-serif;font-size: 14px\"><span style=\"font-family: Yantramanav, sans-serif;font-size: 14px\">Technologie d\u2019impression: Laser couleur<\/span><br style=\"font-family: Yantramanav, sans-serif;font-size: 14px\"><span style=\"font-family: Yantramanav, sans-serif;font-size: 14px\">Cartouches d\u2019impression: 4 toners (noir, cyan, magenta, jaune)<\/span><br style=\"font-family: Yantramanav, sans-serif;font-size: 14px\"><span style=\"font-family: Yantramanav, sans-serif;font-size: 14px\">Vitesse d\u2019impression noir: Jusqu\u2019\u00e0 25\/25 ppm (A4, A5, A5R, A6R), jusqu\u2019\u00e0 15\/15 ppm (A3), jusqu\u2019\u00e0 20\/20 ppm (A4R)<\/span><br style=\"font-family: Yantramanav, sans-serif;font-size: 14px\"><span style=\"font-family: Yantramanav, sans-serif;font-size: 14px\">Vitesse d\u2019impression couleur: Jusqu\u2019\u00e0 25\/25 ppm (A4, A5, A5R, A6R), jusqu\u2019\u00e0 15\/15 ppm (A3), jusqu\u2019\u00e0 20\/20 ppm (A4R)<\/span><br style=\"font-family: Yantramanav, sans-serif;font-size: 14px\"><span style=\"font-family: Yantramanav, sans-serif;font-size: 14px\">Qualit\u00e9 d\u2019impression noire: 600 x 600, 1200 x 1200<\/span><br style=\"font-family: Yantramanav, sans-serif;font-size: 14px\"><span style=\"font-family: Yantramanav, sans-serif;font-size: 14px\">Qualit\u00e9 d\u2019impression couleur: 600 x 600, 1200 x 1200<\/span><br style=\"font-family: Yantramanav, sans-serif;font-size: 14px\"><span style=\"font-family: Yantramanav, sans-serif;font-size: 14px\">\u00c9cran: Tactile couleur WVGA TFT LCD 12,7 cm (5 pouces)<\/span><br style=\"font-family: Yantramanav, sans-serif;font-size: 14px\"><span style=\"font-family: Yantramanav, sans-serif;font-size: 14px\">Connectivit\u00e9<\/span><br style=\"font-family: Yantramanav, sans-serif;font-size: 14px\"><span style=\"font-family: Yantramanav, sans-serif;font-size: 14px\">R\u00c9SEAU : 1000BaseT\/100Base-TX\/10Base-T, LAN sans fil (IEEE802.11b\/g\/n)<\/span><br style=\"font-family: Yantramanav, sans-serif;font-size: 14px\"><span style=\"font-family: Yantramanav, sans-serif;font-size: 14px\">2 ports USB 2.0 (h\u00f4te), 1 port USB 2.0 (p\u00e9riph\u00e9rique)<\/span><br style=\"font-family: Yantramanav, sans-serif;font-size: 14px\"><span style=\"font-family: Yantramanav, sans-serif;font-size: 14px\">Impression recto\/verso: Automatique<\/span><br style=\"font-family: Yantramanav, sans-serif;font-size: 14px\"><span style=\"font-family: Yantramanav, sans-serif;font-size: 14px\">Formats de supports pris en charge: Bac multifonctions :<\/span><br style=\"font-family: Yantramanav, sans-serif;font-size: 14px\"><span style=\"font-family: Yantramanav, sans-serif;font-size: 14px\">Format standard : SRA3, A3, A4, A4R, A5, A5R, A6R, B4, B5, B5R, enveloppe (N\u00b0 10 (COM10), Monarch, ISO-C5, DL)<\/span><br style=\"font-family: Yantramanav, sans-serif;font-size: 14px\"><span style=\"font-family: Yantramanav, sans-serif;font-size: 14px\">Format personnalis\u00e9 : 98,4 x 139,7 mm \u00e0 320,0 x 457,2 mmCassette papier (cassette sup\u00e9rieure) :<\/span><br style=\"font-family: Yantramanav, sans-serif;font-size: 14px\"><span style=\"font-family: Yantramanav, sans-serif;font-size: 14px\">Format standard : A4, A5, A5R, A6R, B5<\/span><br style=\"font-family: Yantramanav, sans-serif;font-size: 14px\"><span style=\"font-family: Yantramanav, sans-serif;font-size: 14px\">Format personnalis\u00e9 : 105,0 x 148,0 mm \u00e0 297,0 x 215,9 mm<\/span><br style=\"font-family: Yantramanav, sans-serif;font-size: 14px\"><span style=\"font-family: Yantramanav, sans-serif;font-size: 14px\">Enveloppe : ISO-C5Cassette papier (cassette inf\u00e9rieure) :<\/span><br style=\"font-family: Yantramanav, sans-serif;font-size: 14px\"><span style=\"font-family: Yantramanav, sans-serif;font-size: 14px\">Format standard : A3, A4, A4R, A5, A5R, A6R, B4, B5, B5R<\/span><br style=\"font-family: Yantramanav, sans-serif;font-size: 14px\"><span style=\"font-family: Yantramanav, sans-serif;font-size: 14px\">Format personnalis\u00e9 : 105,0 x 148,0 mm \u00e0 304,8 x 457,2 mm<\/span><br style=\"font-family: Yantramanav, sans-serif;font-size: 14px\"><span style=\"font-family: Yantramanav, sans-serif;font-size: 14px\">Enveloppe : (N\u00b0 10 (COM10), Monarch, DL)**Le module d\u2019alimentation d\u2019enveloppes A est requis.<\/span><br style=\"font-family: Yantramanav, sans-serif;font-size: 14px\"><span style=\"font-family: Yantramanav, sans-serif;font-size: 14px\">Dimensions (l x p x h): 565 x 664 x 880 mm<\/span><br style=\"font-family: Yantramanav, sans-serif;font-size: 14px\"><span style=\"font-family: Yantramanav, sans-serif;font-size: 14px\">Poids net: Environ 67,3 kg sans toner<\/span><br style=\"font-family: Yantramanav, sans-serif;font-size: 14px\"><span style=\"font-family: Yantramanav, sans-serif;font-size: 14px\">Cartouches compatibles: TONER C-EXV 54 N\/C\/M\/J<\/span><br style=\"font-family: Yantramanav, sans-serif;font-size: 14px\"><span style=\"font-family: Yantramanav, sans-serif;font-size: 14px\">Syst\u00e8mes d\u2019exploitation compatibles: UFRII :Windows\u00ae 7\/8.1\/10\/Server2008\/Server2008 R2\/Server2012\/Server2012 R2\/Server2016\/Server2019, Mac OS X (10.10 ou version ult\u00e9rieure)<\/span><br style=\"font-family: Yantramanav, sans-serif;font-size: 14px\"><span style=\"font-family: Yantramanav, sans-serif;font-size: 14px\">PCL : Windows\u00ae 7\/8.1\/10\/Server2008\/Server2008 R2\/Server2012\/Server2012 R2\/Server2016\/Server2019<\/span><br style=\"font-family: Yantramanav, sans-serif;font-size: 14px\"><span style=\"font-family: Yantramanav, sans-serif;font-size: 14px\">PS :Windows\u00ae 7\/8.1\/10\/Server2008\/Server2008 R2\/Server2012\/Server2012 R2\/Server2016\/Server2019, Mac OS X (10.10 ou version ult\u00e9rieure)<\/span><br style=\"font-family: Yantramanav, sans-serif;font-size: 14px\"><span style=\"font-family: Yantramanav, sans-serif;font-size: 14px\">PPD : Windows\u00ae 7\/8.1\/10, Mac OS X (10.9 ou version ult\u00e9rieure)<\/span><\/p>\n","protected":false},"featured_media":2941,"comment_status":"open","ping_status":"closed","template":"","meta":{"_gspb_post_css":""},"store":[],"product_brand":[],"product_cat":[270,265],"product_tag":[],"class_list":{"0":"post-2943","1":"product","2":"type-product","3":"status-publish","4":"has-post-thumbnail","6":"product_cat-imprimantes","7":"product_cat-ordinateurimpirmante","9":"first","10":"instock","11":"shipping-taxable","12":"purchasable","13":"product-type-simple"},"_links":{"self":[{"href":"https:\/\/bimba.sn\/index.php?rest_route=\/wp\/v2\/product\/2943","targetHints":{"allow":["GET"]}}],"collection":[{"href":"https:\/\/bimba.sn\/index.php?rest_route=\/wp\/v2\/product"}],"about":[{"href":"https:\/\/bimba.sn\/index.php?rest_route=\/wp\/v2\/types\/product"}],"replies":[{"embeddable":true,"href":"https:\/\/bimba.sn\/index.php?rest_route=%2Fwp%2Fv2%2Fcomments&post=2943"}],"wp:featuredmedia":[{"embeddable":true,"href":"https:\/\/bimba.sn\/index.php?rest_route=\/wp\/v2\/media\/2941"}],"wp:attachment":[{"href":"https:\/\/bimba.sn\/index.php?rest_route=%2Fwp%2Fv2%2Fmedia&parent=2943"}],"wp:term":[{"taxonomy":"store","embeddable":true,"href":"https:\/\/bimba.sn\/index.php?rest_route=%2Fwp%2Fv2%2Fstore&post=2943"},{"taxonomy":"product_brand","embeddable":true,"href":"https:\/\/bimba.sn\/index.php?rest_route=%2Fwp%2Fv2%2Fproduct_brand&post=2943"},{"taxonomy":"product_cat","embeddable":true,"href":"https:\/\/bimba.sn\/index.php?rest_route=%2Fwp%2Fv2%2Fproduct_cat&post=2943"},{"taxonomy":"product_tag","embeddable":true,"href":"https:\/\/bimba.sn\/index.php?rest_route=%2Fwp%2Fv2%2Fproduct_tag&post=2943"}],"curies":[{"name":"wp","href":"https:\/\/api.w.org\/{rel}","templated":true}]}}