{"id":2931,"date":"2025-05-07T15:22:42","date_gmt":"2025-05-07T13:22:42","guid":{"rendered":"https:\/\/bimba.sn\/?product=canon-i-sensys-mf445dw-imprimante-multifonction-laser-monochrome"},"modified":"2025-05-07T15:22:42","modified_gmt":"2025-05-07T13:22:42","slug":"canon-i-sensys-mf445dw-imprimante-multifonction-laser-monochrome","status":"publish","type":"product","link":"https:\/\/bimba.sn\/?product=canon-i-sensys-mf445dw-imprimante-multifonction-laser-monochrome","title":{"rendered":"Canon i-SENSYS MF445dw Imprimante multifonction laser monochrome"},"content":{"rendered":"<p style=\"margin: 0px 0px 14.5px;font-family: Yantramanav, sans-serif;font-size: 14px\"><strong>L\u2019imprimante multifonction parfaite pour les PME<\/strong><\/p>\n<p style=\"margin: 0px 0px 14.5px;font-family: Yantramanav, sans-serif;font-size: 14px\">Au contact des \u00e9quipes, l\u2019imprimante multifonction laser\u00a0<strong>Canon i-SENSYS MF445dw<\/strong>\u00a0dispose de nombreux atouts pour tous les besoins quotidiens. A la fois rapide, s\u00e9curis\u00e9e et simple d\u2019utilisation, elle permet l\u2019impression, la copie, la num\u00e9risation et la t\u00e9l\u00e9copie, mais aussi et surtout\u00a0de conserver une excellente productivit\u00e9 pour mener \u00e0 bien tous les projets. Outre une vitesse d\u2019impression de 38 ppm (A4), elle dispose d\u2019une num\u00e9risation recto verso en un seul passage, d\u2019une connexion mobile et sans fil, ainsi que de commandes intuitives gr\u00e2ce notamment \u00e0 un bel \u00e9cran tactile couleur.\u00a0B\u00e9n\u00e9ficiez d\u2019impressions toujours qualitatives en utilisant les cartouches authentiques \u00ab\u00a0Tout-en-Un\u00a0\u00bb de Canon. Cette imprimante multifonction laser monochrome\u00a0ne vous laissera jamais tomber<\/p>\n<p style=\"margin: 0px 0px 14.5px;font-family: Yantramanav, sans-serif;font-size: 14px\">FL\u00c9XIBILIT\u00c9 ET CONTR\u00d4LE RENFORC\u00c9<br style=\"margin-bottom: 8px\">Cette imprimante multifonction trouve rapidement une place de choix dans un bureau, en proposant notamment un contr\u00f4le maximal sur les travaux d\u2019impression gr\u00e2ce \u00e0 la\u00a0<strong>fonction PIN s\u00e9curis\u00e9e<\/strong>. Sa flexibilit\u00e9 permet la prise en charge de supports vari\u00e9s : A4, A5, A6. La productivit\u00e9 est am\u00e9lior\u00e9e via la<strong>\u00a0num\u00e9risation recto verso automatique<\/strong>\u00a0et la vitesse d\u2019impression allant jusqu\u2019\u00e0 38 ppm.<br style=\"margin-bottom: 8px\">L\u2019impression sans fil est \u00e9galement de rigueur avec les fonctionnalit\u00e9s\u00a0<strong>Google Cloud Print,\u00a0Apple AirPrint<\/strong>\u00a0ou encore via l\u2019<strong>application Canon PRINT Business<\/strong>. Appr\u00e9ciez des performances sans fil et simplifiez votre quotidien<\/p>\n","protected":false},"excerpt":{"rendered":"<ul style=\"margin-top: 0px;margin-bottom: 14.5px;font-family: Yantramanav, sans-serif;font-size: 14px\">\n<li><strong>Imprimante multifonction laser monochrome\u00a0<\/strong><\/li>\n<li>Impression, num\u00e9risation, copie et t\u00e9l\u00e9copie<\/li>\n<li>Gagnez du temps avec des\u00a0<strong>vitesses d\u2019impression allant jusqu\u2019\u00e0 38 ppm (A4)<\/strong><\/li>\n<li>Augmentez votre productivit\u00e9 avec la num\u00e9risation recto verso en un seul passage<\/li>\n<li>R\u00e9solution d\u2019impression 600 x 600 ppp (qualit\u00e9 d\u2019impression jusqu\u2019\u00e0 1200 x 1200 ppp)<\/li>\n<li>R\u00e9solution de copie : jusqu\u2019\u00e0 600 x 600 ppp<\/li>\n<li>R\u00e9solution de num\u00e9risation optique : jusqu\u2019\u00e0 600 x 600 ppp et am\u00e9lior\u00e9e : jusqu\u2019\u00e0 9600 x 9600 ppp<\/li>\n<li>Vitesse de num\u00e9risation : Recto noir et blanc : 38 ipm (300 x 600 ppp) \/ Recto couleur : 13 ipm (300 x 600 ppp) \/ Recto verso noir et blanc : 70 ipm (300 x 600 ppp) \/ Recto verso couleur : 26 ipm (300 x 600 ppp)<\/li>\n<li>D\u00e9bit de modem : 33,6 kbit\/s (jusqu\u2019\u00e0 3 secondes\/page)<\/li>\n<li>R\u00e9solution de t\u00e9l\u00e9copie Standard : 200 \u00d7 100 ppp<\/li>\n<li>M\u00e9moire t\u00e9l\u00e9copie : jusqu\u2019\u00e0 512 pages<\/li>\n<li>Simplicit\u00e9 d\u2019utilisation gr\u00e2ce \u00e0 un\u00a0<strong>grand \u00e9cran tactile couleur 12.7 cm<\/strong><\/li>\n<li>Flexibilit\u00e9 am\u00e9lior\u00e9e gr\u00e2ce \u00e0 la prise en charge de supports vari\u00e9s : A4, A5, A6<\/li>\n<li>Am\u00e9liorez la qualit\u00e9 et la fiabilit\u00e9 gr\u00e2ce aux authentiques cartouches Tout-en-Un Canon<\/li>\n<li>S\u00e9curit\u00e9 : acc\u00e8s par code PIN pour imprimer<\/li>\n<li>Compatibilit\u00e9\u00a0<strong>Google Cloud Print<\/strong><\/li>\n<li>iOS :\u00a0<strong>AirPrint<\/strong>, application Canon PRINT Business<\/li>\n<li>Android :\u00a0Mopria certifi\u00e9, application Canon PRINT Business<\/li>\n<li>Avec module de chargement de cassettes\u00a0AH1 (cassette 550\u00a0feuilles) et Cordon long kit T\u00c9L 6 (combin\u00e9 t\u00e9l\u00e9phonique)<\/li>\n<li>Dimensions avec bacs : 453 x 464 x 392 mm<\/li>\n<li>Poids : 17.2 Kg<\/li>\n<\/ul>\n","protected":false},"featured_media":2930,"comment_status":"open","ping_status":"closed","template":"","meta":{"_gspb_post_css":""},"store":[],"product_brand":[],"product_cat":[270,265],"product_tag":[],"class_list":{"0":"post-2931","1":"product","2":"type-product","3":"status-publish","4":"has-post-thumbnail","6":"product_cat-imprimantes","7":"product_cat-ordinateurimpirmante","9":"first","10":"instock","11":"shipping-taxable","12":"purchasable","13":"product-type-simple"},"_links":{"self":[{"href":"https:\/\/bimba.sn\/index.php?rest_route=\/wp\/v2\/product\/2931","targetHints":{"allow":["GET"]}}],"collection":[{"href":"https:\/\/bimba.sn\/index.php?rest_route=\/wp\/v2\/product"}],"about":[{"href":"https:\/\/bimba.sn\/index.php?rest_route=\/wp\/v2\/types\/product"}],"replies":[{"embeddable":true,"href":"https:\/\/bimba.sn\/index.php?rest_route=%2Fwp%2Fv2%2Fcomments&post=2931"}],"wp:featuredmedia":[{"embeddable":true,"href":"https:\/\/bimba.sn\/index.php?rest_route=\/wp\/v2\/media\/2930"}],"wp:attachment":[{"href":"https:\/\/bimba.sn\/index.php?rest_route=%2Fwp%2Fv2%2Fmedia&parent=2931"}],"wp:term":[{"taxonomy":"store","embeddable":true,"href":"https:\/\/bimba.sn\/index.php?rest_route=%2Fwp%2Fv2%2Fstore&post=2931"},{"taxonomy":"product_brand","embeddable":true,"href":"https:\/\/bimba.sn\/index.php?rest_route=%2Fwp%2Fv2%2Fproduct_brand&post=2931"},{"taxonomy":"product_cat","embeddable":true,"href":"https:\/\/bimba.sn\/index.php?rest_route=%2Fwp%2Fv2%2Fproduct_cat&post=2931"},{"taxonomy":"product_tag","embeddable":true,"href":"https:\/\/bimba.sn\/index.php?rest_route=%2Fwp%2Fv2%2Fproduct_tag&post=2931"}],"curies":[{"name":"wp","href":"https:\/\/api.w.org\/{rel}","templated":true}]}}