{"id":2918,"date":"2025-05-06T22:35:29","date_gmt":"2025-05-06T20:35:29","guid":{"rendered":"https:\/\/bimba.sn\/?product=microsoft-windows-11-professionnel-64-bits-francais-licence-originale"},"modified":"2025-05-06T22:35:29","modified_gmt":"2025-05-06T20:35:29","slug":"microsoft-windows-11-professionnel-64-bits-francais-licence-originale","status":"publish","type":"product","link":"https:\/\/bimba.sn\/?product=microsoft-windows-11-professionnel-64-bits-francais-licence-originale","title":{"rendered":"Microsoft Windows 11 Professionnel 64 bits francais (Licence originale )"},"content":{"rendered":"<p><br data-mce-bogus=\"1\"><\/p>\n","protected":false},"excerpt":{"rendered":"<p style=\"margin-bottom: 0px;margin-top: 0px;font-family: Nunito, sans-serif;text-align: justify !important\"><span>Version Professionnel 64 bits pour une utilisation avanc\u00e9e.<\/span><\/p>\n<ul style=\"padding: 0px;margin: 0px;font-family: Nunito, sans-serif\">\n<li style=\"margin-bottom: 7px;position: relative;padding-left: 15px;list-style-type: none\">\n<ul style=\"padding: 0px;margin: 0px\">\n<li style=\"margin-bottom: 7px;position: relative;padding-left: 15px\"><span>Licence originale pour une installation l\u00e9gale.<\/span><\/li>\n<\/ul>\n<\/li>\n<li style=\"margin-bottom: 7px;position: relative;padding-left: 15px\"><span>Syst\u00e8me d\u2019exploitation Windows 11 pro avec une interface moderne.<\/span><\/li>\n<li style=\"margin-bottom: 7px;position: relative;padding-left: 15px\"><span>Fonctionnalit\u00e9s professionnelles pour les utilisateurs exigeants.<\/span><\/li>\n<li style=\"margin-bottom: 7px;position: relative;padding-left: 15px\"><span>Prise en charge des mises \u00e0 jour r\u00e9guli\u00e8res pour rester \u00e0 jour.<\/span><\/li>\n<li style=\"margin-bottom: 7px;position: relative;padding-left: 15px\"><span>Solution compl\u00e8te pour une exp\u00e9rience Windows 11 Pro authentique et professionnelle.<\/span><\/li>\n<\/ul>\n","protected":false},"featured_media":2914,"comment_status":"open","ping_status":"closed","template":"","meta":{"_gspb_post_css":""},"store":[],"product_brand":[],"product_cat":[267],"product_tag":[],"class_list":{"0":"post-2918","1":"product","2":"type-product","3":"status-publish","4":"has-post-thumbnail","6":"product_cat-logiciel","8":"first","9":"instock","10":"sale","11":"downloadable","12":"shipping-taxable","13":"purchasable","14":"product-type-simple"},"_links":{"self":[{"href":"https:\/\/bimba.sn\/index.php?rest_route=\/wp\/v2\/product\/2918","targetHints":{"allow":["GET"]}}],"collection":[{"href":"https:\/\/bimba.sn\/index.php?rest_route=\/wp\/v2\/product"}],"about":[{"href":"https:\/\/bimba.sn\/index.php?rest_route=\/wp\/v2\/types\/product"}],"replies":[{"embeddable":true,"href":"https:\/\/bimba.sn\/index.php?rest_route=%2Fwp%2Fv2%2Fcomments&post=2918"}],"wp:featuredmedia":[{"embeddable":true,"href":"https:\/\/bimba.sn\/index.php?rest_route=\/wp\/v2\/media\/2914"}],"wp:attachment":[{"href":"https:\/\/bimba.sn\/index.php?rest_route=%2Fwp%2Fv2%2Fmedia&parent=2918"}],"wp:term":[{"taxonomy":"store","embeddable":true,"href":"https:\/\/bimba.sn\/index.php?rest_route=%2Fwp%2Fv2%2Fstore&post=2918"},{"taxonomy":"product_brand","embeddable":true,"href":"https:\/\/bimba.sn\/index.php?rest_route=%2Fwp%2Fv2%2Fproduct_brand&post=2918"},{"taxonomy":"product_cat","embeddable":true,"href":"https:\/\/bimba.sn\/index.php?rest_route=%2Fwp%2Fv2%2Fproduct_cat&post=2918"},{"taxonomy":"product_tag","embeddable":true,"href":"https:\/\/bimba.sn\/index.php?rest_route=%2Fwp%2Fv2%2Fproduct_tag&post=2918"}],"curies":[{"name":"wp","href":"https:\/\/api.w.org\/{rel}","templated":true}]}}