{"id":2875,"date":"2025-05-06T08:41:41","date_gmt":"2025-05-06T06:41:41","guid":{"rendered":"https:\/\/bimba.sn\/?product=adaptateur-displayport-vers-vga-1080p-plaque-or-male-vers-femelle"},"modified":"2025-05-06T08:41:41","modified_gmt":"2025-05-06T06:41:41","slug":"adaptateur-displayport-vers-vga-1080p-plaque-or-male-vers-femelle","status":"publish","type":"product","link":"https:\/\/bimba.sn\/?product=adaptateur-displayport-vers-vga-1080p-plaque-or-male-vers-femelle","title":{"rendered":"Adaptateur DisplayPort vers VGA 1080P plaqu\u00e9 Or (m\u00e2le vers Femelle)"},"content":{"rendered":"<ul class=\"a-unordered-list a-vertical a-spacing-mini\">\n<li class=\"a-spacing-mini\" style=\"margin: 0px\"><span class=\"a-list-item\">Design compact &#8211; L\u2019adaptateur compact DisplayPort vers VGA de Niaguoji connecte un ordinateur de bureau, un ordinateur portable, ou d\u2019autres appareils ayant un port DisplayPort \u00e0 un \u00e9cran, projecteur, TV HD, ou d\u2019autres appareils ayant un port VGA. Vous pouvez mettre cet appareil dans votre sac ou dans une poche pour une pr\u00e9sentation de travail avec votre ordinateur portable et un projecteur, ou pour visionner votre \u00e9cran d&rsquo;ordinateur sur un \u00e9cran ou une t\u00e9l\u00e9vision. Un c\u00e2ble VGA est requis.<\/span><\/li>\n<li class=\"a-spacing-mini\" style=\"margin: 0px\"><span class=\"a-list-item\">Stabilit\u00e9 sup\u00e9rieure : une puce \u00e0 circuit int\u00e9gr\u00e9 avanc\u00e9e convertit le signal num\u00e9rique DisplayPort en signal analogique VGA. Ce n&rsquo;est pas un convertisseur bidirectionnel et il ne peut transmettre des signaux de VGA vers DisplayPort.<\/span><\/li>\n<li class=\"a-spacing-mini\" style=\"margin: 0px\"><span class=\"a-list-item\">Performance incroyable : le convertisseur DisplayPort m\u00e2le vers VGA femelle prend en charge des r\u00e9solutions jusqu&rsquo;\u00e0 1 920 x 1 080 @ 60 Hz (1080p Full HD), y compris 720p, 1 600 x 1 200, 1 280 x 1 024 pour les \u00e9crans ou projecteurs haute d\u00e9finition. Connecteur DisplayPort plaqu\u00e9 or r\u00e9sistant \u00e0 la corrosion et \u00e0 l&rsquo;abrasion qui am\u00e9liore la performance de transmission du signal. Le r\u00e9ducteur de tension moul\u00e9 augmente la durabilit\u00e9 du c\u00e2ble.<\/span><\/li>\n<li class=\"a-spacing-mini\" style=\"margin: 0px\"><span class=\"a-list-item\">Le connecteur DisplayPort est dot\u00e9 d\u2019un m\u00e9canisme de verrouillage et le port VGA \u00e0 visser offrent une connexion s\u00e9curis\u00e9e. Appuyez sur le bouton de d\u00e9verrouillage avant de le d\u00e9brancher.<\/span><\/li>\n<li class=\"a-spacing-mini\" style=\"margin: 0px\"><span class=\"a-list-item\">Une exp\u00e9rience visuelle sans pr\u00e9c\u00e9dent : l&rsquo;adaptateur DisplayPort vers VGA prend en charge la r\u00e9solution 1080p et inf\u00e9rieur. Une image ultra haute d\u00e9finition gr\u00e2ce \u00e0 une tr\u00e8s grande vitesse de transmission pour un plaisir visuel incomparable.<\/span><\/li>\n<\/ul>\n","protected":false},"excerpt":{"rendered":"<table class=\"a-normal a-spacing-micro\">\n<tbody>\n<tr class=\"a-spacing-small po-compatible_devices\" style=\"margin-bottom: 8px !important\">\n<td class=\"a-span3\" style=\"vertical-align: top;padding: 0px 3px 3px 0px;float: none !important;margin-right: 0px;width: 122.927px\"><span class=\"a-size-base a-text-bold\" style=\"font-weight: 700 !important;line-height: 20px !important\">Appareils compatibles<\/span><\/td>\n<td class=\"a-span9\" style=\"vertical-align: top;padding: 0px 0px 3px 3px;float: none !important;margin-right: 0px;width: 390.323px\"><span class=\"a-size-base po-break-word\" style=\"line-height: 20px !important\">Ordinateur, Ordinateur portable, T\u00e9l\u00e9vision, Projecteur<\/span><\/td>\n<\/tr>\n<tr class=\"a-spacing-small po-specific_uses_for_product\" style=\"margin-bottom: 8px !important\">\n<td class=\"a-span3\" style=\"vertical-align: top;padding: 3px 3px 3px 0px;float: none !important;margin-right: 0px;width: 122.927px\"><span class=\"a-size-base a-text-bold\" style=\"font-weight: 700 !important;line-height: 20px !important\">Usages sp\u00e9cifiques pour le produit<\/span><\/td>\n<td class=\"a-span9\" style=\"vertical-align: top;padding: 3px 0px 3px 3px;float: none !important;margin-right: 0px;width: 390.323px\"><span class=\"a-size-base po-break-word\" style=\"line-height: 20px !important\">[PI] Moniteur, t\u00e9l\u00e9vision, projecteur<\/span><\/td>\n<\/tr>\n<tr class=\"a-spacing-small po-connector_type\" style=\"margin-bottom: 8px !important\">\n<td class=\"a-span3\" style=\"vertical-align: top;padding: 3px 3px 3px 0px;float: none !important;margin-right: 0px;width: 122.927px\"><span class=\"a-size-base a-text-bold\" style=\"font-weight: 700 !important;line-height: 20px !important\">Type de connecteur<\/span><\/td>\n<td class=\"a-span9\" style=\"vertical-align: top;padding: 3px 0px 3px 3px;float: none !important;margin-right: 0px;width: 390.323px\"><span class=\"a-size-base po-break-word\" style=\"line-height: 20px !important\">DisplayPort, VGA<\/span><\/td>\n<\/tr>\n<tr class=\"a-spacing-small po-brand\" style=\"margin-bottom: 8px !important\">\n<td class=\"a-span3\" style=\"vertical-align: top;padding: 3px 3px 3px 0px;float: none !important;margin-right: 0px;width: 122.927px\"><span class=\"a-size-base a-text-bold\" style=\"font-weight: 700 !important;line-height: 20px !important\">Marque<\/span><\/td>\n<td class=\"a-span9\" style=\"vertical-align: top;padding: 3px 0px 3px 3px;float: none !important;margin-right: 0px;width: 390.323px\"><span class=\"a-size-base po-break-word\" style=\"line-height: 20px !important\">Jsdoin<\/span><\/td>\n<\/tr>\n<tr class=\"a-spacing-small po-finish_type\" style=\"margin-bottom: 8px !important\">\n<td class=\"a-span3\" style=\"vertical-align: top;padding: 3px 3px 3px 0px;float: none !important;margin-right: 0px;width: 122.927px\"><span class=\"a-size-base a-text-bold\" style=\"font-weight: 700 !important;line-height: 20px !important\">Type de finition<\/span><\/td>\n<td class=\"a-span9\" style=\"vertical-align: top;padding: 3px 0px 3px 3px;float: none !important;margin-right: 0px;width: 390.323px\"><span class=\"a-size-base po-break-word\" style=\"line-height: 20px !important\">Dor\u00e9<\/span><\/td>\n<\/tr>\n<tr class=\"a-spacing-small po-number_of_ports\" style=\"margin-bottom: 8px !important\">\n<td class=\"a-span3\" style=\"vertical-align: top;padding: 3px 3px 3px 0px;float: none !important;margin-right: 0px;width: 122.927px\"><span class=\"a-size-base a-text-bold\" style=\"font-weight: 700 !important;line-height: 20px !important\">Nombre de ports<\/span><\/td>\n<td class=\"a-span9\" style=\"vertical-align: top;padding: 3px 0px 3px 3px;float: none !important;margin-right: 0px;width: 390.323px\"><span class=\"a-size-base po-break-word\" style=\"line-height: 20px !important\">1<\/span><\/td>\n<\/tr>\n<tr class=\"a-spacing-small po-warranty_type\" style=\"margin-bottom: 8px !important\">\n<td class=\"a-span3\" style=\"vertical-align: top;padding: 3px 3px 3px 0px;float: none !important;margin-right: 0px;width: 122.927px\"><span class=\"a-size-base a-text-bold\" style=\"font-weight: 700 !important;line-height: 20px !important\">Type de garantie<\/span><\/td>\n<td class=\"a-span9\" style=\"vertical-align: top;padding: 3px 0px 3px 3px;float: none !important;margin-right: 0px;width: 390.323px\"><span class=\"a-size-base po-break-word\" style=\"line-height: 20px !important\">Limit\u00e9<\/span><\/td>\n<\/tr>\n<tr class=\"a-spacing-small po-item_package_quantity\" style=\"margin-bottom: 8px !important\">\n<td class=\"a-span3\" style=\"vertical-align: top;padding: 3px 3px 3px 0px;float: none !important;margin-right: 0px;width: 122.927px\"><span class=\"a-size-base a-text-bold\" style=\"font-weight: 700 !important;line-height: 20px !important\">Quantit\u00e9 d&rsquo;articles dans le colis<\/span><\/td>\n<td class=\"a-span9\" style=\"vertical-align: top;padding: 3px 0px 3px 3px;float: none !important;margin-right: 0px;width: 390.323px\"><span class=\"a-size-base po-break-word\" style=\"line-height: 20px !important\">1<\/span><\/td>\n<\/tr>\n<tr class=\"a-spacing-small po-current_rating\" style=\"margin-bottom: 8px !important\">\n<td class=\"a-span3\" style=\"vertical-align: top;padding: 3px 3px 3px 0px;float: none !important;margin-right: 0px;width: 122.927px\"><span class=\"a-size-base a-text-bold\" style=\"font-weight: 700 !important;line-height: 20px !important\">Note actuelle<\/span><\/td>\n<td class=\"a-span9\" style=\"vertical-align: top;padding: 3px 0px 3px 3px;float: none !important;margin-right: 0px;width: 390.323px\"><span class=\"a-size-base po-break-word\" style=\"line-height: 20px !important\">1 A<\/span><\/td>\n<\/tr>\n<tr class=\"a-spacing-small po-power_plug_type\" style=\"margin-bottom: 8px !important\">\n<td class=\"a-span3\" style=\"vertical-align: top;padding: 3px 3px 0px 0px;float: none !important;margin-right: 0px;width: 122.927px\"><span class=\"a-size-base a-text-bold\" style=\"font-weight: 700 !important;line-height: 20px !important\">Type de prise d&rsquo;alimentation<\/span><\/td>\n<td class=\"a-span9\" style=\"vertical-align: top;padding: 3px 0px 0px 3px;float: none !important;margin-right: 0px;width: 390.323px\"><span class=\"a-size-base po-break-word\" style=\"line-height: 20px !important\">Aucune prise<\/span><\/td>\n<\/tr>\n<\/tbody>\n<\/table>\n","protected":false},"featured_media":2870,"comment_status":"open","ping_status":"closed","template":"","meta":{"_gspb_post_css":""},"store":[],"product_brand":[],"product_cat":[275,234,278],"product_tag":[],"class_list":{"0":"post-2875","1":"product","2":"type-product","3":"status-publish","4":"has-post-thumbnail","6":"product_cat-accessoiresaudioetvideo","7":"product_cat-accessoireimageetson","8":"product_cat-cablesetinterconnexions","10":"first","11":"instock","12":"shipping-taxable","13":"purchasable","14":"product-type-simple"},"_links":{"self":[{"href":"https:\/\/bimba.sn\/index.php?rest_route=\/wp\/v2\/product\/2875","targetHints":{"allow":["GET"]}}],"collection":[{"href":"https:\/\/bimba.sn\/index.php?rest_route=\/wp\/v2\/product"}],"about":[{"href":"https:\/\/bimba.sn\/index.php?rest_route=\/wp\/v2\/types\/product"}],"replies":[{"embeddable":true,"href":"https:\/\/bimba.sn\/index.php?rest_route=%2Fwp%2Fv2%2Fcomments&post=2875"}],"wp:featuredmedia":[{"embeddable":true,"href":"https:\/\/bimba.sn\/index.php?rest_route=\/wp\/v2\/media\/2870"}],"wp:attachment":[{"href":"https:\/\/bimba.sn\/index.php?rest_route=%2Fwp%2Fv2%2Fmedia&parent=2875"}],"wp:term":[{"taxonomy":"store","embeddable":true,"href":"https:\/\/bimba.sn\/index.php?rest_route=%2Fwp%2Fv2%2Fstore&post=2875"},{"taxonomy":"product_brand","embeddable":true,"href":"https:\/\/bimba.sn\/index.php?rest_route=%2Fwp%2Fv2%2Fproduct_brand&post=2875"},{"taxonomy":"product_cat","embeddable":true,"href":"https:\/\/bimba.sn\/index.php?rest_route=%2Fwp%2Fv2%2Fproduct_cat&post=2875"},{"taxonomy":"product_tag","embeddable":true,"href":"https:\/\/bimba.sn\/index.php?rest_route=%2Fwp%2Fv2%2Fproduct_tag&post=2875"}],"curies":[{"name":"wp","href":"https:\/\/api.w.org\/{rel}","templated":true}]}}