{"id":2863,"date":"2025-05-06T08:20:17","date_gmt":"2025-05-06T06:20:17","guid":{"rendered":"https:\/\/bimba.sn\/?product=adaptateur-et-convertisseur-hdmi-vers-vga-2"},"modified":"2025-05-06T08:20:17","modified_gmt":"2025-05-06T06:20:17","slug":"adaptateur-et-convertisseur-hdmi-vers-vga-2","status":"publish","type":"product","link":"https:\/\/bimba.sn\/?product=adaptateur-et-convertisseur-hdmi-vers-vga-2","title":{"rendered":"adaptateur et Convertisseur HDMI vers VGA"},"content":{"rendered":"<p><strong>HDMI vers VGA:\u00a0<\/strong><\/p>\n<p>Pour brancher tout appareil avec prise HDMI \u00e0 un \u00e9cran avec prise VGA . Pratique pour relier PC ou console de jeux \u00e0 un \u00e9cran \/ projecteur sans HDMI.\u00a0Connecter ordinateur ou jeux vid\u00e9o avec interface HDMI \u00e0 un projecteur, affichage, \u00e9cran LCD, TV et moniteur avec interface VGA. Ce qui vous permet de jouer aux jeux vid\u00e9o ou voir un film sur un grand \u00e9cran<\/p>\n<p>\u00a0<\/p>\n<p><span>Haute D\u00e9finition: Il supporte des d\u00e9finitions jusqu&rsquo;\u00e0 1920 x 1080@60Hz (Max) y compris 720p et 1600 x 1200 pour moniteurs HD ou projecteurs Compatibilit\u00e9 Forte: Le port HDMI compatible avec PC, ordinateur portable, Ultrabook, Roku lecteur multim\u00e9dia, Smart TV Box et autres appareils avec interface HDMI. \u00a0 \u00a0 Le port VGA femelle peut \u00eatre connect\u00e9 \u00e0 un projecteur, HDTV, moniteurs et d&rsquo;autres appareils avec le port VGA m\u00e2le Solide et Pratique: Les prises sont solide, r\u00e9sistent \u00e0 la corrosion, pas de risque qu&rsquo;il se d\u00e9branche tout seul, am\u00e9liore les performances de transmission de signal. Il n&rsquo;y a pas d&rsquo;installation de logiciel pilote pour l&rsquo;utiliser. Supporte plug &amp; play. Baisse de la consommation d&rsquo;\u00e9nergie<\/span><\/p>\n","protected":false},"excerpt":{"rendered":"<ul>\n<li style=\"padding: 0px;margin: 0px\">Type de produit:\u00a0adaptateur HDMI to VGA\u00a0<\/li>\n<li style=\"padding: 0px;margin: 0px\">Branchement de tout appareil avec prise HDMI \u00e0 un \u00e9cran avec prise VGA\u00a0<\/li>\n<li style=\"padding: 0px;margin: 0px\">Solide et\u00a0Pratique<\/li>\n<li style=\"padding: 0px;margin: 0px\">Compatibilit\u00e9 Forte: Le port HDMI compatible avec PC, ordinateur portable, Ultrabook, Roku lecteur multim\u00e9dia, Smart TV Box et autres appareils avec interface HDMI<\/li>\n<li style=\"padding: 0px;margin: 0px\">Haute D\u00e9finition jusqu&rsquo;\u00e0 1920 x 1080@60Hz (Max)<\/li>\n<li style=\"padding: 0px;margin: 0px\">Couleur : aleatoire<\/li>\n<\/ul>\n","protected":false},"featured_media":2860,"comment_status":"open","ping_status":"closed","template":"","meta":{"_gspb_post_css":""},"store":[],"product_brand":[],"product_cat":[275,268,278,239],"product_tag":[],"class_list":{"0":"post-2863","1":"product","2":"type-product","3":"status-publish","4":"has-post-thumbnail","6":"product_cat-accessoiresaudioetvideo","7":"product_cat-accessoirespourordinateurportable","8":"product_cat-cablesetinterconnexions","9":"product_cat-video","11":"first","12":"instock","13":"shipping-taxable","14":"purchasable","15":"product-type-simple"},"_links":{"self":[{"href":"https:\/\/bimba.sn\/index.php?rest_route=\/wp\/v2\/product\/2863","targetHints":{"allow":["GET"]}}],"collection":[{"href":"https:\/\/bimba.sn\/index.php?rest_route=\/wp\/v2\/product"}],"about":[{"href":"https:\/\/bimba.sn\/index.php?rest_route=\/wp\/v2\/types\/product"}],"replies":[{"embeddable":true,"href":"https:\/\/bimba.sn\/index.php?rest_route=%2Fwp%2Fv2%2Fcomments&post=2863"}],"wp:featuredmedia":[{"embeddable":true,"href":"https:\/\/bimba.sn\/index.php?rest_route=\/wp\/v2\/media\/2860"}],"wp:attachment":[{"href":"https:\/\/bimba.sn\/index.php?rest_route=%2Fwp%2Fv2%2Fmedia&parent=2863"}],"wp:term":[{"taxonomy":"store","embeddable":true,"href":"https:\/\/bimba.sn\/index.php?rest_route=%2Fwp%2Fv2%2Fstore&post=2863"},{"taxonomy":"product_brand","embeddable":true,"href":"https:\/\/bimba.sn\/index.php?rest_route=%2Fwp%2Fv2%2Fproduct_brand&post=2863"},{"taxonomy":"product_cat","embeddable":true,"href":"https:\/\/bimba.sn\/index.php?rest_route=%2Fwp%2Fv2%2Fproduct_cat&post=2863"},{"taxonomy":"product_tag","embeddable":true,"href":"https:\/\/bimba.sn\/index.php?rest_route=%2Fwp%2Fv2%2Fproduct_tag&post=2863"}],"curies":[{"name":"wp","href":"https:\/\/api.w.org\/{rel}","templated":true}]}}