{"id":2833,"date":"2025-05-05T23:23:47","date_gmt":"2025-05-05T21:23:47","guid":{"rendered":"https:\/\/bimba.sn\/?product=memoire-ram-ddr4-2666-desktop-16gb-pour-ordinateur-fixe"},"modified":"2025-05-05T23:23:47","modified_gmt":"2025-05-05T21:23:47","slug":"memoire-ram-ddr4-2666-desktop-16gb-pour-ordinateur-fixe","status":"publish","type":"product","link":"https:\/\/bimba.sn\/?product=memoire-ram-ddr4-2666-desktop-16gb-pour-ordinateur-fixe","title":{"rendered":"m\u00e9moire Ram DDR4-2666 Desktop 16Gb pour ordinateur fixe"},"content":{"rendered":"<h2>Ram DDR4-2666 Desktop 16 Gb m\u00e9moire Ordinateur<\/h2>\n<p><span class=\"fpBlocTitle\" style=\"border: 0px;font-family: inherit;font-style: inherit;font-weight: inherit;margin: 0px;padding: 0px;vertical-align: baseline\">Les points forts :<\/span><\/p>\n<ul>\n<li style=\"border: 0px;font-family: inherit;font-style: inherit;font-weight: inherit;margin: 0px;padding: 0px;vertical-align: baseline\">16 Go \u2013 1.2 V<\/li>\n<li style=\"border: 0px;font-family: inherit;font-style: inherit;font-weight: inherit;margin: 0px;padding: 0px;vertical-align: baseline\">Technologie : DDR4 SDRAM<\/li>\n<li style=\"border: 0px;font-family: inherit;font-style: inherit;font-weight: inherit;margin: 0px;padding: 0px;vertical-align: baseline\">Vitesse : 2666 MHz (PC4-23400)<\/li>\n<li style=\"border: 0px;font-family: inherit;font-style: inherit;font-weight: inherit;margin: 0px;padding: 0px;vertical-align: baseline\">ECC<\/li>\n<\/ul>\n<table class=\"fpDescTb fpDescTbPub\">\n<tbody style=\"border: 0px;font-family: inherit;font-style: inherit;font-weight: inherit;margin: 0px;padding: 0px;vertical-align: baseline\">\n<tr style=\"border: 0px;font-family: inherit;font-style: inherit;font-weight: inherit;margin: 0px;padding: 0px;vertical-align: baseline\">\n<th colspan=\"2\" style=\"border: 0px;font-size: 13px;font-style: inherit;margin: 0px;padding: 0px;vertical-align: baseline;text-align: left\">Informations g\u00e9n\u00e9rales sur le produit<\/th>\n<\/tr>\n<tr style=\"border: 0px;font-family: inherit;font-style: inherit;font-weight: inherit;margin: 0px;padding: 0px;vertical-align: baseline\">\n<td style=\"font-size: 13px;font-style: inherit;margin: 0px;padding: 5px 10px;vertical-align: baseline\">Marque<\/td>\n<td style=\"font-size: 13px;font-style: inherit;margin: 0px;padding: 5px 10px;vertical-align: baseline\"><\/td>\n<\/tr>\n<tr style=\"border: 0px;font-family: inherit;font-style: inherit;font-weight: inherit;margin: 0px;padding: 0px;vertical-align: baseline\">\n<td style=\"font-size: 13px;font-style: inherit;margin: 0px;padding: 5px 10px;vertical-align: baseline\">Nom du produit<\/td>\n<td style=\"font-size: 13px;font-style: inherit;margin: 0px;padding: 5px 10px;vertical-align: baseline\">HP RAM \u2013 16GB \u2013 DDR4-2933 \u2013 1x16GB ECC RegRAM<\/td>\n<\/tr>\n<tr style=\"border: 0px;font-family: inherit;font-style: inherit;font-weight: inherit;margin: 0px;padding: 0px;vertical-align: baseline\">\n<td style=\"font-size: 13px;font-style: inherit;margin: 0px;padding: 5px 10px;vertical-align: baseline\">Cat\u00e9gorie<\/td>\n<td style=\"font-size: 13px;font-style: inherit;margin: 0px;padding: 5px 10px;vertical-align: baseline\">M\u00c9MOIRE RAM<\/td>\n<\/tr>\n<tr style=\"border: 0px;font-family: inherit;font-style: inherit;font-weight: inherit;margin: 0px;padding: 0px;vertical-align: baseline\">\n<th colspan=\"2\" style=\"border: 0px;font-size: 13px;font-style: inherit;margin: 0px;padding: 0px;vertical-align: baseline;text-align: left\">G\u00e9n\u00e9ral<\/th>\n<\/tr>\n<tr style=\"border: 0px;font-family: inherit;font-style: inherit;font-weight: inherit;margin: 0px;padding: 0px;vertical-align: baseline\">\n<td style=\"font-size: 13px;font-style: inherit;margin: 0px;padding: 5px 10px;vertical-align: baseline\">Type de mise \u00e0 niveau<\/td>\n<td style=\"font-size: 13px;font-style: inherit;margin: 0px;padding: 5px 10px;vertical-align: baseline\">Sp\u00e9cifique au syst\u00e8me<\/td>\n<\/tr>\n<tr style=\"border: 0px;font-family: inherit;font-style: inherit;font-weight: inherit;margin: 0px;padding: 0px;vertical-align: baseline\">\n<td style=\"font-size: 13px;font-style: inherit;margin: 0px;padding: 5px 10px;vertical-align: baseline\">Capacit\u00e9<\/td>\n<td style=\"font-size: 13px;font-style: inherit;margin: 0px;padding: 5px 10px;vertical-align: baseline\">16 Go<\/td>\n<\/tr>\n<tr style=\"border: 0px;font-family: inherit;font-style: inherit;font-weight: inherit;margin: 0px;padding: 0px;vertical-align: baseline\">\n<td style=\"font-size: 13px;font-style: inherit;margin: 0px;padding: 5px 10px;vertical-align: baseline\">R\u00e9f\u00e9rence \u00e9quivalente \u00e0 celle du fabricant d\u2019origine<\/td>\n<td style=\"font-size: 13px;font-style: inherit;margin: 0px;padding: 5px 10px;vertical-align: baseline\">HP L58117-001, HP 5YZ54AT<\/td>\n<\/tr>\n<tr style=\"border: 0px;font-family: inherit;font-style: inherit;font-weight: inherit;margin: 0px;padding: 0px;vertical-align: baseline\">\n<th colspan=\"2\" style=\"border: 0px;font-size: 13px;font-style: inherit;margin: 0px;padding: 0px;vertical-align: baseline;text-align: left\">M\u00e9moire<\/th>\n<\/tr>\n<tr style=\"border: 0px;font-family: inherit;font-style: inherit;font-weight: inherit;margin: 0px;padding: 0px;vertical-align: baseline\">\n<td style=\"font-size: 13px;font-style: inherit;margin: 0px;padding: 5px 10px;vertical-align: baseline\">Type<\/td>\n<td style=\"font-size: 13px;font-style: inherit;margin: 0px;padding: 5px 10px;vertical-align: baseline\">DRAM<\/td>\n<\/tr>\n<tr style=\"border: 0px;font-family: inherit;font-style: inherit;font-weight: inherit;margin: 0px;padding: 0px;vertical-align: baseline\">\n<td style=\"font-size: 13px;font-style: inherit;margin: 0px;padding: 5px 10px;vertical-align: baseline\">Technologie<\/td>\n<td style=\"font-size: 13px;font-style: inherit;margin: 0px;padding: 5px 10px;vertical-align: baseline\">DDR4 SDRAM<\/td>\n<\/tr>\n<tr style=\"border: 0px;font-family: inherit;font-style: inherit;font-weight: inherit;margin: 0px;padding: 0px;vertical-align: baseline\">\n<td style=\"font-size: 13px;font-style: inherit;margin: 0px;padding: 5px 10px;vertical-align: baseline\">V\u00e9rification de l\u2019Int\u00e9grit\u00e9 des Donn\u00e9es<\/td>\n<td style=\"font-size: 13px;font-style: inherit;margin: 0px;padding: 5px 10px;vertical-align: baseline\">ECC<\/td>\n<\/tr>\n<tr style=\"border: 0px;font-family: inherit;font-style: inherit;font-weight: inherit;margin: 0px;padding: 0px;vertical-align: baseline\">\n<td style=\"font-size: 13px;font-style: inherit;margin: 0px;padding: 5px 10px;vertical-align: baseline\">Tension<\/td>\n<td style=\"font-size: 13px;font-style: inherit;margin: 0px;padding: 5px 10px;vertical-align: baseline\">1.2 V<\/td>\n<\/tr>\n<tr style=\"border: 0px;font-family: inherit;font-style: inherit;font-weight: inherit;margin: 0px;padding: 0px;vertical-align: baseline\">\n<td style=\"font-size: 13px;font-style: inherit;margin: 0px;padding: 5px 10px;vertical-align: baseline\">Vitesse<\/td>\n<td style=\"font-size: 13px;font-style: inherit;margin: 0px;padding: 5px 10px;vertical-align: baseline\">2666 MHz (PC4-23400)<\/td>\n<\/tr>\n<tr style=\"border: 0px;font-family: inherit;font-style: inherit;font-weight: inherit;margin: 0px;padding: 0px;vertical-align: baseline\">\n<td style=\"font-size: 13px;font-style: inherit;margin: 0px;padding: 5px 10px;vertical-align: baseline\">Fonctions<\/td>\n<td style=\"font-size: 13px;font-style: inherit;margin: 0px;padding: 5px 10px;vertical-align: baseline\">M\u00e9moire enregistr\u00e9<\/td>\n<\/tr>\n<tr style=\"border: 0px;font-family: inherit;font-style: inherit;font-weight: inherit;margin: 0px;padding: 0px;vertical-align: baseline\">\n<td style=\"font-size: 13px;font-style: inherit;margin: 0px;padding: 5px 10px;vertical-align: baseline\">Format<\/td>\n<td style=\"font-size: 13px;font-style: inherit;margin: 0px;padding: 5px 10px;vertical-align: baseline\">DIMM 288 broches<\/td>\n<\/tr>\n<\/tbody>\n<\/table>\n","protected":false},"excerpt":{"rendered":"<h2>Ram DDR4-2666 Desktop 16 Gb m\u00e9moire Ordinateur bureau<\/h2>\n<p><span class=\"fpBlocTitle\" style=\"border: 0px;font-family: inherit;font-style: inherit;font-weight: inherit;margin: 0px;padding: 0px;vertical-align: baseline\">Les points forts :<\/span><\/p>\n<ul>\n<li style=\"border: 0px;font-family: inherit;font-style: inherit;font-weight: inherit;margin: 0px;padding: 0px;vertical-align: baseline\">16 Go \u2013 1.2 V<\/li>\n<li style=\"border: 0px;font-family: inherit;font-style: inherit;font-weight: inherit;margin: 0px;padding: 0px;vertical-align: baseline\">Technologie : DDR4 SDRAM<\/li>\n<li style=\"border: 0px;font-family: inherit;font-style: inherit;font-weight: inherit;margin: 0px;padding: 0px;vertical-align: baseline\">Vitesse : 2666 MHz (PC4-23400)<\/li>\n<li style=\"border: 0px;font-family: inherit;font-style: inherit;font-weight: inherit;margin: 0px;padding: 0px;vertical-align: baseline\">ECC<\/li>\n<\/ul>\n","protected":false},"featured_media":2829,"comment_status":"open","ping_status":"closed","template":"","meta":{"_gspb_post_css":""},"store":[],"product_brand":[],"product_cat":[268,269],"product_tag":[],"class_list":{"0":"post-2833","1":"product","2":"type-product","3":"status-publish","4":"has-post-thumbnail","6":"product_cat-accessoirespourordinateurportable","7":"product_cat-composantspc","9":"first","10":"instock","11":"shipping-taxable","12":"purchasable","13":"product-type-simple"},"_links":{"self":[{"href":"https:\/\/bimba.sn\/index.php?rest_route=\/wp\/v2\/product\/2833","targetHints":{"allow":["GET"]}}],"collection":[{"href":"https:\/\/bimba.sn\/index.php?rest_route=\/wp\/v2\/product"}],"about":[{"href":"https:\/\/bimba.sn\/index.php?rest_route=\/wp\/v2\/types\/product"}],"replies":[{"embeddable":true,"href":"https:\/\/bimba.sn\/index.php?rest_route=%2Fwp%2Fv2%2Fcomments&post=2833"}],"wp:featuredmedia":[{"embeddable":true,"href":"https:\/\/bimba.sn\/index.php?rest_route=\/wp\/v2\/media\/2829"}],"wp:attachment":[{"href":"https:\/\/bimba.sn\/index.php?rest_route=%2Fwp%2Fv2%2Fmedia&parent=2833"}],"wp:term":[{"taxonomy":"store","embeddable":true,"href":"https:\/\/bimba.sn\/index.php?rest_route=%2Fwp%2Fv2%2Fstore&post=2833"},{"taxonomy":"product_brand","embeddable":true,"href":"https:\/\/bimba.sn\/index.php?rest_route=%2Fwp%2Fv2%2Fproduct_brand&post=2833"},{"taxonomy":"product_cat","embeddable":true,"href":"https:\/\/bimba.sn\/index.php?rest_route=%2Fwp%2Fv2%2Fproduct_cat&post=2833"},{"taxonomy":"product_tag","embeddable":true,"href":"https:\/\/bimba.sn\/index.php?rest_route=%2Fwp%2Fv2%2Fproduct_tag&post=2833"}],"curies":[{"name":"wp","href":"https:\/\/api.w.org\/{rel}","templated":true}]}}