{"id":2805,"date":"2025-05-05T22:33:35","date_gmt":"2025-05-05T20:33:35","guid":{"rendered":"https:\/\/bimba.sn\/?product=disque-dur-interne-wd-1to"},"modified":"2025-05-05T22:33:35","modified_gmt":"2025-05-05T20:33:35","slug":"disque-dur-interne-wd-1to","status":"publish","type":"product","link":"https:\/\/bimba.sn\/?product=disque-dur-interne-wd-1to","title":{"rendered":"Disque dur interne WD 1To"},"content":{"rendered":"<h2>Augmentez votre capacit\u00e9 de stockage avec ce disque dur d\u2019un T\u00e9ra<\/h2>\n<p>Compatible avec n\u2019importe quel support num\u00e9rique, avec ce\u00a0<span style=\"font-weight: 700\">disque dur<\/span>\u00a0parfaitement mobile fait et d\u00e9faites votre stock de fichiers num\u00e9riques o\u00f9 et quand bon vous semble. Transportez, transf\u00e9rez et stockez tout type de support num\u00e9rique peu importe la taille avec ce p\u00e9riph\u00e9rique externe d\u2019un t\u00e9raoctet qui \u00e9quivaut \u00e0 pr\u00e8s de 1024 Giga.<\/p>\n<p>Ne loupez pas cette occasion exceptionnelle de vous faire parvenir ce\u00a0\u00a0<span style=\"font-weight: 700\">disque dur un T\u00e9ra\u00a0<\/span>\u00a0o\u00f9 vous soyez au Cameroun dans un d\u00e9lai de temps exceptionnel.<\/p>\n<p>\u00a0<\/p>\n<h2><span style=\"font-weight: 700\">Caract\u00e9ristiques<\/span>\u00a0:<\/h2>\n<ul>\n<li><span style=\"font-weight: 700\">Cat\u00e9gorie\u00a0<\/span>\u00a0: INFORMATIQUE<\/li>\n<li><span style=\"font-weight: 700\">Nom du produit<\/span>\u00a0\u00a0: Disque Dur<\/li>\n<li><span style=\"font-weight: 700\">Type<\/span>\u00a0: Disque dur interne 3.5\u2033<\/li>\n<li><span style=\"font-weight: 700\">Marque<\/span>\u00a0: Western Digital Blue<\/li>\n<li><span style=\"font-weight: 700\">Format de disque<\/span>\u00a0: 3.5\u2032 Interne<\/li>\n<li><span style=\"font-weight: 700\">Capacit\u00e9<\/span>\u00a0: 1,0 \u00e0<\/li>\n<li><span style=\"font-weight: 700\">Vitesse de rotation<\/span>\u00a0: 5400 RPM<\/li>\n<li><span style=\"font-weight: 700\">Taille du cache<\/span>\u00a0: 64 Mo<\/li>\n<li><span style=\"font-weight: 700\">Interface<\/span>\u00a0: SATA III \u2013 6 Gb\/s<\/li>\n<li><span style=\"font-weight: 700\">Dimensions<\/span>\u00a0: 101,6 x 26,1 x 147 mm<\/li>\n<li><span style=\"font-weight: 700\">Poids:<\/span>\u00a0450g<\/li>\n<li><span style=\"font-weight: 700\">Garantie\u00a0<\/span>\u00a0: 1ans<\/li>\n<\/ul>\n","protected":false},"excerpt":{"rendered":"<ul>\n<li><span style=\"font-weight: 700\">Cat\u00e9gorie\u00a0<\/span>\u00a0: INFORMATIQUE<\/li>\n<li><span style=\"font-weight: 700\">Nom du produit<\/span>\u00a0\u00a0: Disque Dur<\/li>\n<li><span style=\"font-weight: 700\">Type<\/span>\u00a0: Disque dur interne 3.5\u2033<\/li>\n<li><span style=\"font-weight: 700\">Marque<\/span>\u00a0: Western Digital Blue<\/li>\n<li><span style=\"font-weight: 700\">Format de disque<\/span>\u00a0: 3.5\u2032 Interne<\/li>\n<li><span style=\"font-weight: 700\">Capacit\u00e9<\/span>\u00a0: 1,0 \u00e0<\/li>\n<li><span style=\"font-weight: 700\">Vitesse de rotation<\/span>\u00a0: 5400 RPM<\/li>\n<li><span style=\"font-weight: 700\">Taille du cache<\/span>\u00a0: 64 Mo<\/li>\n<li><span style=\"font-weight: 700\">Interface<\/span>\u00a0: SATA III \u2013 6 Gb\/s<\/li>\n<li><span style=\"font-weight: 700\">Dimensions<\/span>\u00a0: 101,6 x 26,1 x 147 mm<\/li>\n<li><span style=\"font-weight: 700\">Poids:<\/span>\u00a0450g<\/li>\n<li><span style=\"font-weight: 700\">Garantie\u00a0<\/span>\u00a0: 1ans<\/li>\n<\/ul>\n","protected":false},"featured_media":2792,"comment_status":"open","ping_status":"closed","template":"","meta":{"_gspb_post_css":""},"store":[],"product_brand":[],"product_cat":[268,269,245],"product_tag":[],"class_list":{"0":"post-2805","1":"product","2":"type-product","3":"status-publish","4":"has-post-thumbnail","6":"product_cat-accessoirespourordinateurportable","7":"product_cat-composantspc","8":"product_cat-equipementvideodesurveillance","10":"first","11":"instock","12":"shipping-taxable","13":"purchasable","14":"product-type-simple"},"_links":{"self":[{"href":"https:\/\/bimba.sn\/index.php?rest_route=\/wp\/v2\/product\/2805","targetHints":{"allow":["GET"]}}],"collection":[{"href":"https:\/\/bimba.sn\/index.php?rest_route=\/wp\/v2\/product"}],"about":[{"href":"https:\/\/bimba.sn\/index.php?rest_route=\/wp\/v2\/types\/product"}],"replies":[{"embeddable":true,"href":"https:\/\/bimba.sn\/index.php?rest_route=%2Fwp%2Fv2%2Fcomments&post=2805"}],"wp:featuredmedia":[{"embeddable":true,"href":"https:\/\/bimba.sn\/index.php?rest_route=\/wp\/v2\/media\/2792"}],"wp:attachment":[{"href":"https:\/\/bimba.sn\/index.php?rest_route=%2Fwp%2Fv2%2Fmedia&parent=2805"}],"wp:term":[{"taxonomy":"store","embeddable":true,"href":"https:\/\/bimba.sn\/index.php?rest_route=%2Fwp%2Fv2%2Fstore&post=2805"},{"taxonomy":"product_brand","embeddable":true,"href":"https:\/\/bimba.sn\/index.php?rest_route=%2Fwp%2Fv2%2Fproduct_brand&post=2805"},{"taxonomy":"product_cat","embeddable":true,"href":"https:\/\/bimba.sn\/index.php?rest_route=%2Fwp%2Fv2%2Fproduct_cat&post=2805"},{"taxonomy":"product_tag","embeddable":true,"href":"https:\/\/bimba.sn\/index.php?rest_route=%2Fwp%2Fv2%2Fproduct_tag&post=2805"}],"curies":[{"name":"wp","href":"https:\/\/api.w.org\/{rel}","templated":true}]}}