{"id":2756,"date":"2025-05-05T00:36:37","date_gmt":"2025-05-04T22:36:37","guid":{"rendered":"https:\/\/bimba.sn\/?product=logiciel-kaspersky-standard-2-postes-2025"},"modified":"2025-05-05T00:36:37","modified_gmt":"2025-05-04T22:36:37","slug":"logiciel-kaspersky-standard-2-postes-2025","status":"publish","type":"product","link":"https:\/\/bimba.sn\/?product=logiciel-kaspersky-standard-2-postes-2025","title":{"rendered":"Logiciel Kaspersky Standard 2 postes 2025"},"content":{"rendered":"<p><span style=\"font-family: KasperskySansDisplay, NotoKufiArabic, NotoSans, MuseoSans, Arial, Helvetica, sans-serif;font-size: 21px\">Nous avons remport\u00e9 la prestigieuse r\u00e9compense d\u00e9cern\u00e9e par AV-Comparatives, un laboratoire de test europ\u00e9en de renom, apr\u00e8s avoir surpass\u00e9 14 concurrents dans le cadre d&rsquo;une s\u00e9rie de tests rigoureux.<\/span><br style=\"font-family: KasperskySansDisplay, NotoKufiArabic, NotoSans, MuseoSans, Arial, Helvetica, sans-serif;font-size: 21px\"><br style=\"font-family: KasperskySansDisplay, NotoKufiArabic, NotoSans, MuseoSans, Arial, Helvetica, sans-serif;font-size: 21px\"><span style=\"font-family: KasperskySansDisplay, NotoKufiArabic, NotoSans, MuseoSans, Arial, Helvetica, sans-serif;font-size: 21px\">Notre victoire est due \u00e0 des\u00a0<\/span><a href=\"https:\/\/www.av-comparatives.org\/tests\/summary-report-2023\/\" style=\"margin: 0px;padding: 0px;font-size: 21px;vertical-align: baseline;font-family: KasperskySansDisplay, NotoKufiArabic, NotoSans, MuseoSans, Arial, Helvetica, sans-serif\">r\u00e9sultats exceptionnels<\/a><span style=\"font-family: KasperskySansDisplay, NotoKufiArabic, NotoSans, MuseoSans, Arial, Helvetica, sans-serif;font-size: 21px\"> dans diff\u00e9rentes cat\u00e9gories, notamment la d\u00e9tection des programmes malveillants, la pr\u00e9vention des attaques cibl\u00e9es et l&rsquo;impact sur les performances syst\u00e8me.<\/span><\/p>\n","protected":false},"excerpt":{"rendered":"<ul class=\"OpenBuyBlockColumnFeatures_featuresWrapper__SkICj\" aria-label=\"fonctionnalit\u00e9 incluse\" style=\"margin: 0px;padding: 0px;border: 0px;vertical-align: baseline;background-image: initial;background-position: initial;background-size: initial;background-repeat: initial;background-attachment: initial;font-family: KasperskySansDisplay, NotoKufiArabic, NotoSans, MuseoSans, Arial, Helvetica, sans-serif\">\n<li class=\"ListItem_item__wqICo OpenBuyBlockColumnFeatures_featureWrapper__mVXX4\" role=\"region\" style=\"margin: 0px;padding: 0px;border: 0px;vertical-align: baseline;width: 321.323px;align-items: center\">\n<div class=\"OpenBuyBlockColumnFeatures_feature__zLvgd\" style=\"margin: 0px 0px 0px 16px;padding: 0px;border: 0px;font-size: 1rem;vertical-align: baseline;line-height: 1.25rem\">Antivirus en temps r\u00e9el<\/div>\n<\/li>\n<li class=\"ListItem_item__wqICo OpenBuyBlockColumnFeatures_featureWrapper__mVXX4\" role=\"region\" style=\"margin: 16px 0px 0px;padding: 0px;border: 0px;vertical-align: baseline;width: 321.323px;align-items: center\">\n<div class=\"OpenBuyBlockColumnFeatures_feature__zLvgd\" style=\"margin: 0px 0px 0px 16px;padding: 0px;border: 0px;font-size: 1rem;vertical-align: baseline;line-height: 1.25rem\">Protection des paiements en ligne<\/div>\n<\/li>\n<li class=\"ListItem_item__wqICo OpenBuyBlockColumnFeatures_featureWrapper__mVXX4\" role=\"region\" style=\"margin: 16px 0px 0px;padding: 0px;border: 0px;vertical-align: baseline;width: 321.323px;align-items: center\">\n<div class=\"OpenBuyBlockColumnFeatures_feature__zLvgd\" style=\"margin: 0px 0px 0px 16px;padding: 0px;border: 0px;font-size: 1rem;vertical-align: baseline;line-height: 1.25rem\">Optimisation des performances<\/div>\n<\/li>\n<\/ul>\n","protected":false},"featured_media":2750,"comment_status":"open","ping_status":"closed","template":"","meta":{"_gspb_post_css":""},"store":[],"product_brand":[],"product_cat":[280],"product_tag":[],"class_list":{"0":"post-2756","1":"product","2":"type-product","3":"status-publish","4":"has-post-thumbnail","6":"product_cat-antivirussecurite","8":"first","9":"instock","10":"shipping-taxable","11":"purchasable","12":"product-type-simple"},"_links":{"self":[{"href":"https:\/\/bimba.sn\/index.php?rest_route=\/wp\/v2\/product\/2756","targetHints":{"allow":["GET"]}}],"collection":[{"href":"https:\/\/bimba.sn\/index.php?rest_route=\/wp\/v2\/product"}],"about":[{"href":"https:\/\/bimba.sn\/index.php?rest_route=\/wp\/v2\/types\/product"}],"replies":[{"embeddable":true,"href":"https:\/\/bimba.sn\/index.php?rest_route=%2Fwp%2Fv2%2Fcomments&post=2756"}],"wp:featuredmedia":[{"embeddable":true,"href":"https:\/\/bimba.sn\/index.php?rest_route=\/wp\/v2\/media\/2750"}],"wp:attachment":[{"href":"https:\/\/bimba.sn\/index.php?rest_route=%2Fwp%2Fv2%2Fmedia&parent=2756"}],"wp:term":[{"taxonomy":"store","embeddable":true,"href":"https:\/\/bimba.sn\/index.php?rest_route=%2Fwp%2Fv2%2Fstore&post=2756"},{"taxonomy":"product_brand","embeddable":true,"href":"https:\/\/bimba.sn\/index.php?rest_route=%2Fwp%2Fv2%2Fproduct_brand&post=2756"},{"taxonomy":"product_cat","embeddable":true,"href":"https:\/\/bimba.sn\/index.php?rest_route=%2Fwp%2Fv2%2Fproduct_cat&post=2756"},{"taxonomy":"product_tag","embeddable":true,"href":"https:\/\/bimba.sn\/index.php?rest_route=%2Fwp%2Fv2%2Fproduct_tag&post=2756"}],"curies":[{"name":"wp","href":"https:\/\/api.w.org\/{rel}","templated":true}]}}