{"id":2746,"date":"2025-05-05T00:15:45","date_gmt":"2025-05-04T22:15:45","guid":{"rendered":"https:\/\/bimba.sn\/?product=pointeur-laser-logitech-r400"},"modified":"2025-05-05T00:15:46","modified_gmt":"2025-05-04T22:15:46","slug":"pointeur-laser-logitech-r400","status":"publish","type":"product","link":"https:\/\/bimba.sn\/?product=pointeur-laser-logitech-r400","title":{"rendered":"POINTEUR LASER LOGITECH R400"},"content":{"rendered":"<p style=\"margin-top: 0px;margin-bottom: 1rem;font-size: 14px;line-height: 25px;font-family: Roboto, sans-serif\"><span class=\"description\">Les commandes pratiques de la t\u00e9l\u00e9commande\u00a0<span style=\"font-weight: bolder\">Logitech Wireless Presenter R400<\/span>\u00a0vous aident \u00e0 r\u00e9ussir vos pr\u00e9sentations.<\/span><\/p>\n<p style=\"margin-top: 0px;margin-bottom: 1rem;font-size: 14px;line-height: 25px;font-family: Roboto, sans-serif\"><span class=\"description\">Avec les commandes intuitives et le pointeur laser rouge de la Wireless Presenter R400, les pr\u00e9sentations sont un vrai jeu d&rsquo;enfant, m\u00eame dans les environnements les plus sombres.<\/span><\/p>\n<p style=\"margin-top: 0px;margin-bottom: 1rem;font-size: 14px;line-height: 25px;font-family: Roboto, sans-serif\"><span class=\"description\">Le pointeur laser rouge est facile \u00e0 voir sur la plupart des surfaces et sa port\u00e9e peut atteindre 15 m\u00e8tres, vous permettant ainsi de vous d\u00e9placer dans la salle. Aucun logiciel n&rsquo;est n\u00e9cessaire, il suffit de brancher le r\u00e9cepteur dans un port USB et le tour est jou\u00e9 !<\/p>\n<p>Lorsque vous avez termin\u00e9 votre pr\u00e9sentation, le r\u00e9cepteur se range dans le R400 pour faciliter le transport.<\/span><\/p>\n<p style=\"margin-top: 0px;margin-bottom: 1rem;font-size: 14px;line-height: 25px;font-family: Roboto, sans-serif\">\n<ul style=\"margin-bottom: 1rem;margin-top: 0px;padding-left: 0px;font-family: Roboto, sans-serif;font-size: 14px\">\n<li><span style=\"font-weight: bolder\">Un pointeur laser rouge efficace, vous permettant de montrer ce que vous voulez<\/span><\/li>\n<li>Commandes de diaporama intuitives<\/li>\n<li>T\u00e9moin de niveau de charges des piles<\/li>\n<li>R\u00e9cepteur sans fil pr\u00eat \u00e0 l&#8217;emploi<\/li>\n<li><span style=\"font-weight: bolder\">Port\u00e9e allant jusqu&rsquo;\u00e0 15 m\u00e8tres<\/span><\/li>\n<\/ul>\n","protected":false},"excerpt":{"rendered":"<ul style=\"margin-bottom: 1rem;margin-top: 0px;padding-left: 0px;font-family: Roboto, sans-serif;font-size: 14px\">\n<li>\n<p style=\"margin-top: 0px;margin-bottom: 1rem;line-height: 25px\"><span style=\"font-weight: bolder\">Un pointeur laser rouge efficace, vous permettant de montrer ce que vous voulez<\/span><\/p>\n<\/li>\n<li>\n<p style=\"margin-top: 0px;margin-bottom: 1rem;line-height: 25px\"><span style=\"font-weight: bolder\">Port\u00e9e allant jusqu&rsquo;\u00e0 15 m\u00e8tres<\/span><\/p>\n<\/li>\n<li>\n<p style=\"margin-top: 0px;margin-bottom: 1rem;line-height: 25px\">Compatible Windows 10<\/p>\n<\/li>\n<\/ul>\n","protected":false},"featured_media":2743,"comment_status":"open","ping_status":"closed","template":"","meta":{"_gspb_post_css":""},"store":[],"product_brand":[],"product_cat":[268,269],"product_tag":[],"class_list":{"0":"post-2746","1":"product","2":"type-product","3":"status-publish","4":"has-post-thumbnail","6":"product_cat-accessoirespourordinateurportable","7":"product_cat-composantspc","9":"first","10":"instock","11":"shipping-taxable","12":"purchasable","13":"product-type-simple"},"_links":{"self":[{"href":"https:\/\/bimba.sn\/index.php?rest_route=\/wp\/v2\/product\/2746","targetHints":{"allow":["GET"]}}],"collection":[{"href":"https:\/\/bimba.sn\/index.php?rest_route=\/wp\/v2\/product"}],"about":[{"href":"https:\/\/bimba.sn\/index.php?rest_route=\/wp\/v2\/types\/product"}],"replies":[{"embeddable":true,"href":"https:\/\/bimba.sn\/index.php?rest_route=%2Fwp%2Fv2%2Fcomments&post=2746"}],"wp:featuredmedia":[{"embeddable":true,"href":"https:\/\/bimba.sn\/index.php?rest_route=\/wp\/v2\/media\/2743"}],"wp:attachment":[{"href":"https:\/\/bimba.sn\/index.php?rest_route=%2Fwp%2Fv2%2Fmedia&parent=2746"}],"wp:term":[{"taxonomy":"store","embeddable":true,"href":"https:\/\/bimba.sn\/index.php?rest_route=%2Fwp%2Fv2%2Fstore&post=2746"},{"taxonomy":"product_brand","embeddable":true,"href":"https:\/\/bimba.sn\/index.php?rest_route=%2Fwp%2Fv2%2Fproduct_brand&post=2746"},{"taxonomy":"product_cat","embeddable":true,"href":"https:\/\/bimba.sn\/index.php?rest_route=%2Fwp%2Fv2%2Fproduct_cat&post=2746"},{"taxonomy":"product_tag","embeddable":true,"href":"https:\/\/bimba.sn\/index.php?rest_route=%2Fwp%2Fv2%2Fproduct_tag&post=2746"}],"curies":[{"name":"wp","href":"https:\/\/api.w.org\/{rel}","templated":true}]}}