{"id":2737,"date":"2025-05-05T00:05:15","date_gmt":"2025-05-04T22:05:15","guid":{"rendered":"https:\/\/bimba.sn\/?product=mt-viki-42-hdmi-switch-and-splitter-mt-hd4-2"},"modified":"2025-05-05T00:05:15","modified_gmt":"2025-05-04T22:05:15","slug":"mt-viki-42-hdmi-switch-and-splitter-mt-hd4-2","status":"publish","type":"product","link":"https:\/\/bimba.sn\/?product=mt-viki-42-hdmi-switch-and-splitter-mt-hd4-2","title":{"rendered":"MT-VIKI 4*2 HDMI SWITCH AND SPLITTER MT-HD4-2"},"content":{"rendered":"<p><span style=\"margin: 0px;padding: 0px;font-weight: 700\">MT-VIKI MT-HD4-2 R\u00e9partiteur HDMI 4 \u00e0 2 &#8211; Commutateur de signal HDMI pratique et de qualit\u00e9<\/span><\/p>\n<p>Le\u00a0<span style=\"margin: 0px;padding: 0px;font-weight: 700\">r\u00e9partiteur HDMI 4 \u00e0 2 MT-VIKI MT-HD4-2<\/span>\u00a0est la solution id\u00e9ale pour les syst\u00e8mes qui ont besoin de diviser des signaux HDMI de 4 sources vers 2 appareils diff\u00e9rents tout en garantissant une qualit\u00e9 d\u2019image et de son nette. Avec une s\u00e9lection d\u2019entr\u00e9e facile via la t\u00e9l\u00e9commande ou le bouton de l\u2019appareil, ce produit offre une commodit\u00e9 exceptionnelle aux utilisateurs. En particulier, les deux sorties HDMI s\u2019affichent de la m\u00eame mani\u00e8re, ce qui vous permet de partager le signal entre les appareils en m\u00eame temps sans perte de qualit\u00e9.<\/p>\n<h3><span style=\"margin: 0px;padding: 0px\">Sp\u00e9cifications de la sortie HDMI 4 2 MT-VIKI MT-HD4-2<\/span><\/h3>\n<ul>\n<li style=\"margin: 7px 0px 0px 20px;padding: 0px\"><span style=\"margin: 0px;padding: 0px;font-weight: 700\">Mod\u00e8le<\/span>\u00a0: MT-HD4-2<\/li>\n<li style=\"margin: 7px 0px 0px 20px;padding: 0px\"><span style=\"margin: 0px;padding: 0px;font-weight: 700\">Fabricant<\/span>\u00a0: MT-VIKI<\/li>\n<li style=\"margin: 7px 0px 0px 20px;padding: 0px\"><span style=\"margin: 0px;padding: 0px;font-weight: 700\">Basculez le signal HDMI de 4 \u00e0 2<\/span><\/li>\n<li style=\"margin: 7px 0px 0px 20px;padding: 0px\"><span style=\"margin: 0px;padding: 0px;font-weight: 700\">Entr\u00e9es<\/span>\u00a0: 4 ports HDMI (s\u00e9lectionner par la commande ou le bouton de l\u2019appareil)<\/li>\n<li style=\"margin: 7px 0px 0px 20px;padding: 0px\"><span style=\"margin: 0px;padding: 0px;font-weight: 700\">Sortie<\/span>\u00a0: 2 ports HDMI (affichage du m\u00eame contenu)<\/li>\n<li style=\"margin: 7px 0px 0px 20px;padding: 0px\"><span style=\"margin: 0px;padding: 0px;font-weight: 700\">Norme HDMI<\/span>\u00a0: HDMI 1.3B<\/li>\n<li style=\"margin: 7px 0px 0px 20px;padding: 0px\"><span style=\"margin: 0px;padding: 0px;font-weight: 700\">Avec t\u00e9l\u00e9commande<\/span>\u00a0: R\u00e9glage facile de l\u2019entr\u00e9e \u00e0 distance<\/li>\n<li style=\"margin: 7px 0px 0px 20px;padding: 0px\"><span style=\"margin: 0px;padding: 0px;font-weight: 700\">Fournir des boutons sur l\u2019appareil<\/span>\u00a0: Op\u00e9rer directement sur l\u2019appareil<\/li>\n<li style=\"margin: 7px 0px 0px 20px;padding: 0px\"><span style=\"margin: 0px;padding: 0px;font-weight: 700\">Alimentation<\/span>\u00a0: utilisez une source d\u2019alimentation externe<\/li>\n<li style=\"margin: 7px 0px 0px 20px;padding: 0px\"><span style=\"margin: 0px;padding: 0px;font-weight: 700\">Garantie<\/span>\u00a0: 12 mois<\/li>\n<li style=\"margin: 7px 0px 0px 20px;padding: 0px\"><span style=\"margin: 0px;padding: 0px;font-weight: 700\">Lieu d\u2019origine<\/span>\u00a0: Chine<\/li>\n<li style=\"margin: 7px 0px 0px 20px;padding: 0px\"><span style=\"margin: 0px;padding: 0px;font-weight: 700\">Prix<\/span>\u00a0: TVA incluse<\/li>\n<\/ul>\n<h3><span style=\"margin: 0px;padding: 0px\">Avantages du r\u00e9partiteur 4 HDMI MT-VIKI MT-HD4-2<\/span><\/h3>\n<ol>\n<li style=\"margin: 7px 0px 0px 20px;padding: 0px\">\n<p style=\"margin: 0px;padding: 0px\"><span style=\"margin: 0px;padding: 0px;font-weight: 700\">HDMI 4 vers 2<\/span>\u00a0: Ce r\u00e9partiteur vous permet de transf\u00e9rer des signaux de 4 sources et de les diviser en 2 sorties HDMI sans perdre en qualit\u00e9 de signal. C\u2019est parfait pour les environnements qui ont besoin de diviser le signal pour plusieurs appareils tels que les t\u00e9l\u00e9viseurs, les projecteurs ou les syst\u00e8mes de divertissement multi-\u00e9crans.<\/p>\n<\/li>\n<li style=\"margin: 7px 0px 0px 20px;padding: 0px\">\n<p style=\"margin: 0px;padding: 0px\"><span style=\"margin: 0px;padding: 0px;font-weight: 700\">M\u00eame affichage sur 2 sorties HDMI<\/span>\u00a0: La particularit\u00e9 de ce r\u00e9partiteur est que les deux sorties HDMI afficheront le m\u00eame signal, ce qui vous permet de lire simultan\u00e9ment le m\u00eame contenu sur deux moniteurs ou appareils diff\u00e9rents sans avoir \u00e0 vous soucier des interruptions de signal.<\/p>\n<\/li>\n<li style=\"margin: 7px 0px 0px 20px;padding: 0px\">\n<p style=\"margin: 0px;padding: 0px\"><span style=\"margin: 0px;padding: 0px;font-weight: 700\">S\u00e9lection d\u2019entr\u00e9e facile<\/span>\u00a0: vous pouvez choisir parmi 4 sources d\u2019entr\u00e9e HDMI via la t\u00e9l\u00e9commande ou directement via le bouton de l\u2019appareil, ce qui rend la commutation entre les signaux extr\u00eamement facile et pratique.<\/p>\n<\/li>\n<li style=\"margin: 7px 0px 0px 20px;padding: 0px\">\n<p style=\"margin: 0px;padding: 0px\"><span style=\"margin: 0px;padding: 0px;font-weight: 700\">Norme HDMI 1.3B<\/span>\u00a0: Le r\u00e9partiteur prend en charge la norme HDMI 1.3B, assurant une qualit\u00e9 de signal stable et une bonne compatibilit\u00e9 avec les appareils \u00e9lectroniques modernes tels que les ordinateurs, les t\u00e9l\u00e9viseurs, les projecteurs et autres \u00e9metteurs de signaux.<\/p>\n<\/li>\n<li style=\"margin: 7px 0px 0px 20px;padding: 0px\">\n<p style=\"margin: 0px;padding: 0px\"><span style=\"margin: 0px;padding: 0px;font-weight: 700\">T\u00e9l\u00e9commande pratique<\/span>\u00a0: le r\u00e9partiteur est livr\u00e9 avec une t\u00e9l\u00e9commande, ce qui permet de modifier facilement le signal sans le rapprocher de l\u2019appareil. C\u2019est extr\u00eamement pratique dans les environnements qui doivent partager des signaux entre plusieurs appareils sans avoir \u00e0 les installer \u00e0 partir de z\u00e9ro.<\/p>\n<\/li>\n<li style=\"margin: 7px 0px 0px 20px;padding: 0px\">\n<p style=\"margin: 0px;padding: 0px\"><span style=\"margin: 0px;padding: 0px;font-weight: 700\">Alimentation externe<\/span>\u00a0: Le r\u00e9partiteur utilise une source d\u2019alimentation externe, ce qui garantit un signal stable tout au long de l\u2019utilisation sans interruption.<\/p>\n<\/li>\n<li style=\"margin: 7px 0px 0px 20px;padding: 0px\">\n<p style=\"margin: 0px;padding: 0px\"><span style=\"margin: 0px;padding: 0px;font-weight: 700\">Garantie de 12 mois<\/span>\u00a0: Le produit est livr\u00e9 avec une garantie de 12 mois, ce qui vous donne la tranquillit\u00e9 d\u2019esprit pour une utilisation \u00e0 long terme sans vous soucier de la qualit\u00e9 du produit.<\/p>\n<\/li>\n<li style=\"margin: 7px 0px 0px 20px;padding: 0px\">\n<p style=\"margin: 0px;padding: 0px\"><span style=\"margin: 0px;padding: 0px;font-weight: 700\">Prix raisonnable<\/span>\u00a0: Le prix du r\u00e9partiteur HDMI MT-HD4-2 inclut la TVA, ce qui permet de calculer facilement le co\u00fbt sans se soucier des suppl\u00e9ments impr\u00e9vus.<\/p>\n<\/li>\n<\/ol>\n<h3><span style=\"margin: 0px;padding: 0px\">Pourquoi choisir le r\u00e9partiteur HDMI 4 \u00e0 2 MT-VIKI MT-HD4-2 ?<\/span><\/h3>\n<ul>\n<li style=\"margin: 7px 0px 0px 20px;padding: 0px\"><span style=\"margin: 0px;padding: 0px;font-weight: 700\">Haute flexibilit\u00e9<\/span>\u00a0: le r\u00e9partiteur prend en charge le transfert de signaux de 4 sources HDMI vers et depuis 2 appareils sans sacrifier la qualit\u00e9, avec une s\u00e9lection d\u2019entr\u00e9e facile via la t\u00e9l\u00e9commande ou un bouton-poussoir direct.<\/li>\n<li style=\"margin: 7px 0px 0px 20px;padding: 0px\"><span style=\"margin: 0px;padding: 0px;font-weight: 700\">Affichage simultan\u00e9<\/span>\u00a0: les deux sorties HDMI afficheront le m\u00eame signal, ce qui vous permet de partager le m\u00eame contenu entre des moniteurs ou des appareils en m\u00eame temps sans compromettre la qualit\u00e9 du signal.<\/li>\n<li style=\"margin: 7px 0px 0px 20px;padding: 0px\"><span style=\"margin: 0px;padding: 0px;font-weight: 700\">Norme HDMI 1.3B<\/span>\u00a0: le produit garantit une qualit\u00e9 d\u2019image nette et un son stable, r\u00e9pondant \u00e0 tous vos besoins de divertissement et de travail.<\/li>\n<li style=\"margin: 7px 0px 0px 20px;padding: 0px\"><span style=\"margin: 0px;padding: 0px;font-weight: 700\">Pratique et facile \u00e0 utiliser<\/span>\u00a0: le r\u00e9partiteur est livr\u00e9 avec une t\u00e9l\u00e9commande et des boutons sur l\u2019appareil, ce qui le rend facile \u00e0 utiliser sans avoir \u00e0 s\u2019approcher de l\u2019appareil.<\/li>\n<\/ul>\n","protected":false},"excerpt":{"rendered":"<p><span>Le r\u00e9partiteur\u00a0<\/span><span>HDMI 4 \u00e0 2 MT-VIKI MT-HD4-2<\/span><span>\u00a0est id\u00e9al pour ceux qui ont besoin de diviser des signaux HDMI de plusieurs sources vers moins d\u2019appareils tout en maintenant une qualit\u00e9 d\u2019image et de son stable.<\/span><\/p>\n","protected":false},"featured_media":2732,"comment_status":"open","ping_status":"closed","template":"","meta":{"_gspb_post_css":""},"store":[],"product_brand":[],"product_cat":[275,268,269,273,274],"product_tag":[],"class_list":{"0":"post-2737","1":"product","2":"type-product","3":"status-publish","4":"has-post-thumbnail","6":"product_cat-accessoiresaudioetvideo","7":"product_cat-accessoirespourordinateurportable","8":"product_cat-composantspc","9":"product_cat-solutionsreseaux","10":"product_cat-stockagededonnees","12":"first","13":"instock","14":"shipping-taxable","15":"purchasable","16":"product-type-simple"},"_links":{"self":[{"href":"https:\/\/bimba.sn\/index.php?rest_route=\/wp\/v2\/product\/2737","targetHints":{"allow":["GET"]}}],"collection":[{"href":"https:\/\/bimba.sn\/index.php?rest_route=\/wp\/v2\/product"}],"about":[{"href":"https:\/\/bimba.sn\/index.php?rest_route=\/wp\/v2\/types\/product"}],"replies":[{"embeddable":true,"href":"https:\/\/bimba.sn\/index.php?rest_route=%2Fwp%2Fv2%2Fcomments&post=2737"}],"wp:featuredmedia":[{"embeddable":true,"href":"https:\/\/bimba.sn\/index.php?rest_route=\/wp\/v2\/media\/2732"}],"wp:attachment":[{"href":"https:\/\/bimba.sn\/index.php?rest_route=%2Fwp%2Fv2%2Fmedia&parent=2737"}],"wp:term":[{"taxonomy":"store","embeddable":true,"href":"https:\/\/bimba.sn\/index.php?rest_route=%2Fwp%2Fv2%2Fstore&post=2737"},{"taxonomy":"product_brand","embeddable":true,"href":"https:\/\/bimba.sn\/index.php?rest_route=%2Fwp%2Fv2%2Fproduct_brand&post=2737"},{"taxonomy":"product_cat","embeddable":true,"href":"https:\/\/bimba.sn\/index.php?rest_route=%2Fwp%2Fv2%2Fproduct_cat&post=2737"},{"taxonomy":"product_tag","embeddable":true,"href":"https:\/\/bimba.sn\/index.php?rest_route=%2Fwp%2Fv2%2Fproduct_tag&post=2737"}],"curies":[{"name":"wp","href":"https:\/\/api.w.org\/{rel}","templated":true}]}}