{"id":2727,"date":"2025-05-04T22:36:11","date_gmt":"2025-05-04T20:36:11","guid":{"rendered":"https:\/\/bimba.sn\/?product=gigabyte-geforce-rtx-3070-eagle-triple-fan-8go"},"modified":"2025-05-04T22:36:11","modified_gmt":"2025-05-04T20:36:11","slug":"gigabyte-geforce-rtx-3070-eagle-triple-fan-8go","status":"publish","type":"product","link":"https:\/\/bimba.sn\/?product=gigabyte-geforce-rtx-3070-eagle-triple-fan-8go","title":{"rendered":"GIGABYTE &#8211; GeForce RTX 3070 EAGLE &#8211; Triple Fan &#8211; 8Go"},"content":{"rendered":"<p><br data-mce-bogus=\"1\"><\/p>\n","protected":false},"excerpt":{"rendered":"<p><br data-mce-bogus=\"1\"><\/p>\n<div class=\"product-details\" data-product-details=\"\">\n<h1 class=\"product-title\" style=\"font-size: 1.75rem;margin: 0px;line-height: 1.2\">GIGABYTE &#8211; GeForce RTX 3070 EAGLE &#8211; Triple Fan &#8211; 8Go<\/h1>\n<div class=\"product-pricing\" style=\"flex-wrap: nowrap;margin-top: 1rem;margin-bottom: -0.25rem\"><span class=\"product--badge badge--sale\" data-badge-sales=\"\" style=\"height: 22.9479px;margin-right: 1rem;margin-bottom: 0.25rem;font-size: 0.8125rem;font-weight: 700;padding: 0.25rem 0.3125rem;vertical-align: middle\">Save\u00a0<span data-price-percent-saved=\"\">43<\/span>%<\/span><\/p>\n<div class=\"product--price \" style=\"flex-grow: 0;flex-shrink: 1;flex-wrap: wrap;vertical-align: middle\">\n<div class=\"price--compare-at visible\" data-price-compare-at=\"\" style=\"font-size: 1.375rem;line-height: 1.15;opacity: 0.6;flex-basis: auto;flex-grow: 1;margin-bottom: 0.25rem;margin-right: 0.5rem\"><span class=\"money\" data-currency-mad=\"11,000.00 dh\" data-currency=\"MAD\">11,000.00 dh<\/span><\/div>\n<div class=\"price--main\" data-price=\"\" style=\"font-size: 1.375rem;line-height: 1.15;flex-basis: auto;flex-grow: 1;margin-bottom: 0.25rem\"><span class=\"money\" data-currency-mad=\"6,290.00 dh\" data-currency=\"MAD\">6,290.00 dh<\/span><\/div>\n<\/div>\n<\/div>\n<\/div>\n<div class=\"product-form--regular\" data-product-form-regular=\"\">\n<div data-product-form-area=\"\">\n<div class=\"product-form--atc\" style=\"margin-top: 1rem;font-size: 0px\">\n<div class=\"product-form--atc-qty form-fields--qty\" data-quantity-wrapper=\"\" style=\"position: relative;vertical-align: middle;width: 7.1875rem\">\n<div class=\"form-field form-field--qty-select visible\" style=\"position: relative;opacity: 1;z-index: 1\">\n<div class=\"form-field-select-wrapper\" style=\"position: absolute;width: 115px\">\u00a0\u00a0 \u00a0\u00a0 \u00a0\u00a0 \u00a0\u00a0 \u00a0\u00a0 \u00a0\u00a0 \u00a0\u00a0 \u00a0\u00a0 \u00a0\u00a0 \u00a0\u00a0 \u00a0 \u00a0\u00a0 \u00a0\u00a0 \u00a0\u00a0 \u00a0\u00a0 \u00a01\u00a0 \u00a0\u00a0 \u00a0\u00a0 \u00a0\u00a0 \u00a0\u00a0 \u00a0\u00a0\u00a0 \u00a0\u00a0 \u00a0\u00a0 \u00a0\u00a0 \u00a0\u00a0 \u00a0\u00a0 \u00a0\u00a0 \u00a0\u00a0 \u00a0\u00a0 \u00a0\u00a0 \u00a0 \u00a0\u00a0 \u00a0\u00a0 \u00a0\u00a0 \u00a0\u00a0 \u00a02\u00a0 \u00a0\u00a0 \u00a0\u00a0 \u00a0\u00a0 \u00a0\u00a0 \u00a0\u00a0\u00a0 \u00a0\u00a0 \u00a0\u00a0 \u00a0\u00a0 \u00a0\u00a0 \u00a0\u00a0 \u00a0\u00a0 \u00a0\u00a0 \u00a0\u00a0 \u00a0\u00a0 \u00a0 \u00a0\u00a0 \u00a0\u00a0 \u00a0\u00a0 \u00a0\u00a0 \u00a03\u00a0 \u00a0\u00a0 \u00a0\u00a0 \u00a0\u00a0 \u00a0\u00a0 \u00a0\u00a0\u00a0 \u00a0\u00a0 \u00a0\u00a0 \u00a0\u00a0 \u00a0\u00a0 \u00a0\u00a0 \u00a0\u00a0 \u00a0\u00a0 \u00a0\u00a0 \u00a0\u00a0 \u00a0 \u00a0\u00a0 \u00a0\u00a0 \u00a0\u00a0 \u00a0\u00a0 \u00a04\u00a0 \u00a0\u00a0 \u00a0\u00a0 \u00a0\u00a0 \u00a0\u00a0 \u00a0\u00a0\u00a0 \u00a0\u00a0 \u00a0\u00a0 \u00a0\u00a0 \u00a0\u00a0 \u00a0\u00a0 \u00a0\u00a0 \u00a0\u00a0 \u00a0\u00a0 \u00a0\u00a0 \u00a0 \u00a0\u00a0 \u00a0\u00a0 \u00a0\u00a0 \u00a0\u00a0 \u00a05\u00a0 \u00a0\u00a0 \u00a0\u00a0 \u00a0\u00a0 \u00a0\u00a0 \u00a0\u00a0\u00a0 \u00a0\u00a0 \u00a0\u00a0 \u00a0\u00a0 \u00a0\u00a0 \u00a0\u00a0 \u00a0\u00a0 \u00a0\u00a0 \u00a0\u00a0 \u00a0\u00a0 \u00a0 \u00a0\u00a0 \u00a0\u00a0 \u00a0\u00a0 \u00a0\u00a0 \u00a06\u00a0 \u00a0\u00a0 \u00a0\u00a0 \u00a0\u00a0 \u00a0\u00a0 \u00a0\u00a0\u00a0 \u00a0\u00a0 \u00a0\u00a0 \u00a0\u00a0 \u00a0\u00a0 \u00a0\u00a0 \u00a0\u00a0 \u00a0\u00a0 \u00a0\u00a0 \u00a0\u00a0 \u00a0 \u00a0\u00a0 \u00a0\u00a0 \u00a0\u00a0 \u00a0\u00a0 \u00a07\u00a0 \u00a0\u00a0 \u00a0\u00a0 \u00a0\u00a0 \u00a0\u00a0 \u00a0\u00a0\u00a0 \u00a0\u00a0 \u00a0\u00a0 \u00a0\u00a0 \u00a0\u00a0 \u00a0\u00a0 \u00a0\u00a0 \u00a0\u00a0 \u00a0\u00a0 \u00a0\u00a0 \u00a0 \u00a0\u00a0 \u00a0\u00a0 \u00a0\u00a0 \u00a0\u00a0 \u00a08\u00a0 \u00a0\u00a0 \u00a0\u00a0 \u00a0\u00a0 \u00a0\u00a0 \u00a0\u00a0\u00a0 \u00a0\u00a0 \u00a0\u00a0 \u00a0\u00a0 \u00a0\u00a0 \u00a0\u00a0 \u00a0\u00a0 \u00a0\u00a0 \u00a0\u00a0 \u00a0\u00a0 \u00a0 \u00a0\u00a0 \u00a0\u00a0 \u00a0\u00a0 \u00a0\u00a0 \u00a09\u00a0 \u00a0\u00a0 \u00a0\u00a0 \u00a0\u00a0 \u00a0\u00a0 \u00a0\u00a0 \u00a0 \u00a0\u00a0 \u00a0\u00a0 \u00a0\u00a0 \u00a0\u00a0 \u00a0\u00a0 \u00a0\u00a0 \u00a0\u00a0 \u00a0\u00a0 \u00a0\u00a0 \u00a0\u00a0 \u00a0\u00a0 \u00a0\u00a0 \u00a010+ \u00a0 \u00a0\u00a0 \u00a0\u00a0 \u00a0\u00a0 \u00a0\u00a0 \u00a0 \u00a0\u00a0 \u00a0\u00a0 \u00a0<label class=\"form-field-title\" style=\"font-size: 0.8125rem;line-height: 1;position: absolute;top: 0.5rem;left: 0.625rem;z-index: 2;opacity: 0.6\">Quantity<\/label><\/div>\n<\/div>\n<div class=\"form-field form-field--qty-input hidden\" style=\"position: relative;opacity: 0;z-index: 0\"><label class=\"form-field-title\" style=\"font-size: 0.8125rem;line-height: 1;position: absolute;top: 0.5rem;left: 0.625rem;z-index: 2;opacity: 0.6\"><\/label><\/div>\n<\/div>\n<p>\u00a0<button class=\"product-form--atc-button \" type=\"submit\" data-product-atc=\"\"><span class=\"atc-button--text\" style=\"opacity: 1\">Add to cart<\/span><span class=\"atc-button--icon\" style=\"position: absolute;top: 24.3438px;left: 246.333px;margin-top: -13px;margin-left: -13px;opacity: 0\"><\/span><\/button><\/div>\n<aside class=\"share-buttons\" style=\"margin-top: 2rem\">\n<h3 class=\"share-buttons--title\" style=\"margin-top: 0px;margin-bottom: 0px;font-size: 0.875rem\">Share this:<\/h3>\n<div class=\"share-buttons--list\" style=\"margin-top: 0.75rem;font-size: 0px\"><a class=\"share-buttons--button share-buttons--facebook\" target=\"_blank\" href=\"https:\/\/www.facebook.com\/sharer.php?u=https:\/\/www.lecoingeek.ma\/products\/gigabyte-geforce-rtx-3070-eagle-triple-fan-8go\" style=\"width: 24px;height: 24px;padding: 1px;border-radius: 100%\"><span class=\"show-for-sr\" style=\"width: 1px;height: 1px;padding: 0px;margin: -1px;overflow: hidden;border: 0px;position: absolute !important\">Share on Facebook<\/span><\/a>\u00a0<a class=\"share-buttons--button share-buttons--twitter\" target=\"_blank\" href=\"https:\/\/twitter.com\/share?url=https:\/\/www.lecoingeek.ma\/products\/gigabyte-geforce-rtx-3070-eagle-triple-fan-8go\" style=\"width: 24px;height: 24px;padding: 1px;border-radius: 100%;margin-left: 0.5rem\"><span class=\"show-for-sr\" style=\"width: 1px;height: 1px;padding: 0px;margin: -1px;overflow: hidden;border: 0px;position: absolute !important\">Tweet on Twitter<\/span><\/a>\u00a0<a class=\"share-buttons--button share-buttons--google\" target=\"_blank\" href=\"https:\/\/plus.google.com\/share?url=https:\/\/www.lecoingeek.ma\/products\/gigabyte-geforce-rtx-3070-eagle-triple-fan-8go\" style=\"width: 24px;height: 24px;padding: 1px;border-radius: 100%;margin-left: 0.5rem\"><span class=\"show-for-sr\" style=\"width: 1px;height: 1px;padding: 0px;margin: -1px;overflow: hidden;border: 0px;position: absolute !important\">Share on Google+<\/span><\/a>\u00a0<a class=\"share-buttons--button share-buttons--pinterest\" target=\"_blank\" href=\"https:\/\/pinterest.com\/pin\/create\/button\/?url=https:\/\/www.lecoingeek.ma\/products\/gigabyte-geforce-rtx-3070-eagle-triple-fan-8go&amp;media=\/\/www.lecoingeek.ma\/cdn\/shop\/files\/GIGABYTE-GeForceRTX3070EAGLE-TripleFan-8Go_1024x.png?v=1694782305&amp;description=GIGABYTE%20-%20GeForce%20RTX%203070%20EAGLE%20-%20Triple%20Fan%20-%208Go\" style=\"width: 24px;height: 24px;padding: 1px;border-radius: 100%;margin-left: 0.5rem\"><span class=\"show-for-sr\" style=\"width: 1px;height: 1px;padding: 0px;margin: -1px;overflow: hidden;border: 0px;position: absolute !important\">Pin on Pinterest<\/span><\/a><\/div>\n<\/aside>\n<\/div>\n<\/div>\n<div class=\"product-description rte\" data-product-description=\"\">\n<h3 style=\"font-size: 1.5rem;margin-top: 2rem;margin-bottom: 1rem\">Points forts Gigabyte GeForce RTX 3070 EAGLE &#8211; Triple Fan &#8211; 8Go<\/h3>\n<div class=\"product-description-box-img-limit\">\n<p class=\"wm_img_center\" style=\"margin-top: 1rem;margin-bottom: 1rem\"><img decoding=\"async\" width=\"400\" alt=\"Carte graphique GeForce RTX\u2122 3070 Eagle 8G Gigabyte\" src=\"https:\/\/www.mencorner.com\/media\/produits\/GV-N3070EAGLE-8GD_1.jpg\" style=\"border-style: none;margin-top: 1rem;margin-bottom: 1rem\"><\/p>\n<h4 class=\"wm_h4 wm_mg20\" style=\"font-size: 1.25rem;margin-top: 2rem;margin-bottom: 1rem\">Avantages Carte graphique GeForce RTX\u2122 3070 Eagle 8G Gigabyte<\/h4>\n<ul style=\"margin-top: 1rem;margin-bottom: 1rem;padding-left: 20px\">\n<li>Nouvelle architecture NVIDIA Ampere<\/li>\n<li>Coeurs RT 2e g\u00e9n\u00e9ration<\/li>\n<li>C\u0153urs Tensor 3e g\u00e9n\u00e9ration<\/li>\n<li>M\u00e9moire vid\u00e9o \u00e9lev\u00e9e<\/li>\n<li>Plaque arri\u00e8re de protection en m\u00e9tal<\/li>\n<\/ul>\n<hr style=\"height: 0px;overflow: visible\">\n<h4 class=\"wm_h4 wm_mg20\" style=\"font-size: 1.25rem;margin-top: 2rem;margin-bottom: 1rem\">Usage<\/h4>\n<p class=\"wm_mg20\" style=\"margin-top: 1rem;margin-bottom: 1rem\">Cette carte graphique Gamer a pour r\u00f4le de g\u00e9rer tout ce qui concerne l&rsquo;affichage \u00e0 l&rsquo;\u00e9cran. Gr\u00e2ce \u00e0 sa puissance, elle permet d\u2019all\u00e9ger la charge du processeur tout en assurant la qualit\u00e9, les d\u00e9tails et la finesse du graphisme.<\/p>\n<hr style=\"height: 0px;overflow: visible\">\n<h4 class=\"wm_h4 wm_mg20\" style=\"font-size: 1.25rem;margin-top: 2rem;margin-bottom: 1rem\">Une belle combinaison entre performance et efficacit\u00e9<\/h4>\n<p class=\"wm_mg20\" style=\"margin-top: 1rem;margin-bottom: 1rem\">La carte graphique GeForce RTX\u2122 3070 Eagle 8G Gigabyte renferme la puissance et l\u2019efficacit\u00e9 de<span>\u00a0<\/span><span style=\"font-weight: 700\">l&rsquo;architecture NVIDIA Amp\u00e8re<\/span>. Elle fait partie des cartes graphiques NVIDIA RTX 2e g\u00e9n\u00e9ration qui d\u00e9livrent des performances de travail optimales afin d\u2019offrir aux joueurs une exp\u00e9rience de jeu ultime. Avec un graphique haut de gamme, vos jeux PC seront plus r\u00e9alistes et plus immersifs que jamais.<\/p>\n<hr style=\"height: 0px;overflow: visible\">\n<h4 class=\"wm_h4 wm_mg20\" style=\"font-size: 1.25rem;margin-top: 2rem;margin-bottom: 1rem\">Ce qu\u2019il y a \u00e0 savoir sur GeForce RTX\u2122 3070 Eagle<\/h4>\n<p class=\"wm_mg20\" style=\"margin-top: 1rem;margin-bottom: 1rem\">La carte graphique GeForce RTX\u2122 3070 Eagle 8G Gigabyte est un mod\u00e8le overclock\u00e9 d&rsquo;usine qui b\u00e9n\u00e9ficie de fr\u00e9quences de fonctionnement optimales. Elle profite des am\u00e9liorations de rendements apport\u00e9s par ses coeurs RT et Tensor ainsi que ses multiprocesseurs de flux pour renforcer ses performances d\u2019ex\u00e9cution. Gr\u00e2ce \u00e0 ses<span>\u00a0<\/span><span style=\"font-weight: 700\">8 Go de m\u00e9moire vid\u00e9o GDDR6,<\/span><span>\u00a0<\/span>la GeForce RTX\u2122 3070 Eagle r\u00e9duit facilement son niveau de latence pour offrir une qualit\u00e9 visuelle plus \u00e9lev\u00e9e.<\/p>\n<p class=\"wm_mg20\" style=\"margin-top: 1rem;margin-bottom: 1rem\">La carte graphique GeForce RTX\u2122 3070 Eagle 8G Gigabyte se base \u00e9galement sur les<span>\u00a0<\/span><span style=\"font-weight: 700\">capacit\u00e9s ph\u00e9nom\u00e9nales de l\u2019IA<\/span>, le super-\u00e9chantillonnage par Deep Learning (DLSS) de NVIDIA pour fournir un rendu et une fid\u00e9lit\u00e9 visuelle r\u00e9volutionnaire. Cette fonction permet de maximiser les param\u00e8tres du Ray Tracing et d\u2019augmenter les r\u00e9solutions de sortie. Ainsi, gr\u00e2ce \u00e0 l\u2019acc\u00e9l\u00e9ration des fr\u00e9quences d\u2019images, vous b\u00e9n\u00e9ficiez d\u2019un Gameplay \u00e9poustouflant avec des Streams d\u2019une nettet\u00e9 incomparable.<\/p>\n<hr style=\"height: 0px;overflow: visible\">\n<h4 class=\"wm_h4 wm_mg20\" style=\"font-size: 1.25rem;margin-top: 2rem;margin-bottom: 1rem\">Un syst\u00e8me de refroidissement exceptionnel<\/h4>\n<p class=\"wm_mg20\" style=\"margin-top: 1rem;margin-bottom: 1rem\">La carte graphique GeForce RTX\u2122 3070 Eagle 8G Gigabyte est \u00e9quip\u00e9e d\u2019un syst\u00e8me de refroidissement exclusif et ultra-performant \u00e0<span>\u00a0<\/span><span style=\"font-weight: 700\">3 ventilateurs : WINDFORCE 3X.<\/span><span>\u00a0<\/span>Ce dernier est compos\u00e9 d\u2019un radiateur aluminium et de caloduc en cuivre. \u00c0 l\u2019arri\u00e8re du<span>\u00a0<\/span><span style=\"font-weight: 700\">PCB, une plaque de protection en m\u00e9tal<\/span><span>\u00a0<\/span>assure la r\u00e9sistance de la plateforme face aux pliures et \u00e0 la chaleur.<\/p>\n<hr style=\"height: 0px;overflow: visible\">\n<h4 class=\"wm_h4 wm_mg20\" style=\"font-size: 1.25rem;margin-top: 2rem;margin-bottom: 1rem\">Caract\u00e9ristiques<\/h4>\n<ul style=\"margin-top: 1rem;margin-bottom: 1rem;padding-left: 20px\">\n<li>Mod\u00e8le : GeForce RTX\u2122 3070<\/li>\n<li>Fr\u00e9quence du noyau : \u200e1725 MHz<\/li>\n<li>Coeurs CUDA : 5\u200e888<\/li>\n<li>Fr\u00e9quence m\u00e9moire vid\u00e9o : 1\u200e4000 MHz<\/li>\n<li>Capacit\u00e9 m\u00e9moire vid\u00e9o : 8\u200e GB<\/li>\n<li>Type de m\u00e9moire vid\u00e9o : GDDR6<\/li>\n<li>BUS : 2\u200e56 bits<\/li>\n<li>Fr\u00e9quence Bande passante : 4\u200e48 Gb\/s<\/li>\n<li>Interface : PCI-E 4.0 x 16<\/li>\n<li>R\u00e9solution : 7\u200e680&#215;4320@60Hz<\/li>\n<li>Multi-view : 4\u200e<\/li>\n<li>PCB Form : ATX<\/li>\n<li>DirectX : 1\u200e2 Ultimate<\/li>\n<li>OpenGL : 4\u200e.6<\/li>\n<li>Consommation : 6\u200e50 W<\/li>\n<li>Power Connectors : 8\u200e pin*1 + 6 pin*1<\/li>\n<\/ul>\n<p><span style=\"font-weight: 700\">Sortie vid\u00e9o :<\/span><\/p>\n<ul style=\"margin-top: 1rem;margin-bottom: 1rem;padding-left: 20px\">\n<li>DisplayPort 1.4a *2<\/li>\n<li>HDMI 2.1 *2<\/li>\n<\/ul>\n<p><span style=\"font-weight: 700\">Dimensions :<\/span><span> 282 x 115 x 41 mm<\/span><\/div>\n<\/div>\n","protected":false},"featured_media":2726,"comment_status":"open","ping_status":"closed","template":"","meta":{"_gspb_post_css":""},"store":[],"product_brand":[],"product_cat":[281,269,204],"product_tag":[],"class_list":{"0":"post-2727","1":"product","2":"type-product","3":"status-publish","4":"has-post-thumbnail","6":"product_cat-bureau","7":"product_cat-composantspc","8":"product_cat-jeuxvideosconsole","10":"first","11":"instock","12":"shipping-taxable","13":"purchasable","14":"product-type-simple"},"_links":{"self":[{"href":"https:\/\/bimba.sn\/index.php?rest_route=\/wp\/v2\/product\/2727","targetHints":{"allow":["GET"]}}],"collection":[{"href":"https:\/\/bimba.sn\/index.php?rest_route=\/wp\/v2\/product"}],"about":[{"href":"https:\/\/bimba.sn\/index.php?rest_route=\/wp\/v2\/types\/product"}],"replies":[{"embeddable":true,"href":"https:\/\/bimba.sn\/index.php?rest_route=%2Fwp%2Fv2%2Fcomments&post=2727"}],"wp:featuredmedia":[{"embeddable":true,"href":"https:\/\/bimba.sn\/index.php?rest_route=\/wp\/v2\/media\/2726"}],"wp:attachment":[{"href":"https:\/\/bimba.sn\/index.php?rest_route=%2Fwp%2Fv2%2Fmedia&parent=2727"}],"wp:term":[{"taxonomy":"store","embeddable":true,"href":"https:\/\/bimba.sn\/index.php?rest_route=%2Fwp%2Fv2%2Fstore&post=2727"},{"taxonomy":"product_brand","embeddable":true,"href":"https:\/\/bimba.sn\/index.php?rest_route=%2Fwp%2Fv2%2Fproduct_brand&post=2727"},{"taxonomy":"product_cat","embeddable":true,"href":"https:\/\/bimba.sn\/index.php?rest_route=%2Fwp%2Fv2%2Fproduct_cat&post=2727"},{"taxonomy":"product_tag","embeddable":true,"href":"https:\/\/bimba.sn\/index.php?rest_route=%2Fwp%2Fv2%2Fproduct_tag&post=2727"}],"curies":[{"name":"wp","href":"https:\/\/api.w.org\/{rel}","templated":true}]}}