{"id":2717,"date":"2025-05-04T22:18:51","date_gmt":"2025-05-04T20:18:51","guid":{"rendered":"https:\/\/bimba.sn\/?product=disque-ssd-m-2-pcie-nvme-2280-512-go"},"modified":"2025-05-04T22:18:51","modified_gmt":"2025-05-04T20:18:51","slug":"disque-ssd-m-2-pcie-nvme-2280-512-go","status":"publish","type":"product","link":"https:\/\/bimba.sn\/?product=disque-ssd-m-2-pcie-nvme-2280-512-go","title":{"rendered":"Disque SSD M.2 PCIE NVME 2280 512 Go"},"content":{"rendered":"<p><br data-mce-bogus=\"1\"><\/p>\n","protected":false},"excerpt":{"rendered":"<p class=\"p1\" style=\"margin: 0px 0px 11.5px;line-height: 27px;font-family: Poppins, sans-serif;font-size: 15px\">Augmentez la capacit\u00e9 de stockage de votre syst\u00e8me gr\u00e2ce au disque 512Go SSD . Ce disque dur offre une capacit\u00e9 de stockage pouvant atteindre 512Go, ce qui permet aux utilisateurs de stocker de grandes quantit\u00e9s de donn\u00e9es.<\/p>\n<ul class=\"ul1\" style=\"margin: 0px;padding: 0px 0px 0px 30px;font-family: Poppins, sans-serif;font-size: 15px\">\n<li class=\"li1\" style=\"font-size: inherit;color: inherit\">Capacit\u00e9 de stockage maximale de 512Go<\/li>\n<li class=\"li1\" style=\"font-size: inherit;color: inherit\">Dot\u00e9 de l\u2019interface NVMe, qui permet un transfert des donn\u00e9es \u00e0 vitesse \u00e9lev\u00e9e.<\/li>\n<li class=\"li1\" style=\"font-size: inherit;color: inherit\">La conception SSD offre robustesse et un acc\u00e8s rapide aux donn\u00e9es.<\/li>\n<\/ul>\n","protected":false},"featured_media":2712,"comment_status":"open","ping_status":"closed","template":"","meta":{"_gspb_post_css":""},"store":[],"product_brand":[],"product_cat":[268],"product_tag":[],"class_list":{"0":"post-2717","1":"product","2":"type-product","3":"status-publish","4":"has-post-thumbnail","6":"product_cat-accessoirespourordinateurportable","8":"first","9":"instock","10":"shipping-taxable","11":"purchasable","12":"product-type-simple"},"_links":{"self":[{"href":"https:\/\/bimba.sn\/index.php?rest_route=\/wp\/v2\/product\/2717","targetHints":{"allow":["GET"]}}],"collection":[{"href":"https:\/\/bimba.sn\/index.php?rest_route=\/wp\/v2\/product"}],"about":[{"href":"https:\/\/bimba.sn\/index.php?rest_route=\/wp\/v2\/types\/product"}],"replies":[{"embeddable":true,"href":"https:\/\/bimba.sn\/index.php?rest_route=%2Fwp%2Fv2%2Fcomments&post=2717"}],"wp:featuredmedia":[{"embeddable":true,"href":"https:\/\/bimba.sn\/index.php?rest_route=\/wp\/v2\/media\/2712"}],"wp:attachment":[{"href":"https:\/\/bimba.sn\/index.php?rest_route=%2Fwp%2Fv2%2Fmedia&parent=2717"}],"wp:term":[{"taxonomy":"store","embeddable":true,"href":"https:\/\/bimba.sn\/index.php?rest_route=%2Fwp%2Fv2%2Fstore&post=2717"},{"taxonomy":"product_brand","embeddable":true,"href":"https:\/\/bimba.sn\/index.php?rest_route=%2Fwp%2Fv2%2Fproduct_brand&post=2717"},{"taxonomy":"product_cat","embeddable":true,"href":"https:\/\/bimba.sn\/index.php?rest_route=%2Fwp%2Fv2%2Fproduct_cat&post=2717"},{"taxonomy":"product_tag","embeddable":true,"href":"https:\/\/bimba.sn\/index.php?rest_route=%2Fwp%2Fv2%2Fproduct_tag&post=2717"}],"curies":[{"name":"wp","href":"https:\/\/api.w.org\/{rel}","templated":true}]}}