{"id":2689,"date":"2025-05-04T21:19:55","date_gmt":"2025-05-04T19:19:55","guid":{"rendered":"https:\/\/bimba.sn\/?product=cartouche-imprimante-hp-415a-original-couleur-magenta"},"modified":"2025-05-04T21:19:55","modified_gmt":"2025-05-04T19:19:55","slug":"cartouche-imprimante-hp-415a-original-couleur-magenta","status":"publish","type":"product","link":"https:\/\/bimba.sn\/?product=cartouche-imprimante-hp-415a-original-couleur-magenta","title":{"rendered":"Cartouche Imprimante Hp 415A (Original) couleur magenta"},"content":{"rendered":"<p><br data-mce-bogus=\"1\"><\/p>\n","protected":false},"excerpt":{"rendered":"<ul class=\"a-unordered-list a-vertical a-spacing-mini\" style=\"margin: 0px 0px 0px 18px;padding: 0px;font-family: Arial, sans-serif;font-size: 14px\">\n<li class=\"a-spacing-mini\" style=\"margin: 0px\"><span class=\"a-list-item\">Imprimantes compatibles : HP LaserJet Pro M454dn \/ M454dw \/ M479dw \/ M479fdn \/ M479fdw \/ M479fnw<\/span><\/li>\n<li class=\"a-spacing-mini\" style=\"margin: 0px\"><span class=\"a-list-item\">Rendement : 2 400 pages (norme ISO\/IEC 19752)<\/span><\/li>\n<li class=\"a-spacing-mini\" style=\"margin: 0px\"><span class=\"a-list-item\">Toners HP Authentiques : une fiabilit\u00e9 exceptionnelle pour une qualit\u00e9 d&rsquo;impression parfaite, de la premi\u00e8re \u00e0 la derni\u00e8re page<\/span><\/li>\n<li class=\"a-spacing-mini\" style=\"margin: 0px\"><span class=\"a-list-item\">Mod\u00e8le : W2030A<\/span><\/li>\n<li class=\"a-spacing-mini\" style=\"margin: 0px\"><span class=\"a-list-item\">Couleur : magenta<\/span><\/li>\n<li class=\"a-spacing-mini\" style=\"margin: 0px\"><span class=\"a-list-item\">Prot\u00e9gez la plan\u00e8te : Les Toners HP authentiques sont fabriqu\u00e9es \u00e0 partir de mat\u00e9riaux recycl\u00e9s Recyclez vos toners gratuitement avec le programme HP Planet Partners<\/span><\/li>\n<li class=\"a-spacing-mini\" style=\"margin: 0px\"><span class=\"a-list-item\">Economisez votre encre : Gr\u00e2ce \u00e0 la technologie JetIntelligence, votre imprimante chauffe moins pour imprimer plus vite et r\u00e9duire la quantit\u00e9 d\u2019encre et d\u2019\u00e9nergie n\u00e9cessaire \u00e0 l\u2019impression<\/span><\/li>\n<\/ul>\n","protected":false},"featured_media":2686,"comment_status":"open","ping_status":"closed","template":"","meta":{"_gspb_post_css":""},"store":[],"product_brand":[],"product_cat":[279],"product_tag":[],"class_list":{"0":"post-2689","1":"product","2":"type-product","3":"status-publish","4":"has-post-thumbnail","6":"product_cat-encredimprimanteettoner","8":"first","9":"instock","10":"shipping-taxable","11":"purchasable","12":"product-type-simple"},"_links":{"self":[{"href":"https:\/\/bimba.sn\/index.php?rest_route=\/wp\/v2\/product\/2689","targetHints":{"allow":["GET"]}}],"collection":[{"href":"https:\/\/bimba.sn\/index.php?rest_route=\/wp\/v2\/product"}],"about":[{"href":"https:\/\/bimba.sn\/index.php?rest_route=\/wp\/v2\/types\/product"}],"replies":[{"embeddable":true,"href":"https:\/\/bimba.sn\/index.php?rest_route=%2Fwp%2Fv2%2Fcomments&post=2689"}],"wp:featuredmedia":[{"embeddable":true,"href":"https:\/\/bimba.sn\/index.php?rest_route=\/wp\/v2\/media\/2686"}],"wp:attachment":[{"href":"https:\/\/bimba.sn\/index.php?rest_route=%2Fwp%2Fv2%2Fmedia&parent=2689"}],"wp:term":[{"taxonomy":"store","embeddable":true,"href":"https:\/\/bimba.sn\/index.php?rest_route=%2Fwp%2Fv2%2Fstore&post=2689"},{"taxonomy":"product_brand","embeddable":true,"href":"https:\/\/bimba.sn\/index.php?rest_route=%2Fwp%2Fv2%2Fproduct_brand&post=2689"},{"taxonomy":"product_cat","embeddable":true,"href":"https:\/\/bimba.sn\/index.php?rest_route=%2Fwp%2Fv2%2Fproduct_cat&post=2689"},{"taxonomy":"product_tag","embeddable":true,"href":"https:\/\/bimba.sn\/index.php?rest_route=%2Fwp%2Fv2%2Fproduct_tag&post=2689"}],"curies":[{"name":"wp","href":"https:\/\/api.w.org\/{rel}","templated":true}]}}