{"id":2653,"date":"2025-05-04T10:58:35","date_gmt":"2025-05-04T08:58:35","guid":{"rendered":"https:\/\/bimba.sn\/?product=imprimante-hp-color-laserjet-pro-m283fdw"},"modified":"2025-05-04T10:58:35","modified_gmt":"2025-05-04T08:58:35","slug":"imprimante-hp-color-laserjet-pro-m283fdw","status":"publish","type":"product","link":"https:\/\/bimba.sn\/?product=imprimante-hp-color-laserjet-pro-m283fdw","title":{"rendered":"Imprimante HP Color LaserJet Pro M283fdw"},"content":{"rendered":"<ul>\n<li style=\"background-repeat: no-repeat;padding: 0px;margin: 0px\">Imprimante multifonction 4-en-1<\/li>\n<li style=\"background-repeat: no-repeat;padding: 0px;margin: 0px\">Impression, copie, scan, t\u00e9l\u00e9copie<\/li>\n<li style=\"background-repeat: no-repeat;padding: 0px;margin: 0px\">Technologie Laser<\/li>\n<li style=\"background-repeat: no-repeat;padding: 0px;margin: 0px\">\u00c9cran tactile graphique couleur 6,8 cm (2,7 pouces) avec 3 boutons<\/li>\n<li style=\"background-repeat: no-repeat;padding: 0px;margin: 0px\">Capacit\u00e9 maximale (feuilles) : jusqu\u2019\u00e0 250 feuilles<\/li>\n<li style=\"background-repeat: no-repeat;padding: 0px;margin: 0px\">Capacit\u00e9 du bac d\u2019alimentation automatique du scanner : 50 feuilles<\/li>\n<li style=\"background-repeat: no-repeat;padding: 0px;margin: 0px\">Formats : A4 ; A5 ;\u00a0A6 ; B5\u00a0; B6 ; A5-R ; 10 x 15 cm ; Enveloppes ; Carte postale<\/li>\n<li style=\"background-repeat: no-repeat;padding: 0px;margin: 0px\"><span style=\"background-repeat: no-repeat;padding: 0px;margin: 0px;font-weight: bolder\">Port USB 2.0 haut d\u00e9bit, Port r\u00e9seau Fast Ethernet 10\/100\/1000 Base-TX int\u00e9gr\u00e9, Wi-Fi N, Port USB h\u00f4te avant<\/span><\/li>\n<li style=\"background-repeat: no-repeat;padding: 0px;margin: 0px\">Vitesse d\u2019impression\u00a0: jusqu\u2019\u00e0 37 ppm (noir et blanc), jusqu\u2019\u00e0 12 ppm (recto verso), jusqu\u2019\u00e0 21 ppm (couleur)<\/li>\n<li style=\"background-repeat: no-repeat;padding: 0px;margin: 0px\">R\u00e9solution d\u2019impression noire : jusqu\u2019\u00e0 600 x 600 ppp<\/li>\n<li style=\"background-repeat: no-repeat;padding: 0px;margin: 0px\">R\u00e9solution d\u2019impression couleur : jusqu\u2019\u00e0 600 x 600 ppp<\/li>\n<li style=\"background-repeat: no-repeat;padding: 0px;margin: 0px\">R\u00e9solution de copie : jusqu\u2019\u00e0 600 x 600 ppp<\/li>\n<li style=\"background-repeat: no-repeat;padding: 0px;margin: 0px\">Copie max. : jusqu\u2019\u00e0 99 copies<\/li>\n<li style=\"background-repeat: no-repeat;padding: 0px;margin: 0px\">R\u00e9solution de num\u00e9risation : jusqu\u2019\u00e0 1200 x 1200 ppp<\/li>\n<li style=\"background-repeat: no-repeat;padding: 0px;margin: 0px\">D\u00e9lai d\u2019impression de la premi\u00e8re page noire (A4, pr\u00eat) : 10,6 secondes seulement<\/li>\n<li style=\"background-repeat: no-repeat;padding: 0px;margin: 0px\">Sortie de la premi\u00e8re page en noir (A4, veille) : 12,9 secondes seulement<\/li>\n<li style=\"background-repeat: no-repeat;padding: 0px;margin: 0px\">D\u00e9lai d\u2019impression de la premi\u00e8re page couleur (A4, pr\u00eat) Vitesse : jusqu\u2019\u00e0 12,3 secondes<\/li>\n<li style=\"background-repeat: no-repeat;padding: 0px;margin: 0px\">Sortie de la premi\u00e8re page en couleur (A4, veille) : 13,2 secondes seulement<\/li>\n<li style=\"background-repeat: no-repeat;padding: 0px;margin: 0px\">ePrint HP ; Apple AirPrint ; Applications mobiles ; Certifi\u00e9 Mopria ; Impression Wi-Fi Direct<\/li>\n<li style=\"background-repeat: no-repeat;padding: 0px;margin: 0px\">Consommation \u00e9lectrique : 361 W (impression active), 7,8 W (pr\u00eat), 0,8 W (veille), 0,05 W (arr\u00eat manuel)<\/li>\n<li style=\"background-repeat: no-repeat;padding: 0px;margin: 0px\">Dimensions : 420 x 421.7 x 334.1 mm<\/li>\n<li style=\"background-repeat: no-repeat;padding: 0px;margin: 0px\">Poids : 18.7 Kg<\/li>\n<\/ul>\n","protected":false},"excerpt":{"rendered":"<p><span style=\"font-family: Yantramanav, sans-serif;font-size: 14px\">HP M283FDW\u00a0: Avec la\u00a0HP Color LaserJet Pro MFP M283fdw, obtenez des couleurs de haute qualit\u00e9 et une productivit\u00e9 accrue qui feront forte impression ! Polyvalente, cette\u00a0imprimante laser couleur multifonction, avec USB, Ethernet et\u00a0Wi-Fi, vous offre une qualit\u00e9 d\u2019impression de 600 ppp, une r\u00e9solution de num\u00e9risation de 1200 x 1200 ppp, une vitesse d\u2019impression recto verso de 12 ppm, l\u2019imprimante assure toutes les fonctions essentielles de fa\u00e7on compl\u00e8te. De plus, avec l\u2019application HP Smart, vous allez m\u00eame pouvoir imprimer ou num\u00e9riser \u00e0 partir de votre smartphone.<\/span><br style=\"font-family: Yantramanav, sans-serif;font-size: 14px\"><span style=\"font-family: Yantramanav, sans-serif;font-size: 14px\">\u2981 Imprimante multifonction 4-en-1<\/span><br style=\"font-family: Yantramanav, sans-serif;font-size: 14px\"><span style=\"font-family: Yantramanav, sans-serif;font-size: 14px\">\u2981 Impression, copie, scan, t\u00e9l\u00e9copie<\/span><br style=\"font-family: Yantramanav, sans-serif;font-size: 14px\"><span style=\"font-family: Yantramanav, sans-serif;font-size: 14px\">\u2981 Technologie Laser<\/span><br style=\"font-family: Yantramanav, sans-serif;font-size: 14px\"><span style=\"font-family: Yantramanav, sans-serif;font-size: 14px\">\u2981 \u00c9cran tactile graphique couleur 6,8 cm (2,7 pouces) avec 3 boutons<\/span><\/p>\n","protected":false},"featured_media":2651,"comment_status":"open","ping_status":"closed","template":"","meta":{"_gspb_post_css":""},"store":[],"product_brand":[],"product_cat":[270,265],"product_tag":[],"class_list":{"0":"post-2653","1":"product","2":"type-product","3":"status-publish","4":"has-post-thumbnail","6":"product_cat-imprimantes","7":"product_cat-ordinateurimpirmante","9":"first","10":"instock","11":"shipping-taxable","12":"purchasable","13":"product-type-simple"},"_links":{"self":[{"href":"https:\/\/bimba.sn\/index.php?rest_route=\/wp\/v2\/product\/2653","targetHints":{"allow":["GET"]}}],"collection":[{"href":"https:\/\/bimba.sn\/index.php?rest_route=\/wp\/v2\/product"}],"about":[{"href":"https:\/\/bimba.sn\/index.php?rest_route=\/wp\/v2\/types\/product"}],"replies":[{"embeddable":true,"href":"https:\/\/bimba.sn\/index.php?rest_route=%2Fwp%2Fv2%2Fcomments&post=2653"}],"wp:featuredmedia":[{"embeddable":true,"href":"https:\/\/bimba.sn\/index.php?rest_route=\/wp\/v2\/media\/2651"}],"wp:attachment":[{"href":"https:\/\/bimba.sn\/index.php?rest_route=%2Fwp%2Fv2%2Fmedia&parent=2653"}],"wp:term":[{"taxonomy":"store","embeddable":true,"href":"https:\/\/bimba.sn\/index.php?rest_route=%2Fwp%2Fv2%2Fstore&post=2653"},{"taxonomy":"product_brand","embeddable":true,"href":"https:\/\/bimba.sn\/index.php?rest_route=%2Fwp%2Fv2%2Fproduct_brand&post=2653"},{"taxonomy":"product_cat","embeddable":true,"href":"https:\/\/bimba.sn\/index.php?rest_route=%2Fwp%2Fv2%2Fproduct_cat&post=2653"},{"taxonomy":"product_tag","embeddable":true,"href":"https:\/\/bimba.sn\/index.php?rest_route=%2Fwp%2Fv2%2Fproduct_tag&post=2653"}],"curies":[{"name":"wp","href":"https:\/\/api.w.org\/{rel}","templated":true}]}}