{"id":2643,"date":"2025-05-03T22:12:04","date_gmt":"2025-05-03T20:12:04","guid":{"rendered":"https:\/\/bimba.sn\/?product=disque-dur-ssd-1to-externe"},"modified":"2025-05-03T22:12:04","modified_gmt":"2025-05-03T20:12:04","slug":"disque-dur-ssd-1to-externe","status":"publish","type":"product","link":"https:\/\/bimba.sn\/?product=disque-dur-ssd-1to-externe","title":{"rendered":"Disque dur SSD 1To Externe"},"content":{"rendered":"<table class=\"prodItem__additional-table\" id=\"product-attribute-specs-table\" style=\"width: 662.797px;border-collapse: collapse;border-spacing: 0px;max-width: 100%;font-family: barlow, arial;font-size: 14px\">\n<tbody>\n<tr>\n<td style=\"vertical-align: top;padding: 8px 10px;width: 331.391px\">Marque<\/td>\n<td style=\"vertical-align: top;padding: 8px 10px;width: 331.406px;font-weight: 600\">LEXAR<\/td>\n<\/tr>\n<tr style=\"background-image: initial;background-position: initial;background-size: initial;background-repeat: initial;background-attachment: initial\">\n<td style=\"vertical-align: top;padding: 8px 10px;width: 331.391px\">Type<\/td>\n<td style=\"vertical-align: top;padding: 8px 10px;width: 331.406px;font-weight: 600\">SSD (ultra-rapide)<\/td>\n<\/tr>\n<tr>\n<td style=\"vertical-align: top;padding: 8px 10px;width: 331.391px\">Capacit\u00e9 (Go)<\/td>\n<td style=\"vertical-align: top;padding: 8px 10px;width: 331.406px;font-weight: 600\">1To<\/td>\n<\/tr>\n<tr style=\"background-image: initial;background-position: initial;background-size: initial;background-repeat: initial;background-attachment: initial\">\n<td style=\"vertical-align: top;padding: 8px 10px;width: 331.391px\">Connectique<\/td>\n<td style=\"vertical-align: top;padding: 8px 10px;width: 331.406px;font-weight: 600\">Sans<\/td>\n<\/tr>\n<tr>\n<td style=\"vertical-align: top;padding: 8px 10px;width: 331.391px\">Alimentation<\/td>\n<td style=\"vertical-align: top;padding: 8px 10px;width: 331.406px;font-weight: 600\">NC<\/td>\n<\/tr>\n<tr style=\"background-image: initial;background-position: initial;background-size: initial;background-repeat: initial;background-attachment: initial\">\n<td style=\"vertical-align: top;padding: 8px 10px;width: 331.391px\">Wifi<\/td>\n<td style=\"vertical-align: top;padding: 8px 10px;width: 331.406px;font-weight: 600\">Non<\/td>\n<\/tr>\n<tr>\n<td style=\"vertical-align: top;padding: 8px 10px;width: 331.391px\">Compatibilit\u00e9 logicielle<\/td>\n<td style=\"vertical-align: top;padding: 8px 10px;width: 331.406px;font-weight: 600\">PS5<\/td>\n<\/tr>\n<tr style=\"background-image: initial;background-position: initial;background-size: initial;background-repeat: initial;background-attachment: initial\">\n<td style=\"vertical-align: top;padding: 8px 10px;width: 331.391px\">Mati\u00e8re du bo\u00eetier<\/td>\n<td style=\"vertical-align: top;padding: 8px 10px;width: 331.406px;font-weight: 600\">Aluminium<\/td>\n<\/tr>\n<tr>\n<td style=\"vertical-align: top;padding: 8px 10px;width: 331.391px\">Coloris<\/td>\n<td style=\"vertical-align: top;padding: 8px 10px;width: 331.406px;font-weight: 600\">Noir<\/td>\n<\/tr>\n<tr style=\"background-image: initial;background-position: initial;background-size: initial;background-repeat: initial;background-attachment: initial\">\n<td style=\"vertical-align: top;padding: 8px 10px;width: 331.391px\">Informations compl\u00e9mentaires<\/td>\n<td style=\"vertical-align: top;padding: 8px 10px;width: 331.406px;font-weight: 600\">Que vous cherchiez \u00e0 vous d\u00e9cha\u00eener dans votre jeu pr\u00e9f\u00e9r\u00e9 ou \u00e0 cr\u00e9er des fichiers massifs en haute r\u00e9solution, le SSD Lexar\u00ae NM790 avec dissipateur thermique M.2 2280 PCIe Gen 4&#215;4 NVMe vous aide \u00e0 y parvenir.<\/p>\n<p>Il offre des vitesses incroyables de 7400 Mo\/s en lecture, 6500 Mo\/s en \u00e9criture gr\u00e2ce \u00e0 sa technologie PCIe Gen 4, qui inclut HMB 3.0 et Dynamic SLC Cache.<\/p>\n<p>Il est compatible avec les ordinateurs de bureau, les ordinateurs portables et la PlayStation5, de sorte que, quelles que soient vos activit\u00e9s, il est \u00e0 la hauteur.<\/p>\n<p>+ Compatible avec la PS5<br \/>+ Performances exceptionnelles jusqu&rsquo;\u00e0 7400 Mo\/s en lecture, 6500 Mo\/s en \u00e9criture<br \/>+ Deux fois plus rapide que les disques SSD PCIe Gen 32<br \/>+ Con\u00e7u avec un dissipateur thermique pour garder votre appareil au frais afin d&rsquo;am\u00e9liorer les performances et l&rsquo;efficacit\u00e9 \u00e9nerg\u00e9tique<br \/>+ Jusqu&rsquo;\u00e0 40 % de consommation d&rsquo;\u00e9nergie en moins par rapport aux disques SSD PCIe Gen 4 dot\u00e9s d&rsquo;un cache DRAM<br \/>+ Host Memory Buffer (HMB) 3.0 active la fonction de cache DRAM de votre appareil pour une vitesse de transfert plus fluide et des performances sans faille<\/td>\n<\/tr>\n<tr>\n<td style=\"vertical-align: top;padding: 8px 10px;width: 331.391px\">Cat\u00e9gorie<\/td>\n<td style=\"vertical-align: top;padding: 8px 10px;width: 331.406px;font-weight: 600\">Neuf<\/td>\n<\/tr>\n<tr style=\"background-image: initial;background-position: initial;background-size: initial;background-repeat: initial;background-attachment: initial\">\n<td style=\"vertical-align: top;padding: 8px 10px;width: 331.391px\">Dimensions produit<\/td>\n<td style=\"vertical-align: top;padding: 8px 10px;width: 331.406px;font-weight: 600\">H 0,97 cm x L 2,4 cm x P 8 cm<\/td>\n<\/tr>\n<tr>\n<td style=\"vertical-align: top;padding: 8px 10px;width: 331.391px\">Dimensions colis<\/td>\n<td style=\"vertical-align: top;padding: 8px 10px;width: 331.406px;font-weight: 600\">H 14 cm x L 10,5 cm x P 1,5 cm<\/td>\n<\/tr>\n<tr style=\"background-image: initial;background-position: initial;background-size: initial;background-repeat: initial;background-attachment: initial\">\n<td style=\"vertical-align: top;padding: 8px 10px;width: 331.391px\">Poids net<\/td>\n<td style=\"vertical-align: top;padding: 8px 10px;width: 331.406px;font-weight: 600\">0,049kg<\/td>\n<\/tr>\n<tr>\n<td style=\"vertical-align: top;padding: 8px 10px;width: 331.391px\">Poids brut<\/td>\n<td style=\"vertical-align: top;padding: 8px 10px;width: 331.406px;font-weight: 600\">0,079kg<\/td>\n<\/tr>\n<tr style=\"background-image: initial;background-position: initial;background-size: initial;background-repeat: initial;background-attachment: initial\">\n<td style=\"vertical-align: top;padding: 8px 10px;width: 331.391px\">Code article<\/td>\n<td style=\"vertical-align: top;padding: 8px 10px;width: 331.406px;font-weight: 600\">10000998<\/td>\n<\/tr>\n<\/tbody>\n<\/table>\n","protected":false},"excerpt":{"rendered":"<table class=\"prodItem__additional-table\" id=\"product-attribute-specs-table\" style=\"width: 662.797px;border-collapse: collapse;border-spacing: 0px;max-width: 100%;font-family: barlow, arial;font-size: 14px\">\n<tbody>\n<tr>\n<td style=\"vertical-align: top;padding: 8px 10px;width: 331.391px\">Marque<\/td>\n<td style=\"vertical-align: top;padding: 8px 10px;width: 331.406px;font-weight: 600\">LEXAR<\/td>\n<\/tr>\n<tr style=\"background-image: initial;background-position: initial;background-size: initial;background-repeat: initial;background-attachment: initial\">\n<td style=\"vertical-align: top;padding: 8px 10px;width: 331.391px\">Type<\/td>\n<td style=\"vertical-align: top;padding: 8px 10px;width: 331.406px;font-weight: 600\">SSD (ultra-rapide)<\/td>\n<\/tr>\n<tr>\n<td style=\"vertical-align: top;padding: 8px 10px;width: 331.391px\">Capacit\u00e9 (Go)<\/td>\n<td style=\"vertical-align: top;padding: 8px 10px;width: 331.406px;font-weight: 600\">1To<\/td>\n<\/tr>\n<\/tbody>\n<\/table>\n","protected":false},"featured_media":2638,"comment_status":"open","ping_status":"closed","template":"","meta":{"_gspb_post_css":""},"store":[],"product_brand":[],"product_cat":[266,268],"product_tag":[],"class_list":{"0":"post-2643","1":"product","2":"type-product","3":"status-publish","4":"has-post-thumbnail","6":"product_cat-accessoireit","7":"product_cat-accessoirespourordinateurportable","9":"first","10":"instock","11":"shipping-taxable","12":"purchasable","13":"product-type-simple"},"_links":{"self":[{"href":"https:\/\/bimba.sn\/index.php?rest_route=\/wp\/v2\/product\/2643","targetHints":{"allow":["GET"]}}],"collection":[{"href":"https:\/\/bimba.sn\/index.php?rest_route=\/wp\/v2\/product"}],"about":[{"href":"https:\/\/bimba.sn\/index.php?rest_route=\/wp\/v2\/types\/product"}],"replies":[{"embeddable":true,"href":"https:\/\/bimba.sn\/index.php?rest_route=%2Fwp%2Fv2%2Fcomments&post=2643"}],"wp:featuredmedia":[{"embeddable":true,"href":"https:\/\/bimba.sn\/index.php?rest_route=\/wp\/v2\/media\/2638"}],"wp:attachment":[{"href":"https:\/\/bimba.sn\/index.php?rest_route=%2Fwp%2Fv2%2Fmedia&parent=2643"}],"wp:term":[{"taxonomy":"store","embeddable":true,"href":"https:\/\/bimba.sn\/index.php?rest_route=%2Fwp%2Fv2%2Fstore&post=2643"},{"taxonomy":"product_brand","embeddable":true,"href":"https:\/\/bimba.sn\/index.php?rest_route=%2Fwp%2Fv2%2Fproduct_brand&post=2643"},{"taxonomy":"product_cat","embeddable":true,"href":"https:\/\/bimba.sn\/index.php?rest_route=%2Fwp%2Fv2%2Fproduct_cat&post=2643"},{"taxonomy":"product_tag","embeddable":true,"href":"https:\/\/bimba.sn\/index.php?rest_route=%2Fwp%2Fv2%2Fproduct_tag&post=2643"}],"curies":[{"name":"wp","href":"https:\/\/api.w.org\/{rel}","templated":true}]}}