{"id":2631,"date":"2025-05-03T20:41:06","date_gmt":"2025-05-03T18:41:06","guid":{"rendered":"https:\/\/bimba.sn\/?product=boitier-ssd-m-2-nvme-sata-usb-3-2"},"modified":"2025-05-03T20:41:06","modified_gmt":"2025-05-03T18:41:06","slug":"boitier-ssd-m-2-nvme-sata-usb-3-2","status":"publish","type":"product","link":"https:\/\/bimba.sn\/?product=boitier-ssd-m-2-nvme-sata-usb-3-2","title":{"rendered":"Bo\u00eetier SSD M.2 NVME SATA USB 3.2"},"content":{"rendered":"<ul class=\"a-unordered-list a-vertical a-spacing-mini\">\n<li class=\"a-spacing-mini\" style=\"line-height: 24px\"><span class=\"a-list-item\" style=\"margin-bottom: 0px\">[ Supporte M.2 NVMe\/ SATA ] Ce bo\u00eetier ssd M.2 permet d\u2019accueillir les SSD : NVMe (PCIe) Key M, NVMe (PCIe) Key B+M et SATA Key B+M. Quatre tailles sont possibles : 2280 (80 mm), 2260 (60 mm), 2242 (42 mm), 2230 (30 mm). Il prend en charge un SSD M.2 jusqu\u2019\u00e0 4 To. Petit Conseil : Si votre disque dur est tout neuf, le disque dur doit \u00eatre partitionn\u00e9 avant d\u2019\u00eatre utilis\u00e9.<\/span><\/li>\n<li class=\"a-spacing-mini\" style=\"line-height: 24px\"><span class=\"a-list-item\" style=\"margin-bottom: 0px\">[ 10 Gbps Haute Vitesse ] Ce bo\u00eetier NVMe NGFF est \u00e9quip\u00e9 d\u2019une interface USB 3.2 Gen 2, offrant une vitesse de transfert \u00e9lev\u00e9e. L\u2019interface NVMe offre une vitesse de 10 Gbps et l\u2019interface SATA 6 Gbps. Sans souffrance aux transmissions lentes et irr\u00e9guli\u00e8res. Il est livr\u00e9 avec deux c\u00e2bles : un c\u00e2ble USB-C vers USB-C (25 cm), et un c\u00e2ble USB-C vers USB-A (25 cm).<\/span><\/li>\n<li class=\"a-spacing-mini\" style=\"line-height: 24px\"><span class=\"a-list-item\" style=\"margin-bottom: 0px\">[ Forte Compatibilit\u00e9 ] Ce bo\u00eetier NVMe SATA est compatible avec plusieurs mat\u00e9riels informatiques : Windows 11\/ 10\/ 8\/ 7\/ XP, Linux, macOS, Android, iOS. Plug &amp; Play, aucun pilote n\u2019est n\u00e9cessaire. Ce bo\u00eetier externe M.2 supporte la fonction TRIM et la fonction UASP.<\/span><\/li>\n<li class=\"a-spacing-mini\" style=\"line-height: 24px\"><span class=\"a-list-item\" style=\"margin-bottom: 0px\">[ Installation sans Outil ] Ce SSD bo\u00eetier M.2 est facile \u00e0 utiliser, ne n\u00e9cessitant pas d\u2019outils. Sa coque ext\u00e9rieure en aluminium a une bonne dissipation thermique. L\u2019indicateur LED blanc est pr\u00e9sent sur la coque, affichant le statut du bo\u00eetier (connect\u00e9 ou non) et l\u2019activit\u00e9 du SSD.<\/span><\/li>\n<li class=\"a-spacing-mini\" style=\"line-height: 24px;margin-bottom: 0px\"><span class=\"a-list-item\" style=\"margin-bottom: 0px\">[ Facile \u00e0 Transporter ] Cet adaptateur M.2 est facile \u00e0 transporter avec son mod\u00e8le compact et sa veste en silicone, \u00e9tanchant \u00e0 la poussi\u00e8re, r\u00e9sistant aux chocs et facile \u00e0 transporter. On peut le mettre dans le sac pour s\u2019adapter \u00e0 toute situation. (Note : Le mat\u00e9riau m\u00e9tallique de haute qualit\u00e9 conduit rapidement la chaleur, la chaleur des composants \u00e9lectroniques et des circuits sera \u00e9vacu\u00e9e plus rapidement vers l\u2019ext\u00e9rieur.)<\/span><\/li>\n<\/ul>\n","protected":false},"excerpt":{"rendered":"<p><br data-mce-bogus=\"1\"><\/p>\n","protected":false},"featured_media":2627,"comment_status":"open","ping_status":"closed","template":"","meta":{"_gspb_post_css":""},"store":[],"product_brand":[],"product_cat":[268,278,274],"product_tag":[],"class_list":{"0":"post-2631","1":"product","2":"type-product","3":"status-publish","4":"has-post-thumbnail","6":"product_cat-accessoirespourordinateurportable","7":"product_cat-cablesetinterconnexions","8":"product_cat-stockagededonnees","10":"first","11":"instock","12":"shipping-taxable","13":"purchasable","14":"product-type-simple"},"_links":{"self":[{"href":"https:\/\/bimba.sn\/index.php?rest_route=\/wp\/v2\/product\/2631","targetHints":{"allow":["GET"]}}],"collection":[{"href":"https:\/\/bimba.sn\/index.php?rest_route=\/wp\/v2\/product"}],"about":[{"href":"https:\/\/bimba.sn\/index.php?rest_route=\/wp\/v2\/types\/product"}],"replies":[{"embeddable":true,"href":"https:\/\/bimba.sn\/index.php?rest_route=%2Fwp%2Fv2%2Fcomments&post=2631"}],"wp:featuredmedia":[{"embeddable":true,"href":"https:\/\/bimba.sn\/index.php?rest_route=\/wp\/v2\/media\/2627"}],"wp:attachment":[{"href":"https:\/\/bimba.sn\/index.php?rest_route=%2Fwp%2Fv2%2Fmedia&parent=2631"}],"wp:term":[{"taxonomy":"store","embeddable":true,"href":"https:\/\/bimba.sn\/index.php?rest_route=%2Fwp%2Fv2%2Fstore&post=2631"},{"taxonomy":"product_brand","embeddable":true,"href":"https:\/\/bimba.sn\/index.php?rest_route=%2Fwp%2Fv2%2Fproduct_brand&post=2631"},{"taxonomy":"product_cat","embeddable":true,"href":"https:\/\/bimba.sn\/index.php?rest_route=%2Fwp%2Fv2%2Fproduct_cat&post=2631"},{"taxonomy":"product_tag","embeddable":true,"href":"https:\/\/bimba.sn\/index.php?rest_route=%2Fwp%2Fv2%2Fproduct_tag&post=2631"}],"curies":[{"name":"wp","href":"https:\/\/api.w.org\/{rel}","templated":true}]}}