{"id":2617,"date":"2025-05-03T19:06:00","date_gmt":"2025-05-03T17:06:00","guid":{"rendered":"https:\/\/bimba.sn\/?product=hp-laser-135a-imprimante-multifonction-laser-noir-et-blanc"},"modified":"2025-05-03T19:06:00","modified_gmt":"2025-05-03T17:06:00","slug":"hp-laser-135a-imprimante-multifonction-laser-noir-et-blanc","status":"publish","type":"product","link":"https:\/\/bimba.sn\/?product=hp-laser-135a-imprimante-multifonction-laser-noir-et-blanc","title":{"rendered":"HP LASER 135A IMPRIMANTE MULTIFONCTION LASER NOIR ET BLANC"},"content":{"rendered":"<p><br data-mce-bogus=\"1\"><\/p>\n","protected":false},"excerpt":{"rendered":"<ol>\n<li>Tout-en-un Laser noir et blanc<\/li>\n<li>Impression, copie, scan<\/li>\n<li>Formats : A4 ; A5 ; A6 ; B5 ; \u00e9tiquettes ; cartes postales ; enveloppes<\/li>\n<li>Capacit\u00e9 maximale feuilles (entr\u00e9e\/sortie) : Jusqu\u2019\u00e0 150\/100<\/li>\n<li>Capacit\u00e9 maximale enveloppes\u00a0: Jusqu\u2019\u00e0 10<\/li>\n<li>Connectivit\u00e9 : Port USB 2.0 haut d\u00e9bit<\/li>\n<li>Ecran LCD 2 lignes (16 caract\u00e8res par ligne) : 65.5 x 14.8 cm<\/li>\n<li>Vitesse d\u2019impression\u00a0: jusqu\u2019\u00e0 22 ppm en mode normal<\/li>\n<li>R\u00e9solution d\u2019impression : Jusqu\u2019\u00e0 1200 x 1200 ppp (optimale), jusqu\u2019\u00e0 600 x 600 ppp (normale)<\/li>\n<li>R\u00e9solution de num\u00e9risation optimis\u00e9e : jusqu\u2019\u00e0 4800 x 4800 ppp (optimis\u00e9e),\u00a0jusqu\u2019\u00e0 600 x 600 ppp (optique)<\/li>\n<li>Vitesse de num\u00e9risation recto-verso (normal, A4) : jusqu\u2019\u00e0 15 ipm (monochrome), jusqu\u2019\u00e0 6 ipm (couleur)<\/li>\n<li>Vitesse de copie (noir, qualit\u00e9 normale, A4) : jusqu\u2019\u00e0 20 cpm<\/li>\n<li style=\"margin-bottom: 0px\">Recto-verso manuel<\/li>\n<\/ol>\n","protected":false},"featured_media":2616,"comment_status":"open","ping_status":"closed","template":"","meta":{"_gspb_post_css":""},"store":[],"product_brand":[],"product_cat":[270,265],"product_tag":[],"class_list":{"0":"post-2617","1":"product","2":"type-product","3":"status-publish","4":"has-post-thumbnail","6":"product_cat-imprimantes","7":"product_cat-ordinateurimpirmante","9":"first","10":"instock","11":"shipping-taxable","12":"purchasable","13":"product-type-simple"},"_links":{"self":[{"href":"https:\/\/bimba.sn\/index.php?rest_route=\/wp\/v2\/product\/2617","targetHints":{"allow":["GET"]}}],"collection":[{"href":"https:\/\/bimba.sn\/index.php?rest_route=\/wp\/v2\/product"}],"about":[{"href":"https:\/\/bimba.sn\/index.php?rest_route=\/wp\/v2\/types\/product"}],"replies":[{"embeddable":true,"href":"https:\/\/bimba.sn\/index.php?rest_route=%2Fwp%2Fv2%2Fcomments&post=2617"}],"wp:featuredmedia":[{"embeddable":true,"href":"https:\/\/bimba.sn\/index.php?rest_route=\/wp\/v2\/media\/2616"}],"wp:attachment":[{"href":"https:\/\/bimba.sn\/index.php?rest_route=%2Fwp%2Fv2%2Fmedia&parent=2617"}],"wp:term":[{"taxonomy":"store","embeddable":true,"href":"https:\/\/bimba.sn\/index.php?rest_route=%2Fwp%2Fv2%2Fstore&post=2617"},{"taxonomy":"product_brand","embeddable":true,"href":"https:\/\/bimba.sn\/index.php?rest_route=%2Fwp%2Fv2%2Fproduct_brand&post=2617"},{"taxonomy":"product_cat","embeddable":true,"href":"https:\/\/bimba.sn\/index.php?rest_route=%2Fwp%2Fv2%2Fproduct_cat&post=2617"},{"taxonomy":"product_tag","embeddable":true,"href":"https:\/\/bimba.sn\/index.php?rest_route=%2Fwp%2Fv2%2Fproduct_tag&post=2617"}],"curies":[{"name":"wp","href":"https:\/\/api.w.org\/{rel}","templated":true}]}}